{"id":1029,"date":"2024-03-25T17:09:09","date_gmt":"2024-03-25T15:09:09","guid":{"rendered":"https:\/\/tul.fi\/geebee\/?page_id=1029"},"modified":"2026-04-08T08:41:10","modified_gmt":"2026-04-08T05:41:10","slug":"yleisolle","status":"publish","type":"page","link":"https:\/\/tul.fi\/geebee\/yleisolle\/","title":{"rendered":"Yleis\u00f6lle \/ For audience"},"content":{"rendered":"\n<p>In English below.<\/p>\n\n\n\n<h3 class=\"wp-block-heading\">Liput<\/h3>\n\n\n\n<p>Liput GeeBee-turnaukseen ovat nyt myynniss\u00e4! Osta lippusi helposti ja edullisesti ennakkoon Liveton kautta:<\/p>\n\n\n\n<div class=\"wp-block-buttons is-layout-flex wp-block-buttons-is-layout-flex\">\n<div class=\"wp-block-button\"><a class=\"wp-block-button__link wp-element-button\" href=\"https:\/\/events.liveto.io\/events\/geebee-turnaus-2026\" target=\"_blank\" rel=\"noreferrer noopener\">Siirry lipunmyyntiin t\u00e4st\u00e4!<\/a><\/div>\n<\/div>\n\n\n\n<h3 class=\"wp-block-heading\">Aikataulu<\/h3>\n\n\n\n<p>Ottelut alkavat seuraavasti:<\/p>\n\n\n\n<p>Torstai 9.4. klo 14<br>Perjantai 10.4. klo 12, GeeBee Boxing Night -ammattilaisilta klo 19<br>Lauantai 11.4. klo 12 &amp; 18<br>Sunnuntai 12.4. klo 13<\/p>\n\n\n\n<h3 class=\"wp-block-heading\">Saapuminen<\/h3>\n\n\n\n<p>Helsingin Urheilutalo (Helsinginkatu 25) sijaitsee hyvien kulkuyhteyksien p\u00e4\u00e4ss\u00e4 Kalliossa. Tapahtumapaikalle on suositeltavaa saapua julkista liikennett\u00e4 hy\u00f6dynt\u00e4en. Urheilutalon l\u00e4heisyydest\u00e4 l\u00f6ytyy useita bussi- ja raitiovaunupys\u00e4kkej\u00e4, ja S\u00f6rn\u00e4isten metroasemalta on noin 10 minuutin k\u00e4velymatka tapahtumapaikalle. L\u00f6yd\u00e4t ajantasaiset aikataulutiedot ja reittioppaan HSL:n verkkosivuilta tai mobiilisovelluksesta.<\/p>\n\n\n\n<p>Mik\u00e4li saavut paikalle omalla autolla, l\u00f6ytyy kadunvarsipaikkoja esimerkiksi Helsinginkadulta, Kirstinkadulta ja Josafatinkadulta.<\/p>\n\n\n\n<h3 class=\"wp-block-heading\">Esteett\u00f6myys<\/h3>\n\n\n\n<p>Helsingin Urheilutalolta l\u00f6ytyy yksi (1) invapys\u00e4k\u00f6intipaikka Helsinginkatu 25:en sis\u00e4\u00e4nk\u00e4ynnin luona. Hissill\u00e4 on mahdollista kulkea Urheilutalolla kaikkiin kerroksiin. <\/p>\n\n\n\n<p>Avustajat p\u00e4\u00e4sev\u00e4t osallistumaan turnaukseen veloituksetta esitt\u00e4m\u00e4ll\u00e4 esimerkiksi EU:n vammaiskortin, avustajakortin tai muun sopivan todistuksen.<\/p>\n\n\n\n<p>Mik\u00e4li sinulla her\u00e4\u00e4 kysytt\u00e4v\u00e4\u00e4 esteett\u00f6myyteen liittyen, voit olla yhteydess\u00e4 TUL:n hallinto- ja tapahtumakoordinaattori Janne Suur-Hamariin (janne.suur-hamari@tul.fi).<\/p>\n\n\n\n<h3 class=\"wp-block-heading\">Livestream<\/h3>\n\n\n\n<p>Mik\u00e4li et p\u00e4\u00e4se nauttimaan turnaustunnelmasta Urheilutalolle, voit seurata kilpailuja Livestreamin kautta.<\/p>\n\n\n\n<p>Huomioithan, ett\u00e4 linkit livestreamiin jaetaan ainoastaan turnauksen virallisilla sivuilla ja kanavissa j\u00e4rjest\u00e4jien toimesta. Olethan varovainen, etk\u00e4 klikkaa ep\u00e4ilytt\u00e4vi\u00e4 linkkej\u00e4 auki.<\/p>\n\n\n\n<p>Livestreamin toteuttaa Striimaamo. L\u00e4hetykset toteutetaan Suomen Nyrkkeilyliiton YouTube-kanavan kautta.<\/p>\n\n\n\n<h4 class=\"wp-block-heading\">P\u00e4iv\u00e4kohtaiset linkit Livestreamiin:<\/h4>\n\n\n\n<p>Torstai 9.4. (<a href=\"https:\/\/www.youtube.com\/live\/UUpy-aw4HBs\" target=\"_blank\" rel=\"noopener\" title=\"linkki livestreamiin\">linkki livestreamiin<\/a>).<br>Perjantai 10.4. (<a href=\"https:\/\/www.youtube.com\/live\/fEFraSnsUZE\" target=\"_blank\" rel=\"noopener\" title=\"linkki livestreamiin\">linkki livestreamiin<\/a>). <br>Lauantai 11.4., sessio 1 (<a href=\"https:\/\/www.youtube.com\/live\/wBMGT4P6iAE\" target=\"_blank\" rel=\"noopener\" title=\"linkki livestreamiin\">linkki livestreamiin<\/a>). <br>Lauantai 11.4., sessio 2 (<a href=\"https:\/\/www.youtube.com\/live\/RM1nLfB1uVQ\" target=\"_blank\" rel=\"noopener\" title=\"linkki livestreamiin\">linkki livestreamiin<\/a>). <br>Sunnuntai 12.4. (<a href=\"https:\/\/www.youtube.com\/live\/oy4ZZQLqdx0\" target=\"_blank\" rel=\"noopener\" title=\"linkki livestreamiin\">linkki livestreamiin<\/a>). <\/p>\n\n\n\n<h3 class=\"wp-block-heading\">Turvallisemman tilan periaatteet<\/h3>\n\n\n\n<p>Noudatamme GeeBee-turnauksessa seuraavia turvallisemman tilan periaatteita:<\/p>\n\n\n\n<ul class=\"wp-block-list\">\n<li>Kannustamme reilusti ja positiivisesti. Pid\u00e4mme yhdess\u00e4 huolta siit\u00e4, ett\u00e4 turnauksessa on turvallinen ilmapiiri. Jokainen on vastuussa omasta k\u00e4ytt\u00e4ytymisest\u00e4\u00e4n. <\/li>\n<\/ul>\n\n\n\n<ul class=\"wp-block-list\">\n<li>Ep\u00e4asiallinen kommentointi, huutelu tai muu ep\u00e4asiallinen k\u00e4ytt\u00e4ytyminen eiv\u00e4t kuulu turnaukseen. Ep\u00e4asialliseen k\u00e4ytt\u00e4ytymiseen puututaan sen ilmetess\u00e4 esimerkiksi j\u00e4rjestyksenvalvojien toimesta.<\/li>\n<\/ul>\n\n\n\n<ul class=\"wp-block-list\">\n<li> Kunnioitamme toisten tilaa ja annamme rauhan ty\u00f6skennell\u00e4. Annamme tilaa muille katsojille, turnauksen ty\u00f6ntekij\u00f6ille ja vapaaehtoisille, urheilijoille ja heid\u00e4n taustatiimeilleen sek\u00e4 Urheiluhallin ty\u00f6ntekij\u00f6ille.<\/li>\n<\/ul>\n\n\n\n<p>Hankkimalla lipun GeeBee-turnaukseen sitoudut toimimaan turvallisemman tilan periaatteiden mukaisesti. Turnauksessa toimii my\u00f6s kaksi nimetty\u00e4 h\u00e4irint\u00e4yhdyshenkil\u00f6\u00e4, joiden puoleen voi k\u00e4\u00e4nty\u00e4, mik\u00e4li on kokenut tai havainnut ep\u00e4asiallista k\u00e4ytt\u00e4ytymist\u00e4 tai h\u00e4irint\u00e4\u00e4. <\/p>\n\n\n\n<p>H\u00e4irint\u00e4yhdyshenkil\u00f6in\u00e4 toimivat Aino Raiskinm\u00e4ki (0440666141) ja Janne Suur-Hamari (0442552667). <\/p>\n\n\n\n<h1 class=\"wp-block-heading\">For Audience <\/h1>\n\n\n\n<h3 class=\"wp-block-heading\">Tickets<\/h3>\n\n\n\n<p>The tickets are now on sale! Buy your tickets easily online from Liveto:<\/p>\n\n\n\n<div class=\"wp-block-buttons is-layout-flex wp-block-buttons-is-layout-flex\">\n<div class=\"wp-block-button\"><a class=\"wp-block-button__link wp-element-button\" href=\"https:\/\/events.liveto.io\/events\/geebee-turnaus-2026\" target=\"_blank\" rel=\"noreferrer noopener\">To the ticket sale!<\/a><\/div>\n<\/div>\n\n\n\n<h3 class=\"wp-block-heading\">Schedule<\/h3>\n\n\n\n<p>The matches start by the following schedule:<\/p>\n\n\n\n<p>Thursday 9.4. at 2 pm<br>Friday 10.4. at 12 pm, GeeBee Boxing Night -professional boxing matches at 7 pm<br>Saturday 11.4. at 12 pm &amp; 6 pm<br>Sunday 12.4. at 1 pm<\/p>\n\n\n\n<h3 class=\"wp-block-heading\">Arriving at the Helsinki Sports Hall<\/h3>\n\n\n\n<p>Helsingin Urheilutalo (Helsinginkatu 25) is located in Kallio. We highly recommend that you use public transportation to arrive to the competition venue. You can find multiple bus and railway stops near the venue. The closest metro station is S\u00f6rn\u00e4inen. You can find the up-to-date schedules and journey planner from HSL&#8217;s website or mobile app.<\/p>\n\n\n\n<p>If you arrive with your own car, you can possibly find parking spots at Helsinginkatu, Kirstinkatu or Josafatinkatu.<\/p>\n\n\n\n<h3 class=\"wp-block-heading\">Accessibility<\/h3>\n\n\n\n<p>At Helsinki Sports Hall you can find one (1) accessible parking spot near the entrance (Helsinginkatu 25). It is possible to move with elevator to every floor in Urheilutalo. <\/p>\n\n\n\n<p>Assistants can participate in the tournament free of charge by presenting, for example, an EU Disability Card, an assistant card, or another suitable form of proof.<\/p>\n\n\n\n<p>If you have any questions about accessibility, you can contact Janne Suur-Hamari (janne.suur-hamari@tul.fi).<\/p>\n\n\n\n<h3 class=\"wp-block-heading\">Livestream<\/h3>\n\n\n\n<p>If you are not able to attend the tournament in Helsinki, you can follow the matches via online livestream. <\/p>\n\n\n\n<p>Please note, that all the tournament Livestream links will be shared by the officials. Be careful and don&#8217;t click any suspicious links in the internet.<\/p>\n\n\n\n<p>Livestream is operated and produced by Striimaamo. The stream is operated via Finnish Boxing Federation&#8217;s YouTube-channel.<\/p>\n\n\n\n<h4 class=\"wp-block-heading\">Daily links to the Livestream:<\/h4>\n\n\n\n<p>Thursday 9th of April (<a href=\"https:\/\/www.youtube.com\/live\/UUpy-aw4HBs\" target=\"_blank\" rel=\"noopener\" title=\"link to the stream\">link to the livestream<\/a>).<br>Friday 10th of April (<a href=\"https:\/\/www.youtube.com\/live\/fEFraSnsUZE\" target=\"_blank\" rel=\"noopener\" title=\"link to the livestream\">link to the livestream<\/a>). <br>Saturday 11th of April, session 1 (<a href=\"https:\/\/www.youtube.com\/live\/wBMGT4P6iAE\" target=\"_blank\" rel=\"noopener\" title=\"linkki livestreamiin\">link to the livestream<\/a>). <br>Saturday 11th of April, session 2 (<a href=\"https:\/\/www.youtube.com\/live\/RM1nLfB1uVQ\" target=\"_blank\" rel=\"noopener\" title=\"linkki livestreamiin\">link to the livestream<\/a>). <br>Sunday 12th of April (<a href=\"https:\/\/www.youtube.com\/live\/oy4ZZQLqdx0\" target=\"_blank\" rel=\"noopener\" title=\"linkki livestreamiin\">link to the livestream<\/a>).<\/p>\n\n\n\n<h3 class=\"wp-block-heading\">Principles of a safer space<\/h3>\n\n\n\n<p>In the GeeBee Tournament we adhere the following principles of safer space:<\/p>\n\n\n\n<ul class=\"wp-block-list\">\n<li>We cheer fairly and positively. Together we ensure that the tournament has a safe atmosphere. Everyone is responsible for their own behavior.<\/li>\n<\/ul>\n\n\n\n<ul class=\"wp-block-list\">\n<li>Inappropriate commenting, shouting or other inappropriate behavior are not allowed in the tournament. Inappropriate behavior will be addressed, for example by security guards.<\/li>\n<\/ul>\n\n\n\n<ul class=\"wp-block-list\">\n<li>We respect the space of others and allow peace to work and perform. We give space to other spectators, tournament staff and volunteers, athletes and their support teams, and Helsinki Sports Hall employees.<\/li>\n<\/ul>\n\n\n\n<p>By purchasing a ticket to the GeeBee tournament, you are committing to operating in accordance with the principles of a safer space. The tournament also has two designated harassment contact persons who can be contacted if you have experienced or observed inappropriate behavior or harassment. <\/p>\n\n\n\n<p>Harassment contact persons are Aino Raiskinm\u00e4ki (0440666141) and Janne Suur-Hamari (0442552667). <\/p>\n","protected":false},"excerpt":{"rendered":"<p>In English below. Liput Liput GeeBee-turnaukseen ovat nyt myynniss\u00e4! Osta lippusi helposti ja edullisesti ennakkoon Liveton kautta: Aikataulu Ottelut alkavat seuraavasti: Torstai 9.4. klo 14Perjantai 10.4. klo 12, GeeBee Boxing Night -ammattilaisilta klo 19Lauantai 11.4. klo 12 &amp; 18Sunnuntai 12.4. klo 13 Saapuminen Helsingin Urheilutalo (Helsinginkatu 25) sijaitsee hyvien kulkuyhteyksien p\u00e4\u00e4ss\u00e4 Kalliossa. Tapahtumapaikalle on suositeltavaa [&hellip;]<\/p>\n","protected":false},"author":34,"featured_media":0,"parent":0,"menu_order":0,"comment_status":"closed","ping_status":"closed","template":"","meta":{"_acf_changed":false,"footnotes":""},"class_list":["post-1029","page","type-page","status-publish","hentry"],"acf":[],"aioseo_notices":[],"_links":{"self":[{"href":"https:\/\/tul.fi\/geebee\/wp-json\/wp\/v2\/pages\/1029","targetHints":{"allow":["GET"]}}],"collection":[{"href":"https:\/\/tul.fi\/geebee\/wp-json\/wp\/v2\/pages"}],"about":[{"href":"https:\/\/tul.fi\/geebee\/wp-json\/wp\/v2\/types\/page"}],"author":[{"embeddable":true,"href":"https:\/\/tul.fi\/geebee\/wp-json\/wp\/v2\/users\/34"}],"replies":[{"embeddable":true,"href":"https:\/\/tul.fi\/geebee\/wp-json\/wp\/v2\/comments?post=1029"}],"version-history":[{"count":41,"href":"https:\/\/tul.fi\/geebee\/wp-json\/wp\/v2\/pages\/1029\/revisions"}],"predecessor-version":[{"id":1434,"href":"https:\/\/tul.fi\/geebee\/wp-json\/wp\/v2\/pages\/1029\/revisions\/1434"}],"wp:attachment":[{"href":"https:\/\/tul.fi\/geebee\/wp-json\/wp\/v2\/media?parent=1029"}],"curies":[{"name":"wp","href":"https:\/\/api.w.org\/{rel}","templated":true}]}}