{"id":13,"date":"2020-12-14T11:50:57","date_gmt":"2020-12-14T09:50:57","guid":{"rendered":"http:\/\/tul.fi\/geebee\/?page_id=13"},"modified":"2026-03-26T14:00:30","modified_gmt":"2026-03-26T12:00:30","slug":"kisaorganisaatio","status":"publish","type":"page","link":"https:\/\/tul.fi\/geebee\/info\/kisaorganisaatio\/","title":{"rendered":"Organization"},"content":{"rendered":"\n<div class=\"wp-block-columns is-layout-flex wp-container-core-columns-is-layout-9d6595d7 wp-block-columns-is-layout-flex\">\n<div class=\"wp-block-column is-layout-flow wp-block-column-is-layout-flow\">\n<h3 class=\"wp-block-heading\">J\u00e4rjestelytoimikunta\/Organizing Committee<\/h3>\n\n\n\n<p>Tomi Korpinen, Competition Manager<br>Timo Rannikko, Secretary General<br>Antti Kempas, Secretary General, TUL<br>Juha Kulju, Head of Transportation<br>Henrik Tavio, International Affaires<br>Aino Raiskinm\u00e4ki, Communication<br>Janne Suur-Hamari, Communication &amp; Secretary<br>Ervin Kade, Coaching Manager, Fnnish Boxing Federation<br>Leena Paavolainen, Executive Director, Finnish Boxing Federation<br>Juha-Matti Kulju, Technics<br>Lauri Kurkinen, Administration<\/p>\n\n\n\n<h3 class=\"wp-block-heading\">Henkil\u00f6kunta \/ Staff<\/h3>\n\n\n\n<p>T\u00e4m\u00e4k\u00e4\u00e4n turnaus ei olisi mahdollinen ilman laajaa vapaaehtoisten joukkoa. Haluamme kiitt\u00e4\u00e4 kaikkia mukana olevia, paikallisten seurojen edustajia, muita vapaaehtoisia sek\u00e4 nyrkkeily-yhteis\u00f6n j\u00e4seni\u00e4 arvokkaasta ty\u00f6st\u00e4nne turnauksen eteen!<\/p>\n\n\n\n<p>We have a great number of volunteers from the local clubs and the boxing community of Finland. We would like to thank each and every one of our great volunteers for making this event possible!<\/p>\n\n\n\n<p><\/p>\n<\/div>\n\n\n\n<div class=\"wp-block-column is-layout-flow wp-block-column-is-layout-flow\">\n<h3 class=\"wp-block-heading\">Toimitsijat\/Officials<\/h3>\n\n\n\n<p><strong>Competition Jury<\/strong>: Ky\u00f6sti Lakso<br><strong>Medical Jury<\/strong>: Reijo Korpela, Vera Korolainen, Nico Anttalainen, Virpi Semi<br><strong>Judges: <\/strong>Jarno Mustonen, Kari \u00c5man, Jouni Hartman, Laura Sirvi\u00f6, Mark Sigajev<br><strong>Head of Security<\/strong>: Markku Kiili<\/p>\n\n\n\n<p><strong>R&amp;J: <\/strong>Jarno Mustonen, Matteus Pirinen, Pirjo Tyni, Jari Murtom\u00e4ki<\/p>\n\n\n\n<p><strong>Announcer<\/strong>: Kenny St\u00e5lhammar, Tony Torvinen<br><strong>Box-Pointer<\/strong>: Juha-Matti Kulju, Sami Elomaa<br><strong>Time keeper and gong-operator<\/strong>: Matteus Pirinen, Jari Murtom\u00e4ki, Jani Rauma<br><strong>Secretaries:<\/strong> Janniina Tapio, Laura Sirvi\u00f6<\/p>\n\n\n\n<h3 class=\"wp-block-heading\">Media Team (Photo, Video, Social Media)<\/h3>\n\n\n\n<p><strong>Lights&amp;Sounds<\/strong>: Lauri Nygren, <a href=\"http:\/\/www.laten.fi\/\" target=\"_blank\" rel=\"noopener\" title=\"\">Laten Tekniikka<\/a><br><strong>Livestream<\/strong>: Striimaamo<\/p>\n<\/div>\n<\/div>\n","protected":false},"excerpt":{"rendered":"<p>J\u00e4rjestelytoimikunta\/Organizing Committee Tomi Korpinen, Competition ManagerTimo Rannikko, Secretary GeneralAntti Kempas, Secretary General, TULJuha Kulju, Head of TransportationHenrik Tavio, International AffairesAino Raiskinm\u00e4ki, CommunicationJanne Suur-Hamari, Communication &amp; SecretaryErvin Kade, Coaching Manager, Fnnish Boxing FederationLeena Paavolainen, Executive Director, Finnish Boxing FederationJuha-Matti Kulju, TechnicsLauri Kurkinen, Administration Henkil\u00f6kunta \/ Staff T\u00e4m\u00e4k\u00e4\u00e4n turnaus ei olisi mahdollinen ilman laajaa vapaaehtoisten joukkoa. Haluamme [&hellip;]<\/p>\n","protected":false},"author":1,"featured_media":690,"parent":11,"menu_order":0,"comment_status":"closed","ping_status":"closed","template":"","meta":{"_acf_changed":false,"footnotes":""},"class_list":["post-13","page","type-page","status-publish","has-post-thumbnail","hentry"],"acf":[],"aioseo_notices":[],"_links":{"self":[{"href":"https:\/\/tul.fi\/geebee\/wp-json\/wp\/v2\/pages\/13","targetHints":{"allow":["GET"]}}],"collection":[{"href":"https:\/\/tul.fi\/geebee\/wp-json\/wp\/v2\/pages"}],"about":[{"href":"https:\/\/tul.fi\/geebee\/wp-json\/wp\/v2\/types\/page"}],"author":[{"embeddable":true,"href":"https:\/\/tul.fi\/geebee\/wp-json\/wp\/v2\/users\/1"}],"replies":[{"embeddable":true,"href":"https:\/\/tul.fi\/geebee\/wp-json\/wp\/v2\/comments?post=13"}],"version-history":[{"count":32,"href":"https:\/\/tul.fi\/geebee\/wp-json\/wp\/v2\/pages\/13\/revisions"}],"predecessor-version":[{"id":1415,"href":"https:\/\/tul.fi\/geebee\/wp-json\/wp\/v2\/pages\/13\/revisions\/1415"}],"up":[{"embeddable":true,"href":"https:\/\/tul.fi\/geebee\/wp-json\/wp\/v2\/pages\/11"}],"wp:featuredmedia":[{"embeddable":true,"href":"https:\/\/tul.fi\/geebee\/wp-json\/wp\/v2\/media\/690"}],"wp:attachment":[{"href":"https:\/\/tul.fi\/geebee\/wp-json\/wp\/v2\/media?parent=13"}],"curies":[{"name":"wp","href":"https:\/\/api.w.org\/{rel}","templated":true}]}}