{"id":197,"date":"2020-12-16T13:13:58","date_gmt":"2020-12-16T11:13:58","guid":{"rendered":"http:\/\/tul.fi\/geebee\/?page_id=197"},"modified":"2026-04-10T07:40:58","modified_gmt":"2026-04-10T04:40:58","slug":"yhteistyokumppanit","status":"publish","type":"page","link":"https:\/\/tul.fi\/geebee\/yhteistyokumppanit\/","title":{"rendered":"Sponsors"},"content":{"rendered":"\n<h3 class=\"wp-block-heading\">P\u00e4\u00e4yhteisty\u00f6kumppani<\/h3>\n\n\n\n<figure class=\"wp-block-image size-large\"><a href=\"https:\/\/tul.fi\" target=\"_blank\" rel=\"noopener noreferrer\"><img loading=\"lazy\" decoding=\"async\" width=\"282\" height=\"106\" src=\"https:\/\/tul.fi\/geebee\/wp-content\/uploads\/sites\/13\/2020\/12\/tul.png\" alt=\"\" class=\"wp-image-199\" \/><\/a><\/figure>\n","protected":false},"excerpt":{"rendered":"<p>P\u00e4\u00e4yhteisty\u00f6kumppani<\/p>\n","protected":false},"author":1,"featured_media":221,"parent":0,"menu_order":0,"comment_status":"closed","ping_status":"closed","template":"templates\/partners.php","meta":{"_acf_changed":false,"footnotes":""},"class_list":["post-197","page","type-page","status-publish","has-post-thumbnail","hentry"],"acf":[],"aioseo_notices":[],"_links":{"self":[{"href":"https:\/\/tul.fi\/geebee\/wp-json\/wp\/v2\/pages\/197","targetHints":{"allow":["GET"]}}],"collection":[{"href":"https:\/\/tul.fi\/geebee\/wp-json\/wp\/v2\/pages"}],"about":[{"href":"https:\/\/tul.fi\/geebee\/wp-json\/wp\/v2\/types\/page"}],"author":[{"embeddable":true,"href":"https:\/\/tul.fi\/geebee\/wp-json\/wp\/v2\/users\/1"}],"replies":[{"embeddable":true,"href":"https:\/\/tul.fi\/geebee\/wp-json\/wp\/v2\/comments?post=197"}],"version-history":[{"count":92,"href":"https:\/\/tul.fi\/geebee\/wp-json\/wp\/v2\/pages\/197\/revisions"}],"predecessor-version":[{"id":1447,"href":"https:\/\/tul.fi\/geebee\/wp-json\/wp\/v2\/pages\/197\/revisions\/1447"}],"wp:featuredmedia":[{"embeddable":true,"href":"https:\/\/tul.fi\/geebee\/wp-json\/wp\/v2\/media\/221"}],"wp:attachment":[{"href":"https:\/\/tul.fi\/geebee\/wp-json\/wp\/v2\/media?parent=197"}],"curies":[{"name":"wp","href":"https:\/\/api.w.org\/{rel}","templated":true}]}}