{"id":2,"date":"2020-12-14T08:44:02","date_gmt":"2020-12-14T06:44:02","guid":{"rendered":"http:\/\/geebee.tul.fi\/?page_id=2"},"modified":"2026-03-26T15:52:10","modified_gmt":"2026-03-26T13:52:10","slug":"etusivu","status":"publish","type":"page","link":"https:\/\/tul.fi\/geebee\/","title":{"rendered":"9.-12.4.2026 Helsinki Finland"},"content":{"rendered":"\n<div style=\"height:50px\" aria-hidden=\"true\" class=\"wp-block-spacer\"><\/div>\n\n\n\n<p class=\"has-text-align-center\">Toivotamme nyrkkeilij\u00e4t sek\u00e4 yleis\u00f6n l\u00e4mpim\u00e4sti tervetulleeksi vuoden 2026 GeeBee-turnaukseen!<br>We are happy to welcome the boxers and fans to the 44th GeeBee Tournament 2026!<\/p>\n\n\n\n<h3 class=\"wp-block-heading has-text-align-center\">Ohjelma \/ Programme<\/h3>\n\n\n\n<p class=\"has-text-align-center\">Vuoden 2026 turnaus j\u00e4rjestet\u00e4\u00e4n 9.-12.4.2026 Helsingiss\u00e4. Osana GeeBee-turnausta j\u00e4rjestet\u00e4\u00e4n my\u00f6s nyrkkeilyn ammattilaisilta GeeBee Boxing Night.<\/p>\n\n\n\n<p class=\"has-text-align-center\"><br>This year the tournament is organized 9th &#8211; 12th of April in Helsinki. We also welcome you to the professional GeeBee Boxing Night as a part of the GeeBee-tournament.<\/p>\n\n\n\n<h4 class=\"wp-block-heading has-text-align-center\">Ottelut alkavat \/ The matches start<\/h4>\n\n\n\n<p class=\"has-text-align-center\">Torstai \/ Thursday 9.4. klo 14:00<br>Perjantai \/ Friday 10.4. klo 12:00, GeeBee Boxing Night klo 19:00<br>Lauantai \/ Saturday 11.4. klo 12:00 &amp; 18:00<br>Sunnuntai \/ Sunday 12.4. klo 13:00<\/p>\n\n\n\n<h3 class=\"wp-block-heading has-text-align-center\">Liput \/ Tickets<\/h3>\n\n\n\n<p class=\"has-text-align-center\">Liput GeeBee-turnaukseen ovat nyt myynniss\u00e4! Urheilu on parasta paikan p\u00e4\u00e4ll\u00e4: tule mukaan kannustamaan nyrkkeilij\u00e4t huippusuorituksiin legendaariselle Helsingin Urheilutalolle!<\/p>\n\n\n\n<p class=\"has-text-align-center\">Tickets for the GeeBee Tournament are now on sale! Sport is best experienced live: come cheer the boxers on to top performances at the legendary Helsinki Sports Hall!<\/p>\n\n\n\n<div class=\"wp-block-buttons has-custom-font-size has-large-font-size is-content-justification-center is-layout-flex wp-container-core-buttons-is-layout-16018d1d wp-block-buttons-is-layout-flex\">\n<div class=\"wp-block-button\"><a class=\"wp-block-button__link has-text-align-center wp-element-button\" href=\"https:\/\/events.liveto.io\/events\/geebee-turnaus-2026\" target=\"_blank\" rel=\"noreferrer noopener\">Siirry lippukauppaan!<br>To the ticket sale!<\/a><\/div>\n<\/div>\n\n\n\n<h3 class=\"wp-block-heading has-text-align-center\"><strong>Turnauspaikka \/ Competition Venue<\/strong><\/h3>\n\n\n\n<p class=\"has-text-align-center\">Helsingin Urheilutalo<br>Helsinginkatu 25, 00510 Helsinki<\/p>\n\n\n\n<hr class=\"wp-block-separator has-css-opacity is-style-wide\" \/>\n\n\n\n<div class=\"wp-block-media-text alignwide has-media-on-the-right is-stacked-on-mobile\"><div class=\"wp-block-media-text__content\">\n<h2 class=\"wp-block-heading\">GeeBee<\/h2>\n\n\n\n<p>Kansainv\u00e4linen nyrkkeilyturnaus kantaa Gunnar \u201cGeeBee\u201d B\u00e4rlundin nime\u00e4. Helsingin Jyryn kasvatti voitti vuonna 1934 raskaan sarjan Euroopan mestaruuden ja jatkoi uraansa ansiokkaasti ammattilaiskehiss\u00e4.<\/p>\n\n\n\n<p><\/p>\n<\/div><figure class=\"wp-block-media-text__media\"><img loading=\"lazy\" decoding=\"async\" width=\"403\" height=\"403\" src=\"http:\/\/tul.fi\/geebee\/wp-content\/uploads\/sites\/13\/2020\/12\/gb-prof.png\" alt=\"\" class=\"wp-image-177 size-full\" srcset=\"https:\/\/tul.fi\/geebee\/wp-content\/uploads\/sites\/13\/2020\/12\/gb-prof.png 403w, https:\/\/tul.fi\/geebee\/wp-content\/uploads\/sites\/13\/2020\/12\/gb-prof-300x300.png 300w, https:\/\/tul.fi\/geebee\/wp-content\/uploads\/sites\/13\/2020\/12\/gb-prof-150x150.png 150w\" sizes=\"auto, (max-width: 403px) 100vw, 403px\" \/><\/figure><\/div>\n\n\n\n<hr class=\"wp-block-separator has-css-opacity is-style-wide\" \/>\n\n\n\n<figure class=\"wp-block-image size-full\"><img loading=\"lazy\" decoding=\"async\" width=\"882\" height=\"303\" src=\"https:\/\/tul.fi\/geebee\/wp-content\/uploads\/sites\/13\/2025\/04\/European-Boxing-2.png\" alt=\"European Boxing -logo.\" class=\"wp-image-1251\" srcset=\"https:\/\/tul.fi\/geebee\/wp-content\/uploads\/sites\/13\/2025\/04\/European-Boxing-2.png 882w, https:\/\/tul.fi\/geebee\/wp-content\/uploads\/sites\/13\/2025\/04\/European-Boxing-2-300x103.png 300w, https:\/\/tul.fi\/geebee\/wp-content\/uploads\/sites\/13\/2025\/04\/European-Boxing-2-768x264.png 768w\" sizes=\"auto, (max-width: 882px) 100vw, 882px\" \/><\/figure>\n","protected":false},"excerpt":{"rendered":"<p>Toivotamme nyrkkeilij\u00e4t sek\u00e4 yleis\u00f6n l\u00e4mpim\u00e4sti tervetulleeksi vuoden 2026 GeeBee-turnaukseen!We are happy to welcome the boxers and fans to the 44th GeeBee Tournament 2026! Ohjelma \/ Programme Vuoden 2026 turnaus j\u00e4rjestet\u00e4\u00e4n 9.-12.4.2026 Helsingiss\u00e4. Osana GeeBee-turnausta j\u00e4rjestet\u00e4\u00e4n my\u00f6s nyrkkeilyn ammattilaisilta GeeBee Boxing Night. This year the tournament is organized 9th &#8211; 12th of April in Helsinki. We [&hellip;]<\/p>\n","protected":false},"author":1,"featured_media":155,"parent":0,"menu_order":0,"comment_status":"closed","ping_status":"closed","template":"templates\/home.php","meta":{"_acf_changed":false,"footnotes":""},"class_list":["post-2","page","type-page","status-publish","has-post-thumbnail","hentry"],"acf":[],"aioseo_notices":[],"_links":{"self":[{"href":"https:\/\/tul.fi\/geebee\/wp-json\/wp\/v2\/pages\/2","targetHints":{"allow":["GET"]}}],"collection":[{"href":"https:\/\/tul.fi\/geebee\/wp-json\/wp\/v2\/pages"}],"about":[{"href":"https:\/\/tul.fi\/geebee\/wp-json\/wp\/v2\/types\/page"}],"author":[{"embeddable":true,"href":"https:\/\/tul.fi\/geebee\/wp-json\/wp\/v2\/users\/1"}],"replies":[{"embeddable":true,"href":"https:\/\/tul.fi\/geebee\/wp-json\/wp\/v2\/comments?post=2"}],"version-history":[{"count":63,"href":"https:\/\/tul.fi\/geebee\/wp-json\/wp\/v2\/pages\/2\/revisions"}],"predecessor-version":[{"id":1392,"href":"https:\/\/tul.fi\/geebee\/wp-json\/wp\/v2\/pages\/2\/revisions\/1392"}],"wp:featuredmedia":[{"embeddable":true,"href":"https:\/\/tul.fi\/geebee\/wp-json\/wp\/v2\/media\/155"}],"wp:attachment":[{"href":"https:\/\/tul.fi\/geebee\/wp-json\/wp\/v2\/media?parent=2"}],"curies":[{"name":"wp","href":"https:\/\/api.w.org\/{rel}","templated":true}]}}