{"id":781,"date":"2023-04-13T12:42:35","date_gmt":"2023-04-13T09:42:35","guid":{"rendered":"https:\/\/tul.fi\/geebee\/?page_id=781"},"modified":"2023-04-13T12:42:35","modified_gmt":"2023-04-13T09:42:35","slug":"results-2022","status":"publish","type":"page","link":"https:\/\/tul.fi\/geebee\/results-2022\/","title":{"rendered":"REsults 2022"},"content":{"rendered":"\n<h3 class=\"wp-block-heading\">FINALS April 10th at 1 pm<\/h3>\n\n\n\n<p>1. W50kg Zlatislava Chukanova BUL \u2013 Pihla Kaivo-oja FIN<br>2. W54kg Stanimira Petrova BUL \u2013 Caroline Cruveillier FRA<br>3. W57kg Svetlana Staneva BUL \u2013 Vilma Viitanen FIN<br>4. W60kg Agnes Alexiusson SWE \u2013 Anni Viantie FIN<br>5. 51kg Attila Bernath HUN \u2013 Sandip Panday FIN<br>6. 54kg Ibrahim Boukedim FRA \u2013 Siiovush Mukhamadiev UKR<br>7. 57kg Dmytro Molodan UKR \u2013 Niall Farrell ENG<br>8. 60kg Murat Yildirim GER \u2013 Arslan Khataev FIN<br>9. 63,5kg Bakhodur Usmonov TJK \u2013 Reese Lynch SCO<br>10. 67kg Enzo Marguerite FRA \u2013 Martin Skogheim NOR<br>11. 71kg Harris Akbar ENG \u2013 Mykola Alistrarov UKR<br>12. 75kg Maksim Ljubimov EST \u2013 Lewis Richardson ENG<br>13. 80kg Nikita Nystedt FIN \u2013 George Crotty ENG<br>14. 92kg Daniel Baracsi HUN \u2013 Lewis Williams ENG<br>15. +92kg Delicious Orie ENG \u2013 Antti Lehmusvirpi FIN<\/p>\n\n\n\n<h4 class=\"wp-block-heading\">Saturday April 9th at 6 pm<\/h4>\n\n\n\n<p>1. W60kg Johanna Huttunen FIN &#8211; Agnes Alexiusson SWE<br>2. W60kg Suvi Tujula FIN &#8211; Anni Viantie FIN<br>3. 60kg Alexis Germane FRA &#8211; Murat Yildirim GER<br>4. 60kg Enzo Grau FRA &#8211; Arslan Khataev FIN<br>5. 63,5kg Richard Kovacs HUN &#8211; Bakhodur Usmonov TJK<br>1. W60kg Agnes Alexiusson SWE &#8211; Johanna Huttunen FIN 5-0<br>2. W60kg Anni Viantie FIN &#8211; Suvi Tujula FIN -5-0<br>3. 60kg Murat Yildirim GER -Alexis Germane FRA 5-0<br>4. 60kg Arslan Khataev FIN &#8211; Enzo Grau FRA 5-0<br>5. 63,5kg Bakhodur Usmonov TJK &#8211; Richard Kovacs HUN 3-2<br>6. 63,5kg Reese Lynch SCO- Jere Niemel\u00e4inen FIN 5-0<br>7. 71kg Harris Akbar ENG &#8211; Julian Jalava FIN 5-0<br>8. 71kg Mykola Alistrarov UKR &#8211; Sam Morovati FIN 4-1<br>9. +92kg Delicious Orie ENG &#8211; Levente Kiss HUN 5-0<br>10. Antti Lehmusvirpi FIN &#8211; Aki Juntunen FIN 5-0<\/p>\n\n\n\n<h4 class=\"wp-block-heading\">Saturday April 9th at 1 pm<\/h4>\n\n\n\n<ol class=\"wp-block-list\">\n<li>W57kg Polina Golubeva EST &#8211; Svetlana Staneva BUL<br>W57kg Tiia-Mari Rantakyl\u00e4 FIN &#8211; Vilma Viitanen FIN<br>54kg Ibrahim Boukedim FRA &#8211; Ruben Caboyan ARM<br>54kg Laszlo Bernath HUN &#8211; Siiovush Mukhamadiev UKR<br>57kg Dmytro Molodan UKR &#8211; Nebil Ibrahim SWE<br>67kg Enzo Marguerite FRA &#8211; Harytyan Hakobkokhyan ARM<br>67kg Martin Skogheim NOR &#8211; Milan Fodor HUN<br>80kg Lindon Nuha SWE &#8211; Nikita Nystedt FIN<br>80kg George Crotty ENG &#8211; Erik Mendoza SWE<br>86kg Elia Juusti FIN &#8211; Theo Kolehmainen FIN<br>W48kg Sevda Asenova BUL &#8211; Riikka V\u00e4\u00e4r\u00e4l\u00e4 FIN<\/li>\n<\/ol>\n\n\n\n<h4 class=\"wp-block-heading\">Friday April 8th at 6 pm<\/h4>\n\n\n\n<ol class=\"wp-block-list\">\n<li>60kg Murat Yildirim GER &#8211; Masi Jurvanen FIN 5-0<br>2. 60kg Enzo Grau FRA &#8211; Erduan Berisha SWE 5-0<br>3. 63,5kg Richard Kovacs HUN &#8211; Santeri Kemppainen FIN 3-1<br>4. 63,5kg Bakhodur Usmonov TJK &#8211; Hamlet Mnatsakanyan ARM 5-0<br>5. 63,5kg Jere Niemel\u00e4inen FIN &#8211; Simon Vollmer GER 3-2<br>6. 63,5kg Reese Lynch SCO &#8211; Hrayr Shakhverdyan ARM 5-0<br>7. 71kg Harris Akbar ENG &#8211; Laszlo Kozak HUN 4-1<br>8. 71kg Julian Jalava FIN &#8211; Leon Kermas EST 4-1<br>9. 71kg Sam Morovati FIN &#8211; Arsen Poghosyan ARM 5-0<br>10. 71kg Mykyta Alistratov, UKR &#8211; Istvan Gerzenyi HUN 4-1<br>11. 92kg Lewis Williams ENG &#8211; Vitaliy Stalchenko UKR 4-1<\/li>\n<\/ol>\n\n\n\n<h4 class=\"wp-block-heading\">Friday April 8th at 1 pm<\/h4>\n\n\n\n<p>1. W48kg Sevda Asenova BUL &#8211; Noora Kirppu FIN<br>2. W48kg Riikka V\u00e4\u00e4r\u00e4l\u00e4 FIN &#8211; Sofia Lunden FIN<br>1. W48kg Sevda Asenova BUL &#8211; Noora Kirppu FIN 5-0<br>2. W48kg Riikka V\u00e4\u00e4r\u00e4l\u00e4 FIN &#8211; Sofia Lunden FIN 3-2<br>3. W54kg Stanimira Petrova BUL &#8211; Jonna Hakkarainen FIN 5-0<br>4. W54kg Caroline Cruveillier FRA &#8211; Emma Jokiaho FIN 4-1<br>5. 51kg Attila Bernath HUN &#8211; Ageel Ahmed SCO 3-2<br>6. 51 KG Sandip Panday FIN &#8211; Allan Morosov EST RSC-I R3<br>7. 57kg Nebil Ibrahim SWE &#8211; Lassi Rissanen FIN 5-0<br>8. 75kg Lewis Richardson ENG &#8211; Mindaugas Gedminas NOR WO<br>9. 80kg Nikita Nystedt FIN &#8211; Dmitri Gladisev EST 5-0<br>10. George Crotty ENG &#8211; Topias Vaittinen FIN 5-0<br>11. 80kg Erik Medoza SWE &#8211; Axel Yoka FRA 5-0<br>12. +92kg Delicious Orie ENG &#8211; Danil Rantanen FIN 5-0<\/p>\n\n\n\n<h4 class=\"wp-block-heading\">Thursday April 7th at 6 pm<\/h4>\n\n\n\n<p>1. W57kg Svetlana Staneva BUL &#8211; Saara Lukkarila FIN 5-0<br>2. 63,5kg Richard Kovacs HUN &#8211; Mert Caliskan GER 3-2<br>3. 63,5kg Hamlet Mnatsakanan ARM &#8211; Sayed Kazemi NOR 5-0<br>4. 63,5kg Jere Niemel\u00e4inen FIN &#8211; Kermo T\u00f6nov EST 5-0<br>5. 63,5kg Reese Lynch SCO &#8211; Ihor Kovtun UKR 5-0<br>6. 67kg &#8211; Harytyan Hakobkokhyan ARM &#8211; Juuso Enola FIN 5-0<br>7. 67kg Martin Skogheim NOR &#8211; Semjon Karhanin EST 5-0<br>8. 67g Milan Fodor HUN &#8211; Andreas Jalervo FIN 5-0<br>9. 71kg Harris Akbar ENG &#8211; Hannes Tolonen FIN 5-0<\/p>\n\n\n\n<p><a href=\"https:\/\/tul.fi\/geebee\/tulokset\/tulokset-2020\/\" title=\"Tulokset 2020\">Results 2020<\/a><br><a href=\"https:\/\/tul.fi\/geebee\/tulokset\/tulokset-2019\/\" title=\"Tulokset 2019\">Results 2019<\/a><\/p>\n","protected":false},"excerpt":{"rendered":"<p>FINALS April 10th at 1 pm 1. W50kg Zlatislava Chukanova BUL \u2013 Pihla Kaivo-oja FIN2. W54kg Stanimira Petrova BUL \u2013 Caroline Cruveillier FRA3. W57kg Svetlana Staneva BUL \u2013 Vilma Viitanen FIN4. W60kg Agnes Alexiusson SWE \u2013 Anni Viantie FIN5. 51kg Attila Bernath HUN \u2013 Sandip Panday FIN6. 54kg Ibrahim Boukedim FRA \u2013 Siiovush Mukhamadiev UKR7. [&hellip;]<\/p>\n","protected":false},"author":22,"featured_media":0,"parent":0,"menu_order":0,"comment_status":"closed","ping_status":"closed","template":"","meta":{"_acf_changed":false,"footnotes":""},"class_list":["post-781","page","type-page","status-publish","hentry"],"acf":[],"aioseo_notices":[],"_links":{"self":[{"href":"https:\/\/tul.fi\/geebee\/wp-json\/wp\/v2\/pages\/781","targetHints":{"allow":["GET"]}}],"collection":[{"href":"https:\/\/tul.fi\/geebee\/wp-json\/wp\/v2\/pages"}],"about":[{"href":"https:\/\/tul.fi\/geebee\/wp-json\/wp\/v2\/types\/page"}],"author":[{"embeddable":true,"href":"https:\/\/tul.fi\/geebee\/wp-json\/wp\/v2\/users\/22"}],"replies":[{"embeddable":true,"href":"https:\/\/tul.fi\/geebee\/wp-json\/wp\/v2\/comments?post=781"}],"version-history":[{"count":1,"href":"https:\/\/tul.fi\/geebee\/wp-json\/wp\/v2\/pages\/781\/revisions"}],"predecessor-version":[{"id":782,"href":"https:\/\/tul.fi\/geebee\/wp-json\/wp\/v2\/pages\/781\/revisions\/782"}],"wp:attachment":[{"href":"https:\/\/tul.fi\/geebee\/wp-json\/wp\/v2\/media?parent=781"}],"curies":[{"name":"wp","href":"https:\/\/api.w.org\/{rel}","templated":true}]}}