{"id":1665,"date":"2024-09-26T13:44:22","date_gmt":"2024-09-26T10:44:22","guid":{"rendered":"https:\/\/tul.fi\/hame\/?page_id=1665"},"modified":"2024-09-26T13:44:23","modified_gmt":"2024-09-26T10:44:23","slug":"jasenseurat","status":"publish","type":"page","link":"https:\/\/tul.fi\/hame\/yhteystiedot\/jasenseurat\/","title":{"rendered":"J\u00e4senseurat"},"content":{"rendered":"\n<div class=\"wp-block-columns is-layout-flex wp-container-core-columns-is-layout-9d6595d7 wp-block-columns-is-layout-flex\">\n<div class=\"wp-block-column is-layout-flow wp-block-column-is-layout-flow\">\n<p><a href=\"http:\/\/www.ayjalkapallo.info\/\" target=\"_blank\" rel=\"noopener\" title=\"\">Ammattiyhdistysten Jalkapallo<\/a><\/p>\n\n\n\n<p><a href=\"https:\/\/www.forssanalku.fi\/\" target=\"_blank\" rel=\"noopener\" title=\"\">Forssan Alku<\/a><\/p>\n\n\n\n<p><a href=\"https:\/\/forssanmoottoriseura.fi\/index.html\" target=\"_blank\" rel=\"noopener\" title=\"\">Forssan Moottoriseura<\/a><\/p>\n\n\n\n<p>Forssan Nyrkkeilij\u00e4t<\/p>\n\n\n\n<p><a href=\"https:\/\/hattulaboxing.fi\/\" target=\"_blank\" rel=\"noopener\" title=\"\">Hattula Boxing<\/a><\/p>\n\n\n\n<p><a href=\"https:\/\/heinolankevytvenepurjehtijat.webnode.fi\/\" target=\"_blank\" rel=\"noopener\" title=\"\">Heinolan Kevytvenepurjehtijat<\/a><\/p>\n\n\n\n<p>Heinolan Voimailijat<\/p>\n\n\n\n<p><a href=\"https:\/\/www.herralanhukat.fi\/\" target=\"_blank\" rel=\"noopener\" title=\"\">Herralan Hukat<\/a><\/p>\n\n\n\n<p><a href=\"https:\/\/www.hollolannasta.com\/\" target=\"_blank\" rel=\"noopener\" title=\"\">Hollolan Nasta<\/a><\/p>\n\n\n\n<p><a href=\"https:\/\/humppilanveikot.fi\/\" target=\"_blank\" rel=\"noopener\" title=\"\">Humppilan Veikot<\/a><\/p>\n\n\n\n<p>H\u00e4meenlinnan ITF Taekwon-do<\/p>\n\n\n\n<p><a href=\"https:\/\/www.hameenlinnankisa.fi\/\" target=\"_blank\" rel=\"noopener\" title=\"\">H\u00e4meenlinnan Kisa<\/a><\/p>\n\n\n\n<p>H\u00e4meenlinnan Palloilijat<\/p>\n\n\n\n<p>Id\u00e4np\u00e4\u00e4n Toive<\/p>\n\n\n\n<p><a href=\"https:\/\/www.jokioistenkoetus.fi\/\" target=\"_blank\" rel=\"noopener\" title=\"\">Jokioisten Koetus<\/a><\/p>\n\n\n\n<p><a href=\"https:\/\/www.jokioistenkoetusjuniorit.fi\/\" target=\"_blank\" rel=\"noopener\" title=\"\">Jokioisten Koetus Juniorit<\/a><\/p>\n\n\n\n<p>J\u00e4rvel\u00e4n J\u00e4nne<\/p>\n\n\n\n<p><a href=\"https:\/\/www.kalvolanisku.fi\/\" target=\"_blank\" rel=\"noopener\" title=\"\">Kalvolan Isku<\/a><\/p>\n\n\n\n<p><a href=\"https:\/\/www.lahdenkaleva.fi\/\" target=\"_blank\" rel=\"noopener\" title=\"\">Lahden Kaleva<\/a><\/p>\n\n\n\n<p><a href=\"https:\/\/www.lahdentaimi.fi\/\" target=\"_blank\" rel=\"noopener\" title=\"\">Lahden Taimi<\/a><\/p>\n\n\n\n<p><a href=\"https:\/\/lth.yhdistysavain.fi\/\" target=\"_blank\" rel=\"noopener\" title=\"\">Lahden Ty\u00f6v\u00e4en Hiiht\u00e4j\u00e4t<\/a><\/p>\n\n\n\n<p>Lahden Ty\u00f6v\u00e4en Palloilijat<\/p>\n\n\n\n<p><a href=\"https:\/\/www.lappilannousu.fi\/\" target=\"_blank\" rel=\"noopener\" title=\"\">Lappilan Nousu<\/a><\/p>\n\n\n\n<p><a href=\"https:\/\/leppakosken-voima-ry.webnode.fi\/\" target=\"_blank\" rel=\"noopener\" title=\"\">Lepp\u00e4kosken Voima<\/a><\/p>\n\n\n\n<p><a href=\"https:\/\/www.linnanpetanquistit.net\/\" target=\"_blank\" rel=\"noopener\" title=\"\">Linnan Petanquistit<\/a><\/p>\n<\/div>\n\n\n\n<div class=\"wp-block-column is-layout-flow wp-block-column-is-layout-flow\">\n<p>Lopen Urheilijat<\/p>\n\n\n\n<p><a href=\"https:\/\/www.luolajankajastus.fi\/\" target=\"_blank\" rel=\"noopener\" title=\"\">Luolajan Kajastus<\/a><\/p>\n\n\n\n<p><a href=\"https:\/\/mukkulanrientopaini.yhdistysavain.fi\/\" target=\"_blank\" rel=\"noopener\" title=\"\">Mukkulan Riento<\/a><\/p>\n\n\n\n<p>Nuutaj\u00e4rven Esa<\/p>\n\n\n\n<p><a href=\"https:\/\/www.orimattilantoive.com\/\" target=\"_blank\" rel=\"noopener\" title=\"\">Orimattilan Toive<\/a><\/p>\n\n\n\n<p>Palikkalan Touhu<\/p>\n\n\n\n<p><a href=\"https:\/\/www.parolanvisa.fi\/\" target=\"_blank\" rel=\"noopener\" title=\"\">Parolan Visa<\/a><\/p>\n\n\n\n<p><a href=\"https:\/\/www.pekolanisku.fi\/\" target=\"_blank\" rel=\"noopener\" title=\"\">Pekolan Isku<\/a><\/p>\n\n\n\n<p><a href=\"https:\/\/playteam.fi\/\" target=\"_blank\" rel=\"noopener\" title=\"\">Play Team 80<\/a><\/p>\n\n\n\n<p><a href=\"https:\/\/www.riihimaenkehaketut.fi\/\" target=\"_blank\" rel=\"noopener\" title=\"\">Riihim\u00e4en Keh\u00e4-Ketut<\/a><\/p>\n\n\n\n<p><a href=\"https:\/\/kiista-veikot.sporttisaitti.com\/\" target=\"_blank\" rel=\"noopener\" title=\"\">Riihim\u00e4en Kiista-Veikot<\/a><\/p>\n\n\n\n<p>Riihim\u00e4en Kontio<\/p>\n\n\n\n<p><a href=\"https:\/\/riihimaenpyrkiva.sporttisaitti.com\/\" target=\"_blank\" rel=\"noopener\" title=\"\">Riihim\u00e4en Pyrkiv\u00e4<\/a><\/p>\n\n\n\n<p><a href=\"https:\/\/www.ryttylankiri.fi\/\" target=\"_blank\" rel=\"noopener\" title=\"\">Ryttyl\u00e4n Kiri<\/a><\/p>\n\n\n\n<p>Salonkyl\u00e4n Sisu<\/p>\n\n\n\n<p><a href=\"https:\/\/someronvoima.sporttisaitti.com\/\" target=\"_blank\" rel=\"noopener\" title=\"\">Someron Voima<\/a><\/p>\n\n\n\n<p>Someron Voiman Jalkapallo<\/p>\n\n\n\n<p>Tammelan Nousu<\/p>\n\n\n\n<p>Tervakosken Pyrkiv\u00e4<\/p>\n\n\n\n<p><a href=\"https:\/\/www.turenginsarastus.net\/\" target=\"_blank\" rel=\"noopener\" title=\"\">Turengin Sarastus<\/a><\/p>\n\n\n\n<p>Vanaja Boxing<\/p>\n\n\n\n<p>Vaulammin Kiusa<\/p>\n\n\n\n<p>Viralan Wauhti<\/p>\n\n\n\n<p><a href=\"https:\/\/www.vojakkala.fi\/\" target=\"_blank\" rel=\"noopener\" title=\"\">Vojakkalan Valpas<\/a><\/p>\n<\/div>\n<\/div>\n","protected":false},"excerpt":{"rendered":"<p>Ammattiyhdistysten Jalkapallo Forssan Alku Forssan Moottoriseura Forssan Nyrkkeilij\u00e4t Hattula Boxing Heinolan Kevytvenepurjehtijat Heinolan Voimailijat Herralan Hukat Hollolan Nasta Humppilan Veikot H\u00e4meenlinnan ITF Taekwon-do H\u00e4meenlinnan Kisa H\u00e4meenlinnan Palloilijat Id\u00e4np\u00e4\u00e4n Toive Jokioisten Koetus Jokioisten Koetus Juniorit J\u00e4rvel\u00e4n J\u00e4nne Kalvolan Isku Lahden Kaleva Lahden Taimi Lahden Ty\u00f6v\u00e4en Hiiht\u00e4j\u00e4t Lahden Ty\u00f6v\u00e4en Palloilijat Lappilan Nousu Lepp\u00e4kosken Voima Linnan Petanquistit Lopen [&hellip;]<\/p>\n","protected":false},"author":17,"featured_media":0,"parent":40,"menu_order":0,"comment_status":"closed","ping_status":"closed","template":"","meta":{"_acf_changed":false,"footnotes":""},"class_list":["post-1665","page","type-page","status-publish","hentry"],"acf":[],"aioseo_notices":[],"_links":{"self":[{"href":"https:\/\/tul.fi\/hame\/wp-json\/wp\/v2\/pages\/1665","targetHints":{"allow":["GET"]}}],"collection":[{"href":"https:\/\/tul.fi\/hame\/wp-json\/wp\/v2\/pages"}],"about":[{"href":"https:\/\/tul.fi\/hame\/wp-json\/wp\/v2\/types\/page"}],"author":[{"embeddable":true,"href":"https:\/\/tul.fi\/hame\/wp-json\/wp\/v2\/users\/17"}],"replies":[{"embeddable":true,"href":"https:\/\/tul.fi\/hame\/wp-json\/wp\/v2\/comments?post=1665"}],"version-history":[{"count":1,"href":"https:\/\/tul.fi\/hame\/wp-json\/wp\/v2\/pages\/1665\/revisions"}],"predecessor-version":[{"id":1666,"href":"https:\/\/tul.fi\/hame\/wp-json\/wp\/v2\/pages\/1665\/revisions\/1666"}],"up":[{"embeddable":true,"href":"https:\/\/tul.fi\/hame\/wp-json\/wp\/v2\/pages\/40"}],"wp:attachment":[{"href":"https:\/\/tul.fi\/hame\/wp-json\/wp\/v2\/media?parent=1665"}],"curies":[{"name":"wp","href":"https:\/\/api.w.org\/{rel}","templated":true}]}}