{"id":1667,"date":"2024-09-26T13:47:41","date_gmt":"2024-09-26T10:47:41","guid":{"rendered":"https:\/\/tul.fi\/hame\/?page_id=1667"},"modified":"2024-09-26T13:50:03","modified_gmt":"2024-09-26T10:50:03","slug":"piirin-yhteystiedot","status":"publish","type":"page","link":"https:\/\/tul.fi\/hame\/yhteystiedot\/piirin-yhteystiedot\/","title":{"rendered":"Piirin yhteystiedot"},"content":{"rendered":"\n<h2 class=\"wp-block-heading\">Yleiset yhteystiedot<\/h2>\n\n\n\n<div class=\"wp-block-columns is-layout-flex wp-container-core-columns-is-layout-9d6595d7 wp-block-columns-is-layout-flex\">\n<div class=\"wp-block-column is-layout-flow wp-block-column-is-layout-flow\">\n<p><strong>Postiosoite:<\/strong><br>Antinkatu 9 B 24<br>28100 Pori<\/p>\n\n\n\n<p>hame@tul.fi<br><\/p>\n<\/div>\n\n\n\n<div class=\"wp-block-column is-layout-flow wp-block-column-is-layout-flow\">\n<p><strong>Jarno Blomster<br><\/strong>Toiminnanjohtaja, TUL H\u00e4meen piiri<br>jarno.blomster@tul.fi<br>044 537 4765<\/p>\n<\/div>\n<\/div>\n\n\n\n<h2 class=\"wp-block-heading\">Piirij\u00e4rjest\u00f6<\/h2>\n\n\n\n<div class=\"wp-block-columns is-layout-flex wp-container-core-columns-is-layout-9d6595d7 wp-block-columns-is-layout-flex\">\n<div class=\"wp-block-column is-layout-flow wp-block-column-is-layout-flow\">\n<h3 class=\"wp-block-heading\">Hallitus<\/h3>\n\n\n\n<p><strong>Puheenjohtaja<\/strong><br>Jarmo Lev\u00e4nen, Lopen Urheilijat<br>jarmo.levanen@kolumbus.fi<br>Puh. 045 233 2382<\/p>\n\n\n\n<p><strong>Varapuheenjohtaja<\/strong><br>Annika Appelroth, H\u00e4meenlinnan Kisa<br>annika.appelroth@gmail.com<br>Puh. 050 360 6109<\/p>\n<\/div>\n\n\n\n<div class=\"wp-block-column is-layout-flow wp-block-column-is-layout-flow\">\n<h3 class=\"wp-block-heading\">J\u00e4senet<\/h3>\n\n\n\n<p>Tarja Kaasinen, Kalvolan Isku<br>Hannu Hellsten, Lahden Kaleva<br>Heidi Jaakkima, H\u00e4meenlinnan Kisa<br>Kirsi Syrj\u00e4l\u00e4, Humppilan Veikot<br>Raila Hakam\u00e4ki, Someron Voima<br>Pekka Lepp\u00e4niemi, Riihim\u00e4en Kiista-Veikot<br>Aarne M\u00f6rsky, Lahden Ty\u00f6v\u00e4en hiiht\u00e4j\u00e4t<br>Riitta Nokkala, Humppilan Veikot<br>Timo Virolainen, H\u00e4meenlinnan Kisa<\/p>\n<\/div>\n<\/div>\n\n\n\n<p><\/p>\n","protected":false},"excerpt":{"rendered":"<p>Yleiset yhteystiedot Postiosoite:Antinkatu 9 B 2428100 Pori hame@tul.fi Jarno BlomsterToiminnanjohtaja, TUL H\u00e4meen piirijarno.blomster@tul.fi044 537 4765 Piirij\u00e4rjest\u00f6 Hallitus PuheenjohtajaJarmo Lev\u00e4nen, Lopen Urheilijatjarmo.levanen@kolumbus.fiPuh. 045 233 2382 VarapuheenjohtajaAnnika Appelroth, H\u00e4meenlinnan Kisaannika.appelroth@gmail.comPuh. 050 360 6109 J\u00e4senet Tarja Kaasinen, Kalvolan IskuHannu Hellsten, Lahden KalevaHeidi Jaakkima, H\u00e4meenlinnan KisaKirsi Syrj\u00e4l\u00e4, Humppilan VeikotRaila Hakam\u00e4ki, Someron VoimaPekka Lepp\u00e4niemi, Riihim\u00e4en Kiista-VeikotAarne M\u00f6rsky, Lahden Ty\u00f6v\u00e4en hiiht\u00e4j\u00e4tRiitta [&hellip;]<\/p>\n","protected":false},"author":17,"featured_media":0,"parent":40,"menu_order":0,"comment_status":"closed","ping_status":"closed","template":"","meta":{"_acf_changed":false,"footnotes":""},"class_list":["post-1667","page","type-page","status-publish","hentry"],"acf":[],"aioseo_notices":[],"_links":{"self":[{"href":"https:\/\/tul.fi\/hame\/wp-json\/wp\/v2\/pages\/1667","targetHints":{"allow":["GET"]}}],"collection":[{"href":"https:\/\/tul.fi\/hame\/wp-json\/wp\/v2\/pages"}],"about":[{"href":"https:\/\/tul.fi\/hame\/wp-json\/wp\/v2\/types\/page"}],"author":[{"embeddable":true,"href":"https:\/\/tul.fi\/hame\/wp-json\/wp\/v2\/users\/17"}],"replies":[{"embeddable":true,"href":"https:\/\/tul.fi\/hame\/wp-json\/wp\/v2\/comments?post=1667"}],"version-history":[{"count":2,"href":"https:\/\/tul.fi\/hame\/wp-json\/wp\/v2\/pages\/1667\/revisions"}],"predecessor-version":[{"id":1671,"href":"https:\/\/tul.fi\/hame\/wp-json\/wp\/v2\/pages\/1667\/revisions\/1671"}],"up":[{"embeddable":true,"href":"https:\/\/tul.fi\/hame\/wp-json\/wp\/v2\/pages\/40"}],"wp:attachment":[{"href":"https:\/\/tul.fi\/hame\/wp-json\/wp\/v2\/media?parent=1667"}],"curies":[{"name":"wp","href":"https:\/\/api.w.org\/{rel}","templated":true}]}}