{"id":2,"date":"2020-12-08T15:33:49","date_gmt":"2020-12-08T13:33:49","guid":{"rendered":"http:\/\/jarvi-suomi.tul-kopio.16.testivedos.com\/?page_id=2"},"modified":"2024-09-10T13:54:07","modified_gmt":"2024-09-10T10:54:07","slug":"etusivu","status":"publish","type":"page","link":"https:\/\/tul.fi\/hame\/","title":{"rendered":"H\u00e4meen piiri"},"content":{"rendered":"\n<p><br>TUL:n H\u00e4meen piiri on yksi TUL:n j\u00e4senpiireist\u00e4. Se on perustettu v. 1919, perustajaseurat ovat H\u00e4meenlinnan Kisa ja Riihim\u00e4en Kontio.<\/p>\n\n\n\n<p>H\u00e4meen piiri kuuluu TUL:n l\u00e4ntiseen alueeseen. Piiriss\u00e4 on 56 j\u00e4senseuraa. Piiri pyrkii tarjoamaan seuroille alueellista liikunta- ja koulutustoimintaa sek\u00e4 v\u00e4litt\u00e4m\u00e4\u00e4n tietoa TUL:n ajankohtaisista asioista ja tapahtumista.<\/p>\n\n\n\n<p>TUL H\u00e4meen piirill\u00e4 ei ole fyysist\u00e4 toimistoa t\u00e4ll\u00e4 hetkell\u00e4, vaan asioita hoidetaan Satakunnan piirin toimistolta.<\/p>\n\n\n\n<p><strong>Liity postituslistalle<\/strong><br>Liittym\u00e4ll\u00e4 postituslistallemme saat ajankohtaiset asiat s\u00e4hk\u00f6postiisi. L\u00e4het\u00e4mme noin kuusi uutiskirjett\u00e4 vuoden aikana. Voit poistua listalta milloin haluat.<br><a href=\"https:\/\/tul-lv.creamailer.fi\/survey\/5ootjllvjijbg\" target=\"_blank\" rel=\"noopener\" title=\"\">Liity t\u00e4st\u00e4 postituslistalle<\/a><\/p>\n\n\n\n<p>L\u00f6yd\u00e4t meid\u00e4t my\u00f6s Facebookista nimell\u00e4 <a href=\"https:\/\/www.facebook.com\/TULhame\" target=\"_blank\" rel=\"noreferrer noopener\">TULhame<\/a><\/p>\n","protected":false},"excerpt":{"rendered":"<p>TUL:n H\u00e4meen piiri on yksi TUL:n j\u00e4senpiireist\u00e4. Se on perustettu v. 1919, perustajaseurat ovat H\u00e4meenlinnan Kisa ja Riihim\u00e4en Kontio. H\u00e4meen piiri kuuluu TUL:n l\u00e4ntiseen alueeseen. Piiriss\u00e4 on 56 j\u00e4senseuraa. Piiri pyrkii tarjoamaan seuroille alueellista liikunta- ja koulutustoimintaa sek\u00e4 v\u00e4litt\u00e4m\u00e4\u00e4n tietoa TUL:n ajankohtaisista asioista ja tapahtumista. TUL H\u00e4meen piirill\u00e4 ei ole fyysist\u00e4 toimistoa t\u00e4ll\u00e4 hetkell\u00e4, vaan [&hellip;]<\/p>\n","protected":false},"author":1,"featured_media":78,"parent":0,"menu_order":0,"comment_status":"closed","ping_status":"open","template":"","meta":{"_acf_changed":false,"footnotes":""},"class_list":["post-2","page","type-page","status-publish","has-post-thumbnail","hentry"],"acf":[],"aioseo_notices":[],"_links":{"self":[{"href":"https:\/\/tul.fi\/hame\/wp-json\/wp\/v2\/pages\/2","targetHints":{"allow":["GET"]}}],"collection":[{"href":"https:\/\/tul.fi\/hame\/wp-json\/wp\/v2\/pages"}],"about":[{"href":"https:\/\/tul.fi\/hame\/wp-json\/wp\/v2\/types\/page"}],"author":[{"embeddable":true,"href":"https:\/\/tul.fi\/hame\/wp-json\/wp\/v2\/users\/1"}],"replies":[{"embeddable":true,"href":"https:\/\/tul.fi\/hame\/wp-json\/wp\/v2\/comments?post=2"}],"version-history":[{"count":10,"href":"https:\/\/tul.fi\/hame\/wp-json\/wp\/v2\/pages\/2\/revisions"}],"predecessor-version":[{"id":1639,"href":"https:\/\/tul.fi\/hame\/wp-json\/wp\/v2\/pages\/2\/revisions\/1639"}],"wp:featuredmedia":[{"embeddable":true,"href":"https:\/\/tul.fi\/hame\/wp-json\/wp\/v2\/media\/78"}],"wp:attachment":[{"href":"https:\/\/tul.fi\/hame\/wp-json\/wp\/v2\/media?parent=2"}],"curies":[{"name":"wp","href":"https:\/\/api.w.org\/{rel}","templated":true}]}}