{"id":40,"date":"2020-12-08T15:57:09","date_gmt":"2020-12-08T13:57:09","guid":{"rendered":"http:\/\/tul-kopio.16.testivedos.com\/jarvi-suomi\/?page_id=40"},"modified":"2022-08-16T13:59:53","modified_gmt":"2022-08-16T10:59:53","slug":"yhteystiedot","status":"publish","type":"page","link":"https:\/\/tul.fi\/hame\/yhteystiedot\/","title":{"rendered":"Yhteystiedot"},"content":{"rendered":"\n<h2 class=\"wp-block-heading\">Yleiset yhteystiedot<\/h2>\n\n\n\n<div class=\"wp-block-columns is-layout-flex wp-container-core-columns-is-layout-9d6595d7 wp-block-columns-is-layout-flex\">\n<div class=\"wp-block-column is-layout-flow wp-block-column-is-layout-flow\">\n<p>Antinkatu 9 B 24<br>28100 Pori<br>K\u00e4yntiosoite: Antinkatu 9 A 4<\/p>\n\n\n\n<p>hame@tul.fi<br><\/p>\n\n\n\n<p><\/p>\n<\/div>\n\n\n\n<div class=\"wp-block-column is-layout-flow wp-block-column-is-layout-flow\">\n<p><strong>Jarno Blomster<br><\/strong>Toiminnanjohtaja, TUL H\u00e4meen piiri<br>jarno.blomster@tul.fi<br>044 537 4765<\/p>\n<\/div>\n<\/div>\n\n\n\n<h2 class=\"wp-block-heading\">Piirij\u00e4rjest\u00f6<\/h2>\n\n\n\n<div class=\"wp-block-columns is-layout-flex wp-container-core-columns-is-layout-9d6595d7 wp-block-columns-is-layout-flex\">\n<div class=\"wp-block-column is-layout-flow wp-block-column-is-layout-flow\">\n<h3 class=\"wp-block-heading\">Hallitus<\/h3>\n\n\n\n<p><strong>Puheenjohtaja<\/strong><br>Jarmo Lev\u00e4nen, Lopen Urheilijat<br>jarmo.levanen@kolumbus.fi<br>Puh. 045 233 2382<\/p>\n\n\n\n<p><strong>Varapuheenjohtaja<\/strong><br>Annika Appelroth, H\u00e4meenlinnan Kisa<br>annika.appelroth@gmail.com<br>Puh. 050 360 6109<\/p>\n<\/div>\n\n\n\n<div class=\"wp-block-column is-layout-flow wp-block-column-is-layout-flow\">\n<h3 class=\"wp-block-heading\">J\u00e4senet<\/h3>\n\n\n\n<p>Tarja Kaasinen, Kalvolan Isku<br>Hannu Hellsten, Lahden Kaleva<br>Heidi Jaakkima, H\u00e4meenlinnan Kisa<br>Kirsi Syrj\u00e4l\u00e4, Humppilan Veikot<br>Raila Hakam\u00e4ki, Someron Voima<br>Pekka Lepp\u00e4niemi, Riihim\u00e4en Kiista-Veikot<br>Aarne M\u00f6rsky, Lahden Ty\u00f6v\u00e4en hiiht\u00e4j\u00e4t<br>Riitta Nokkala, Humppilan Veikot<br>Timo Virolainen, H\u00e4meenlinnan Kisa<\/p>\n<\/div>\n<\/div>\n\n\n\n<p><\/p>\n","protected":false},"excerpt":{"rendered":"<p>Yleiset yhteystiedot Antinkatu 9 B 2428100 PoriK\u00e4yntiosoite: Antinkatu 9 A 4 hame@tul.fi Jarno BlomsterToiminnanjohtaja, TUL H\u00e4meen piirijarno.blomster@tul.fi044 537 4765 Piirij\u00e4rjest\u00f6 Hallitus PuheenjohtajaJarmo Lev\u00e4nen, Lopen Urheilijatjarmo.levanen@kolumbus.fiPuh. 045 233 2382 VarapuheenjohtajaAnnika Appelroth, H\u00e4meenlinnan Kisaannika.appelroth@gmail.comPuh. 050 360 6109 J\u00e4senet Tarja Kaasinen, Kalvolan IskuHannu Hellsten, Lahden KalevaHeidi Jaakkima, H\u00e4meenlinnan KisaKirsi Syrj\u00e4l\u00e4, Humppilan VeikotRaila Hakam\u00e4ki, Someron VoimaPekka Lepp\u00e4niemi, Riihim\u00e4en Kiista-VeikotAarne [&hellip;]<\/p>\n","protected":false},"author":1,"featured_media":0,"parent":0,"menu_order":0,"comment_status":"closed","ping_status":"closed","template":"","meta":{"_acf_changed":false,"footnotes":""},"class_list":["post-40","page","type-page","status-publish","hentry"],"acf":[],"aioseo_notices":[],"_links":{"self":[{"href":"https:\/\/tul.fi\/hame\/wp-json\/wp\/v2\/pages\/40","targetHints":{"allow":["GET"]}}],"collection":[{"href":"https:\/\/tul.fi\/hame\/wp-json\/wp\/v2\/pages"}],"about":[{"href":"https:\/\/tul.fi\/hame\/wp-json\/wp\/v2\/types\/page"}],"author":[{"embeddable":true,"href":"https:\/\/tul.fi\/hame\/wp-json\/wp\/v2\/users\/1"}],"replies":[{"embeddable":true,"href":"https:\/\/tul.fi\/hame\/wp-json\/wp\/v2\/comments?post=40"}],"version-history":[{"count":11,"href":"https:\/\/tul.fi\/hame\/wp-json\/wp\/v2\/pages\/40\/revisions"}],"predecessor-version":[{"id":875,"href":"https:\/\/tul.fi\/hame\/wp-json\/wp\/v2\/pages\/40\/revisions\/875"}],"wp:attachment":[{"href":"https:\/\/tul.fi\/hame\/wp-json\/wp\/v2\/media?parent=40"}],"curies":[{"name":"wp","href":"https:\/\/api.w.org\/{rel}","templated":true}]}}