{"id":84,"date":"2020-12-09T18:02:46","date_gmt":"2020-12-09T16:02:46","guid":{"rendered":"http:\/\/tul-kopio.16.testivedos.com\/hame\/?page_id=84"},"modified":"2024-03-07T10:59:46","modified_gmt":"2024-03-07T08:59:46","slug":"piirin-senioripaiva","status":"publish","type":"page","link":"https:\/\/tul.fi\/hame\/toiminta\/piirin-senioripaiva\/","title":{"rendered":"Piirin seniorip\u00e4iv\u00e4"},"content":{"rendered":"\n<p>Vuonna 2023 j\u00e4rjestettiin piirin seniorip\u00e4iv\u00e4 Riihim\u00e4ell\u00e4, Kiista-Veikkojen majalla elokuussa. P\u00e4iv\u00e4\u00e4n osallistui l\u00e4hes 40 henkil\u00f6\u00e4 ja palaute oli positiivista. Suunnitelmissa on toteuttaa p\u00e4iv\u00e4 my\u00f6s vuonna 2024.<\/p>\n\n\n\n<p>Alustava suunnitelma on j\u00e4rjest\u00e4\u00e4 2024 piirin seniorip\u00e4iv\u00e4 elokuussa Ryttyl\u00e4ss\u00e4. Asiasta lis\u00e4\u00e4 kev\u00e4\u00e4n aikana.<\/p>\n\n\n\n<p>Asiasta voi kysell\u00e4 lis\u00e4\u00e4 piirin toiminnanjohtajalta  Jarno Blomsterilta.<br>044 53874765<br>jarno.blomster@tul.fi<\/p>\n\n\n\n<figure class=\"wp-block-image size-large\"><img loading=\"lazy\" decoding=\"async\" width=\"1024\" height=\"768\" src=\"https:\/\/tul.fi\/hame\/wp-content\/uploads\/sites\/3\/2024\/03\/Senioripaiva-2023-Hame-1024x768.jpg\" alt=\"\" class=\"wp-image-1434\" srcset=\"https:\/\/tul.fi\/hame\/wp-content\/uploads\/sites\/3\/2024\/03\/Senioripaiva-2023-Hame-1024x768.jpg 1024w, https:\/\/tul.fi\/hame\/wp-content\/uploads\/sites\/3\/2024\/03\/Senioripaiva-2023-Hame-300x225.jpg 300w, https:\/\/tul.fi\/hame\/wp-content\/uploads\/sites\/3\/2024\/03\/Senioripaiva-2023-Hame-768x576.jpg 768w, https:\/\/tul.fi\/hame\/wp-content\/uploads\/sites\/3\/2024\/03\/Senioripaiva-2023-Hame-1536x1152.jpg 1536w, https:\/\/tul.fi\/hame\/wp-content\/uploads\/sites\/3\/2024\/03\/Senioripaiva-2023-Hame-2048x1536.jpg 2048w\" sizes=\"auto, (max-width: 1024px) 100vw, 1024px\" \/><\/figure>\n","protected":false},"excerpt":{"rendered":"<p>Vuonna 2023 j\u00e4rjestettiin piirin seniorip\u00e4iv\u00e4 Riihim\u00e4ell\u00e4, Kiista-Veikkojen majalla elokuussa. P\u00e4iv\u00e4\u00e4n osallistui l\u00e4hes 40 henkil\u00f6\u00e4 ja palaute oli positiivista. Suunnitelmissa on toteuttaa p\u00e4iv\u00e4 my\u00f6s vuonna 2024. Alustava suunnitelma on j\u00e4rjest\u00e4\u00e4 2024 piirin seniorip\u00e4iv\u00e4 elokuussa Ryttyl\u00e4ss\u00e4. Asiasta lis\u00e4\u00e4 kev\u00e4\u00e4n aikana. Asiasta voi kysell\u00e4 lis\u00e4\u00e4 piirin toiminnanjohtajalta Jarno Blomsterilta.044 53874765jarno.blomster@tul.fi<\/p>\n","protected":false},"author":1,"featured_media":0,"parent":82,"menu_order":0,"comment_status":"closed","ping_status":"closed","template":"","meta":{"_acf_changed":false,"footnotes":""},"class_list":["post-84","page","type-page","status-publish","hentry"],"acf":[],"aioseo_notices":[],"_links":{"self":[{"href":"https:\/\/tul.fi\/hame\/wp-json\/wp\/v2\/pages\/84","targetHints":{"allow":["GET"]}}],"collection":[{"href":"https:\/\/tul.fi\/hame\/wp-json\/wp\/v2\/pages"}],"about":[{"href":"https:\/\/tul.fi\/hame\/wp-json\/wp\/v2\/types\/page"}],"author":[{"embeddable":true,"href":"https:\/\/tul.fi\/hame\/wp-json\/wp\/v2\/users\/1"}],"replies":[{"embeddable":true,"href":"https:\/\/tul.fi\/hame\/wp-json\/wp\/v2\/comments?post=84"}],"version-history":[{"count":5,"href":"https:\/\/tul.fi\/hame\/wp-json\/wp\/v2\/pages\/84\/revisions"}],"predecessor-version":[{"id":1435,"href":"https:\/\/tul.fi\/hame\/wp-json\/wp\/v2\/pages\/84\/revisions\/1435"}],"up":[{"embeddable":true,"href":"https:\/\/tul.fi\/hame\/wp-json\/wp\/v2\/pages\/82"}],"wp:attachment":[{"href":"https:\/\/tul.fi\/hame\/wp-json\/wp\/v2\/media?parent=84"}],"curies":[{"name":"wp","href":"https:\/\/api.w.org\/{rel}","templated":true}]}}