{"id":1707,"date":"2024-12-12T14:24:54","date_gmt":"2024-12-12T12:24:54","guid":{"rendered":"https:\/\/tul.fi\/jarvisuomi\/?page_id=1707"},"modified":"2026-03-05T13:18:05","modified_gmt":"2026-03-05T11:18:05","slug":"jasenseurat","status":"publish","type":"page","link":"https:\/\/tul.fi\/jarvisuomi\/yhteystiedot\/jasenseurat\/","title":{"rendered":"J\u00e4senseurat"},"content":{"rendered":"\n<p>Piirin j\u00e4senseurat ovat hyvin monenkirjavia, kooltaan aina muutaman kymmenen hengen kyl\u00e4seuroista yli 1000 j\u00e4senen seuroihin. J\u00e4senseuroista iso osa on yleisseuroja. J\u00e4senseurat sijaitsevat Etel\u00e4-Savon, Keski-Suomen, Pohjois-Karjalan ja Pohjois-Savon maakuntien alueella. <\/p>\n\n\n\n<h3 class=\"wp-block-heading\">Seurat Keski-Suomessa<\/h3>\n\n\n\n<p>Ala-Keiteleen Pursiseura r.y., \u00c4\u00e4nekoski<\/p>\n\n\n\n<p>Hankasalmen Hehku ry, Hankasalmi<\/p>\n\n\n\n<p>Huki Jyv\u00e4skyl\u00e4 ry, Jyv\u00e4skyl\u00e4<\/p>\n\n\n\n<p>Jyv\u00e4s-Shakki ry, Jyv\u00e4skyl\u00e4<\/p>\n\n\n\n<p>Jyv\u00e4skyl\u00e4n Lohi ry, Jyv\u00e4skyl\u00e4<\/p>\n\n\n\n<p>Jyv\u00e4skyl\u00e4n Nousu ry, Jyv\u00e4skyl\u00e4<\/p>\n\n\n\n<p>Jyv\u00e4skyl\u00e4n Pallokerho r.y., Jyv\u00e4skyl\u00e4<\/p>\n\n\n\n<p>Jyv\u00e4skyl\u00e4n Saukot ry, Jyv\u00e4skyl\u00e4<\/p>\n\n\n\n<p>Jyv\u00e4skyl\u00e4n Seudun Palloseura r.y., Jyv\u00e4skyl\u00e4<\/p>\n\n\n\n<p>Jyv\u00e4skyl\u00e4n Tanssi- ja Naisvoimisteluseura ry, Jyv\u00e4skyl\u00e4<\/p>\n\n\n\n<p>Jyv\u00e4skyl\u00e4n Ty\u00f6v\u00e4en Nyrkkeilij\u00e4t r.y., Jyv\u00e4skyl\u00e4<\/p>\n\n\n\n<p>Jyv\u00e4skyl\u00e4n Weikot ry, Jyv\u00e4skyl\u00e4<\/p>\n\n\n\n<p>Jyv\u00e4sseudun Paini-\u00c4ss\u00e4t ry, Jyv\u00e4skyl\u00e4<\/p>\n\n\n\n<p>J\u00e4ms\u00e4n Shakkiseura, J\u00e4ms\u00e4<\/p>\n\n\n\n<p>J\u00e4ms\u00e4nkosken Jyry ry, J\u00e4ms\u00e4<\/p>\n\n\n\n<p>Keuruun Toverit ry, Keuruu<\/p>\n\n\n\n<p>Korpilahden Pyrint\u00f6 ry, Jyv\u00e4skyl\u00e4<\/p>\n\n\n\n<p>Laukaan Kisa-Veljet LK-V ry, Laukaa<\/p>\n\n\n\n<p>Lepp\u00e4veden Lepp\u00e4 ry, Laukaa<\/p>\n\n\n\n<p>Muuramen Yritys ry, Muurame<\/p>\n\n\n\n<p>Palokan Riento r.y., Jyv\u00e4skyl\u00e4<\/p>\n\n\n\n<p>S\u00e4yn\u00e4tsalon ty\u00f6v\u00e4en Voimistelu- ja urheiluseura Riento r.y., Jyv\u00e4skyl\u00e4<\/p>\n\n\n\n<p>Tikkakosken Pallo ry, Jyv\u00e4skyl\u00e4<\/p>\n\n\n\n<p>V- ja U-seura Saarij\u00e4rven Ponsi r.y., Saarij\u00e4rvi<\/p>\n\n\n\n<p>Vaajakosken Kuohu ry, Jyv\u00e4skyl\u00e4<\/p>\n\n\n\n<p>Vaajakosken Veneilij\u00e4t ry, Jyv\u00e4skyl\u00e4<\/p>\n\n\n\n<p>Vehni\u00e4n voimistelu- ja urheiluseura Visa r.y., Laukaa<\/p>\n\n\n\n<p>Viitasaaren Toverit r.y., Viitasaari<\/p>\n\n\n\n<p>Voimistelu- ja urheiluseura Joutsan Tarmo r.y., Joutsa<\/p>\n\n\n\n<p>Voimistelu- ja Urheiluseura Jyv\u00e4skyl\u00e4n Valo r.y., Jyv\u00e4skyl\u00e4<\/p>\n\n\n\n<p>Voimistelu- ja urheiluseura Palokan Pyry ry, Jyv\u00e4skyl\u00e4<\/p>\n\n\n\n<p>Voimistelu- ja urheiluseura Urho ry, \u00c4\u00e4nekoski<\/p>\n\n\n\n<p>Voimistelu- ja urheiluseura Uuraisten Raiku r.y., Uurainen<\/p>\n\n\n\n<p>Voimistelu- ja Urheiluseura Karstulan Kisa-Veikot r.y., Karstula<\/p>\n\n\n\n<p>Voimistelu- ja Urheiluseura Keljon Viesti r.y., Jyv\u00e4skyl\u00e4<\/p>\n\n\n\n<p>Voimistelu- ja urheiluseura Koskenp\u00e4\u00e4n Yritys ry, J\u00e4ms\u00e4<\/p>\n\n\n\n<p>Voimistelu- ja urheiluseura Parantalan Pyrkiv\u00e4 r.y., \u00c4\u00e4nekoski<\/p>\n\n\n\n<p>Voimistelu- ja urheiluseura Pirttim\u00e4en pyrint\u00f6 ry, Hankasalmi<\/p>\n\n\n\n<p>Voimistelu- ja urheiluseura Vesangan Vesa r.y., Jyv\u00e4skyl\u00e4<\/p>\n\n\n\n<p>\u00c4\u00e4nekosken Huima ry, \u00c4\u00e4nekoski<\/p>\n\n\n\n<h3 class=\"wp-block-heading\">Seurat Etel\u00e4- ja Pohjois-Savossa<\/h3>\n\n\n\n<p>Iisalmen Urheilu-Vesat ry, Iisalmi<\/p>\n\n\n\n<p>Joroisten Jyske ry, Joroinen<\/p>\n\n\n\n<p>Juankosken Pyrkiv\u00e4 ry, Kuopio<\/p>\n\n\n\n<p>Kiuruveden Luomu-Wolley ry, Kiuruvesi<\/p>\n\n\n\n<p>Kiuruveden Ter\u00e4s ry, Kiuruvesi<\/p>\n\n\n\n<p>Kuopion hiiht\u00e4j\u00e4t r.y., Kuopio<\/p>\n\n\n\n<p>Kuopion Isku ry, Kuopio<\/p>\n\n\n\n<p>Kuopion Kisa-Veikot ry, Kuopio<\/p>\n\n\n\n<p>Kuopion Riento ry, Kuopio<\/p>\n\n\n\n<p>KUTU Triathlon ry, Kuopio<\/p>\n\n\n\n<p>Kuvansin Kuohu ry, Joroinen<\/p>\n\n\n\n<p>Lepp\u00e4virran Urheilijat ry, Lepp\u00e4virta<\/p>\n\n\n\n<p>Lohikosken Voimistelu- ja Urheiluseura Kisa-Veikot r.y., Sulkava<\/p>\n\n\n\n<p>Mikkelin Kissat r.y. (Mikkelin Pallo-Kissat), Mikkeli<\/p>\n\n\n\n<p>Mikkelin Kuntoilijat r.y., Mikkeli<\/p>\n\n\n\n<p>Mikkelin Vauhti ry, Mikkeli<\/p>\n\n\n\n<p>M\u00e4ntyharjun J\u00e4ntev\u00e4 ry, M\u00e4ntyharju<\/p>\n\n\n\n<p>PAVE ry, Iisalmi<\/p>\n\n\n\n<p>Petosen Nallet ry, Kuopio<\/p>\n\n\n\n<p>Pieks\u00e4m\u00e4en Pyrint\u00f6 ry, Pieks\u00e4m\u00e4ki<\/p>\n\n\n\n<p>P\u00e4\u00e4skylahden Vesa r.y., Savonlinna<\/p>\n\n\n\n<p>Punkaharjun Ponsi ry, Savonlinna<\/p>\n\n\n\n<p>Rautavaaran Isku ry, Rautavaara<\/p>\n\n\n\n<p>Savo-Karjalan Petanque-seura Kanuunat ry, Varkaus<\/p>\n\n\n\n<p>Savonlinnan Ty\u00f6v\u00e4en Voimistelu- ja Urheiluseura Jyry ry, Savonlinna<\/p>\n\n\n\n<p>Siilinj\u00e4rven Vesa ry, Siilinj\u00e4rvi<\/p>\n\n\n\n<p>Sorsakosken Ter\u00e4s r.y., Lepp\u00e4virta<\/p>\n\n\n\n<p>Sulkavan Tarmo r.y., Sulkava<\/p>\n\n\n\n<p>Syv\u00e4nnimen Nousu ry, Kuopio<\/p>\n\n\n\n<p>Varkauden Tarmo ry, Varkaus<\/p>\n\n\n\n<p>Varkaus Racing Team ry, Varkaus<\/p>\n\n\n\n<p>Voimistelu- ja urheiluseura Keiteleen Kunto r.y., Keitele<\/p>\n\n\n\n<p>Voimistelu- ja urheiluseura Pielaveden Alku ry, Pielavesi<\/p>\n\n\n\n<p>Voimistelu- ja urheiluseura Vierem\u00e4n Viesti ry, Vierem\u00e4<\/p>\n\n\n\n<p>VOIMISTELU- JA URHEILUSEURA M\u00c4NNIST\u00d6N ELO RY (Kuopion Elo)<\/p>\n\n\n\n<p>WJK Varkaus ry, Varkaus<\/p>\n\n\n\n<p>Mikkelin Taistelutoverit ry<\/p>\n\n\n\n<h3 class=\"wp-block-heading\">Seurat Pohjois-Karjalassa<\/h3>\n\n\n\n<p>Joen Suunta ry, Joensuu<\/p>\n\n\n\n<p>Juuan Urheilijat r.y., Juuka<\/p>\n\n\n\n<p>Mutalan Voimistelu- ja Urheiluseura Riento ry, Joensuu<\/p>\n\n\n\n<p>Pankakosken Valpas ry, Lieksa<\/p>\n\n\n\n<p>Polvij\u00e4rven Voimistelu- ja Urheiluseura Vauhti ry, Polvij\u00e4rvi<\/p>\n\n\n\n<p>Keilaseura Pora ry,Joensuu<\/p>\n\n\n\n<p>Voimistelu- ja Urheiluseura Uimaharjun Taimi r.y., Joensuu<\/p>\n\n\n\n<p>Keh\u00e4kaverit ry, Juuka<\/p>\n\n\n\n<p>Joensuun Puntti-Pojat ry<\/p>\n\n\n\n<p>Kontiolahden Kajastus ry<\/p>\n\n\n\n<p>Outokummun Pallo -84 r.y.<\/p>\n\n\n\n<p>Tuupovaaran Sepot r.y., Ilomantsi<\/p>\n\n\n\n<p>V- ja u-seura Lieksan Visa ry, Lieksa<\/p>\n\n\n\n<p>Voimistelu- ja Urheiluseura Outokummun Vesa ry<\/p>\n\n\n\n<p>Karjalan Sulka ry<\/p>\n","protected":false},"excerpt":{"rendered":"<p>Piirin j\u00e4senseurat ovat hyvin monenkirjavia, kooltaan aina muutaman kymmenen hengen kyl\u00e4seuroista yli 1000 j\u00e4senen seuroihin. J\u00e4senseuroista iso osa on yleisseuroja. J\u00e4senseurat sijaitsevat Etel\u00e4-Savon, Keski-Suomen, Pohjois-Karjalan ja Pohjois-Savon maakuntien alueella. Seurat Keski-Suomessa Ala-Keiteleen Pursiseura r.y., \u00c4\u00e4nekoski Hankasalmen Hehku ry, Hankasalmi Huki Jyv\u00e4skyl\u00e4 ry, Jyv\u00e4skyl\u00e4 Jyv\u00e4s-Shakki ry, Jyv\u00e4skyl\u00e4 Jyv\u00e4skyl\u00e4n Lohi ry, Jyv\u00e4skyl\u00e4 Jyv\u00e4skyl\u00e4n Nousu ry, Jyv\u00e4skyl\u00e4 Jyv\u00e4skyl\u00e4n [&hellip;]<\/p>\n","protected":false},"author":34,"featured_media":0,"parent":40,"menu_order":0,"comment_status":"closed","ping_status":"closed","template":"","meta":{"_acf_changed":false,"footnotes":""},"class_list":["post-1707","page","type-page","status-publish","hentry"],"acf":[],"aioseo_notices":[],"_links":{"self":[{"href":"https:\/\/tul.fi\/jarvisuomi\/wp-json\/wp\/v2\/pages\/1707","targetHints":{"allow":["GET"]}}],"collection":[{"href":"https:\/\/tul.fi\/jarvisuomi\/wp-json\/wp\/v2\/pages"}],"about":[{"href":"https:\/\/tul.fi\/jarvisuomi\/wp-json\/wp\/v2\/types\/page"}],"author":[{"embeddable":true,"href":"https:\/\/tul.fi\/jarvisuomi\/wp-json\/wp\/v2\/users\/34"}],"replies":[{"embeddable":true,"href":"https:\/\/tul.fi\/jarvisuomi\/wp-json\/wp\/v2\/comments?post=1707"}],"version-history":[{"count":7,"href":"https:\/\/tul.fi\/jarvisuomi\/wp-json\/wp\/v2\/pages\/1707\/revisions"}],"predecessor-version":[{"id":2124,"href":"https:\/\/tul.fi\/jarvisuomi\/wp-json\/wp\/v2\/pages\/1707\/revisions\/2124"}],"up":[{"embeddable":true,"href":"https:\/\/tul.fi\/jarvisuomi\/wp-json\/wp\/v2\/pages\/40"}],"wp:attachment":[{"href":"https:\/\/tul.fi\/jarvisuomi\/wp-json\/wp\/v2\/media?parent=1707"}],"curies":[{"name":"wp","href":"https:\/\/api.w.org\/{rel}","templated":true}]}}