{"id":2,"date":"2020-12-08T15:33:49","date_gmt":"2020-12-08T13:33:49","guid":{"rendered":"http:\/\/jarvi-suomi.tul-kopio.16.testivedos.com\/?page_id=2"},"modified":"2026-03-05T13:20:05","modified_gmt":"2026-03-05T11:20:05","slug":"etusivu","status":"publish","type":"page","link":"https:\/\/tul.fi\/jarvisuomi\/","title":{"rendered":"TUL J\u00e4rvi-Suomi"},"content":{"rendered":"\n<p>TUL J\u00e4rvi-Suomi ry on piirij\u00e4rjest\u00f6, joka toimii Etel\u00e4-Savon, Keski-Suomen, Pohjois-Karjalan ja Pohjois-Savon maakuntien alueella. Piirij\u00e4rjest\u00f6 toimii toiminta-alueellaan Suomen Ty\u00f6v\u00e4en Urheiluliitto TUL ry:n ja j\u00e4senseurojensa v\u00e4lisen\u00e4 yhdyssiteen\u00e4 sek\u00e4 j\u00e4senseurojen koulutus- ja palveluorganisaationa, sek\u00e4 liikunnan edist\u00e4j\u00e4n\u00e4. Vuoden 2026 alussa piirill\u00e4 on 92 j\u00e4senseuraa.<\/p>\n\n\n\n<p>TUL J\u00e4rvi-Suomen historia pohjautuu TUL:n Karjalan piirin (perustettu 1919), TUL:n Keski-Suomen piirin (perustettu 1919) ja TUL:n Savon piirin (perustettu 1950) toiminnalle. Piirit yhdistyiv\u00e4t vuonna 2022 TUL J\u00e4rvi-Suomeksi.<\/p>\n\n\n\n<p>TUL J\u00e4rvi-Suomi ry:n toimisto sijaitsee Jyv\u00e4skyl\u00e4ss\u00e4.<\/p>\n\n\n\n<p>L\u00f6yd\u00e4t meid\u00e4t my\u00f6s Facebookista nimell\u00e4 <a href=\"https:\/\/www.facebook.com\/TULJarviSuomiry\" target=\"_blank\" rel=\"noreferrer noopener\">TUL J\u00e4rvi-Suomi ry.<\/a><\/p>\n\n\n\n<h2 class=\"wp-block-heading\">Piirin toiminta<\/h2>\n\n\n\n<p><strong>Tavoitteenamme on<\/strong><\/p>\n\n\n\n<ul class=\"wp-block-list\">\n<li>J\u00e4senseurojen tukeminen<\/li>\n\n\n\n<li>J\u00e4rvi-Suomalaisten liikkumisen edist\u00e4minen<\/li>\n\n\n\n<li>Matalan kynnyksen harrasteliikunnan lis\u00e4\u00e4minen alueella<\/li>\n\n\n\n<li>Edist\u00e4mme seurojen ja muiden toimijoiden v\u00e4list\u00e4 yhteisty\u00f6t\u00e4<\/li>\n<\/ul>\n\n\n\n<p><strong>Seuroille tarjoamme<\/strong><\/p>\n\n\n\n<ul class=\"wp-block-list\">\n<li>Edulliset koulutukset<\/li>\n\n\n\n<li>Maksuttomat seurak\u00e4ynnit<\/li>\n\n\n\n<li>Asiantuntija-apua seuratuen ja muiden tukien ja apurahojen hakemiseen (viestint\u00e4, neuvonta ja sparraus)<\/li>\n\n\n\n<li>Harrasteliikuntakilpailut ja tapahtumat<\/li>\n\n\n\n<li>TUL ry:n j\u00e4senedut (mm. maksuton verkkokoulutusalusta, tuplaturvavakuutus, Teosto ja Gramex, stipendit, kumppaneiden edut)<\/li>\n<\/ul>\n\n\n\n<p><strong>Yhteis\u00f6ille tarjoamme<\/strong><\/p>\n\n\n\n<ul class=\"wp-block-list\">\n<li>Avoimet liikuntatapahtumat<\/li>\n\n\n\n<li>Seminaarit ja koulutukset<\/li>\n\n\n\n<li>Yhteisty\u00f6ss\u00e4 vaikuttamisty\u00f6t\u00e4 liikunnan ja seurojen aseman edist\u00e4miseksi<\/li>\n<\/ul>\n\n\n\n<p>Ajankohtaiset tapahtumat l\u00f6ytyv\u00e4t tapahtumakalenterista. <\/p>\n","protected":false},"excerpt":{"rendered":"<p>TUL J\u00e4rvi-Suomi ry on piirij\u00e4rjest\u00f6, joka toimii Etel\u00e4-Savon, Keski-Suomen, Pohjois-Karjalan ja Pohjois-Savon maakuntien alueella. Piirij\u00e4rjest\u00f6 toimii toiminta-alueellaan Suomen Ty\u00f6v\u00e4en Urheiluliitto TUL ry:n ja j\u00e4senseurojensa v\u00e4lisen\u00e4 yhdyssiteen\u00e4 sek\u00e4 j\u00e4senseurojen koulutus- ja palveluorganisaationa, sek\u00e4 liikunnan edist\u00e4j\u00e4n\u00e4. Vuoden 2026 alussa piirill\u00e4 on 92 j\u00e4senseuraa. TUL J\u00e4rvi-Suomen historia pohjautuu TUL:n Karjalan piirin (perustettu 1919), TUL:n Keski-Suomen piirin (perustettu 1919) [&hellip;]<\/p>\n","protected":false},"author":1,"featured_media":59,"parent":0,"menu_order":0,"comment_status":"closed","ping_status":"open","template":"","meta":{"_acf_changed":false,"footnotes":""},"class_list":["post-2","page","type-page","status-publish","has-post-thumbnail","hentry"],"acf":[],"aioseo_notices":[],"_links":{"self":[{"href":"https:\/\/tul.fi\/jarvisuomi\/wp-json\/wp\/v2\/pages\/2","targetHints":{"allow":["GET"]}}],"collection":[{"href":"https:\/\/tul.fi\/jarvisuomi\/wp-json\/wp\/v2\/pages"}],"about":[{"href":"https:\/\/tul.fi\/jarvisuomi\/wp-json\/wp\/v2\/types\/page"}],"author":[{"embeddable":true,"href":"https:\/\/tul.fi\/jarvisuomi\/wp-json\/wp\/v2\/users\/1"}],"replies":[{"embeddable":true,"href":"https:\/\/tul.fi\/jarvisuomi\/wp-json\/wp\/v2\/comments?post=2"}],"version-history":[{"count":38,"href":"https:\/\/tul.fi\/jarvisuomi\/wp-json\/wp\/v2\/pages\/2\/revisions"}],"predecessor-version":[{"id":2126,"href":"https:\/\/tul.fi\/jarvisuomi\/wp-json\/wp\/v2\/pages\/2\/revisions\/2126"}],"wp:featuredmedia":[{"embeddable":true,"href":"https:\/\/tul.fi\/jarvisuomi\/wp-json\/wp\/v2\/media\/59"}],"wp:attachment":[{"href":"https:\/\/tul.fi\/jarvisuomi\/wp-json\/wp\/v2\/media?parent=2"}],"curies":[{"name":"wp","href":"https:\/\/api.w.org\/{rel}","templated":true}]}}