{"id":38,"date":"2020-12-08T15:56:57","date_gmt":"2020-12-08T13:56:57","guid":{"rendered":"http:\/\/tul-kopio.16.testivedos.com\/jarvi-suomi\/?page_id=38"},"modified":"2026-01-30T09:28:59","modified_gmt":"2026-01-30T07:28:59","slug":"seuroille","status":"publish","type":"page","link":"https:\/\/tul.fi\/jarvisuomi\/seuroille\/","title":{"rendered":"Seuroille"},"content":{"rendered":"\n<h2 class=\"wp-block-heading\">Koulutukset<\/h2>\n\n\n\n<p>Haluatko kehitt\u00e4\u00e4 seuran ohjaajien ja valmentajien osaamista? Vai onko tarvetta seuratoiminnan perusteiden l\u00e4pik\u00e4ymiselle? Tarjoamme j\u00e4senseuroille maksuttomia ja edullisia alueellisia ja seurakohtaisia l\u00e4hikoulutuksia. Koulutustarjontamme kattaa kaiken aina seuratoiminnan perusteista (mm. taloudenhallinto, viestint\u00e4- ja markkinointi sek\u00e4 johtaminen) teemakoulutuksiin asti (mm. leiriohjaaja, kuntojumpan ohjaaminen, nepsy -lapsen ja nuoren kohtaaminen). Laadukas valmennus ja ohjaus ovat hyv\u00e4n seuratoiminnan t\u00e4rkeimpi\u00e4 asioita ja siksi meilt\u00e4 l\u00f6ytyy kattavia valmennuskoulutuksia, jotka voidaan r\u00e4\u00e4t\u00e4l\u00f6id\u00e4 valmennettavien kohderyhm\u00e4n mukaisesti aina lapsista senioreihin.<\/p>\n\n\n\n<p>Liitostamme l\u00f6ytyy monipuolista koulutusosaamista, mutta koulutuksesta riippuen k\u00e4yt\u00e4mme my\u00f6s ulkopuolista osaamista parhaan mahdollisen palvelun toteuttamiseksi. <\/p>\n\n\n\n<p>Mik\u00e4li her\u00e4\u00e4 kysytt\u00e4v\u00e4\u00e4 koulutuksista, tai kaipaatte seuraanne koulutusta, niin olkaa yhteydess\u00e4 matalalla kynnyksell\u00e4 piiriin. <\/p>\n\n\n\n<h2 class=\"wp-block-heading\">Seurakirjeet ja tiedotus<\/h2>\n\n\n\n<p>Tiedotamme toiminnasta, palveluista ja seuroja koskevista asioista kuukausittain piirin uutiskirjeen kautta. <\/p>\n\n\n\n<p>Mik\u00e4li uutiskirje ei viel\u00e4 tavoita sinua, tilaa se osoitteesta: <a href=\"https:\/\/tul.creamailer.fi\/subscribe\/DGx49mTVILKnZ\" target=\"_blank\" rel=\"noopener\" title=\"\">https:\/\/tul.creamailer.fi\/subscribe\/DGx49mTVILKnZ<\/a><\/p>\n\n\n\n<p>J\u00e4senseurat voivat p\u00e4ivitt\u00e4\u00e4 yhteystietonsa ja j\u00e4senm\u00e4\u00e4r\u00e4n oheisella lomakkeella: <a href=\"https:\/\/link.webropolsurveys.com\/Participation\/Public\/7a90c223-05c2-484d-b648-a3ea9757e2ff?displayId=Fin2687785\" target=\"_blank\" rel=\"noopener\" title=\"\">https:\/\/link.webropolsurveys.com\/Participation\/Public\/7a90c223-05c2-484d-b648-a3ea9757e2ff?displayId=Fin2687785<\/a><\/p>\n\n\n\n<h2 class=\"wp-block-heading\">Ansiomerkit<\/h2>\n\n\n\n<p>J\u00e4rvi-Suomen hallitus my\u00f6nt\u00e4\u00e4 piirin kultaisia ja hopeisia ansiomerkkej\u00e4 suomalaisen liikunnan ja urheilun kansalaistoiminnan sek\u00e4 vapaaehtoistoiminnan hyv\u00e4ksi tehdyst\u00e4 ty\u00f6st\u00e4. Ansiomerkkej\u00e4 my\u00f6nnet\u00e4\u00e4n henkil\u00f6ille tunnustukseksi paikallisella, alueellisella tai valtakunnallisella tasolla liikunnan kansalaistoiminnan piiriss\u00e4 tehdyst\u00e4 ty\u00f6st\u00e4 lasten ja nuorten liikunnan, aikuisten harraste- ja terveysliikunnan, kilpa- ja huippu-urheilun, koululais- ja opiskelijaliikunnan, soveltavan liikunnan, liikunnan j\u00e4rjest\u00f6toiminnan tai muun liikuntaa edist\u00e4v\u00e4n toiminnan hyv\u00e4ksi.<\/p>\n\n\n\n<div class=\"wp-block-file\"><a id=\"wp-block-file--media-2b383393-4c02-48a8-a7a2-c075465e0eaf\" href=\"https:\/\/tul.fi\/jarvisuomi\/wp-content\/uploads\/sites\/2\/2023\/09\/TUL-Jarvi-Suomen-ansiomerkkisaannot-pdf.pdf\">TUL-Jarvi-Suomen-ansiomerkkisaannot-pdf<\/a><a href=\"https:\/\/tul.fi\/jarvisuomi\/wp-content\/uploads\/sites\/2\/2023\/09\/TUL-Jarvi-Suomen-ansiomerkkisaannot-pdf.pdf\" class=\"wp-block-file__button wp-element-button\" download aria-describedby=\"wp-block-file--media-2b383393-4c02-48a8-a7a2-c075465e0eaf\">Lataa<\/a><\/div>\n\n\n\n<div class=\"wp-block-file\"><a id=\"wp-block-file--media-5b9ce006-73b5-45dc-9429-84ddeca5b946\" href=\"https:\/\/tul.fi\/jarvisuomi\/wp-content\/uploads\/sites\/2\/2023\/09\/Jarvi-Suomen-ansiomerkkianomus.doc\">Jarvi-Suomen-ansiomerkkianomus<\/a><a href=\"https:\/\/tul.fi\/jarvisuomi\/wp-content\/uploads\/sites\/2\/2023\/09\/Jarvi-Suomen-ansiomerkkianomus.doc\" class=\"wp-block-file__button wp-element-button\" download aria-describedby=\"wp-block-file--media-5b9ce006-73b5-45dc-9429-84ddeca5b946\">Lataa<\/a><\/div>\n\n\n\n<p><\/p>\n\n\n\n<p>TUL:n ja OKM:n ansiomerkkien hakukriteerit ja ohjeet l\u00f6ytyv\u00e4t sivustolta: <a href=\"https:\/\/tul.fi\/jasenille\/seurapalvelut\/ansiomerkit\/\" target=\"_blank\" rel=\"noopener\" title=\"\">https:\/\/tul.fi\/jasenille\/seurapalvelut\/ansiomerkit\/<\/a><\/p>\n\n\n\n<h3 class=\"wp-block-heading\"><strong>Arkistointipalvelu<\/strong><\/h3>\n\n\n\n<p>Jyv\u00e4skyl\u00e4n toimistolla teht\u00e4v\u00e4 arkistointity\u00f6 on toistaiseksi tauolla. <\/p>\n\n\n\n<h2 class=\"wp-block-heading\">J\u00e4senedut<\/h2>\n\n\n\n<p>TUL:n keskeisimpi\u00e4 j\u00e4senetuja ovat asiantuntijapalvelut, maksuton verkkokoulutusalusta, edulliset l\u00e4hikoulutukset, Tuplaturva -vakuutus ja kumppaneiden kautta k\u00e4yt\u00f6ss\u00e4 olevat edut. J\u00e4senetuihin p\u00e4\u00e4see tutustumaan sivustolla: <a href=\"https:\/\/tul.fi\/jasenille\/\" target=\"_blank\" rel=\"noopener\" title=\"\">https:\/\/tul.fi\/jasenille\/<\/a><\/p>\n\n\n\n<p>TUL J\u00e4rvi-Suomen alueen seurojen j\u00e4senmaksut ovat alle 200 j\u00e4senen seuroille 40,00 \u20ac ja yli 200 j\u00e4senen seuroille 80,00 \u20ac.<\/p>\n\n\n\n<h3 class=\"wp-block-heading\">Retkeilykeskus Konttainen Rukalla<\/h3>\n\n\n\n<p><strong>Retkeilykeskus Konttaisen<\/strong>&nbsp;ymp\u00e4rist\u00f6 Rukalla tarjoaa erinomaiset mahdollisuudet liikkumiseen ja ulkoiluun niin aikuisille kuin perheille sek\u00e4 yksinmatkustaville ja ryhmille. Konttainen on edullinen kohde esimerkiksi j\u00e4senseuroille, sill\u00e4 piiri on yksi Konttaisen osakkaista. <\/p>\n\n\n\n<p>Konttainen on Suomen Ty\u00f6v\u00e4en Urheiluliitto TUL ry:n omistama retkeilyalue Kuusamossa, noin 10 kilometrin p\u00e4\u00e4ss\u00e4 Rukan laskettelukeskuksesta. Aluetta hallinnoi TUL:n piirien perustama Retki-Konttainen Oy, joka vastaa m\u00f6kkien vuokraustoiminnasta. M\u00f6kkej\u00e4 voivat vuokrata kaikki.<\/p>\n\n\n\n<p>Konttainen toimii itsepalveluperiaatteella, emmek\u00e4 tarjoa luksusta kaikkine mukavuuksineen. Konttaiselta retkeilij\u00e4 kuitenkin l\u00f6yt\u00e4\u00e4 kaiken tarvitsemansa. Luonnonrauha ja monipuoliset harrastusmahdollisuudet tarjoavat viihdykett\u00e4 lomap\u00e4iviin kaikkina vuodenaikoina. Kuusamon kauniit maisemat ovat kuin luodut liikkumiseen ja rentoutumiseen. Kuusamon vaellusreiteist\u00e4 kuuluisin, Karhunkierros, kulkee vain puolen kilometrin p\u00e4\u00e4ss\u00e4 Konttaisen retkeilyalueesta.&nbsp;Kes\u00e4isin mm. y\u00f6t\u00f6n y\u00f6, Purnuj\u00e4rven laineilla leikittelev\u00e4 aurinko, havuntuoksuiset vaelluspolut sek\u00e4 Kiutak\u00f6nk\u00e4\u00e4n jyrkk\u00e4sein\u00e4iset kalliorotkot tarjoavat aitoja el\u00e4myksi\u00e4 retkeilij\u00f6ille. Hiihtokelien aikaan Rukan alueen murtomaalatuverkoston parhaat maisemat tykkylumisine puineen ovat osa Konttaista, ladutkin l\u00e4htev\u00e4t heti pihapiirist\u00e4.<\/p>\n\n\n\n<p>Tutustu tarkemmin majoitusvaihtoehtoihin ja varauskalenteriin<a href=\"https:\/\/www.rukakonttainen.fi\/2019\/index.php\" target=\"_blank\" rel=\"noreferrer noopener\">&nbsp;Konttaisen verkkosivuilla.<\/a><\/p>\n","protected":false},"excerpt":{"rendered":"<p>Koulutukset Haluatko kehitt\u00e4\u00e4 seuran ohjaajien ja valmentajien osaamista? Vai onko tarvetta seuratoiminnan perusteiden l\u00e4pik\u00e4ymiselle? Tarjoamme j\u00e4senseuroille maksuttomia ja edullisia alueellisia ja seurakohtaisia l\u00e4hikoulutuksia. Koulutustarjontamme kattaa kaiken aina seuratoiminnan perusteista (mm. taloudenhallinto, viestint\u00e4- ja markkinointi sek\u00e4 johtaminen) teemakoulutuksiin asti (mm. leiriohjaaja, kuntojumpan ohjaaminen, nepsy -lapsen ja nuoren kohtaaminen). Laadukas valmennus ja ohjaus ovat hyv\u00e4n seuratoiminnan t\u00e4rkeimpi\u00e4 [&hellip;]<\/p>\n","protected":false},"author":1,"featured_media":0,"parent":0,"menu_order":0,"comment_status":"closed","ping_status":"closed","template":"","meta":{"_acf_changed":false,"footnotes":""},"class_list":["post-38","page","type-page","status-publish","hentry"],"acf":[],"aioseo_notices":[],"_links":{"self":[{"href":"https:\/\/tul.fi\/jarvisuomi\/wp-json\/wp\/v2\/pages\/38","targetHints":{"allow":["GET"]}}],"collection":[{"href":"https:\/\/tul.fi\/jarvisuomi\/wp-json\/wp\/v2\/pages"}],"about":[{"href":"https:\/\/tul.fi\/jarvisuomi\/wp-json\/wp\/v2\/types\/page"}],"author":[{"embeddable":true,"href":"https:\/\/tul.fi\/jarvisuomi\/wp-json\/wp\/v2\/users\/1"}],"replies":[{"embeddable":true,"href":"https:\/\/tul.fi\/jarvisuomi\/wp-json\/wp\/v2\/comments?post=38"}],"version-history":[{"count":21,"href":"https:\/\/tul.fi\/jarvisuomi\/wp-json\/wp\/v2\/pages\/38\/revisions"}],"predecessor-version":[{"id":2084,"href":"https:\/\/tul.fi\/jarvisuomi\/wp-json\/wp\/v2\/pages\/38\/revisions\/2084"}],"wp:attachment":[{"href":"https:\/\/tul.fi\/jarvisuomi\/wp-json\/wp\/v2\/media?parent=38"}],"curies":[{"name":"wp","href":"https:\/\/api.w.org\/{rel}","templated":true}]}}