{"id":40,"date":"2020-12-08T15:57:09","date_gmt":"2020-12-08T13:57:09","guid":{"rendered":"http:\/\/tul-kopio.16.testivedos.com\/jarvi-suomi\/?page_id=40"},"modified":"2026-02-09T11:54:48","modified_gmt":"2026-02-09T09:54:48","slug":"yhteystiedot","status":"publish","type":"page","link":"https:\/\/tul.fi\/jarvisuomi\/yhteystiedot\/","title":{"rendered":"Yhteystiedot"},"content":{"rendered":"\n<h2 class=\"wp-block-heading\">Yleiset yhteystiedot<\/h2>\n\n\n\n<div class=\"wp-block-columns is-layout-flex wp-container-core-columns-is-layout-9d6595d7 wp-block-columns-is-layout-flex\">\n<div class=\"wp-block-column is-layout-flow wp-block-column-is-layout-flow\">\n<p>TUL J\u00e4rvi-Suomi ry<\/p>\n\n\n\n<p>Onkapannu 2<br>40700 Jyv\u00e4skyl\u00e4<\/p>\n\n\n\n<p><strong>Toiminnanjohtaja<\/strong><br>johanna.sarkela(at)tul.fi<br>p. 050 3448270<\/p>\n<\/div>\n\n\n\n<div class=\"wp-block-column is-layout-flow wp-block-column-is-layout-flow\">\n<p><\/p>\n<\/div>\n<\/div>\n\n\n\n<h2 class=\"wp-block-heading\">J\u00e4rvi-Suomen hallitus 2026<\/h2>\n\n\n\n<p><strong>Puheenjohtaja: <\/strong>Pekka Hahl, WJK Varkaus (erovuorossa 2026)<\/p>\n\n\n\n<p><strong>Varapuheenjohtaja:<\/strong> Jari Rantala (erovuorossa 2027)<\/p>\n\n\n\n<p><strong>J\u00e4senet:<\/strong><\/p>\n\n\n\n<ul class=\"wp-block-list\">\n<li>Juha Kauppinen, Kuvansin Kuohu (erovuorossa 2026)<\/li>\n\n\n\n<li>Mikko Kosunen, Kuvansin Kuohu (erovuorossa 2027)<\/li>\n\n\n\n<li>Markus Niska, JPS (erovuorossa 2026)<\/li>\n\n\n\n<li>Voitto Parikka, Polvij\u00e4rven Vauhti (erovuorossa 2026)<\/li>\n\n\n\n<li>Anneli Puskala, Vaajakosken Kuohu (erovuorossa 2026)<\/li>\n\n\n\n<li>Jani Puurula, Laukaan Kisa-Veljet (erovuorossa 2027)<\/li>\n\n\n\n<li>Kari Tossavainen, Sorsakosken Ter\u00e4s (erovuorossa 2027)<\/li>\n<\/ul>\n\n\n\n<h2 class=\"wp-block-heading\">Laskutustiedot<\/h2>\n\n\n\n<p><strong>1. Laskut verkkolaskuina<\/strong><\/p>\n\n\n\n<p>TUL J\u00e4rvi-Suomi ry, 2732755-6<\/p>\n\n\n\n<p>Verkkolaskuosoite: 003727327556<\/p>\n\n\n\n<p>Operaattori: Maventa (003721291126)<\/p>\n\n\n\n<p>V\u00e4litt\u00e4j\u00e4tunnus pankkiverkosta l\u00e4hetett\u00e4ess\u00e4: DABAFIHH*<\/p>\n\n\n\n<p><strong>2. Laskut s\u00e4hk\u00f6postitse skannauspalveluun<\/strong><\/p>\n\n\n\n<p>Laskut l\u00e4hetet\u00e4\u00e4n palveluun s\u00e4hk\u00f6postin PDF-muotoisina liitetiedostoina ja laskun liitteiden tulee olla samassa tiedostossa itse laskun kanssa.<\/p>\n\n\n\n<p>S\u00e4hk\u00f6postilaskun osoite: 27327556@scan.netvisor.fi<\/p>\n\n\n\n<p><\/p>\n\n\n\n<p><strong>Tietosuojaseloste<\/strong><\/p>\n\n\n\n<p>Tietosuojaselosteeseen voi tutustua alta.<\/p>\n\n\n\n<div class=\"wp-block-file\"><a id=\"wp-block-file--media-29c19d20-c37d-4219-9599-e2dc7587a73b\" href=\"https:\/\/tul.fi\/jarvisuomi\/wp-content\/uploads\/sites\/2\/2024\/11\/TUL-Jarvi-Suomi-tietosuojaseloste-pdf.pdf\" target=\"_blank\" rel=\"noreferrer noopener\">TUL J\u00e4rvi-Suomi tietosuojaseloste pdf<\/a><a href=\"https:\/\/tul.fi\/jarvisuomi\/wp-content\/uploads\/sites\/2\/2024\/11\/TUL-Jarvi-Suomi-tietosuojaseloste-pdf.pdf\" class=\"wp-block-file__button wp-element-button\" download aria-describedby=\"wp-block-file--media-29c19d20-c37d-4219-9599-e2dc7587a73b\">Lataa<\/a><\/div>\n\n\n\n<div class=\"wp-block-columns is-layout-flex wp-container-core-columns-is-layout-9d6595d7 wp-block-columns-is-layout-flex\"><\/div>\n\n\n\n<div class=\"wp-block-columns is-layout-flex wp-container-core-columns-is-layout-9d6595d7 wp-block-columns-is-layout-flex\">\n<div class=\"wp-block-column is-layout-flow wp-block-column-is-layout-flow\"><\/div>\n<\/div>\n","protected":false},"excerpt":{"rendered":"<p>Yleiset yhteystiedot TUL J\u00e4rvi-Suomi ry Onkapannu 240700 Jyv\u00e4skyl\u00e4 Toiminnanjohtajajohanna.sarkela(at)tul.fip. 050 3448270 J\u00e4rvi-Suomen hallitus 2026 Puheenjohtaja: Pekka Hahl, WJK Varkaus (erovuorossa 2026) Varapuheenjohtaja: Jari Rantala (erovuorossa 2027) J\u00e4senet: Laskutustiedot 1. Laskut verkkolaskuina TUL J\u00e4rvi-Suomi ry, 2732755-6 Verkkolaskuosoite: 003727327556 Operaattori: Maventa (003721291126) V\u00e4litt\u00e4j\u00e4tunnus pankkiverkosta l\u00e4hetett\u00e4ess\u00e4: DABAFIHH* 2. Laskut s\u00e4hk\u00f6postitse skannauspalveluun Laskut l\u00e4hetet\u00e4\u00e4n palveluun s\u00e4hk\u00f6postin PDF-muotoisina liitetiedostoina ja [&hellip;]<\/p>\n","protected":false},"author":1,"featured_media":0,"parent":0,"menu_order":0,"comment_status":"closed","ping_status":"closed","template":"","meta":{"_acf_changed":false,"footnotes":""},"class_list":["post-40","page","type-page","status-publish","hentry"],"acf":[],"aioseo_notices":[],"_links":{"self":[{"href":"https:\/\/tul.fi\/jarvisuomi\/wp-json\/wp\/v2\/pages\/40","targetHints":{"allow":["GET"]}}],"collection":[{"href":"https:\/\/tul.fi\/jarvisuomi\/wp-json\/wp\/v2\/pages"}],"about":[{"href":"https:\/\/tul.fi\/jarvisuomi\/wp-json\/wp\/v2\/types\/page"}],"author":[{"embeddable":true,"href":"https:\/\/tul.fi\/jarvisuomi\/wp-json\/wp\/v2\/users\/1"}],"replies":[{"embeddable":true,"href":"https:\/\/tul.fi\/jarvisuomi\/wp-json\/wp\/v2\/comments?post=40"}],"version-history":[{"count":21,"href":"https:\/\/tul.fi\/jarvisuomi\/wp-json\/wp\/v2\/pages\/40\/revisions"}],"predecessor-version":[{"id":2097,"href":"https:\/\/tul.fi\/jarvisuomi\/wp-json\/wp\/v2\/pages\/40\/revisions\/2097"}],"wp:attachment":[{"href":"https:\/\/tul.fi\/jarvisuomi\/wp-json\/wp\/v2\/media?parent=40"}],"curies":[{"name":"wp","href":"https:\/\/api.w.org\/{rel}","templated":true}]}}