{"id":143,"date":"2021-03-23T11:39:13","date_gmt":"2021-03-23T09:39:13","guid":{"rendered":"https:\/\/tul.fi\/kainuu\/?page_id=143"},"modified":"2024-03-07T14:24:55","modified_gmt":"2024-03-07T12:24:55","slug":"piirin-yhteystiedot","status":"publish","type":"page","link":"https:\/\/tul.fi\/kainuu\/yhteystiedot\/piirin-yhteystiedot\/","title":{"rendered":"Piirin yhteystiedot"},"content":{"rendered":"\n<div class=\"wp-block-columns is-layout-flex wp-container-core-columns-is-layout-9d6595d7 wp-block-columns-is-layout-flex\">\n<div class=\"wp-block-column is-layout-flow wp-block-column-is-layout-flow\">\n<h2 class=\"wp-block-heading\">Yleiset yhteystiedot<\/h2>\n\n\n\n<p><strong>Joni Valta<\/strong><br>Toiminnanjohtaja, TUL Oulun ja Kainuun piiri<br>Sammonkatu 6,<br>90570 Oulu<br>joni.valta@tul.fi<br>045 7731 2450<\/p>\n\n\n\n<p><\/p>\n<\/div>\n<\/div>\n\n\n\n<h2 class=\"wp-block-heading\">Piirihallitus<\/h2>\n\n\n\n<div class=\"wp-block-columns is-layout-flex wp-container-core-columns-is-layout-9d6595d7 wp-block-columns-is-layout-flex\">\n<div class=\"wp-block-column is-layout-flow wp-block-column-is-layout-flow\">\n<p><strong>Puheenjohtaja<br><\/strong>Aki R\u00e4is\u00e4nen<br><\/p>\n\n\n\n<p><strong>J\u00e4senet<\/strong><br>Hannu Korhonen<br>Reima Korhonen<br>Matteus Pirinen<br>Janne Kortelainen<br>Antero Kyll\u00f6nen<br>Jari Kinnunen<\/p>\n<\/div>\n<\/div>\n\n\n\n<div class=\"wp-block-columns is-layout-flex wp-container-core-columns-is-layout-9d6595d7 wp-block-columns-is-layout-flex\">\n<div class=\"wp-block-column is-layout-flow wp-block-column-is-layout-flow\"><\/div>\n\n\n\n<div class=\"wp-block-column is-layout-flow wp-block-column-is-layout-flow\"><\/div>\n<\/div>\n\n\n\n<p><\/p>\n","protected":false},"excerpt":{"rendered":"<p>Yleiset yhteystiedot Joni ValtaToiminnanjohtaja, TUL Oulun ja Kainuun piiriSammonkatu 6,90570 Oulujoni.valta@tul.fi045 7731 2450 Piirihallitus PuheenjohtajaAki R\u00e4is\u00e4nen J\u00e4senetHannu KorhonenReima KorhonenMatteus PirinenJanne KortelainenAntero Kyll\u00f6nenJari Kinnunen<\/p>\n","protected":false},"author":32,"featured_media":0,"parent":40,"menu_order":0,"comment_status":"closed","ping_status":"closed","template":"","meta":{"_acf_changed":false,"footnotes":""},"class_list":["post-143","page","type-page","status-publish","hentry"],"acf":[],"aioseo_notices":[],"_links":{"self":[{"href":"https:\/\/tul.fi\/kainuu\/wp-json\/wp\/v2\/pages\/143","targetHints":{"allow":["GET"]}}],"collection":[{"href":"https:\/\/tul.fi\/kainuu\/wp-json\/wp\/v2\/pages"}],"about":[{"href":"https:\/\/tul.fi\/kainuu\/wp-json\/wp\/v2\/types\/page"}],"author":[{"embeddable":true,"href":"https:\/\/tul.fi\/kainuu\/wp-json\/wp\/v2\/users\/32"}],"replies":[{"embeddable":true,"href":"https:\/\/tul.fi\/kainuu\/wp-json\/wp\/v2\/comments?post=143"}],"version-history":[{"count":3,"href":"https:\/\/tul.fi\/kainuu\/wp-json\/wp\/v2\/pages\/143\/revisions"}],"predecessor-version":[{"id":968,"href":"https:\/\/tul.fi\/kainuu\/wp-json\/wp\/v2\/pages\/143\/revisions\/968"}],"up":[{"embeddable":true,"href":"https:\/\/tul.fi\/kainuu\/wp-json\/wp\/v2\/pages\/40"}],"wp:attachment":[{"href":"https:\/\/tul.fi\/kainuu\/wp-json\/wp\/v2\/media?parent=143"}],"curies":[{"name":"wp","href":"https:\/\/api.w.org\/{rel}","templated":true}]}}