{"id":145,"date":"2021-03-23T13:16:35","date_gmt":"2021-03-23T11:16:35","guid":{"rendered":"https:\/\/tul.fi\/kainuu\/?page_id=145"},"modified":"2021-03-23T13:18:28","modified_gmt":"2021-03-23T11:18:28","slug":"jasenseurat","status":"publish","type":"page","link":"https:\/\/tul.fi\/kainuu\/yhteystiedot\/jasenseurat\/","title":{"rendered":"J\u00e4senseurat"},"content":{"rendered":"\n<p><strong><br>Piirin j\u00e4senseurat:<\/strong><\/p>\n\n\n\n<p><a href=\"http:\/\/www.fctarmo.kajaani.net\/etusivu\/index.html#\" target=\"_blank\" rel=\"noreferrer noopener\">FC Tarmo<\/a><\/p>\n\n\n\n<p><a href=\"https:\/\/www.facebook.com\/jormuantarmokkaaturheilijat\" target=\"_blank\" rel=\"noreferrer noopener\">Jormuan Tarmokkaat Urheilijat<\/a><\/p>\n\n\n\n<p><a href=\"http:\/\/www.kajha.kajaani.net\/\" target=\"_blank\" rel=\"noreferrer noopener\">Kajaanin Haka<\/a><\/p>\n\n\n\n<p><a href=\"http:\/\/kajaaninhiihtajat.kajaani.net\/\" target=\"_blank\" rel=\"noreferrer noopener\">Kajaanin Hiiht\u00e4j\u00e4t<\/a><\/p>\n\n\n\n<p>Kajaanin Jousi<\/p>\n\n\n\n<p><a href=\"http:\/\/www.kajaaninkuohu.fi\/\" target=\"_blank\" rel=\"noreferrer noopener\">Kajaanin Kuohu<\/a><\/p>\n\n\n\n<p>Kontion Tapio<\/p>\n\n\n\n<p>Kuluntalahden Yritys<\/p>\n\n\n\n<p>Laakaj\u00e4rven Ter\u00e4s<\/p>\n\n\n\n<p>Lehtovaaran Viri<\/p>\n\n\n\n<p>Paltamon Jyry<\/p>\n\n\n\n<p><a href=\"http:\/\/sotkamonvisa.fi\/\" title=\"http:\/\/sotkamonvisa.fi\/\" target=\"_blank\" rel=\"noreferrer noopener\">Sotkamon Visa<\/a><\/p>\n\n\n\n<p><u><a href=\"http:\/\/web.spartakkajaani.net\/\" target=\"_blank\" rel=\"noreferrer noopener\">Spartak Kajaani<\/a><\/u><\/p>\n\n\n\n<p>Suomussalmen Vastus<\/p>\n","protected":false},"excerpt":{"rendered":"<p>Piirin j\u00e4senseurat: FC Tarmo Jormuan Tarmokkaat Urheilijat Kajaanin Haka Kajaanin Hiiht\u00e4j\u00e4t Kajaanin Jousi Kajaanin Kuohu Kontion Tapio Kuluntalahden Yritys Laakaj\u00e4rven Ter\u00e4s Lehtovaaran Viri Paltamon Jyry Sotkamon Visa Spartak Kajaani Suomussalmen Vastus<\/p>\n","protected":false},"author":32,"featured_media":0,"parent":40,"menu_order":0,"comment_status":"closed","ping_status":"closed","template":"","meta":{"_acf_changed":false,"footnotes":""},"class_list":["post-145","page","type-page","status-publish","hentry"],"acf":[],"aioseo_notices":[],"_links":{"self":[{"href":"https:\/\/tul.fi\/kainuu\/wp-json\/wp\/v2\/pages\/145","targetHints":{"allow":["GET"]}}],"collection":[{"href":"https:\/\/tul.fi\/kainuu\/wp-json\/wp\/v2\/pages"}],"about":[{"href":"https:\/\/tul.fi\/kainuu\/wp-json\/wp\/v2\/types\/page"}],"author":[{"embeddable":true,"href":"https:\/\/tul.fi\/kainuu\/wp-json\/wp\/v2\/users\/32"}],"replies":[{"embeddable":true,"href":"https:\/\/tul.fi\/kainuu\/wp-json\/wp\/v2\/comments?post=145"}],"version-history":[{"count":2,"href":"https:\/\/tul.fi\/kainuu\/wp-json\/wp\/v2\/pages\/145\/revisions"}],"predecessor-version":[{"id":149,"href":"https:\/\/tul.fi\/kainuu\/wp-json\/wp\/v2\/pages\/145\/revisions\/149"}],"up":[{"embeddable":true,"href":"https:\/\/tul.fi\/kainuu\/wp-json\/wp\/v2\/pages\/40"}],"wp:attachment":[{"href":"https:\/\/tul.fi\/kainuu\/wp-json\/wp\/v2\/media?parent=145"}],"curies":[{"name":"wp","href":"https:\/\/api.w.org\/{rel}","templated":true}]}}