{"id":2,"date":"2020-12-08T15:33:49","date_gmt":"2020-12-08T13:33:49","guid":{"rendered":"http:\/\/jarvi-suomi.tul-kopio.16.testivedos.com\/?page_id=2"},"modified":"2024-03-07T14:08:22","modified_gmt":"2024-03-07T12:08:22","slug":"etusivu","status":"publish","type":"page","link":"https:\/\/tul.fi\/kainuu\/","title":{"rendered":"Kainuun piiri"},"content":{"rendered":"\n<p>TUL:n Kainuun piiri ry. on yksi Suomen Ty\u00f6v\u00e4en Urheiluliitto TUL ry:n yhdest\u00e4toista j\u00e4senpiirist\u00e4. Piiri on edunvalvonta-, palvelu- ja tukij\u00e4rjest\u00f6, joka toimii TUL:n, TUL:n piirien ja j\u00e4senseurojensa kanssa arvoperustansa mukaisen liikuntakulttuurin ja urheilutoiminnan kehitt\u00e4miseksi ja yll\u00e4pit\u00e4miseksi piirin alueella.<\/p>\n\n\n\n<p>Piiritoiminnan painopisteit\u00e4 ovat matalan kynnyksen harrasteliikunta, terveytt\u00e4 edist\u00e4v\u00e4 liikunta ja amat\u00f6\u00f6riurheilu.<\/p>\n\n\n\n<p>Piiri on j\u00e4senseurojensa palvelukeskus, joka j\u00e4rjest\u00e4\u00e4 mm. nuoriso-, kunto- ja veteraanitoimintaa yhteisty\u00f6ss\u00e4 j\u00e4senseurojensa kanssa. Piiri tekee yhteisty\u00f6t\u00e4 mm. Kainuun liikunnan ja muiden alueellisten liikuntaj\u00e4rjest\u00f6jen kanssa.<\/p>\n\n\n\n<p>Jos et l\u00f6yd\u00e4 n\u00e4ilt\u00e4 sivuilta etsim\u00e4\u00e4si, olethan yhteydess\u00e4 piiritoimistoon.<\/p>\n","protected":false},"excerpt":{"rendered":"<p>TUL:n Kainuun piiri ry. on yksi Suomen Ty\u00f6v\u00e4en Urheiluliitto TUL ry:n yhdest\u00e4toista j\u00e4senpiirist\u00e4. Piiri on edunvalvonta-, palvelu- ja tukij\u00e4rjest\u00f6, joka toimii TUL:n, TUL:n piirien ja j\u00e4senseurojensa kanssa arvoperustansa mukaisen liikuntakulttuurin ja urheilutoiminnan kehitt\u00e4miseksi ja yll\u00e4pit\u00e4miseksi piirin alueella. Piiritoiminnan painopisteit\u00e4 ovat matalan kynnyksen harrasteliikunta, terveytt\u00e4 edist\u00e4v\u00e4 liikunta ja amat\u00f6\u00f6riurheilu. Piiri on j\u00e4senseurojensa palvelukeskus, joka j\u00e4rjest\u00e4\u00e4 mm. [&hellip;]<\/p>\n","protected":false},"author":1,"featured_media":57,"parent":0,"menu_order":0,"comment_status":"closed","ping_status":"open","template":"","meta":{"_acf_changed":false,"footnotes":""},"class_list":["post-2","page","type-page","status-publish","has-post-thumbnail","hentry"],"acf":[],"aioseo_notices":[],"_links":{"self":[{"href":"https:\/\/tul.fi\/kainuu\/wp-json\/wp\/v2\/pages\/2","targetHints":{"allow":["GET"]}}],"collection":[{"href":"https:\/\/tul.fi\/kainuu\/wp-json\/wp\/v2\/pages"}],"about":[{"href":"https:\/\/tul.fi\/kainuu\/wp-json\/wp\/v2\/types\/page"}],"author":[{"embeddable":true,"href":"https:\/\/tul.fi\/kainuu\/wp-json\/wp\/v2\/users\/1"}],"replies":[{"embeddable":true,"href":"https:\/\/tul.fi\/kainuu\/wp-json\/wp\/v2\/comments?post=2"}],"version-history":[{"count":3,"href":"https:\/\/tul.fi\/kainuu\/wp-json\/wp\/v2\/pages\/2\/revisions"}],"predecessor-version":[{"id":962,"href":"https:\/\/tul.fi\/kainuu\/wp-json\/wp\/v2\/pages\/2\/revisions\/962"}],"wp:featuredmedia":[{"embeddable":true,"href":"https:\/\/tul.fi\/kainuu\/wp-json\/wp\/v2\/media\/57"}],"wp:attachment":[{"href":"https:\/\/tul.fi\/kainuu\/wp-json\/wp\/v2\/media?parent=2"}],"curies":[{"name":"wp","href":"https:\/\/api.w.org\/{rel}","templated":true}]}}