{"id":40,"date":"2020-12-08T15:57:09","date_gmt":"2020-12-08T13:57:09","guid":{"rendered":"http:\/\/tul-kopio.16.testivedos.com\/jarvi-suomi\/?page_id=40"},"modified":"2020-12-09T18:12:44","modified_gmt":"2020-12-09T16:12:44","slug":"yhteystiedot","status":"publish","type":"page","link":"https:\/\/tul.fi\/kainuu\/yhteystiedot\/","title":{"rendered":"Yhteystiedot"},"content":{"rendered":"\n<h2 class=\"wp-block-heading\">Yleiset yhteystiedot<\/h2>\n\n\n\n<div class=\"wp-block-columns is-layout-flex wp-container-core-columns-is-layout-9d6595d7 wp-block-columns-is-layout-flex\">\n<div class=\"wp-block-column is-layout-flow wp-block-column-is-layout-flow\">\n<p>Sammonkatu 6,<br>90570 Oulu<br>joni.valta@tul.fi<br>045 7731 2450<\/p>\n<\/div>\n\n\n\n<div class=\"wp-block-column is-layout-flow wp-block-column-is-layout-flow\">\n<p><strong>Joni Valta<\/strong><br>Toiminnanjohtaja, TUL Oulun ja Kainuun piiri<\/p>\n<\/div>\n<\/div>\n\n\n\n<h2 class=\"wp-block-heading\">Aluej\u00e4rjest\u00f6<\/h2>\n\n\n\n<div class=\"wp-block-columns is-layout-flex wp-container-core-columns-is-layout-9d6595d7 wp-block-columns-is-layout-flex\">\n<div class=\"wp-block-column is-layout-flow wp-block-column-is-layout-flow\">\n<h3 class=\"wp-block-heading\">Hallitus<\/h3>\n\n\n\n<p><strong>Puheenjohtaja<br><\/strong>Aki R\u00e4is\u00e4nen<\/p>\n<\/div>\n\n\n\n<div class=\"wp-block-column is-layout-flow wp-block-column-is-layout-flow\">\n<h3 class=\"wp-block-heading\">J\u00e4senet<\/h3>\n\n\n\n<p>Hannu Korhonen<br>Reima Korhonen<br>Juhani Hurskainen<br>Matteus Pirinen<br>Janne Kortelainen<br>Kari Silvennoinen<\/p>\n<\/div>\n<\/div>\n","protected":false},"excerpt":{"rendered":"<p>Yleiset yhteystiedot Sammonkatu 6,90570 Oulujoni.valta@tul.fi045 7731 2450 Joni ValtaToiminnanjohtaja, TUL Oulun ja Kainuun piiri Aluej\u00e4rjest\u00f6 Hallitus PuheenjohtajaAki R\u00e4is\u00e4nen J\u00e4senet Hannu KorhonenReima KorhonenJuhani HurskainenMatteus PirinenJanne KortelainenKari Silvennoinen<\/p>\n","protected":false},"author":1,"featured_media":0,"parent":0,"menu_order":0,"comment_status":"closed","ping_status":"closed","template":"","meta":{"_acf_changed":false,"footnotes":""},"class_list":["post-40","page","type-page","status-publish","hentry"],"acf":[],"aioseo_notices":[],"_links":{"self":[{"href":"https:\/\/tul.fi\/kainuu\/wp-json\/wp\/v2\/pages\/40","targetHints":{"allow":["GET"]}}],"collection":[{"href":"https:\/\/tul.fi\/kainuu\/wp-json\/wp\/v2\/pages"}],"about":[{"href":"https:\/\/tul.fi\/kainuu\/wp-json\/wp\/v2\/types\/page"}],"author":[{"embeddable":true,"href":"https:\/\/tul.fi\/kainuu\/wp-json\/wp\/v2\/users\/1"}],"replies":[{"embeddable":true,"href":"https:\/\/tul.fi\/kainuu\/wp-json\/wp\/v2\/comments?post=40"}],"version-history":[{"count":5,"href":"https:\/\/tul.fi\/kainuu\/wp-json\/wp\/v2\/pages\/40\/revisions"}],"predecessor-version":[{"id":76,"href":"https:\/\/tul.fi\/kainuu\/wp-json\/wp\/v2\/pages\/40\/revisions\/76"}],"wp:attachment":[{"href":"https:\/\/tul.fi\/kainuu\/wp-json\/wp\/v2\/media?parent=40"}],"curies":[{"name":"wp","href":"https:\/\/api.w.org\/{rel}","templated":true}]}}