{"id":2,"date":"2020-12-08T15:33:49","date_gmt":"2020-12-08T13:33:49","guid":{"rendered":"http:\/\/jarvi-suomi.tul-kopio.16.testivedos.com\/?page_id=2"},"modified":"2023-11-30T10:30:14","modified_gmt":"2023-11-30T08:30:14","slug":"etusivu","status":"publish","type":"page","link":"https:\/\/tul.fi\/kymenlaakso-saimaa\/","title":{"rendered":"Kaakkois-Suomen piiri"},"content":{"rendered":"\n<p>TUL:n Kaakkois-Suomen piiri ry on Kymenlaakson ja Saimaan piirin yhdist\u00e4v\u00e4 yksi TUL:n  j\u00e4senpiirist\u00e4. Se on osa TUL:n Etel\u00e4ist\u00e4 aluetta. <\/p>\n\n\n\n<p>TUL:n Kymenlaakson piiri ry perustettiin 23.2.1919 eli vajaa kuukausi TUL:n perustamisen j\u00e4lkeen. Vuoteen 1948 piiri tunnettiin nimell\u00e4 Kyminlaakson piirikunta.&nbsp; <\/p>\n\n\n\n<p>TUL Saimaan piiri perustettiin 26.3.1919.<\/p>\n\n\n\n<p>TUL Kaakkois-Suomen Piiri on j\u00e4senseurojensa yhteinen palvelufoorumi, joka j\u00e4rjest\u00e4\u00e4&nbsp;koulutusta, nuoriso-, kunto- ja veteraanitoimintaa sek\u00e4 lajitoimintaa&nbsp;jaostojensa kautta ja&nbsp;yhteisty\u00f6ss\u00e4 j\u00e4senseurojensa kanssa. Toimimme TUL:n arvoperustan mukaisen harrasteliikuntatoiminnan ja urheilun kehitt\u00e4miseksi Kymenlaaksossa.&nbsp;&nbsp;Piiri tekee yhteisty\u00f6t\u00e4 Kymenlaakson Liikunta ry:n kanssa,&nbsp;maakunnan kuntien, muiden alueellisten liikuntaj\u00e4rjest\u00f6jen ja yhdistysten&nbsp;kanssa.&nbsp;<\/p>\n\n\n\n<p>Piiri pyrkii tarjoamaan seuroille alueellista liikunta- ja koulutustoimintaa sek\u00e4 v\u00e4litt\u00e4m\u00e4\u00e4n tietoa TUL:n ajankohtaisista asioista ja tapahtumista. Piiritoimisto sijaitsee Kotkassa.<\/p>\n","protected":false},"excerpt":{"rendered":"<p>TUL:n Kaakkois-Suomen piiri ry on Kymenlaakson ja Saimaan piirin yhdist\u00e4v\u00e4 yksi TUL:n j\u00e4senpiirist\u00e4. Se on osa TUL:n Etel\u00e4ist\u00e4 aluetta. TUL:n Kymenlaakson piiri ry perustettiin 23.2.1919 eli vajaa kuukausi TUL:n perustamisen j\u00e4lkeen. Vuoteen 1948 piiri tunnettiin nimell\u00e4 Kyminlaakson piirikunta.&nbsp; TUL Saimaan piiri perustettiin 26.3.1919. TUL Kaakkois-Suomen Piiri on j\u00e4senseurojensa yhteinen palvelufoorumi, joka j\u00e4rjest\u00e4\u00e4&nbsp;koulutusta, nuoriso-, kunto- ja [&hellip;]<\/p>\n","protected":false},"author":1,"featured_media":71,"parent":0,"menu_order":0,"comment_status":"closed","ping_status":"open","template":"","meta":{"_acf_changed":false,"footnotes":""},"class_list":["post-2","page","type-page","status-publish","has-post-thumbnail","hentry"],"acf":[],"aioseo_notices":[],"_links":{"self":[{"href":"https:\/\/tul.fi\/kymenlaakso-saimaa\/wp-json\/wp\/v2\/pages\/2","targetHints":{"allow":["GET"]}}],"collection":[{"href":"https:\/\/tul.fi\/kymenlaakso-saimaa\/wp-json\/wp\/v2\/pages"}],"about":[{"href":"https:\/\/tul.fi\/kymenlaakso-saimaa\/wp-json\/wp\/v2\/types\/page"}],"author":[{"embeddable":true,"href":"https:\/\/tul.fi\/kymenlaakso-saimaa\/wp-json\/wp\/v2\/users\/1"}],"replies":[{"embeddable":true,"href":"https:\/\/tul.fi\/kymenlaakso-saimaa\/wp-json\/wp\/v2\/comments?post=2"}],"version-history":[{"count":5,"href":"https:\/\/tul.fi\/kymenlaakso-saimaa\/wp-json\/wp\/v2\/pages\/2\/revisions"}],"predecessor-version":[{"id":1014,"href":"https:\/\/tul.fi\/kymenlaakso-saimaa\/wp-json\/wp\/v2\/pages\/2\/revisions\/1014"}],"wp:featuredmedia":[{"embeddable":true,"href":"https:\/\/tul.fi\/kymenlaakso-saimaa\/wp-json\/wp\/v2\/media\/71"}],"wp:attachment":[{"href":"https:\/\/tul.fi\/kymenlaakso-saimaa\/wp-json\/wp\/v2\/media?parent=2"}],"curies":[{"name":"wp","href":"https:\/\/api.w.org\/{rel}","templated":true}]}}