{"id":38,"date":"2020-12-08T15:56:57","date_gmt":"2020-12-08T13:56:57","guid":{"rendered":"http:\/\/tul-kopio.16.testivedos.com\/jarvi-suomi\/?page_id=38"},"modified":"2026-05-07T12:01:44","modified_gmt":"2026-05-07T09:01:44","slug":"seuroille","status":"publish","type":"page","link":"https:\/\/tul.fi\/kymenlaakso-saimaa\/seuroille\/","title":{"rendered":"Seuroille"},"content":{"rendered":"\n<h3 class=\"wp-block-heading\">Seuratapaaminen<\/h3>\n\n\n\n<p>Kaipaako seurasi apua toiminnan kehitt\u00e4misess\u00e4? Oli kyseess\u00e4 sitten tapahtuman j\u00e4rjest\u00e4minen, koulutukset, viestint\u00e4 ja markkinointi, seuran hallinointi tai uuden toiminnan ideointi, niin olemme t\u00e4\u00e4ll\u00e4 juuri teit\u00e4 varten. J\u00e4rjest\u00e4mme my\u00f6s tapahtumia yhdess\u00e4 seurojen ja eri j\u00e4rjest\u00f6jen kanssa, jolloin saamme yhdistetty\u00e4 resursseja. Vuoden 2023 alusta aloitamme seurakontaktoinnit ja seuratapaamiset. Tapaamiset j\u00e4rjestet\u00e4\u00e4n matalalla kynnyksell\u00e4 joko fyysisesti piiritoimistolla, seuran tiloissa tai et\u00e4yhteyksin. Tapaamisissa keskustellaan seuranne tilanteesta ja autetaan teit\u00e4 askarruttavissa asioissa. Tapaamisen perusteella laadimme suunnitelman ja aikataulutuksen, mink\u00e4 avulla voimme seurata seuran toiminnan kehityst\u00e4.<\/p>\n\n\n\n<p>Mik\u00e4li seurasi seurasi kaipaa apua tai haluatte muuten vain tavata, niin olkaa rohkeasti  yhteydess\u00e4.<\/p>\n\n\n\n<p><strong>Jukka Vilkki<br>04577311055<br>jukka.vilkki@tul.fi<\/strong><\/p>\n\n\n\n<h3 class=\"wp-block-heading\">Tuet ja avustukset<\/h3>\n\n\n\n<p>Annamme informaatiota erilaisista tuista, avustuksista sek\u00e4 autamme hankerahoituksen hakuprosesseissa. TUL:n yhteisty\u00f6kumppanit jakavat vuosittain apurahaa seuroille. Lis\u00e4ksi tukea voi hakea mm. Viljo ja Vieno Salon s\u00e4\u00e4ti\u00f6lt\u00e4 sek\u00e4 kansansivistysrahaston s\u00e4\u00e4ti\u00f6lt\u00e4. Autamme my\u00f6s mielell\u00e4mme vuosittain Opetus- ja Kulttuuriministeri\u00f6n my\u00f6nt\u00e4m\u00e4n seuratoiminnan kehitt\u00e4mistuen (seuratuki) hakemisessa. Voimme yhdess\u00e4 mietti\u00e4 seuratuen hankkeen ideaa sek\u00e4 avustaa hakemuksen t\u00e4ytt\u00e4misess\u00e4.<\/p>\n\n\n\n<p>Lis\u00e4tietoa tuista ja avustuksista l\u00f6yd\u00e4t&nbsp;<a href=\"https:\/\/tul.fi\/jasenille\/seurapalvelut\/tuet-ja-avustukset\/\">t\u00e4\u00e4lt\u00e4<\/a>.<\/p>\n\n\n\n<h2 class=\"wp-block-heading\">J\u00e4senyys<\/h2>\n\n\n\n<p><a href=\"https:\/\/tul.fi\/jasenille\/edut\/\">J\u00e4senedut<\/a><br><a href=\"https:\/\/tul.fi\/jasenille\/jaseneksi\/\">Liity j\u00e4seneksi<\/a><br><a href=\"https:\/\/tul.fi\/jasenille\/materiaalit\/\">S\u00e4\u00e4nn\u00f6t<\/a><\/p>\n","protected":false},"excerpt":{"rendered":"<p>Seuratapaaminen Kaipaako seurasi apua toiminnan kehitt\u00e4misess\u00e4? Oli kyseess\u00e4 sitten tapahtuman j\u00e4rjest\u00e4minen, koulutukset, viestint\u00e4 ja markkinointi, seuran hallinointi tai uuden toiminnan ideointi, niin olemme t\u00e4\u00e4ll\u00e4 juuri teit\u00e4 varten. J\u00e4rjest\u00e4mme my\u00f6s tapahtumia yhdess\u00e4 seurojen ja eri j\u00e4rjest\u00f6jen kanssa, jolloin saamme yhdistetty\u00e4 resursseja. Vuoden 2023 alusta aloitamme seurakontaktoinnit ja seuratapaamiset. Tapaamiset j\u00e4rjestet\u00e4\u00e4n matalalla kynnyksell\u00e4 joko fyysisesti piiritoimistolla, seuran [&hellip;]<\/p>\n","protected":false},"author":1,"featured_media":0,"parent":0,"menu_order":0,"comment_status":"closed","ping_status":"closed","template":"","meta":{"_acf_changed":false,"footnotes":""},"class_list":["post-38","page","type-page","status-publish","hentry"],"acf":[],"aioseo_notices":[],"_links":{"self":[{"href":"https:\/\/tul.fi\/kymenlaakso-saimaa\/wp-json\/wp\/v2\/pages\/38","targetHints":{"allow":["GET"]}}],"collection":[{"href":"https:\/\/tul.fi\/kymenlaakso-saimaa\/wp-json\/wp\/v2\/pages"}],"about":[{"href":"https:\/\/tul.fi\/kymenlaakso-saimaa\/wp-json\/wp\/v2\/types\/page"}],"author":[{"embeddable":true,"href":"https:\/\/tul.fi\/kymenlaakso-saimaa\/wp-json\/wp\/v2\/users\/1"}],"replies":[{"embeddable":true,"href":"https:\/\/tul.fi\/kymenlaakso-saimaa\/wp-json\/wp\/v2\/comments?post=38"}],"version-history":[{"count":3,"href":"https:\/\/tul.fi\/kymenlaakso-saimaa\/wp-json\/wp\/v2\/pages\/38\/revisions"}],"predecessor-version":[{"id":1612,"href":"https:\/\/tul.fi\/kymenlaakso-saimaa\/wp-json\/wp\/v2\/pages\/38\/revisions\/1612"}],"wp:attachment":[{"href":"https:\/\/tul.fi\/kymenlaakso-saimaa\/wp-json\/wp\/v2\/media?parent=38"}],"curies":[{"name":"wp","href":"https:\/\/api.w.org\/{rel}","templated":true}]}}