{"id":38,"date":"2020-12-08T15:56:57","date_gmt":"2020-12-08T13:56:57","guid":{"rendered":"http:\/\/tul-kopio.16.testivedos.com\/jarvi-suomi\/?page_id=38"},"modified":"2025-02-18T15:53:21","modified_gmt":"2025-02-18T13:53:21","slug":"infoa-seuroille","status":"publish","type":"page","link":"https:\/\/tul.fi\/lappi\/infoa-seuroille\/","title":{"rendered":"Infoa seuroille"},"content":{"rendered":"\n<h2 class=\"wp-block-heading\">Lapin piirin seurojen ansiomerkin saaneet ja ohjeet hakemiseen<\/h2>\n\n\n\n<p>TUL:n maljan saaneet TUL Lapin piirin j\u00e4senet:<\/p>\n\n\n\n<p>Lauri Rajaniemi, Kemin Into, 1980, nro. 4<br>Heino Erkki, Rovaniemen Lappi, 1994, nro. 18<br>Antti Vainionp\u00e4\u00e4, Kemin Ty\u00f6v\u00e4en Uimarit, 2003, nro 27<br>Olavi Stoor, Alatornion Ahjo, 2006, nro 30<br>Esko Taskinen, Kemin Into, 2014, nro 38<\/p>\n\n\n\n<p><a href=\"https:\/\/tul.fi\/lappi\/wp-content\/uploads\/sites\/6\/2020\/12\/TUL-Lappi-merkit-Lappi.pdf\" target=\"_blank\" rel=\"noreferrer noopener\">TUL-merkin saaneet TUL Lapin piirin j\u00e4senet<br><\/a><a href=\"https:\/\/tul.fi\/lappi\/wp-content\/uploads\/sites\/6\/2020\/12\/TUL-Lappi-Valtionmerkit.pdf\" target=\"_blank\" rel=\"noreferrer noopener\">Suomen liikuntakulttuurin ja urheilun ansiomerkin saaneet TUL Lapin piirin j\u00e4senet<br><\/a><a href=\"https:\/\/tul.fi\/lappi\/wp-content\/uploads\/sites\/6\/2020\/12\/TUL-Lappi-Palloliitto.pdf\" target=\"_blank\" rel=\"noreferrer noopener\">Suomen Palloliiton ansiomerkin saaneet TUL Lapin piirin j\u00e4senet<br><\/a><a href=\"https:\/\/tul.fi\/lappi\/wp-content\/uploads\/sites\/6\/2020\/12\/TUL-Lappi-Kansan-Tahdon-mitalistit.pdf\" target=\"_blank\" rel=\"noreferrer noopener\">Kansan Tahdon mitaliurheilijat vuodesta 1948<br><\/a><a href=\"https:\/\/tul.fi\/lappi\/wp-content\/uploads\/sites\/6\/2020\/12\/TUL-Lappi-Pohjolan-Tyo.pdf\" target=\"_blank\" rel=\"noreferrer noopener\">Pohjolan Ty\u00f6 joukkuemitalit<\/a><\/p>\n\n\n\n<h3 class=\"wp-block-heading\"><strong>Ansiomerkkien hakeminen<\/strong><strong><\/strong><\/h3>\n\n\n\n<p>TUL:n kultainen seuraty\u00f6 -ansiomerkki, TUL:n kultainen ansiomerkki sek\u00e4 Suomen liikuntakulttuurin ja urheilun ansioristit ja ansiomitalit.<\/p>\n\n\n\n<p><a href=\"https:\/\/tul.fi\/jasenille\/tukea-seuratyohon\/\" target=\"_blank\" rel=\"noreferrer noopener\">Tutustu TUL:n eri ansiomerkkien my\u00f6nt\u00e4misperusteisiin ja hakemiseen t\u00e4m\u00e4n linkin takaa<br><\/a><a href=\"https:\/\/minedu.fi\/tunnustukset-ja-ansiomerkit\" target=\"_blank\" rel=\"noreferrer noopener\">Opetusministeri\u00f6n merkkien my\u00f6nt\u00e4misperusteet<\/a><\/p>\n\n\n\n<p>Sek\u00e4 TUL:n ett\u00e4 Opetusministeri\u00f6n merkkien my\u00f6nt\u00e4mist\u00e4 edist\u00e4\u00e4 hakemusten huolellinen t\u00e4ytt\u00e4minen ja erityisesti toimintavuosien tarkkaan merkint\u00e4\u00e4n kannattaa kiinnitt\u00e4\u00e4 huomiota, koska se edist\u00e4\u00e4 anomusten l\u00e4pi menoa.<\/p>\n\n\n\n<h2 class=\"wp-block-heading\"><strong>Koulutus<\/strong><strong><\/strong><\/h2>\n\n\n\n<div class=\"wp-block-media-text alignwide is-stacked-on-mobile\"><figure class=\"wp-block-media-text__media\"><a href=\"https:\/\/tul.fi\/jasenille\/seurapalvelut\/koulutukset\/verkkokoulutusalusta\/\"><img decoding=\"async\" src=\"https:\/\/tul.fi\/wp-content\/uploads\/2021\/10\/koulutusalusta.jpg\" alt=\"\" class=\"wp-image-14369 size-full\"\/><\/a><\/figure><div class=\"wp-block-media-text__content\">\n<p class=\"has-large-font-size\"><a href=\"https:\/\/tulkouluttaa.fi\/login\/index.php\" target=\"_blank\" rel=\"noreferrer noopener\" title=\"https:\/\/tulkouluttaa.fi\/login\/index.php\">TULkouluttaa.fi<\/a><\/p>\n\n\n\n<p>Verkkokoulutusalustaltamme l\u00f6yd\u00e4t kymmenitt\u00e4in koulutuksia niin seuran viestint\u00e4\u00e4n ja markkinointiin kuin tasa-arvo- ja yhdenvertaisuusty\u00f6h\u00f6n sek\u00e4 seuran taloushallintoon ja johtamiseen. <\/p>\n\n\n\n<p class=\"has-medium-font-size\"><a href=\"https:\/\/tulkouluttaa.fi\/login\/index.php\" target=\"_blank\" rel=\"noreferrer noopener\" title=\"https:\/\/tulkouluttaa.fi\/login\/index.php\">Siirry verkkokoulutusalustalle<\/a><\/p>\n<\/div><\/div>\n\n\n\n<h2 class=\"wp-block-heading\"><strong>Kopiopalvelu<\/strong><\/h2>\n\n\n\n<p>TUL:n Lapin piirin toimistolla on mahdollista hy\u00f6dynt\u00e4\u00e4 kopiointi- ja tulostuspalveluita.<br>Kopiokone lainaus seurojen tilaisuuksiin, kuten kilpailuihin, on my\u00f6s mahdollista.&nbsp;Hinnaston l\u00f6yd\u00e4t<a href=\"https:\/\/tul.fi\/wp-content\/uploads\/2018\/05\/Kopiohinnat-TUL.pdf\" target=\"_blank\" rel=\"noreferrer noopener\">&nbsp;t\u00e4\u00e4lt\u00e4.<\/a><\/p>\n\n\n\n<h2 class=\"wp-block-heading\"><strong>Veneilyyn liittyv\u00e4t edut<\/strong><\/h2>\n\n\n\n<p>Katsastusmieskoulutusta tarpeen mukaan omakustannusperiaatteella.<\/p>\n\n\n\n<p>Katsastusmateriaali omakustannushintaan, mik\u00e4li seuralla on oma katsastaja.<\/p>\n\n\n\n<p>Veneilyp\u00e4iv\u00e4t ja TUL:n navigaatiomestaruuskisat omakustannushintaan. Yhteystiedot l\u00f6ytyv\u00e4t TUL:n internetsivuilta: <a href=\"https:\/\/tul.fi\/lajit\/veneily\/\" target=\"_blank\" rel=\"noreferrer noopener\">tul.fi\/lajit\/veneily\/<\/a><\/p>\n\n\n\n<h2 class=\"wp-block-heading\"><strong>TUL:n s\u00e4\u00e4nn\u00f6t<\/strong><strong><\/strong><\/h2>\n\n\n\n<p><a href=\"https:\/\/tul.fi\/jasenille\/materiaalit\/\" target=\"_blank\" rel=\"noreferrer noopener\">Tutustu TUL:n ja TUL:n piirien s\u00e4\u00e4nt\u00f6ihin t\u00e4m\u00e4n linkin takaa.<\/a><\/p>\n\n\n\n<h2 class=\"wp-block-heading\">Lomakkeet<\/h2>\n\n\n\n<p>Veneilij\u00e4p\u00e4iv\u00e4 omakustannusperiaatteella kerran vuodessa.&nbsp;<\/p>\n\n\n\n<p><a href=\"https:\/\/tul.fi\/jasenille\/materiaalit\/\" target=\"_blank\" rel=\"noreferrer noopener\">TUL:n seurojen vuosi-ilmoituslomakkeet, seurojen yhteystieto lomakkeen ja matkalaskulomakkeen l\u00f6yd\u00e4t t\u00e4m\u00e4n linkin takaa.<br><\/a><a href=\"https:\/\/tul.fi\/lappi\/wp-content\/uploads\/sites\/6\/2020\/12\/TUL-Lappi-ry-matkalasku.xls\" target=\"_blank\" rel=\"noreferrer noopener\">TUL Lappi ry:n matkalasku- ja kouluttajanpalkkiolomake<br><\/a><a href=\"https:\/\/tul.fi\/lappi\/wp-content\/uploads\/sites\/6\/2020\/12\/TUL-Lappi-osallistujaluettelo.doc\" target=\"_blank\" rel=\"noreferrer noopener\">TUL Lappi osallistujaluettelo<br><\/a><a href=\"https:\/\/tul.fi\/lappi\/wp-content\/uploads\/sites\/6\/2020\/12\/TUL-Lappi-jasenlomake.pdf\" target=\"_blank\" rel=\"noreferrer noopener\">TUL Lappi j\u00e4senhakemuslomake<br><\/a><a href=\"https:\/\/tul.fi\/lappi\/wp-content\/uploads\/sites\/6\/2020\/12\/TUL-Lappi-rekisteriseloste.doc\" target=\"_blank\" rel=\"noreferrer noopener\">TUL Lappi rekisteriseloste<\/a><\/p>\n\n\n\n<h2 class=\"wp-block-heading\"><strong>Hy\u00f6dyllisi\u00e4 linkkej\u00e4<\/strong><strong><\/strong><\/h2>\n\n\n\n<p><\/p>\n\n\n\n<p><a href=\"https:\/\/www.kemi.fi\/\" target=\"_blank\" rel=\"noreferrer noopener\">Kemin kaupunki<\/a><br><a href=\"https:\/\/www.ely-keskus.fi\/ely-lappi\" target=\"_blank\" rel=\"noreferrer noopener\">Lapin ELY-keskus<\/a><br><a href=\"https:\/\/www.lapinliikunta.com\/\" target=\"_blank\" rel=\"noreferrer noopener\">Lapin Liikunta ry<\/a><br><a href=\"https:\/\/www.maratonpyoraily.fi\/\" target=\"_blank\" rel=\"noreferrer noopener\">Maraton Py\u00f6r\u00e4ily<\/a><br><a href=\"https:\/\/minedu.fi\/liikunta\" target=\"_blank\" rel=\"noreferrer noopener\">OKM \/ Liikunta<\/a><\/p>\n\n\n\n<p><a href=\"https:\/\/www.rukakonttainen.fi\/2019\/ \">https:\/\/www.rukakonttainen.fi\/2019\/ <\/a><br><\/p>\n\n\n\n<p><\/p>\n","protected":false},"excerpt":{"rendered":"<p>Lapin piirin seurojen ansiomerkin saaneet ja ohjeet hakemiseen TUL:n maljan saaneet TUL Lapin piirin j\u00e4senet: Lauri Rajaniemi, Kemin Into, 1980, nro. 4Heino Erkki, Rovaniemen Lappi, 1994, nro. 18Antti Vainionp\u00e4\u00e4, Kemin Ty\u00f6v\u00e4en Uimarit, 2003, nro 27Olavi Stoor, Alatornion Ahjo, 2006, nro 30Esko Taskinen, Kemin Into, 2014, nro 38 TUL-merkin saaneet TUL Lapin piirin j\u00e4senetSuomen liikuntakulttuurin ja [&hellip;]<\/p>\n","protected":false},"author":1,"featured_media":0,"parent":0,"menu_order":0,"comment_status":"closed","ping_status":"closed","template":"","meta":{"_acf_changed":false,"footnotes":""},"class_list":["post-38","page","type-page","status-publish","hentry"],"acf":[],"aioseo_notices":[],"_links":{"self":[{"href":"https:\/\/tul.fi\/lappi\/wp-json\/wp\/v2\/pages\/38","targetHints":{"allow":["GET"]}}],"collection":[{"href":"https:\/\/tul.fi\/lappi\/wp-json\/wp\/v2\/pages"}],"about":[{"href":"https:\/\/tul.fi\/lappi\/wp-json\/wp\/v2\/types\/page"}],"author":[{"embeddable":true,"href":"https:\/\/tul.fi\/lappi\/wp-json\/wp\/v2\/users\/1"}],"replies":[{"embeddable":true,"href":"https:\/\/tul.fi\/lappi\/wp-json\/wp\/v2\/comments?post=38"}],"version-history":[{"count":14,"href":"https:\/\/tul.fi\/lappi\/wp-json\/wp\/v2\/pages\/38\/revisions"}],"predecessor-version":[{"id":1270,"href":"https:\/\/tul.fi\/lappi\/wp-json\/wp\/v2\/pages\/38\/revisions\/1270"}],"wp:attachment":[{"href":"https:\/\/tul.fi\/lappi\/wp-json\/wp\/v2\/media?parent=38"}],"curies":[{"name":"wp","href":"https:\/\/api.w.org\/{rel}","templated":true}]}}