{"id":40,"date":"2020-12-08T15:57:09","date_gmt":"2020-12-08T13:57:09","guid":{"rendered":"http:\/\/tul-kopio.16.testivedos.com\/jarvi-suomi\/?page_id=40"},"modified":"2025-05-02T10:13:21","modified_gmt":"2025-05-02T07:13:21","slug":"yhteystiedot","status":"publish","type":"page","link":"https:\/\/tul.fi\/lappi\/yhteystiedot\/","title":{"rendered":"Yhteystiedot"},"content":{"rendered":"\n<h2 class=\"wp-block-heading\">Yleiset yhteystiedot<\/h2>\n\n\n\n<div class=\"wp-block-columns is-layout-flex wp-container-core-columns-is-layout-9d6595d7 wp-block-columns-is-layout-flex\">\n<div class=\"wp-block-column is-layout-flow wp-block-column-is-layout-flow\">\n<p>Nahkurinkatu 1<br>94100 Kemi<\/p>\n\n\n\n<p>Toimisto sijaitsee katutasossa.&nbsp;Pieneen kokoustilaan kulku Nahkurinkadun puolelta. Isoon kokoustilaan sek\u00e4 TUL-saliin kulku Torikadun puolelta, jossa esteet\u00f6n kulku.&nbsp;Sijainti on hyv\u00e4 ja tilat toimivat. Ilmaista parkkitilaa riitt\u00e4\u00e4, Kemin tori on vastap\u00e4\u00e4t\u00e4 tiloja.&nbsp; Voit tehd\u00e4 tilavarauksen kalenteriin  <a href=\"https:\/\/www.supersaas.com\/schedule\/tul-lappi\/TUL_kokoustila_varaus \">https:\/\/www.supersaas.com\/schedule\/tul-lappi\/TUL_kokoustila_varaus <\/a><\/p>\n\n\n\n<p>Tai soittaa toiminnanjohtajalle. Olet my\u00f6s tervetullut tutustumaan tiloihin.<\/p>\n<\/div>\n\n\n\n<div class=\"wp-block-column is-layout-flow wp-block-column-is-layout-flow\">\n<p><strong>Pirkko Pehkonen<br><\/strong><a href=\"mailto:pirkko.pehkonen@tul.fi\" target=\"_blank\" rel=\"noopener\" title=\"\">pirkko.pehkonen@tul.fi<\/a><br>p.044 901 6140<\/p>\n<\/div>\n<\/div>\n\n\n\n<h2 class=\"wp-block-heading\">Piirihallitus<\/h2>\n\n\n\n<div class=\"wp-block-columns is-layout-flex wp-container-core-columns-is-layout-9d6595d7 wp-block-columns-is-layout-flex\">\n<div class=\"wp-block-column is-layout-flow wp-block-column-is-layout-flow\">\n<h3 class=\"wp-block-heading\">Hallitus<\/h3>\n\n\n\n<p><strong>Puheenjohtaja<\/strong><br><strong>TUL:n hallituksen j\u00e4sen<\/strong><br>Luokkala Petteri<br>Kemin Ty\u00f6v\u00e4en Uimarit<br><a href=\"mailto:petteri.luokkala@gmail.com\" target=\"_blank\" rel=\"noreferrer noopener\">petteri.luokkala@gmail.com<\/a><br>040 760 0003<\/p>\n\n\n\n<div class=\"wp-block-group is-vertical is-layout-flex wp-container-core-group-is-layout-8cf370e7 wp-block-group-is-layout-flex\">\n<p><strong>Varapuheenjohtaja<br><\/strong>Zerni Sami<br>Veitsiluodon Kisaveikot<br><a href=\"mailto:sami.zerni@gmail.com\">sami.zerni@gmail.com<\/a> <\/p>\n\n\n\n<p>040 5413083<\/p>\n<\/div>\n\n\n\n<p><\/p>\n\n\n\n<p><strong>Piirihallituksen j\u00e4senet<\/strong><\/p>\n\n\n\n<p>Ekorre Reima<br>Kemin Pallotoverit<br><a href=\"mailto:reima.ekorre@gmail.com\">reima.ekorre@gmail.com<\/a><\/p>\n\n\n\n<div class=\"wp-block-group is-vertical is-layout-flex wp-container-core-group-is-layout-8cf370e7 wp-block-group-is-layout-flex\">\n<p>Rapo Harri<br>Rovaniemen Reipas<br><a href=\"mailto:harri.rapo@gmail.com\">harri.rapo@gmail.com<\/a>  <\/p>\n\n\n\n<p>044 2914410<\/p>\n<\/div>\n\n\n\n<p><\/p>\n\n\n\n<p>Happonen Aija<br>FC-88 Kemi<br><a href=\"mailto:aija.happonen@gmail.com\">aija.happonen@gmail.com<\/a><br><\/p>\n\n\n\n<div class=\"wp-block-group is-vertical is-layout-flex wp-container-core-group-is-layout-8cf370e7 wp-block-group-is-layout-flex\">\n<p>Rytk\u00f6nen Janne<\/p>\n\n\n\n<p>Kemi Petankki<\/p>\n\n\n\n<p><a href=\"mailto:janneryde@gmail.com\">janneryde@gmail.com<\/a><\/p>\n<\/div>\n<\/div>\n\n\n\n<div class=\"wp-block-column is-vertically-aligned-center is-layout-flow wp-block-column-is-layout-flow\">\n<p><\/p>\n\n\n\n<p><\/p>\n\n\n\n<p><\/p>\n\n\n\n<p><\/p>\n\n\n\n<p>Pirneskoski Sari<br>Kemin Ty\u00f6v\u00e4en Uimarit<br><a href=\"mailto:sari.pirneskoski@gmail.com\" title=\"\">sari.pirneskoski@gmail.com<\/a><br>050 4640483<\/p>\n\n\n\n<p>Pirneskoski Esa<br>Kemin Ty\u00f6v\u00e4en Uimarit<br><a href=\"mailto:esa.pirneskoski@gmail.com\" target=\"_blank\" rel=\"noreferrer noopener\">esa.pirneskoski@gmail.com<\/a><br>050 491 8694<\/p>\n\n\n\n<p>Tenno Olavi<br>Alatornion Ahjo, Kemin Ty\u00f6v\u00e4en Shakkikerho<br><a href=\"mailto:olavi.tenno@pp.inet.fi\">olavi.tenno@pp.inet.fi<\/a><br>040 8342197<\/p>\n\n\n\n<p>Tainio Esa<br>Kemin Into, Kemin Py\u00f6r\u00e4ilij\u00e4t<br><a href=\"submit:esatainio@hotmail.com\">esatainio@hotmail.com<\/a><br>040 5576 178<\/p>\n\n\n\n<p>Tapio Janniina<br>Kemin Into<br><a href=\"mailto:tapio.janniina@gmail.com\">tapio.janniina@gmail.com<\/a><br>040 7781100<\/p>\n\n\n\n<p><strong>Taloudenhoitaja ja TUL:n valtuuston j\u00e4sen<br><\/strong>Blomster Mauri<br><a href=\"mailto:mauri.blomster@seurapalveelut.fi\">mauri.blomster@seurapalvelut.fi<\/a><br>044 3099 175<\/p>\n<\/div>\n<\/div>\n\n\n\n<p><\/p>\n","protected":false},"excerpt":{"rendered":"<p>Yleiset yhteystiedot Nahkurinkatu 194100 Kemi Toimisto sijaitsee katutasossa.&nbsp;Pieneen kokoustilaan kulku Nahkurinkadun puolelta. Isoon kokoustilaan sek\u00e4 TUL-saliin kulku Torikadun puolelta, jossa esteet\u00f6n kulku.&nbsp;Sijainti on hyv\u00e4 ja tilat toimivat. Ilmaista parkkitilaa riitt\u00e4\u00e4, Kemin tori on vastap\u00e4\u00e4t\u00e4 tiloja.&nbsp; Voit tehd\u00e4 tilavarauksen kalenteriin https:\/\/www.supersaas.com\/schedule\/tul-lappi\/TUL_kokoustila_varaus Tai soittaa toiminnanjohtajalle. Olet my\u00f6s tervetullut tutustumaan tiloihin. Pirkko Pehkonenpirkko.pehkonen@tul.fip.044 901 6140 Piirihallitus Hallitus PuheenjohtajaTUL:n [&hellip;]<\/p>\n","protected":false},"author":1,"featured_media":0,"parent":0,"menu_order":0,"comment_status":"closed","ping_status":"closed","template":"","meta":{"_acf_changed":false,"footnotes":""},"class_list":["post-40","page","type-page","status-publish","hentry"],"acf":[],"aioseo_notices":[],"_links":{"self":[{"href":"https:\/\/tul.fi\/lappi\/wp-json\/wp\/v2\/pages\/40","targetHints":{"allow":["GET"]}}],"collection":[{"href":"https:\/\/tul.fi\/lappi\/wp-json\/wp\/v2\/pages"}],"about":[{"href":"https:\/\/tul.fi\/lappi\/wp-json\/wp\/v2\/types\/page"}],"author":[{"embeddable":true,"href":"https:\/\/tul.fi\/lappi\/wp-json\/wp\/v2\/users\/1"}],"replies":[{"embeddable":true,"href":"https:\/\/tul.fi\/lappi\/wp-json\/wp\/v2\/comments?post=40"}],"version-history":[{"count":19,"href":"https:\/\/tul.fi\/lappi\/wp-json\/wp\/v2\/pages\/40\/revisions"}],"predecessor-version":[{"id":1313,"href":"https:\/\/tul.fi\/lappi\/wp-json\/wp\/v2\/pages\/40\/revisions\/1313"}],"wp:attachment":[{"href":"https:\/\/tul.fi\/lappi\/wp-json\/wp\/v2\/media?parent=40"}],"curies":[{"name":"wp","href":"https:\/\/api.w.org\/{rel}","templated":true}]}}