{"id":82,"date":"2020-12-09T14:38:58","date_gmt":"2020-12-09T12:38:58","guid":{"rendered":"http:\/\/tul-kopio.16.testivedos.com\/lappi\/?page_id=82"},"modified":"2025-02-14T14:16:34","modified_gmt":"2025-02-14T12:16:34","slug":"lajitoiminta","status":"publish","type":"page","link":"https:\/\/tul.fi\/lappi\/toiminta\/lajitoiminta\/","title":{"rendered":"Lajitoiminta"},"content":{"rendered":"\n<h2 class=\"wp-block-heading\"><strong>Piirin lajitoiminnan toimintaperiaate<\/strong><\/h2>\n\n\n\n<p>Lajitoiminnan k\u00e4yt\u00e4nn\u00f6n toteuttaminen ja rahoitus toteutetaan seurojen v\u00e4lisell\u00e4 yhteisty\u00f6ll\u00e4. Piirij\u00e4rjest\u00f6n roolina on yhteyksien pit\u00e4minen seuroihin ja tiedottaminen tapahtumista.<\/p>\n\n\n\n<p>Piirin seurojen eri lajit:<\/p>\n\n\n\n<p>Ammunta, boccia, futsal, hiihto, jalkapallo, j\u00e4\u00e4kiekko, kaukalopallo, keilailu, koripallo, k\u00e4velyjalkapallo, lentopallo, moottoriurheilu, nyrkkeily, paini, painonnosto, pes\u00e4pallo, petankki, purjehdus, py\u00f6r\u00e4ily, p\u00f6yt\u00e4tennis, rullaluistelu, salibandy, shakki, suunnistus, taekwondo, tennis, triathlon, uinti, veneily, vesipallo, voimannosto, voimistelu ja yleisurheilu<\/p>\n\n\n\n<p><strong>Avainalueet:<\/strong><\/p>\n\n\n\n<ol class=\"wp-block-list\">\n<li>Kilpailutoiminta<\/li>\n\n\n\n<li>Leiritoiminta<\/li>\n\n\n\n<li>Lajikoulutus<\/li>\n\n\n\n<li>Valmennustoiminta<\/li>\n<\/ol>\n\n\n\n<div class=\"wp-block-columns is-layout-flex wp-container-core-columns-is-layout-9d6595d7 wp-block-columns-is-layout-flex\">\n<div class=\"wp-block-column is-layout-flow wp-block-column-is-layout-flow\">\n<h3 class=\"wp-block-heading\"><strong>1. KILPAILUTOIMIN<\/strong>TA<\/h3>\n\n\n\n<p>Kannustetaan seuroja yhteistoimintaan (kumppanuus ajattelu). Yhteistoiminnan toimintamuotoina ovat leirit, varainhankinta,  avoimet kilpailut, lajiliittojen kilpailut<\/p>\n\n\n\n<p>Tiedotetaan eri lajien kilpailuista seuroille.<\/p>\n\n\n\n<p><\/p>\n<\/div>\n\n\n\n<div class=\"wp-block-column is-layout-flow wp-block-column-is-layout-flow\">\n<h3 class=\"wp-block-heading\"><strong>2. LEIRITOIMINTA<\/strong><\/h3>\n\n\n\n<p>Leiritoimintaa j\u00e4rjestet\u00e4\u00e4n yhdess\u00e4  muiden piirien ja seurojen kanssa.<\/p>\n\n\n\n<p>Piirin roolina on tukea leirin j\u00e4rjest\u00e4mist\u00e4.<\/p>\n<\/div>\n<\/div>\n\n\n\n<div class=\"wp-block-columns is-layout-flex wp-container-core-columns-is-layout-9d6595d7 wp-block-columns-is-layout-flex\">\n<div class=\"wp-block-column is-layout-flow wp-block-column-is-layout-flow\">\n<h3 class=\"wp-block-heading\"><strong>3. LAJIKOULUTUS<\/strong><\/h3>\n\n\n\n<p>Koulutuksen j\u00e4rjest\u00e4minen l\u00e4htee seurojen tarpeista. <\/p>\n\n\n\n<p>Piirivalmentajat osallistuvat TUL:n j\u00e4rjest\u00e4mille valmentajakursseille ja seminaareihin\/webinaareihin.<\/p>\n\n\n\n<p>Mik\u00e4li lajiliitot eiv\u00e4t voi tarjota tarpeellista valmentajakoulutusta, j\u00e4rjestet\u00e4\u00e4n ne omin voimavaroin.<\/p>\n<\/div>\n\n\n\n<div class=\"wp-block-column is-layout-flow wp-block-column-is-layout-flow\">\n<h3 class=\"wp-block-heading\"><strong>4. VALMENNUSTOIMINTA<\/strong><\/h3>\n\n\n\n<p>T\u00e4m\u00e4 on lajiliittoja tukevaa toimintaa.<\/p>\n\n\n\n<p><strong>Kilpailutoiminnan avainteht\u00e4v\u00e4t:<\/strong><\/p>\n\n\n\n<ol class=\"wp-block-list\">\n<li>Kansainv\u00e4listen yhteyksien yll\u00e4pit\u00e4minen<\/li>\n\n\n\n<li>Yhteisty\u00f6 TUL:n lajijaostojen kanssa<\/li>\n\n\n\n<li>Seurojen lajitoiminnan tukeminen<\/li>\n<\/ol>\n\n\n\n<p><strong>Lis\u00e4tiedot:&nbsp;<\/strong>Pirkko Pehkonen,&nbsp;044&nbsp;901 6140,&nbsp;pirkko.pehkonen@tul.fi<strong><\/strong><\/p>\n<\/div>\n<\/div>\n","protected":false},"excerpt":{"rendered":"<p>Piirin lajitoiminnan toimintaperiaate Lajitoiminnan k\u00e4yt\u00e4nn\u00f6n toteuttaminen ja rahoitus toteutetaan seurojen v\u00e4lisell\u00e4 yhteisty\u00f6ll\u00e4. Piirij\u00e4rjest\u00f6n roolina on yhteyksien pit\u00e4minen seuroihin ja tiedottaminen tapahtumista. Piirin seurojen eri lajit: Ammunta, boccia, futsal, hiihto, jalkapallo, j\u00e4\u00e4kiekko, kaukalopallo, keilailu, koripallo, k\u00e4velyjalkapallo, lentopallo, moottoriurheilu, nyrkkeily, paini, painonnosto, pes\u00e4pallo, petankki, purjehdus, py\u00f6r\u00e4ily, p\u00f6yt\u00e4tennis, rullaluistelu, salibandy, shakki, suunnistus, taekwondo, tennis, triathlon, uinti, veneily, vesipallo, [&hellip;]<\/p>\n","protected":false},"author":1,"featured_media":0,"parent":80,"menu_order":0,"comment_status":"closed","ping_status":"closed","template":"","meta":{"_acf_changed":false,"footnotes":""},"class_list":["post-82","page","type-page","status-publish","hentry"],"acf":[],"aioseo_notices":[],"_links":{"self":[{"href":"https:\/\/tul.fi\/lappi\/wp-json\/wp\/v2\/pages\/82","targetHints":{"allow":["GET"]}}],"collection":[{"href":"https:\/\/tul.fi\/lappi\/wp-json\/wp\/v2\/pages"}],"about":[{"href":"https:\/\/tul.fi\/lappi\/wp-json\/wp\/v2\/types\/page"}],"author":[{"embeddable":true,"href":"https:\/\/tul.fi\/lappi\/wp-json\/wp\/v2\/users\/1"}],"replies":[{"embeddable":true,"href":"https:\/\/tul.fi\/lappi\/wp-json\/wp\/v2\/comments?post=82"}],"version-history":[{"count":3,"href":"https:\/\/tul.fi\/lappi\/wp-json\/wp\/v2\/pages\/82\/revisions"}],"predecessor-version":[{"id":1255,"href":"https:\/\/tul.fi\/lappi\/wp-json\/wp\/v2\/pages\/82\/revisions\/1255"}],"up":[{"embeddable":true,"href":"https:\/\/tul.fi\/lappi\/wp-json\/wp\/v2\/pages\/80"}],"wp:attachment":[{"href":"https:\/\/tul.fi\/lappi\/wp-json\/wp\/v2\/media?parent=82"}],"curies":[{"name":"wp","href":"https:\/\/api.w.org\/{rel}","templated":true}]}}