{"id":90,"date":"2020-12-09T14:44:13","date_gmt":"2020-12-09T12:44:13","guid":{"rendered":"http:\/\/tul-kopio.16.testivedos.com\/lappi\/?page_id=90"},"modified":"2025-02-14T14:26:45","modified_gmt":"2025-02-14T12:26:45","slug":"toimitilan-vuokraus","status":"publish","type":"page","link":"https:\/\/tul.fi\/lappi\/toiminta\/toimitilan-vuokraus\/","title":{"rendered":"Toimitilan vuokraus"},"content":{"rendered":"\n<p>TUL:n Lapin piirill\u00e4 on vuokrattavana TUL-sali juhla, kokous, seminaari, liikunta, tanssi ym tarkoitusta varten sek\u00e4 pieni kokoustila, jossa voi j\u00e4rjest\u00e4\u00e4 seurojen tai muiden yhdistysten kokouksia edullisesti, kahvinkeiton kuuluessa hintaan. Kyseisen linkin kautta p\u00e4\u00e4set varaamaan tilan<a href=\" https:\/\/www.tul-lappi.fi\/\"> https:\/\/www.tul-lappi.fi\/<\/a> tai kysy toiminnanjohtaja Pirkko Pehkoselta p 044 9016140 <a href=\"mailto:pirkko.pehkonen@tul.fi\">pirkko.pehkonen@tul.fi<\/a><\/p>\n\n\n\n<p><\/p>\n","protected":false},"excerpt":{"rendered":"<p>TUL:n Lapin piirill\u00e4 on vuokrattavana TUL-sali juhla, kokous, seminaari, liikunta, tanssi ym tarkoitusta varten sek\u00e4 pieni kokoustila, jossa voi j\u00e4rjest\u00e4\u00e4 seurojen tai muiden yhdistysten kokouksia edullisesti, kahvinkeiton kuuluessa hintaan. Kyseisen linkin kautta p\u00e4\u00e4set varaamaan tilan https:\/\/www.tul-lappi.fi\/ tai kysy toiminnanjohtaja Pirkko Pehkoselta p 044 9016140 pirkko.pehkonen@tul.fi<\/p>\n","protected":false},"author":1,"featured_media":0,"parent":80,"menu_order":0,"comment_status":"closed","ping_status":"closed","template":"","meta":{"_acf_changed":false,"footnotes":""},"class_list":["post-90","page","type-page","status-publish","hentry"],"acf":[],"aioseo_notices":[],"_links":{"self":[{"href":"https:\/\/tul.fi\/lappi\/wp-json\/wp\/v2\/pages\/90","targetHints":{"allow":["GET"]}}],"collection":[{"href":"https:\/\/tul.fi\/lappi\/wp-json\/wp\/v2\/pages"}],"about":[{"href":"https:\/\/tul.fi\/lappi\/wp-json\/wp\/v2\/types\/page"}],"author":[{"embeddable":true,"href":"https:\/\/tul.fi\/lappi\/wp-json\/wp\/v2\/users\/1"}],"replies":[{"embeddable":true,"href":"https:\/\/tul.fi\/lappi\/wp-json\/wp\/v2\/comments?post=90"}],"version-history":[{"count":2,"href":"https:\/\/tul.fi\/lappi\/wp-json\/wp\/v2\/pages\/90\/revisions"}],"predecessor-version":[{"id":1259,"href":"https:\/\/tul.fi\/lappi\/wp-json\/wp\/v2\/pages\/90\/revisions\/1259"}],"up":[{"embeddable":true,"href":"https:\/\/tul.fi\/lappi\/wp-json\/wp\/v2\/pages\/80"}],"wp:attachment":[{"href":"https:\/\/tul.fi\/lappi\/wp-json\/wp\/v2\/media?parent=90"}],"curies":[{"name":"wp","href":"https:\/\/api.w.org\/{rel}","templated":true}]}}