{"id":92,"date":"2020-12-09T14:45:22","date_gmt":"2020-12-09T12:45:22","guid":{"rendered":"http:\/\/tul-kopio.16.testivedos.com\/lappi\/?page_id=92"},"modified":"2025-02-11T09:51:31","modified_gmt":"2025-02-11T07:51:31","slug":"veteraanit","status":"publish","type":"page","link":"https:\/\/tul.fi\/lappi\/toiminta\/veteraanit\/","title":{"rendered":"Senioritoiminta"},"content":{"rendered":"\n<h3 class=\"wp-block-heading\">Toiminnan kuvaus<\/h3>\n\n\n\n<p>Piirin senioritoiminta tukee ja tekee ty\u00f6t\u00e4 seuroissa tapahtuvaa ik\u00e4\u00e4ntyvien ja ik\u00e4\u00e4ntyneiden terveysliikunnan lis\u00e4\u00e4miseksi sek\u00e4 monipuolistamiseksi kaikilla toimintatasoilla paikallisesti ja valtakunnallisesti muiden seurojen ja toimijoiden kanssa.<\/p>\n\n\n\n<p>Kohderyhm\u00e4lle j\u00e4rjestet\u00e4\u00e4n koulutusta mm. vertaisohjaaja ja kuntojumpan ohjaamiseen liittyen. Ik\u00e4ihmisten toimintaa vahvistetaan ja imagoa nostetaan ts harrasteliikunta kuuluu kaikille yhdenvertaisesti. Julkisuutta saadaan tekem\u00e4ll\u00e4 juttuja paikallisiin ja valtakunnallisiin kanaviin.<\/p>\n\n\n\n<p>Senioritoiminnassa j\u00e4rjestet\u00e4\u00e4n my\u00f6s teemap\u00e4ivi\u00e4 alueellisesti ik\u00e4ihmisille ja yhteyksi\u00e4 s\u00e4ilytet\u00e4\u00e4n ja lis\u00e4t\u00e4\u00e4n el\u00e4kel\u00e4isj\u00e4rjest\u00f6ihin.<\/p>\n\n\n\n<p>Toiminta on laadukasta ja ihmisten osallistuessa my\u00f6s yhteis\u00f6llisyys ja sosiaalisuus lis\u00e4\u00e4ntyv\u00e4t fyysisen ja henkisen hyvinvoinnin ohella.<\/p>\n\n\n\n<p><\/p>\n\n\n\n<p><\/p>\n","protected":false},"excerpt":{"rendered":"<p>Toiminnan kuvaus Piirin senioritoiminta tukee ja tekee ty\u00f6t\u00e4 seuroissa tapahtuvaa ik\u00e4\u00e4ntyvien ja ik\u00e4\u00e4ntyneiden terveysliikunnan lis\u00e4\u00e4miseksi sek\u00e4 monipuolistamiseksi kaikilla toimintatasoilla paikallisesti ja valtakunnallisesti muiden seurojen ja toimijoiden kanssa. Kohderyhm\u00e4lle j\u00e4rjestet\u00e4\u00e4n koulutusta mm. vertaisohjaaja ja kuntojumpan ohjaamiseen liittyen. Ik\u00e4ihmisten toimintaa vahvistetaan ja imagoa nostetaan ts harrasteliikunta kuuluu kaikille yhdenvertaisesti. Julkisuutta saadaan tekem\u00e4ll\u00e4 juttuja paikallisiin ja valtakunnallisiin kanaviin. [&hellip;]<\/p>\n","protected":false},"author":1,"featured_media":0,"parent":80,"menu_order":0,"comment_status":"closed","ping_status":"closed","template":"","meta":{"_acf_changed":false,"footnotes":""},"class_list":["post-92","page","type-page","status-publish","hentry"],"acf":[],"aioseo_notices":[],"_links":{"self":[{"href":"https:\/\/tul.fi\/lappi\/wp-json\/wp\/v2\/pages\/92","targetHints":{"allow":["GET"]}}],"collection":[{"href":"https:\/\/tul.fi\/lappi\/wp-json\/wp\/v2\/pages"}],"about":[{"href":"https:\/\/tul.fi\/lappi\/wp-json\/wp\/v2\/types\/page"}],"author":[{"embeddable":true,"href":"https:\/\/tul.fi\/lappi\/wp-json\/wp\/v2\/users\/1"}],"replies":[{"embeddable":true,"href":"https:\/\/tul.fi\/lappi\/wp-json\/wp\/v2\/comments?post=92"}],"version-history":[{"count":4,"href":"https:\/\/tul.fi\/lappi\/wp-json\/wp\/v2\/pages\/92\/revisions"}],"predecessor-version":[{"id":1251,"href":"https:\/\/tul.fi\/lappi\/wp-json\/wp\/v2\/pages\/92\/revisions\/1251"}],"up":[{"embeddable":true,"href":"https:\/\/tul.fi\/lappi\/wp-json\/wp\/v2\/pages\/80"}],"wp:attachment":[{"href":"https:\/\/tul.fi\/lappi\/wp-json\/wp\/v2\/media?parent=92"}],"curies":[{"name":"wp","href":"https:\/\/api.w.org\/{rel}","templated":true}]}}