{"id":96,"date":"2020-12-09T15:03:28","date_gmt":"2020-12-09T13:03:28","guid":{"rendered":"http:\/\/tul-kopio.16.testivedos.com\/lappi\/?page_id=96"},"modified":"2020-12-09T15:03:29","modified_gmt":"2020-12-09T13:03:29","slug":"valinevuokraus","status":"publish","type":"page","link":"https:\/\/tul.fi\/lappi\/toiminta\/valinevuokraus\/","title":{"rendered":"V\u00e4linevuokraus"},"content":{"rendered":"\n<p>J\u00e4senseuroille v\u00e4lineet&nbsp;omaan k\u00e4ytt\u00f6\u00f6n puoleen hintaan<strong>.<\/strong><\/p>\n\n\n\n<p>Jos j\u00e4senseura lainaa tavaraa kaupalliseen k\u00e4ytt\u00f6\u00f6n tai siihen liittyy kaupallista toimintaa (myynti\u00e4 tms.), niin siit\u00e4 on seuran maksettava seurahinta (lis\u00e4vuorokausihinta).&nbsp;Jos&nbsp;lainattavaa tuotetta k\u00e4ytet\u00e4\u00e4n kolmannen osapuolen toimintaan tai sen toiminnan hy\u00f6dynt\u00e4miseksi, perit\u00e4\u00e4n vuokrauksesta hinnaston mukainen hinta ko. j\u00e4senseuralta.<\/p>\n\n\n\n<p>Lainaus alkaa, kun tuote noudetaan ja p\u00e4\u00e4ttyy, kun se on palautettu.<\/p>\n\n\n\n<figure class=\"wp-block-table\"><table><tbody><tr><td><strong>Tuote<\/strong><\/td><td><strong>Vuorokausi<\/strong><\/td><td><strong>Lis\u00e4 vkr.<\/strong><\/td><td><strong>Tarvittaessa pystytys ja purku palvelu<\/strong><\/td><td><strong>Huomautus<\/strong><\/td><\/tr><tr><td>Katettu per\u00e4k\u00e4rry<\/td><td>20,00<\/td><td>10,00<\/td><td><\/td><td><\/td><\/tr><tr><td>Siirrett\u00e4v\u00e4 monitoimilaite (kopiokone mv)<\/td><td><\/td><td><\/td><td><\/td><td>Hinta j\u00e4senseuroilta 0.12\u20ac\/kpl. (ei sis\u00e4ll\u00e4 paperia)<\/td><\/tr><tr><td>Toriteltta 4 x 4<\/td><td>20,00<\/td><td>10,00<\/td><td>40,00<\/td><td>Kuljetus varastolta -kohteeseen ja\u00a0varastolle\u00a01\u20ac\/km<\/td><\/tr><tr><td>Toriteltta 3 x 3<\/td><td>20,00<\/td><td>10,00<\/td><td>40,00<\/td><td><\/td><\/tr><tr><td>Partyteltta 5 x 8<\/td><td>40,00<\/td><td>20,00<\/td><td>80,00<\/td><td>Partyteltta\u00a0kokoamisohjeet toimistolta<\/td><\/tr><tr><td>Kaasugrilli<\/td><td>10,00<\/td><td>5,00<\/td><td><\/td><td>Kaasun k\u00e4ytt\u00f6 veloitetaan erikseen<\/td><\/tr><tr><td>Trampoliini ACON AIR 4,3m<\/td><td>30,00<\/td><td>15,00<\/td><td>80,00<\/td><td>Ei painorajoitusta<\/td><\/tr><tr><td>Nopeustutka<\/td><td>10,00<\/td><td>5,00<\/td><td>5,00<\/td><td>Mitataan potkun, laukaisun, heiton ym nopeus.<\/td><\/tr><tr><td>Puristusvoimamittari<\/td><td>10,00<\/td><td>5,00<\/td><td>5,00<\/td><td>Digitaalinen k\u00e4sivoimamittari<\/td><\/tr><tr><td>Lipputankoteline 3-lippua<\/td><td>3,00<\/td><td>1,50<\/td><td><\/td><td>Kaksi eri mallia, my\u00f6s TUL:n, TUL:n Lapin piirin ja Suomen liput<\/td><\/tr><tr><td>Termospumppareita 3l, 4 kpl<\/td><td>2,00<\/td><td>1,00<\/td><td><\/td><td>Hinta koko m\u00e4\u00e4r\u00e4lle 10,00\/5,00. Palautettava pestyn\u00e4!<\/td><\/tr><\/tbody><\/table><\/figure>\n\n\n\n<p><\/p>\n","protected":false},"excerpt":{"rendered":"<p>J\u00e4senseuroille v\u00e4lineet&nbsp;omaan k\u00e4ytt\u00f6\u00f6n puoleen hintaan. Jos j\u00e4senseura lainaa tavaraa kaupalliseen k\u00e4ytt\u00f6\u00f6n tai siihen liittyy kaupallista toimintaa (myynti\u00e4 tms.), niin siit\u00e4 on seuran maksettava seurahinta (lis\u00e4vuorokausihinta).&nbsp;Jos&nbsp;lainattavaa tuotetta k\u00e4ytet\u00e4\u00e4n kolmannen osapuolen toimintaan tai sen toiminnan hy\u00f6dynt\u00e4miseksi, perit\u00e4\u00e4n vuokrauksesta hinnaston mukainen hinta ko. j\u00e4senseuralta. Lainaus alkaa, kun tuote noudetaan ja p\u00e4\u00e4ttyy, kun se on palautettu. Tuote Vuorokausi Lis\u00e4 [&hellip;]<\/p>\n","protected":false},"author":1,"featured_media":0,"parent":80,"menu_order":0,"comment_status":"closed","ping_status":"closed","template":"","meta":{"_acf_changed":false,"footnotes":""},"class_list":["post-96","page","type-page","status-publish","hentry"],"acf":[],"aioseo_notices":[],"_links":{"self":[{"href":"https:\/\/tul.fi\/lappi\/wp-json\/wp\/v2\/pages\/96","targetHints":{"allow":["GET"]}}],"collection":[{"href":"https:\/\/tul.fi\/lappi\/wp-json\/wp\/v2\/pages"}],"about":[{"href":"https:\/\/tul.fi\/lappi\/wp-json\/wp\/v2\/types\/page"}],"author":[{"embeddable":true,"href":"https:\/\/tul.fi\/lappi\/wp-json\/wp\/v2\/users\/1"}],"replies":[{"embeddable":true,"href":"https:\/\/tul.fi\/lappi\/wp-json\/wp\/v2\/comments?post=96"}],"version-history":[{"count":2,"href":"https:\/\/tul.fi\/lappi\/wp-json\/wp\/v2\/pages\/96\/revisions"}],"predecessor-version":[{"id":98,"href":"https:\/\/tul.fi\/lappi\/wp-json\/wp\/v2\/pages\/96\/revisions\/98"}],"up":[{"embeddable":true,"href":"https:\/\/tul.fi\/lappi\/wp-json\/wp\/v2\/pages\/80"}],"wp:attachment":[{"href":"https:\/\/tul.fi\/lappi\/wp-json\/wp\/v2\/media?parent=96"}],"curies":[{"name":"wp","href":"https:\/\/api.w.org\/{rel}","templated":true}]}}