{"id":143,"date":"2021-03-23T11:05:22","date_gmt":"2021-03-23T09:05:22","guid":{"rendered":"https:\/\/tul.fi\/oulu\/?page_id=143"},"modified":"2024-03-07T14:19:24","modified_gmt":"2024-03-07T12:19:24","slug":"piirinyhteystiedot","status":"publish","type":"page","link":"https:\/\/tul.fi\/oulu\/yhteystiedot\/piirinyhteystiedot\/","title":{"rendered":"Piirin yhteystiedot"},"content":{"rendered":"\n<h2 class=\"wp-block-heading\">Yleiset yhteystiedot<\/h2>\n\n\n\n<p>Sammonkatu 6<br>90570 Oulu<br>joni.valta@tul.fi<br>045 7731 2450<\/p>\n\n\n\n<p><strong>Joni Valta<\/strong><br>Toiminnanjohtaja, Oulun ja Kainuun piiri<\/p>\n\n\n\n<div style=\"height:50px\" aria-hidden=\"true\" class=\"wp-block-spacer\"><\/div>\n\n\n\n<h3 class=\"wp-block-heading\">Hallitus<\/h3>\n\n\n\n<p><strong>Puheenjohtaja<\/strong><br>Leena Immonen (Oulun Tarmo) <br>puh. 040 5745259<br>s.posti immonen.leena@gmail.com<\/p>\n\n\n\n<p>Ossi Airaksinen (Muhoksen Voitto)<br>Anneli Rajaniemi (Oulaisten Taru)<br>Satu H\u00e4meenniemi (Kellon Ty\u00f6v\u00e4en Urheilijat)<br>Milja Jaatinen (Haukiputaan Heitto)<br>Katja Rajaniemi (Oulaisten Taru)<br>Maria Vehkaper\u00e4 (Oulun Tarmo)\u00a0<\/p>\n","protected":false},"excerpt":{"rendered":"<p>Yleiset yhteystiedot Sammonkatu 690570 Oulujoni.valta@tul.fi045 7731 2450 Joni ValtaToiminnanjohtaja, Oulun ja Kainuun piiri Hallitus PuheenjohtajaLeena Immonen (Oulun Tarmo) puh. 040 5745259s.posti immonen.leena@gmail.com Ossi Airaksinen (Muhoksen Voitto)Anneli Rajaniemi (Oulaisten Taru)Satu H\u00e4meenniemi (Kellon Ty\u00f6v\u00e4en Urheilijat)Milja Jaatinen (Haukiputaan Heitto)Katja Rajaniemi (Oulaisten Taru)Maria Vehkaper\u00e4 (Oulun Tarmo)\u00a0<\/p>\n","protected":false},"author":32,"featured_media":0,"parent":40,"menu_order":0,"comment_status":"closed","ping_status":"closed","template":"","meta":{"_acf_changed":false,"footnotes":""},"class_list":["post-143","page","type-page","status-publish","hentry"],"acf":[],"aioseo_notices":[],"_links":{"self":[{"href":"https:\/\/tul.fi\/oulu\/wp-json\/wp\/v2\/pages\/143","targetHints":{"allow":["GET"]}}],"collection":[{"href":"https:\/\/tul.fi\/oulu\/wp-json\/wp\/v2\/pages"}],"about":[{"href":"https:\/\/tul.fi\/oulu\/wp-json\/wp\/v2\/types\/page"}],"author":[{"embeddable":true,"href":"https:\/\/tul.fi\/oulu\/wp-json\/wp\/v2\/users\/32"}],"replies":[{"embeddable":true,"href":"https:\/\/tul.fi\/oulu\/wp-json\/wp\/v2\/comments?post=143"}],"version-history":[{"count":7,"href":"https:\/\/tul.fi\/oulu\/wp-json\/wp\/v2\/pages\/143\/revisions"}],"predecessor-version":[{"id":1020,"href":"https:\/\/tul.fi\/oulu\/wp-json\/wp\/v2\/pages\/143\/revisions\/1020"}],"up":[{"embeddable":true,"href":"https:\/\/tul.fi\/oulu\/wp-json\/wp\/v2\/pages\/40"}],"wp:attachment":[{"href":"https:\/\/tul.fi\/oulu\/wp-json\/wp\/v2\/media?parent=143"}],"curies":[{"name":"wp","href":"https:\/\/api.w.org\/{rel}","templated":true}]}}