{"id":145,"date":"2021-03-23T11:10:08","date_gmt":"2021-03-23T09:10:08","guid":{"rendered":"https:\/\/tul.fi\/oulu\/?page_id=145"},"modified":"2023-08-22T14:20:50","modified_gmt":"2023-08-22T11:20:50","slug":"jasenseurojen-yhteystiedot","status":"publish","type":"page","link":"https:\/\/tul.fi\/oulu\/yhteystiedot\/jasenseurojen-yhteystiedot\/","title":{"rendered":"J\u00e4senseurat"},"content":{"rendered":"\n<h3 class=\"wp-block-heading\">J\u00e4senseurat<\/h3>\n\n\n\n<div class=\"wp-block-columns is-layout-flex wp-container-core-columns-is-layout-9d6595d7 wp-block-columns-is-layout-flex\">\n<div class=\"wp-block-column is-layout-flow wp-block-column-is-layout-flow\">\n<p><a href=\"http:\/\/www.haukiputaanheitto.fi\/\" target=\"_blank\" rel=\"noreferrer noopener\">Haukiputaan Heitto<\/a>&nbsp;<\/p>\n\n\n\n<p><a href=\"http:\/\/www.haukiputaanpursiseura.fi\/\" target=\"_blank\" rel=\"noreferrer noopener\">Haukiputaan Pursiseura<\/a>\u00a0<\/p>\n\n\n\n<p><a href=\"http:\/\/iinmeriseura.com\/\" target=\"_blank\" rel=\"noreferrer noopener\">Iin Meriseura&nbsp;<\/a><\/p>\n\n\n\n<p><a href=\"https:\/\/iinyritys.seura.info\/\" target=\"_blank\" rel=\"noreferrer noopener\">Iin Yritys<\/a>&nbsp;<\/p>\n\n\n\n<p><strong>Kalajoen Riento<\/strong>&nbsp;<\/p>\n\n\n\n<p><a href=\"http:\/\/www.ktu.fi\/\" target=\"_blank\" rel=\"noreferrer noopener\">Kellon Ty\u00f6v\u00e4en Urheilijat<\/a>&nbsp;<\/p>\n\n\n\n<p><a href=\"http:\/\/www.kellonvene.fi\/\" target=\"_blank\" rel=\"noreferrer noopener\">Kellon Vene<\/a>&nbsp;<\/p>\n\n\n\n<p><a href=\"http:\/\/www.kempeleenpyrinto.fi\/\" target=\"_blank\" rel=\"noreferrer noopener\">Kempeleen Pyrint\u00f6<\/a>&nbsp;<\/p>\n\n\n\n<p><a href=\"http:\/\/www.kiekkooulu.org\/\" target=\"_blank\" rel=\"noreferrer noopener\">Kiekko-Oulu<\/a>&nbsp;<\/p>\n\n\n\n<p><a href=\"http:\/\/www.kiiminginriento.fi\/\" target=\"_blank\" rel=\"noreferrer noopener\">Kiimingin Riento<\/a>&nbsp;<\/p>\n\n\n\n<p><a href=\"http:\/\/www.koskri.fi\/\" target=\"_blank\" rel=\"noreferrer noopener\">Koskelankyl\u00e4n Riento<\/a>&nbsp;<\/p>\n\n\n\n<p><a href=\"http:\/\/www.kuivasjarvenaura.fi\/\" target=\"_blank\" rel=\"noreferrer noopener\">Kuivasj\u00e4rven Aura<\/a>&nbsp;<\/p>\n\n\n\n<p><strong>Lapaluodon Myrsky<\/strong>&nbsp;<\/p>\n\n\n\n<p><a href=\"https:\/\/www.muhoksenvoittopaini.com\/\" target=\"_blank\" rel=\"noreferrer noopener\">Muhoksen Voitto<\/a>&nbsp;<\/p>\n\n\n\n<p><a href=\"http:\/\/www.oulaistentaru.net\/\" target=\"_blank\" rel=\"noreferrer noopener\">Oulaisten Taru<\/a>\u00a0<\/p>\n\n\n\n<p><strong>Oulun Keilat<\/strong>&nbsp;<\/p>\n\n\n\n<p><a href=\"http:\/\/www.oulunkisko.fi\/\" target=\"_blank\" rel=\"noreferrer noopener\">Oulun Kisko<\/a>&nbsp;<\/p>\n\n\n\n<p><a href=\"http:\/\/www.oulunlohet.fi\/\" target=\"_blank\" rel=\"noreferrer noopener\">Oulun Lohet<\/a>&nbsp;<\/p>\n\n\n\n<p><a href=\"http:\/\/oulunreipas.fi\/\" target=\"_blank\" rel=\"noreferrer noopener\">Oulun Reipas<\/a>&nbsp;<\/p>\n\n\n\n<p><a href=\"http:\/\/sun3.oulu.fi\/~martti\/oss\/\" target=\"_blank\" rel=\"noreferrer noopener\">Oulun Shakkiseura<\/a>&nbsp;<\/p>\n\n\n\n<p><a href=\"http:\/\/www.ouluntarmo.fi\/\" target=\"_blank\" rel=\"noreferrer noopener\">Oulun Tarmo&nbsp;<\/a><\/p>\n<\/div>\n\n\n\n<div class=\"wp-block-column is-layout-flow wp-block-column-is-layout-flow\">\n<p><strong>Oulun Tennis -80<\/strong>&nbsp;<\/p>\n\n\n\n<p><a href=\"http:\/\/www.otp.fi\/\" target=\"_blank\" rel=\"noreferrer noopener\">Oulun Ty\u00f6v\u00e4en Palloilijat<\/a>&nbsp;<\/p>\n\n\n\n<p><a href=\"http:\/\/www.otps.fi\/\" target=\"_blank\" rel=\"noreferrer noopener\">Oulun Ty\u00f6v\u00e4en Pursiseura<\/a>&nbsp;<\/p>\n\n\n\n<p><a href=\"http:\/\/voimistelu-ja-urheiluseura-oulunsalon-taisto-ry.onverkossa.fi\/\" target=\"_blank\" rel=\"noreferrer noopener\">Oulunsalon Taisto<\/a><\/p>\n\n\n\n<p><a href=\"http:\/\/oulunsuunheitto.nettisivu.org\/\" target=\"_blank\" rel=\"noreferrer noopener\">Oulunsuun Heitto<\/a>\u00a0<\/p>\n\n\n\n<p><a href=\"http:\/\/www.pattijoentempaus.net\/framefirst.html\" target=\"_blank\" rel=\"noreferrer noopener\">Pattijoen Tempaus<\/a>\u00a0<\/p>\n\n\n\n<p><strong>Pyh\u00e4joen Pauhu<\/strong>&nbsp;<\/p>\n\n\n\n<p><a href=\"http:\/\/pyhasalmen-syke-ry.onverkossa.fi\/\" target=\"_blank\" rel=\"noreferrer noopener\">Pyh\u00e4salmen Syke&nbsp;<\/a><\/p>\n\n\n\n<p><a href=\"http:\/\/www.raahenmeriseura.suntuubi.com\/\" target=\"_blank\" rel=\"noreferrer noopener\">Raahen Meriseura<\/a>&nbsp;<\/p>\n\n\n\n<p><a href=\"http:\/\/www.raapo.fi\/\" target=\"_blank\" rel=\"noreferrer noopener\">Raahen Ponnistus<\/a>&nbsp;<\/p>\n\n\n\n<p><a href=\"https:\/\/www.facebook.com\/Reisj%25C3%25A4rven-Voima-523716481012824\/\" target=\"_blank\" rel=\"noreferrer noopener\">Reisj\u00e4rven Voima<\/a>&nbsp;<\/p>\n\n\n\n<p><strong>Ruukin Into<\/strong>&nbsp;<\/p>\n\n\n\n<p><a href=\"https:\/\/www.saloistensalama.fi\/\" target=\"_blank\" rel=\"noreferrer noopener\">Saloisten Salama<\/a>&nbsp;<\/p>\n\n\n\n<p><a href=\"http:\/\/www.teraskiekko.fi\/\" target=\"_blank\" rel=\"noreferrer noopener\">Ter\u00e4s-Kiekko<\/a>&nbsp;<\/p>\n\n\n\n<p><strong>Tyrn\u00e4v\u00e4n Valpas<\/strong>&nbsp;<\/p>\n\n\n\n<p><a href=\"http:\/\/www.varjakanvene.fi\/\" target=\"_blank\" rel=\"noreferrer noopener\">Varjakan Vene\u00a0<\/a><\/p>\n\n\n\n<p><\/p>\n\n\n\n<p><strong>Ei aktiivista toimintaa<\/strong><\/p>\n\n\n\n<p>Kuusamon Sisu<\/p>\n\n\n\n<p>K\u00e4rs\u00e4m\u00e4en Vastus&nbsp;<\/p>\n\n\n\n<p>Utaj\u00e4rven Kuohu\u00a0<\/p>\n\n\n\n<p><em>HST:n Kunto-Urheilijat<\/em><\/p>\n\n\n\n<p><a href=\"http:\/\/oulunkehakerho.nettisivu.org\/\" title=\"\">Oulun Keh\u00e4kerho<\/a><\/p>\n\n\n\n<p><a href=\"https:\/\/pudasjarvenkunto.sporttisaitti.com\/\" title=\"\">Pudasj\u00e4rven Kunto<\/a><\/p>\n<\/div>\n<\/div>\n","protected":false},"excerpt":{"rendered":"<p>J\u00e4senseurat Haukiputaan Heitto&nbsp; Haukiputaan Pursiseura\u00a0 Iin Meriseura&nbsp; Iin Yritys&nbsp; Kalajoen Riento&nbsp; Kellon Ty\u00f6v\u00e4en Urheilijat&nbsp; Kellon Vene&nbsp; Kempeleen Pyrint\u00f6&nbsp; Kiekko-Oulu&nbsp; Kiimingin Riento&nbsp; Koskelankyl\u00e4n Riento&nbsp; Kuivasj\u00e4rven Aura&nbsp; Lapaluodon Myrsky&nbsp; Muhoksen Voitto&nbsp; Oulaisten Taru\u00a0 Oulun Keilat&nbsp; Oulun Kisko&nbsp; Oulun Lohet&nbsp; Oulun Reipas&nbsp; Oulun Shakkiseura&nbsp; Oulun Tarmo&nbsp; Oulun Tennis -80&nbsp; Oulun Ty\u00f6v\u00e4en Palloilijat&nbsp; Oulun Ty\u00f6v\u00e4en Pursiseura&nbsp; Oulunsalon Taisto Oulunsuun [&hellip;]<\/p>\n","protected":false},"author":32,"featured_media":0,"parent":40,"menu_order":0,"comment_status":"closed","ping_status":"closed","template":"","meta":{"_acf_changed":false,"footnotes":""},"class_list":["post-145","page","type-page","status-publish","hentry"],"acf":[],"aioseo_notices":[],"_links":{"self":[{"href":"https:\/\/tul.fi\/oulu\/wp-json\/wp\/v2\/pages\/145","targetHints":{"allow":["GET"]}}],"collection":[{"href":"https:\/\/tul.fi\/oulu\/wp-json\/wp\/v2\/pages"}],"about":[{"href":"https:\/\/tul.fi\/oulu\/wp-json\/wp\/v2\/types\/page"}],"author":[{"embeddable":true,"href":"https:\/\/tul.fi\/oulu\/wp-json\/wp\/v2\/users\/32"}],"replies":[{"embeddable":true,"href":"https:\/\/tul.fi\/oulu\/wp-json\/wp\/v2\/comments?post=145"}],"version-history":[{"count":8,"href":"https:\/\/tul.fi\/oulu\/wp-json\/wp\/v2\/pages\/145\/revisions"}],"predecessor-version":[{"id":868,"href":"https:\/\/tul.fi\/oulu\/wp-json\/wp\/v2\/pages\/145\/revisions\/868"}],"up":[{"embeddable":true,"href":"https:\/\/tul.fi\/oulu\/wp-json\/wp\/v2\/pages\/40"}],"wp:attachment":[{"href":"https:\/\/tul.fi\/oulu\/wp-json\/wp\/v2\/media?parent=145"}],"curies":[{"name":"wp","href":"https:\/\/api.w.org\/{rel}","templated":true}]}}