{"id":2,"date":"2020-12-08T15:33:49","date_gmt":"2020-12-08T13:33:49","guid":{"rendered":"http:\/\/jarvi-suomi.tul-kopio.16.testivedos.com\/?page_id=2"},"modified":"2026-01-29T09:36:08","modified_gmt":"2026-01-29T07:36:08","slug":"etusivu","status":"publish","type":"page","link":"https:\/\/tul.fi\/pohjanmaa\/","title":{"rendered":"Pohjanmaan piiri"},"content":{"rendered":"\n<p>TUL:n Pohjanmaan piiri ry on yksi TUL:n yhdest\u00e4toista (11) j\u00e4senpiirist\u00e4. <\/p>\n\n\n\n<p>Meid\u00e4n teht\u00e4v\u00e4mme on huolehtia kansalaisten mahdollisuuksista liikunnan ja urheilun harrastamiseen ik\u00e4\u00e4n, sukupuoleen, etniseen taustaan ja sosio-ekonomiseen asemaan katsomatta.<\/p>\n\n\n\n<p>TUL:n Pohjanmaan piiri on aktiivinen tapahtumien j\u00e4rjest\u00e4j\u00e4. <\/p>\n\n\n\n<p>TUL:n Pohjanmaan piiri on koulutusten j\u00e4rjest\u00e4j\u00e4. Tarjoamme seuroille koulutusta hallinnon, ohjaamisen ja liikuttamisen saralla, sek\u00e4 erilaisia teemakohtaisia ohjaajien hyvinvointia edist\u00e4vi\u00e4 tilaisuuksia.<\/p>\n\n\n\n<p>TUL:n Pohjanmaan piiri ja sen j\u00e4senseurat ovat aktiivisia vaikuttajia lajiliitoissa ja alueellisissa liikuntaorganisaatioissa.<\/p>\n\n\n\n<p><a href=\"https:\/\/www.facebook.com\/tulpohjanmaa\" target=\"_blank\" rel=\"noreferrer noopener\">TUL Pohjanmaa Facebookissa<\/a>.<\/p>\n\n\n\n<p> <\/p>\n","protected":false},"excerpt":{"rendered":"<p>TUL:n Pohjanmaan piiri ry on yksi TUL:n yhdest\u00e4toista (11) j\u00e4senpiirist\u00e4. Meid\u00e4n teht\u00e4v\u00e4mme on huolehtia kansalaisten mahdollisuuksista liikunnan ja urheilun harrastamiseen ik\u00e4\u00e4n, sukupuoleen, etniseen taustaan ja sosio-ekonomiseen asemaan katsomatta. TUL:n Pohjanmaan piiri on aktiivinen tapahtumien j\u00e4rjest\u00e4j\u00e4. TUL:n Pohjanmaan piiri on koulutusten j\u00e4rjest\u00e4j\u00e4. Tarjoamme seuroille koulutusta hallinnon, ohjaamisen ja liikuttamisen saralla, sek\u00e4 erilaisia teemakohtaisia ohjaajien hyvinvointia edist\u00e4vi\u00e4 [&hellip;]<\/p>\n","protected":false},"author":1,"featured_media":1942,"parent":0,"menu_order":0,"comment_status":"closed","ping_status":"open","template":"","meta":{"_acf_changed":false,"footnotes":""},"class_list":["post-2","page","type-page","status-publish","has-post-thumbnail","hentry"],"acf":[],"aioseo_notices":[],"_links":{"self":[{"href":"https:\/\/tul.fi\/pohjanmaa\/wp-json\/wp\/v2\/pages\/2","targetHints":{"allow":["GET"]}}],"collection":[{"href":"https:\/\/tul.fi\/pohjanmaa\/wp-json\/wp\/v2\/pages"}],"about":[{"href":"https:\/\/tul.fi\/pohjanmaa\/wp-json\/wp\/v2\/types\/page"}],"author":[{"embeddable":true,"href":"https:\/\/tul.fi\/pohjanmaa\/wp-json\/wp\/v2\/users\/1"}],"replies":[{"embeddable":true,"href":"https:\/\/tul.fi\/pohjanmaa\/wp-json\/wp\/v2\/comments?post=2"}],"version-history":[{"count":5,"href":"https:\/\/tul.fi\/pohjanmaa\/wp-json\/wp\/v2\/pages\/2\/revisions"}],"predecessor-version":[{"id":1147,"href":"https:\/\/tul.fi\/pohjanmaa\/wp-json\/wp\/v2\/pages\/2\/revisions\/1147"}],"wp:featuredmedia":[{"embeddable":true,"href":"https:\/\/tul.fi\/pohjanmaa\/wp-json\/wp\/v2\/media\/1942"}],"wp:attachment":[{"href":"https:\/\/tul.fi\/pohjanmaa\/wp-json\/wp\/v2\/media?parent=2"}],"curies":[{"name":"wp","href":"https:\/\/api.w.org\/{rel}","templated":true}]}}