{"id":38,"date":"2020-12-08T15:56:57","date_gmt":"2020-12-08T13:56:57","guid":{"rendered":"http:\/\/tul-kopio.16.testivedos.com\/jarvi-suomi\/?page_id=38"},"modified":"2026-02-03T10:05:12","modified_gmt":"2026-02-03T08:05:12","slug":"seuroille","status":"publish","type":"page","link":"https:\/\/tul.fi\/pohjanmaa\/seuroille\/","title":{"rendered":"Seuroille"},"content":{"rendered":"\n<h2 class=\"wp-block-heading\">Seuratiedote<\/h2>\n\n\n\n<div class=\"wp-block-columns is-layout-flex wp-container-core-columns-is-layout-9d6595d7 wp-block-columns-is-layout-flex\">\n<div class=\"wp-block-column is-layout-flow wp-block-column-is-layout-flow\">\n<p><strong>2026<\/strong> (Pohjanmaa piiri)<br><a href=\"https:\/\/tul.creamailer.fi\/email\/69778b5821b17?u=edRJjvPiRkNgfR8l6fx4v\" title=\"\">Seuratiedote 1<\/a><br>Seuratiedote 2 (23.2.)<br>Seuratiedote 3 (20.4.)<br>Seuratiedote 4 (15.6.)<br>Seuratiedote 5 (3.8.)<br>Seuratiedote 6 (5.10.)<br>Seuratiedote 7 (14.12.)<br><br>Nuorisotiedote 1 (2.3.)<br>Nuorisotiedote 2 (4.5.)<br>Nuorisotiedote 3 (29.6.)<br>Nuorisotiedote 4 (1.9.)<br>Nuorisotiedote 5 (2.11.)<\/p>\n\n\n\n<p>Aikuisten harrasteliikunnan ja senioreiden tiedote 1<\/p>\n\n\n\n<p><a href=\"https:\/\/tul.creamailer.fi\/email\/6966585927fbe?u=6X8lRJehb0Knf6eDzfl01\" title=\"\">Tunnusta ty\u00f6el\u00e4m\u00e4osaamisesi<\/a> 1 \/ 2026<\/p>\n\n\n\n<p><br><a href=\"https:\/\/tul.creamailer.fi\/email\/694523f665a05?u=EyqoGO0uPDw4uL16EfxJy\" title=\"\">Retki-Konttainen 12\/2025<\/a><br>Retki-Konttainen 1 (16.2.)<br>Retki-Konttainen 2 (27.4.)<br>Retki-Konttainen 3 (8.6.)<br>Retki-Konttainen 4 (10.8.)<br>Retki-Konttainen 5 (26.10.)<br>Retki-Konttainen 6 (30.11.)<\/p>\n<\/div>\n<\/div>\n\n\n\n<h2 class=\"wp-block-heading\">S\u00e4\u00e4nn\u00f6t<\/h2>\n\n\n\n<p><a href=\"https:\/\/tul.fi\/pohjanmaa\/wp-content\/uploads\/sites\/8\/2020\/12\/TUL-Pohjanmaan-piiri-Suomen-Tyovaen-Urheiluliitto-TUL-ry-Saannot.pdf\" target=\"_blank\" rel=\"noreferrer noopener\">Suomen Ty\u00f6v\u00e4en Urheiluliitto TUL ry \u2013 S\u00e4\u00e4nn\u00f6t \u2013 Pohjanmaan piiri<\/a><\/p>\n\n\n\n<h2 class=\"wp-block-heading\">Ansiomerkit<\/h2>\n\n\n\n<p><a href=\"https:\/\/tul.fi\/pohjanmaa\/wp-content\/uploads\/sites\/8\/2020\/12\/TUL-Pohjanmaan-piirin-merkkien-hakulomake.pdf\" target=\"_blank\" rel=\"noreferrer noopener\">Anomus TUL Pohjanmaan piiri ry:n ansiomerkkien hakemiseksi<\/a><br><a href=\"https:\/\/tul.fi\/pohjanmaa\/wp-content\/uploads\/sites\/8\/2020\/12\/TUL-Pohjanmaan-piirin-merkkien-myontamisperusteet.pdf\" target=\"_blank\" rel=\"noreferrer noopener\">TUL Pohjanmaan piiri ry:n ansiomerkkien my\u00f6nt\u00e4misperusteet<\/a><\/p>\n\n\n\n<h2 class=\"wp-block-heading\">J\u00e4senyys<\/h2>\n\n\n\n<p><a href=\"https:\/\/tul.fi\/jasenille\/jasenedut\/\" title=\"\">J\u00e4senedut<\/a><\/p>\n\n\n\n<p><\/p>\n","protected":false},"excerpt":{"rendered":"<p>Seuratiedote 2026 (Pohjanmaa piiri)Seuratiedote 1Seuratiedote 2 (23.2.)Seuratiedote 3 (20.4.)Seuratiedote 4 (15.6.)Seuratiedote 5 (3.8.)Seuratiedote 6 (5.10.)Seuratiedote 7 (14.12.) Nuorisotiedote 1 (2.3.)Nuorisotiedote 2 (4.5.)Nuorisotiedote 3 (29.6.)Nuorisotiedote 4 (1.9.)Nuorisotiedote 5 (2.11.) Aikuisten harrasteliikunnan ja senioreiden tiedote 1 Tunnusta ty\u00f6el\u00e4m\u00e4osaamisesi 1 \/ 2026 Retki-Konttainen 12\/2025Retki-Konttainen 1 (16.2.)Retki-Konttainen 2 (27.4.)Retki-Konttainen 3 (8.6.)Retki-Konttainen 4 (10.8.)Retki-Konttainen 5 (26.10.)Retki-Konttainen 6 (30.11.) S\u00e4\u00e4nn\u00f6t Suomen [&hellip;]<\/p>\n","protected":false},"author":1,"featured_media":1862,"parent":0,"menu_order":0,"comment_status":"closed","ping_status":"closed","template":"","meta":{"_acf_changed":false,"footnotes":""},"class_list":["post-38","page","type-page","status-publish","has-post-thumbnail","hentry"],"acf":[],"aioseo_notices":[],"_links":{"self":[{"href":"https:\/\/tul.fi\/pohjanmaa\/wp-json\/wp\/v2\/pages\/38","targetHints":{"allow":["GET"]}}],"collection":[{"href":"https:\/\/tul.fi\/pohjanmaa\/wp-json\/wp\/v2\/pages"}],"about":[{"href":"https:\/\/tul.fi\/pohjanmaa\/wp-json\/wp\/v2\/types\/page"}],"author":[{"embeddable":true,"href":"https:\/\/tul.fi\/pohjanmaa\/wp-json\/wp\/v2\/users\/1"}],"replies":[{"embeddable":true,"href":"https:\/\/tul.fi\/pohjanmaa\/wp-json\/wp\/v2\/comments?post=38"}],"version-history":[{"count":26,"href":"https:\/\/tul.fi\/pohjanmaa\/wp-json\/wp\/v2\/pages\/38\/revisions"}],"predecessor-version":[{"id":1978,"href":"https:\/\/tul.fi\/pohjanmaa\/wp-json\/wp\/v2\/pages\/38\/revisions\/1978"}],"wp:featuredmedia":[{"embeddable":true,"href":"https:\/\/tul.fi\/pohjanmaa\/wp-json\/wp\/v2\/media\/1862"}],"wp:attachment":[{"href":"https:\/\/tul.fi\/pohjanmaa\/wp-json\/wp\/v2\/media?parent=38"}],"curies":[{"name":"wp","href":"https:\/\/api.w.org\/{rel}","templated":true}]}}