{"id":40,"date":"2020-12-08T15:57:09","date_gmt":"2020-12-08T13:57:09","guid":{"rendered":"http:\/\/tul-kopio.16.testivedos.com\/jarvi-suomi\/?page_id=40"},"modified":"2026-04-20T14:02:08","modified_gmt":"2026-04-20T11:02:08","slug":"yhteystiedot","status":"publish","type":"page","link":"https:\/\/tul.fi\/pohjanmaa\/yhteystiedot\/","title":{"rendered":"Yhteystiedot"},"content":{"rendered":"\n<h2 class=\"wp-block-heading\">Yleiset yhteystiedot<\/h2>\n\n\n\n<div class=\"wp-block-columns is-layout-flex wp-container-core-columns-is-layout-9d6595d7 wp-block-columns-is-layout-flex\">\n<div class=\"wp-block-column is-layout-flow wp-block-column-is-layout-flow\">\n<p>jarkko.tenkula(at)tul.fi<br>044 355 5919<\/p>\n<\/div>\n\n\n\n<div class=\"wp-block-column is-layout-flow wp-block-column-is-layout-flow\">\n<p><strong>Jarkko Tenkula<br><\/strong>Toiminnanjohtaja, TUL Pohjanmaan piiri<\/p>\n<\/div>\n<\/div>\n\n\n\n<div style=\"height:50px\" aria-hidden=\"true\" class=\"wp-block-spacer\"><\/div>\n\n\n\n<div class=\"wp-block-columns is-layout-flex wp-container-core-columns-is-layout-9d6595d7 wp-block-columns-is-layout-flex\">\n<div class=\"wp-block-column is-layout-flow wp-block-column-is-layout-flow\">\n<h3 class=\"wp-block-heading\">Hallitus<\/h3>\n\n\n\n<p><strong>Puheenjohtaja<\/strong><br>Katja Tuokkola, Kaskisten Veto (19.4.2026-)<br>katja.kaivonen(at)jhl.fi<br>040 709 4337<\/p>\n\n\n\n<p><strong>Varapuheenjohtaja<\/strong><br>Ari Tuurinm\u00e4ki, Lapuan Ponnistus 2025-27<br>ari.tuurinmaki(at)netikka.fi<br>040 849 4593<\/p>\n<\/div>\n\n\n\n<div class=\"wp-block-column is-layout-flow wp-block-column-is-layout-flow\">\n<h3 class=\"wp-block-heading\">J\u00e4senet<\/h3>\n\n\n\n<p><strong>Pekka Panttila<\/strong>, Laihian Kimmo (19.4.2026-)<br>pekka.sylvesteri(at)gmail.com<br>050 517 0292<\/p>\n\n\n\n<p><strong>Marjo Saranp\u00e4\u00e4<\/strong>, Sein\u00e4joen Sisu 2025-27<br>marjo.saranpaa(at)9lives.fi<br>050 302 2992<\/p>\n\n\n\n<p><strong>Tarja Tenkula<\/strong>, Kisattaret (19.4.2026-)<br>tenkula.tarja(at)gmail.com,<br>040 062 3531<\/p>\n\n\n\n<p><strong>Lasse Laine<\/strong>, Ykspihlajan Reima<br>lasselaine81(at)gmail.com, 2025-27<br>050 590 7978<\/p>\n\n\n\n<p><strong>Lilja-Aino Oikarinen<\/strong>, Kokkolan Jymy (19.4.2026-)<br>lilja-aino.oikarinen(at)kokkolanjymy.fi,<br>040 756 7745<\/p>\n\n\n\n<p><strong>Jari Hakala<\/strong>, Sein\u00e4joen Sisu (19.4.2026-)<br>jarihakala@luukku.com<br>0500 666 103<\/p>\n\n\n\n<p><strong>Kimmo Kivinummi<\/strong>, \u00c4ht\u00e4rin Valpas 2025-27<br>kimmo.kivinummi(at)hotmail.fi<br>046 552 7039<\/p>\n\n\n\n<p><strong>Eero Kinare<\/strong>, Himangan Roima 2025-27<br>eerokinare(at)gmail.com,<br>050 308 1533<\/p>\n\n\n\n<p><strong>Hilda Kokkola<\/strong>, Kaskisten Veto 2025-27<br>hilda.kokkola(at)gmail.com,<br>045 609 6550<\/p>\n<\/div>\n<\/div>\n\n\n\n<p>Sivu p\u00e4ivitetty 10.4.2025<\/p>\n","protected":false},"excerpt":{"rendered":"<p>Yleiset yhteystiedot jarkko.tenkula(at)tul.fi044 355 5919 Jarkko TenkulaToiminnanjohtaja, TUL Pohjanmaan piiri Hallitus PuheenjohtajaKatja Tuokkola, Kaskisten Veto (19.4.2026-)katja.kaivonen(at)jhl.fi040 709 4337 VarapuheenjohtajaAri Tuurinm\u00e4ki, Lapuan Ponnistus 2025-27ari.tuurinmaki(at)netikka.fi040 849 4593 J\u00e4senet Pekka Panttila, Laihian Kimmo (19.4.2026-)pekka.sylvesteri(at)gmail.com050 517 0292 Marjo Saranp\u00e4\u00e4, Sein\u00e4joen Sisu 2025-27marjo.saranpaa(at)9lives.fi050 302 2992 Tarja Tenkula, Kisattaret (19.4.2026-)tenkula.tarja(at)gmail.com,040 062 3531 Lasse Laine, Ykspihlajan Reimalasselaine81(at)gmail.com, 2025-27050 590 7978 Lilja-Aino Oikarinen, [&hellip;]<\/p>\n","protected":false},"author":1,"featured_media":1862,"parent":0,"menu_order":0,"comment_status":"closed","ping_status":"closed","template":"","meta":{"_acf_changed":false,"footnotes":""},"class_list":["post-40","page","type-page","status-publish","has-post-thumbnail","hentry"],"acf":[],"aioseo_notices":[],"_links":{"self":[{"href":"https:\/\/tul.fi\/pohjanmaa\/wp-json\/wp\/v2\/pages\/40","targetHints":{"allow":["GET"]}}],"collection":[{"href":"https:\/\/tul.fi\/pohjanmaa\/wp-json\/wp\/v2\/pages"}],"about":[{"href":"https:\/\/tul.fi\/pohjanmaa\/wp-json\/wp\/v2\/types\/page"}],"author":[{"embeddable":true,"href":"https:\/\/tul.fi\/pohjanmaa\/wp-json\/wp\/v2\/users\/1"}],"replies":[{"embeddable":true,"href":"https:\/\/tul.fi\/pohjanmaa\/wp-json\/wp\/v2\/comments?post=40"}],"version-history":[{"count":13,"href":"https:\/\/tul.fi\/pohjanmaa\/wp-json\/wp\/v2\/pages\/40\/revisions"}],"predecessor-version":[{"id":2073,"href":"https:\/\/tul.fi\/pohjanmaa\/wp-json\/wp\/v2\/pages\/40\/revisions\/2073"}],"wp:featuredmedia":[{"embeddable":true,"href":"https:\/\/tul.fi\/pohjanmaa\/wp-json\/wp\/v2\/media\/1862"}],"wp:attachment":[{"href":"https:\/\/tul.fi\/pohjanmaa\/wp-json\/wp\/v2\/media?parent=40"}],"curies":[{"name":"wp","href":"https:\/\/api.w.org\/{rel}","templated":true}]}}