{"id":2,"date":"2020-12-08T15:33:49","date_gmt":"2020-12-08T13:33:49","guid":{"rendered":"http:\/\/jarvi-suomi.tul-kopio.16.testivedos.com\/?page_id=2"},"modified":"2026-03-11T10:59:47","modified_gmt":"2026-03-11T08:59:47","slug":"etusivu","status":"publish","type":"page","link":"https:\/\/tul.fi\/satakunta\/","title":{"rendered":"Satakunnan piiri"},"content":{"rendered":"\n<p>Hyvinvointia hyv\u00e4ss\u00e4 seurassa.<\/p>\n\n\n\n<p>Liikkuminen on kaikkien oikeus i\u00e4st\u00e4, sukupuolesta, seksuaalisesta suuntautumisesta, varallisuudesta tai etnisest\u00e4 taustasta riippumatta. Tavoitteemme on huolehtia, ett\u00e4 jokaisella on mahdollisuus l\u00f6yt\u00e4\u00e4 liikunnan ilo hyv\u00e4ss\u00e4 seurassa.<\/p>\n\n\n\n<p>TUL:n Satakunnan piiri on yksi TUL:n j\u00e4senpiireist\u00e4. Satakunnan piiri on perustettu 30.3.1919 ja perustajaseuroina olivat Porin Pyrint\u00f6, Pihlavan Ponteva ja Rauman Toive. Piiriss\u00e4 on 57 j\u00e4senseuraa sek\u00e4 5 lajijaostoa. Piiri kuuluu TUL:n l\u00e4ntiseen alueeseen H\u00e4meen, Pohjanmaan, Tampereen ja Varsinais-Suomen piirien kanssa.<\/p>\n\n\n\n<p><strong>Liity postituslistalle<\/strong><br>Liittym\u00e4ll\u00e4 postituslistallemme saat ajankohtaiset asiat s\u00e4hk\u00f6postiisi. L\u00e4het\u00e4mme noin kuusi seurakirjett\u00e4 vuoden aikana. Voit poistua listalta milloin haluat.<\/p>\n\n\n\n<div class=\"wp-block-buttons has-custom-font-size has-small-font-size is-layout-flex wp-block-buttons-is-layout-flex\">\n<div class=\"wp-block-button\"><a class=\"wp-block-button__link has-blue-background-color has-background wp-element-button\" href=\"https:\/\/tul-lv.creamailer.fi\/survey\/3x0o7jdvncmbg\" target=\"_blank\" rel=\"noreferrer noopener\">Tilaa seurakirje<\/a><\/div>\n<\/div>\n\n\n\n<p>L\u00f6yd\u00e4t meid\u00e4t my\u00f6s <a href=\"http:\/\/facebook.com\/tulsatakunta\" target=\"_blank\" rel=\"noopener\" title=\"\">Facebookista <\/a>ja <a href=\"http:\/\/instagram.com\/tul_satakunta\" target=\"_blank\" rel=\"noopener\" title=\"\">Instagramista<\/a><\/p>\n\n\n\n<div class=\"wp-block-columns is-layout-flex wp-container-core-columns-is-layout-9d6595d7 wp-block-columns-is-layout-flex\">\n<div class=\"wp-block-column is-vertically-aligned-top is-layout-flow wp-block-column-is-layout-flow\" style=\"flex-basis:100%\"><\/div>\n<\/div>\n\n\n\n<hr class=\"wp-block-separator has-css-opacity is-style-wide\"\/>\n\n\n\n<figure class=\"wp-block-embed is-type-video is-provider-youtube wp-block-embed-youtube wp-embed-aspect-16-9 wp-has-aspect-ratio\"><div class=\"wp-block-embed__wrapper\">\n<iframe loading=\"lazy\" title=\"TUL:n Satakunnan piiri ry \u2013 Hyvinvointia hyv\u00e4ss\u00e4 seurassa\" width=\"500\" height=\"281\" src=\"https:\/\/www.youtube.com\/embed\/Z-C9aYxf58Y?feature=oembed\" frameborder=\"0\" allow=\"accelerometer; autoplay; clipboard-write; encrypted-media; gyroscope; picture-in-picture; web-share\" referrerpolicy=\"strict-origin-when-cross-origin\" allowfullscreen><\/iframe>\n<\/div><\/figure>\n\n\n\n<p><\/p>\n","protected":false},"excerpt":{"rendered":"<p>Hyvinvointia hyv\u00e4ss\u00e4 seurassa. Liikkuminen on kaikkien oikeus i\u00e4st\u00e4, sukupuolesta, seksuaalisesta suuntautumisesta, varallisuudesta tai etnisest\u00e4 taustasta riippumatta. Tavoitteemme on huolehtia, ett\u00e4 jokaisella on mahdollisuus l\u00f6yt\u00e4\u00e4 liikunnan ilo hyv\u00e4ss\u00e4 seurassa. TUL:n Satakunnan piiri on yksi TUL:n j\u00e4senpiireist\u00e4. Satakunnan piiri on perustettu 30.3.1919 ja perustajaseuroina olivat Porin Pyrint\u00f6, Pihlavan Ponteva ja Rauman Toive. Piiriss\u00e4 on 57 j\u00e4senseuraa sek\u00e4 [&hellip;]<\/p>\n","protected":false},"author":1,"featured_media":57,"parent":0,"menu_order":0,"comment_status":"closed","ping_status":"open","template":"","meta":{"_acf_changed":false,"footnotes":""},"class_list":["post-2","page","type-page","status-publish","has-post-thumbnail","hentry"],"acf":[],"aioseo_notices":[],"_links":{"self":[{"href":"https:\/\/tul.fi\/satakunta\/wp-json\/wp\/v2\/pages\/2","targetHints":{"allow":["GET"]}}],"collection":[{"href":"https:\/\/tul.fi\/satakunta\/wp-json\/wp\/v2\/pages"}],"about":[{"href":"https:\/\/tul.fi\/satakunta\/wp-json\/wp\/v2\/types\/page"}],"author":[{"embeddable":true,"href":"https:\/\/tul.fi\/satakunta\/wp-json\/wp\/v2\/users\/1"}],"replies":[{"embeddable":true,"href":"https:\/\/tul.fi\/satakunta\/wp-json\/wp\/v2\/comments?post=2"}],"version-history":[{"count":23,"href":"https:\/\/tul.fi\/satakunta\/wp-json\/wp\/v2\/pages\/2\/revisions"}],"predecessor-version":[{"id":3125,"href":"https:\/\/tul.fi\/satakunta\/wp-json\/wp\/v2\/pages\/2\/revisions\/3125"}],"wp:featuredmedia":[{"embeddable":true,"href":"https:\/\/tul.fi\/satakunta\/wp-json\/wp\/v2\/media\/57"}],"wp:attachment":[{"href":"https:\/\/tul.fi\/satakunta\/wp-json\/wp\/v2\/media?parent=2"}],"curies":[{"name":"wp","href":"https:\/\/api.w.org\/{rel}","templated":true}]}}