{"id":2359,"date":"2024-09-26T11:38:23","date_gmt":"2024-09-26T08:38:23","guid":{"rendered":"https:\/\/tul.fi\/satakunta\/?page_id=2359"},"modified":"2026-02-20T09:58:01","modified_gmt":"2026-02-20T07:58:01","slug":"jasenseurat","status":"publish","type":"page","link":"https:\/\/tul.fi\/satakunta\/yhteystiedot\/jasenseurat\/","title":{"rendered":"J\u00e4senseurat"},"content":{"rendered":"\n<div class=\"wp-block-columns is-layout-flex wp-container-core-columns-is-layout-9d6595d7 wp-block-columns-is-layout-flex\">\n<div class=\"wp-block-column is-layout-flow wp-block-column-is-layout-flow\">\n<p><a href=\"https:\/\/www.bcsisu.fi\/\" target=\"_blank\" rel=\"noopener\" title=\"\">BC Sisu<\/a><\/p>\n\n\n\n<p><a href=\"https:\/\/etu.sporttisaitti.com\/\" target=\"_blank\" rel=\"noopener\" title=\"\">Euran Ty\u00f6v\u00e4en Urheilijat<\/a><\/p>\n\n\n\n<p><a href=\"https:\/\/www.fculvila.fi\/\" target=\"_blank\" rel=\"noopener\" title=\"\">FC Ulvila<\/a><\/p>\n\n\n\n<p><a href=\"https:\/\/www.friitalanyritys.fi\/\" target=\"_blank\" rel=\"noopener\" title=\"\">Friitalan Yritys<\/a><\/p>\n\n\n\n<p>Harjavallan Haka<\/p>\n\n\n\n<p>Harjavallan Seudun Urheilukalastajat<\/p>\n\n\n\n<p>Harjavallan Ty\u00f6v\u00e4en Urheilijat<\/p>\n\n\n\n<p><a href=\"https:\/\/www.harjunpaantuisku.net\/\" target=\"_blank\" rel=\"noopener\" title=\"\">Harjunp\u00e4\u00e4n Tuisku<\/a><\/p>\n\n\n\n<p>Isojoenrannan Mahti<\/p>\n\n\n\n<p><a href=\"https:\/\/joli.sporttisaitti.com\/\" target=\"_blank\" rel=\"noopener\" title=\"\">Jokilaakson Liikkujat<\/a><\/p>\n\n\n\n<p>Kala-Karhut<\/p>\n\n\n\n<p><a href=\"https:\/\/kankaanpaanpallo.sporttisaitti.com\/\" target=\"_blank\" rel=\"noopener\" title=\"\">Kankaanp\u00e4\u00e4n Pallo<\/a><\/p>\n\n\n\n<p>Keiky\u00e4n Yritys<\/p>\n\n\n\n<p><a href=\"https:\/\/kisailijat.seura.me\/\" target=\"_blank\" rel=\"noopener\" title=\"\">Kiukaisten Kisailijat<\/a><\/p>\n\n\n\n<p><a href=\"https:\/\/www.koivistonisku.fi\/\" target=\"_blank\" rel=\"noopener\" title=\"\">Koiviston Isku<\/a><\/p>\n\n\n\n<p>Kortelan Ryhti<\/p>\n\n\n\n<p>Kyl\u00e4saaren Pyry<\/p>\n\n\n\n<p><a href=\"https:\/\/www.lapintempo.com\/\" target=\"_blank\" rel=\"noopener\" title=\"\">Lapin Tempo<\/a><\/p>\n\n\n\n<p><a href=\"https:\/\/www.lattomerentoive.fi\/\" target=\"_blank\" rel=\"noopener\" title=\"\">Lattomeren Toive<\/a><\/p>\n\n\n\n<p>Lauttakyl\u00e4n Pyry<\/p>\n\n\n\n<p>Lavian Puhti<\/p>\n\n\n\n<p><a href=\"http:\/\/www.luvianvenekolmio.fi\/\" target=\"_blank\" rel=\"noopener\" title=\"\">Luvian Vene-Kolmio<\/a><\/p>\n\n\n\n<p>Merikarvian Voimailijat<\/p>\n\n\n\n<p><a href=\"https:\/\/musansalama.fi\/\" target=\"_blank\" rel=\"noopener\" title=\"\">Musan Salama<\/a><\/p>\n\n\n\n<p><a href=\"https:\/\/www.mantyluodonkiri.fi\/\" target=\"_blank\" rel=\"noopener\" title=\"\">M\u00e4ntyluodon Kiri<\/a><\/p>\n\n\n\n<p><a href=\"https:\/\/www.nakkilanwisa.fi\/\" target=\"_blank\" rel=\"noopener\" title=\"\">Nakkilan Wisa<\/a><\/p>\n\n\n\n<p><a href=\"https:\/\/www.nokianpyry.fi\/\" target=\"_blank\" rel=\"noopener\" title=\"\">Nokian Pyry<\/a><\/p>\n\n\n\n<p><a href=\"https:\/\/www.noormarkunkoitto.fi\/\" target=\"_blank\" rel=\"noopener\" title=\"\">Noormarkun Koitto<\/a><\/p>\n\n\n\n<p>Panelian Toive<\/p>\n<\/div>\n\n\n\n<div class=\"wp-block-column is-layout-flow wp-block-column-is-layout-flow\">\n<p><a href=\"https:\/\/ptusport.fi\/\" target=\"_blank\" rel=\"noopener\" title=\"\">Pihlavan Ty\u00f6v\u00e4en Urheilijat<\/a><\/p>\n\n\n\n<p>Pomarkun Ura<\/p>\n\n\n\n<p><a href=\"https:\/\/porilentis.sporttisaitti.com\/\" target=\"_blank\" rel=\"noopener\" title=\"\">Pori Lentis<\/a><\/p>\n\n\n\n<p><a href=\"https:\/\/karhumolkky.seura.info\/\" target=\"_blank\" rel=\"noopener\" title=\"\">Porin Karhum\u00f6lkky<\/a><\/p>\n\n\n\n<p>Porin Karhuretkeilij\u00e4t<\/p>\n\n\n\n<p>Porin Palokunnan Urheilijat<\/p>\n\n\n\n<p><a href=\"https:\/\/www.porinpursiseura.com\/\" target=\"_blank\" rel=\"noopener\" title=\"\">Porin Pursiseura<\/a><\/p>\n\n\n\n<p><a href=\"https:\/\/www.porinpyrinto.fi\/\" target=\"_blank\" rel=\"noopener\" title=\"\">Porin Pyrint\u00f6<\/a><\/p>\n\n\n\n<p><a href=\"https:\/\/shakkipori.fi\/\" target=\"_blank\" rel=\"noopener\" title=\"\">Porin Shakinyst\u00e4v\u00e4t<\/a><\/p>\n\n\n\n<p>Porin Ty\u00f6v\u00e4en Naisvoimistelijat<\/p>\n\n\n\n<p><a href=\"http:\/\/www.porinveneilijat.fi\/\" target=\"_blank\" rel=\"noopener\" title=\"\">Porin Veneilij\u00e4t<\/a><\/p>\n\n\n\n<p><a href=\"https:\/\/www.porinvoimailijat.fi\/\" target=\"_blank\" rel=\"noopener\" title=\"\">Porin Voimailijat-81<\/a><\/p>\n\n\n\n<p><a href=\"https:\/\/www.porinyleisurheilu.fi\/\" target=\"_blank\" rel=\"noopener\" title=\"\">Porin Yleisurheilu<\/a><\/p>\n\n\n\n<p><a href=\"https:\/\/preiviikinkiri.sporttisaitti.com\/\" target=\"_blank\" rel=\"noopener\" title=\"\">Preiviikin Kiri<\/a><\/p>\n\n\n\n<p><a href=\"http:\/\/raumankisaveljet.omasivu.fi\/\" target=\"_blank\" rel=\"noopener\" title=\"\">Rauman Kisa-Veljet<\/a><\/p>\n\n\n\n<p><a href=\"https:\/\/www.rns.fi\/\" target=\"_blank\" rel=\"noopener\" title=\"\">Rauman Navigaatioseura<\/a><\/p>\n\n\n\n<p><a href=\"http:\/\/www.raumantu.fi\/\" target=\"_blank\" rel=\"noopener\" title=\"\">Rauman Ty\u00f6v\u00e4en Urheilijat<\/a><\/p>\n\n\n\n<p><a href=\"https:\/\/www.rtvry.fi\/\" target=\"_blank\" rel=\"noopener\" title=\"\">Rauman Ty\u00f6v\u00e4en Veneilij\u00e4t<\/a><\/p>\n\n\n\n<p>Reposaaren Kunto<\/p>\n\n\n\n<p>Ruosniemen Visa<\/p>\n\n\n\n<p><a href=\"https:\/\/www.tkd-sastamala.net\/\" target=\"_blank\" rel=\"noopener\" title=\"\">Sastamalan Taekwon-Do seura<\/a><\/p>\n\n\n\n<p><a href=\"https:\/\/www.storminteras.fi\/\" target=\"_blank\" rel=\"noopener\" title=\"\">Stormin Ter\u00e4s<\/a><\/p>\n\n\n\n<p>Suosmeren Salpa<\/p>\n\n\n\n<p>S\u00e4kyl\u00e4n Yritys<\/p>\n\n\n\n<p>Telj\u00e4n Nousu<\/p>\n\n\n\n<p><a href=\"http:\/\/www.toejoenveikot.fi\/\" target=\"_blank\" rel=\"noopener\" title=\"\">Toejoen Veikot<\/a><\/p>\n\n\n\n<p>Toukarin Reipas<\/p>\n\n\n\n<p>Uotilan Ty\u00f6v\u00e4en Urheilijat<\/p>\n<\/div>\n<\/div>\n","protected":false},"excerpt":{"rendered":"<p>BC Sisu Euran Ty\u00f6v\u00e4en Urheilijat FC Ulvila Friitalan Yritys Harjavallan Haka Harjavallan Seudun Urheilukalastajat Harjavallan Ty\u00f6v\u00e4en Urheilijat Harjunp\u00e4\u00e4n Tuisku Isojoenrannan Mahti Jokilaakson Liikkujat Kala-Karhut Kankaanp\u00e4\u00e4n Pallo Keiky\u00e4n Yritys Kiukaisten Kisailijat Koiviston Isku Kortelan Ryhti Kyl\u00e4saaren Pyry Lapin Tempo Lattomeren Toive Lauttakyl\u00e4n Pyry Lavian Puhti Luvian Vene-Kolmio Merikarvian Voimailijat Musan Salama M\u00e4ntyluodon Kiri Nakkilan Wisa Nokian [&hellip;]<\/p>\n","protected":false},"author":17,"featured_media":0,"parent":40,"menu_order":0,"comment_status":"closed","ping_status":"closed","template":"","meta":{"_acf_changed":false,"footnotes":""},"class_list":["post-2359","page","type-page","status-publish","hentry"],"acf":[],"aioseo_notices":[],"_links":{"self":[{"href":"https:\/\/tul.fi\/satakunta\/wp-json\/wp\/v2\/pages\/2359","targetHints":{"allow":["GET"]}}],"collection":[{"href":"https:\/\/tul.fi\/satakunta\/wp-json\/wp\/v2\/pages"}],"about":[{"href":"https:\/\/tul.fi\/satakunta\/wp-json\/wp\/v2\/types\/page"}],"author":[{"embeddable":true,"href":"https:\/\/tul.fi\/satakunta\/wp-json\/wp\/v2\/users\/17"}],"replies":[{"embeddable":true,"href":"https:\/\/tul.fi\/satakunta\/wp-json\/wp\/v2\/comments?post=2359"}],"version-history":[{"count":4,"href":"https:\/\/tul.fi\/satakunta\/wp-json\/wp\/v2\/pages\/2359\/revisions"}],"predecessor-version":[{"id":3108,"href":"https:\/\/tul.fi\/satakunta\/wp-json\/wp\/v2\/pages\/2359\/revisions\/3108"}],"up":[{"embeddable":true,"href":"https:\/\/tul.fi\/satakunta\/wp-json\/wp\/v2\/pages\/40"}],"wp:attachment":[{"href":"https:\/\/tul.fi\/satakunta\/wp-json\/wp\/v2\/media?parent=2359"}],"curies":[{"name":"wp","href":"https:\/\/api.w.org\/{rel}","templated":true}]}}