{"id":2365,"date":"2024-09-26T12:27:54","date_gmt":"2024-09-26T09:27:54","guid":{"rendered":"https:\/\/tul.fi\/satakunta\/?page_id=2365"},"modified":"2026-03-11T11:07:16","modified_gmt":"2026-03-11T09:07:16","slug":"piirin-yhteystiedot","status":"publish","type":"page","link":"https:\/\/tul.fi\/satakunta\/yhteystiedot\/piirin-yhteystiedot\/","title":{"rendered":"Piirin yhteystiedot"},"content":{"rendered":"\n<div class=\"wp-block-columns is-layout-flex wp-container-core-columns-is-layout-9d6595d7 wp-block-columns-is-layout-flex\">\n<div class=\"wp-block-column is-layout-flow wp-block-column-is-layout-flow\">\n<h2 class=\"wp-block-heading\">Piiritoimisto<\/h2>\n<\/div>\n\n\n\n<div class=\"wp-block-column is-layout-flow wp-block-column-is-layout-flow\">\n<h2 class=\"wp-block-heading\">Henkil\u00f6st\u00f6<\/h2>\n<\/div>\n<\/div>\n\n\n\n<div class=\"wp-block-columns is-layout-flex wp-container-core-columns-is-layout-9d6595d7 wp-block-columns-is-layout-flex\">\n<div class=\"wp-block-column is-layout-flow wp-block-column-is-layout-flow\">\n<p>Postiosoite: Antinkatu 9 B 24, 28100 Pori<br>K\u00e4yntiosoite: Antinkatu 9 A 4, 28100 Pori<\/p>\n\n\n\n<p>satakunta@tul.fi<br>044&nbsp;024 4100<\/p>\n\n\n\n<p>Piiritoimisto on avoinna sopimuksen mukaan. <\/p>\n\n\n\n<h4 class=\"wp-block-heading\"><strong>Laskutusosoitteet<\/strong><\/h4>\n\n\n\n<p>Suomen Ty\u00f6v\u00e4en Urheiluliitto TUL ry:n Satakunnan piiri ry<br>Y-tunnus: 0841433-9<\/p>\n\n\n\n<p><strong>Verkkolaskut<\/strong><br>Osoite: 003708414339<br>Operaattori: Maventa (003721291126)<br>V\u00e4litt\u00e4j\u00e4tunnus pankkiverkosta l\u00e4hetett\u00e4ess\u00e4: DABAFIHH<\/p>\n\n\n\n<p><strong>S\u00e4hk\u00f6postilaskut<\/strong><br>08414339@scan.netvisor.fi<\/p>\n\n\n\n<p><strong>Paperilaskut<\/strong><br>TUL Satakunnan piiri ry<br>08414339<br>PL 100<br>80020 Kollektor Scan<\/p>\n\n\n\n<p><a href=\"https:\/\/tul.fi\/satakunta\/wp-content\/uploads\/sites\/9\/2025\/10\/laskutustiedot.pdf\" target=\"_blank\" rel=\"noopener\" title=\"\">Katso tarkemmat laskutusohjeet t\u00e4st\u00e4.<\/a><\/p>\n<\/div>\n\n\n\n<div class=\"wp-block-column is-layout-flow wp-block-column-is-layout-flow\">\n<p><strong>Toiminnanjohtaja<\/strong><br>Jarno Blomster<br>jarno.blomster@tul.fi<br>044&nbsp;537 4765<\/p>\n\n\n\n<p><strong>Toimistosihteeri<\/strong><br>Heli Malja<br>heli.malja@tul.fi<br>0440 244 100<\/p>\n\n\n\n<p><strong>Liikunnasta hyvinvointia<\/strong> \/ <strong>Hiihto- ja rullaluistink\u00e4rry<br><\/strong>P\u00e4ivi Luontola<br>paivi.luontola@tul.fi<br>0400 817 114<\/p>\n\n\n\n<p><strong>Iltap\u00e4iv\u00e4toiminnan esihenkil\u00f6<\/strong><br>Paula Paija-Aho<br>paula.paija-aho@tul.fi<br>0440 244 130<\/p>\n<\/div>\n<\/div>\n\n\n\n<h2 class=\"wp-block-heading\">Piirij\u00e4rjest\u00f6<\/h2>\n\n\n\n<div class=\"wp-block-columns is-layout-flex wp-container-core-columns-is-layout-9d6595d7 wp-block-columns-is-layout-flex\">\n<div class=\"wp-block-column is-layout-flow wp-block-column-is-layout-flow\">\n<h3 class=\"wp-block-heading\">Hallitus<\/h3>\n\n\n\n<p><strong>Puheenjohtaja<\/strong><br>Timo Lehtonen<br>ttlehtonen61@gmail.com<br>044 984 1607<\/p>\n\n\n\n<p><strong>Varapuheenjohtaja<\/strong><br>Pirjo M\u00e4ki<br>pirjoamaki@gmail.com<br>040 746 3144<\/p>\n<\/div>\n\n\n\n<div class=\"wp-block-column is-layout-flow wp-block-column-is-layout-flow\">\n<h3 class=\"wp-block-heading\">J\u00e4senet<\/h3>\n\n\n\n<p>Juha Gr\u00f6nmark, Reposaaren Kunto<br>Raija Kukkakorpi, Kyl\u00e4saaren Pyry<br>Satu Lehtinen, Kyl\u00e4saaren Pyry<br>Mikko-Tapio Mattila, Musan Salama<br>Tomi Rantanen, Harjavallan Ty\u00f6v\u00e4en Urheilijat<br>Mirka Rimpel\u00e4, Noormarkun Koitto<br>Jussi Vuorenniemi, Nokian Pyry<\/p>\n<\/div>\n<\/div>\n\n\n\n<div class=\"wp-block-columns is-layout-flex wp-container-core-columns-is-layout-9d6595d7 wp-block-columns-is-layout-flex\">\n<div class=\"wp-block-column is-layout-flow wp-block-column-is-layout-flow\">\n<h3 class=\"wp-block-heading\">Valtuusto<\/h3>\n\n\n\n<p>Piiriss\u00e4 toimii piirivaltuusto, joka kokoontuu kaksi kertaa vuodessa.<\/p>\n\n\n\n<p><strong>Puheenjohtaja<\/strong><br>Mikko Vuorinen<br>Nokian Pyry<\/p>\n\n\n\n<p><strong>Varapuheenjohtaja<\/strong><br>Eija Hakala<br>Porin Ty\u00f6v\u00e4en Naisvoimistelijat<\/p>\n<\/div>\n\n\n\n<div class=\"wp-block-column is-layout-flow wp-block-column-is-layout-flow\">\n<h3 class=\"wp-block-heading\">J\u00e4senet<\/h3>\n\n\n\n<p>Mira Aalto, Nokian Pyry<br>Kirsi Jokisuo, Pihlavan Ty\u00f6v\u00e4en Urheilijat<br>Henri Karjalainen, Porin Karhum\u00f6lkky<br>Jan Kaski, Musan Salama<br>Kai Koski, Porin Yleisurheilu<br>Kari Lehtinen, Rauman Ty\u00f6v\u00e4en Veneilij\u00e4t<br>Timo Mansikka, Noormarkun Koitto<br>Sanna M\u00e4nnist\u00f6, Reposaaren Kunto<br>Miika Rantanen, Rauman Ty\u00f6v\u00e4en Urheilijat<br>Timo Saario, Porin Karhuretkeilij\u00e4t<br>Simo Suomi, Jokilaakson Liikkujat<br>Osmo Tunturivuori, Harjavallan Ty\u00f6v\u00e4en Urheilijat<br>Pekka Tuori, Harjunp\u00e4\u00e4n Tuisku<br>Tarmo Vajavaara, Harjavallan Seudun Urheilukalastajat<br>Reijo Viinam\u00e4ki, Nakkilan Wisa<\/p>\n\n\n\n<p><strong>Varaj\u00e4senet<\/strong><\/p>\n\n\n\n<p>Pekka Villanen, Nokian Pyry<br>Mika Kallio, Pihlavan Ty\u00f6v\u00e4en Urheilijat<br>Jarkko Vainio, Rauman Ty\u00f6v\u00e4en Urheilijat<br>Jarmo Koskinen, Porin Pyrint\u00f6<br>Katri Ranne, Lattomeren Toive<\/p>\n<\/div>\n<\/div>\n\n\n\n<h3 class=\"wp-block-heading\">Piirin jaostot 2026 \u2013 2028<\/h3>\n\n\n\n<div class=\"wp-block-columns is-layout-flex wp-container-core-columns-is-layout-9d6595d7 wp-block-columns-is-layout-flex\">\n<div class=\"wp-block-column is-layout-flow wp-block-column-is-layout-flow\">\n<p><strong>Jalkapallojaosto<\/strong><br>Puheenjohtaja Mikko-Tapio Mattila (Musan Salama)<br>mikko@autopeltikorjaamo.com<\/p>\n\n\n\n<p><strong>Harrasteliikuntajaosto<\/strong><br>Puheenjohtaja P\u00e4ivi Luontola (piiritoimisto)<br>paivi.luontola@tul.fi<\/p>\n\n\n\n<p><strong>Seniorijaosto<\/strong><br>Puheenjohtaja Hannu M\u00e4kinen (Porin Pyrint\u00f6)<br>makinen.hannut@gmail.com<\/p>\n<\/div>\n\n\n\n<div class=\"wp-block-column is-layout-flow wp-block-column-is-layout-flow\">\n<p><strong>Urheilujaosto<\/strong><br>Puheenjohtaja Jarno Blomster (piiritoimisto)<br>jarno.blomster@tul.fi<\/p>\n\n\n\n<p><strong>Veneilyjaosto<\/strong><br>Puheenjohtaja Pasi Siltanen (Rauman Ty\u00f6v\u00e4en Veneilij\u00e4t)<br>psiltanen27@gmail.com<\/p>\n<\/div>\n<\/div>\n","protected":false},"excerpt":{"rendered":"<p>Piiritoimisto Henkil\u00f6st\u00f6 Postiosoite: Antinkatu 9 B 24, 28100 PoriK\u00e4yntiosoite: Antinkatu 9 A 4, 28100 Pori satakunta@tul.fi044&nbsp;024 4100 Piiritoimisto on avoinna sopimuksen mukaan. Laskutusosoitteet Suomen Ty\u00f6v\u00e4en Urheiluliitto TUL ry:n Satakunnan piiri ryY-tunnus: 0841433-9 VerkkolaskutOsoite: 003708414339Operaattori: Maventa (003721291126)V\u00e4litt\u00e4j\u00e4tunnus pankkiverkosta l\u00e4hetett\u00e4ess\u00e4: DABAFIHH S\u00e4hk\u00f6postilaskut08414339@scan.netvisor.fi PaperilaskutTUL Satakunnan piiri ry08414339PL 10080020 Kollektor Scan Katso tarkemmat laskutusohjeet t\u00e4st\u00e4. ToiminnanjohtajaJarno Blomsterjarno.blomster@tul.fi044&nbsp;537 4765 ToimistosihteeriHeli [&hellip;]<\/p>\n","protected":false},"author":17,"featured_media":0,"parent":40,"menu_order":0,"comment_status":"closed","ping_status":"closed","template":"","meta":{"_acf_changed":false,"footnotes":""},"class_list":["post-2365","page","type-page","status-publish","hentry"],"acf":[],"aioseo_notices":[],"_links":{"self":[{"href":"https:\/\/tul.fi\/satakunta\/wp-json\/wp\/v2\/pages\/2365","targetHints":{"allow":["GET"]}}],"collection":[{"href":"https:\/\/tul.fi\/satakunta\/wp-json\/wp\/v2\/pages"}],"about":[{"href":"https:\/\/tul.fi\/satakunta\/wp-json\/wp\/v2\/types\/page"}],"author":[{"embeddable":true,"href":"https:\/\/tul.fi\/satakunta\/wp-json\/wp\/v2\/users\/17"}],"replies":[{"embeddable":true,"href":"https:\/\/tul.fi\/satakunta\/wp-json\/wp\/v2\/comments?post=2365"}],"version-history":[{"count":9,"href":"https:\/\/tul.fi\/satakunta\/wp-json\/wp\/v2\/pages\/2365\/revisions"}],"predecessor-version":[{"id":3126,"href":"https:\/\/tul.fi\/satakunta\/wp-json\/wp\/v2\/pages\/2365\/revisions\/3126"}],"up":[{"embeddable":true,"href":"https:\/\/tul.fi\/satakunta\/wp-json\/wp\/v2\/pages\/40"}],"wp:attachment":[{"href":"https:\/\/tul.fi\/satakunta\/wp-json\/wp\/v2\/media?parent=2365"}],"curies":[{"name":"wp","href":"https:\/\/api.w.org\/{rel}","templated":true}]}}