{"id":262,"date":"2021-03-16T15:11:38","date_gmt":"2021-03-16T13:11:38","guid":{"rendered":"https:\/\/tul.fi\/satakunta\/?page_id=262"},"modified":"2025-10-03T09:59:38","modified_gmt":"2025-10-03T06:59:38","slug":"valinevuokraus","status":"publish","type":"page","link":"https:\/\/tul.fi\/satakunta\/toiminta\/valinevuokraus\/","title":{"rendered":"V\u00e4linevuokraus"},"content":{"rendered":"\n<p>TUL:n Satakunnan piirilt\u00e4 on mahdollisuus vuokrata erilaista v\u00e4lineist\u00f6\u00e4. <\/p>\n\n\n\n<p>Hinnat eiv\u00e4t sis\u00e4ll\u00e4 kuljetuskustannuksia tai tavaran luovutuksesta aiheutuvia lis\u00e4kustannuksia ty\u00f6ajassa.<br><strong>Yksityishenkil\u00f6ilt\u00e4 k\u00e4teis-\/korttimaksu tavaroita noudettaessa<\/strong>, pois lukien auton ja hiihtok\u00e4rryn vuokraus. <br>Seuroilta ja yhdistyksilt\u00e4 laskutus mahdollinen,<strong> laskutuksiin lis\u00e4t\u00e4\u00e4n laskutuslis\u00e4 5 \u20ac<\/strong>.<\/p>\n\n\n\n<h2 class=\"wp-block-heading\">Auto<\/h2>\n\n\n\n<figure class=\"wp-block-table is-style-stripes\"><table class=\"has-fixed-layout\"><thead><tr><th class=\"has-text-align-left\" data-align=\"left\"><\/th><th class=\"has-text-align-left\" data-align=\"left\">Hinta TUL:n j\u00e4senille<\/th><th class=\"has-text-align-left\" data-align=\"left\">Hinta muille<\/th><th class=\"has-text-align-left\" data-align=\"left\"><\/th><\/tr><\/thead><tbody><tr><td class=\"has-text-align-left\" data-align=\"left\">Auto<br>Toyota Proace Verso, <br>1 + 8 paikkaa<\/td><td class=\"has-text-align-left\" data-align=\"left\">0,45 \u20ac\/km<br>300 km j\u00e4lkeen <br>0,28 \u20ac\/km<\/td><td class=\"has-text-align-left\" data-align=\"left\">0,55 \u20ac\/km<br>300 km j\u00e4lkeen <br>0,35 \u20ac\/km<\/td><td class=\"has-text-align-left\" data-align=\"left\">Auton kustannukset sis\u00e4lt\u00e4v\u00e4t polttoaineet.<\/td><\/tr><\/tbody><\/table><\/figure>\n\n\n\n<p><a href=\"https:\/\/tul.fi\/satakunta\/wp-content\/uploads\/sites\/9\/2025\/10\/Auton-lainausehdot.pdf\" target=\"_blank\" rel=\"noopener\" title=\"\">Auton lainausehdot<\/a><\/p>\n\n\n\n<p><strong>Lis\u00e4tiedot ja varaukset:<\/strong><br>Jarno Blomster, 044 537 4765, jarno.blomster@tul.fi<\/p>\n\n\n\n<h2 class=\"wp-block-heading\">Hiihto- ja rullaluistink\u00e4rry<\/h2>\n\n\n\n<figure class=\"wp-block-table is-style-stripes\"><table class=\"has-fixed-layout\"><thead><tr><th class=\"has-text-align-left\" data-align=\"left\"><\/th><th class=\"has-text-align-left\" data-align=\"left\">Hinta TUL:n j\u00e4senille<\/th><th class=\"has-text-align-left\" data-align=\"left\">Hinta muille<\/th><th class=\"has-text-align-left\" data-align=\"left\"><\/th><\/tr><\/thead><tbody><tr><td class=\"has-text-align-left\" data-align=\"left\">Hiihto- ja rullaluistink\u00e4rry<\/td><td class=\"has-text-align-left\" data-align=\"left\">170 \u20ac\/p\u00e4iv\u00e4<\/td><td class=\"has-text-align-left\" data-align=\"left\">230 \u20ac\/p\u00e4iv\u00e4<\/td><td class=\"has-text-align-left\" data-align=\"left\">Vuokraus sis\u00e4lt\u00e4\u00e4 ohjaajan.<\/td><\/tr><tr><td class=\"has-text-align-left\" data-align=\"left\">Lumikeng\u00e4t<\/td><td class=\"has-text-align-left\" data-align=\"left\">10 \u20ac pari (1-3 vuorokautta)<\/td><td class=\"has-text-align-left\" data-align=\"left\">15 \u20ac pari (1-3 vuorokautta)<\/td><td class=\"has-text-align-left\" data-align=\"left\"><\/td><\/tr><\/tbody><\/table><\/figure>\n\n\n\n<p><strong>Lis\u00e4tiedot ja varaukset:<\/strong><br>P\u00e4ivi Luontola, 0400 817 114, paivi.luontola@tul.fi<\/p>\n\n\n\n<h2 class=\"wp-block-heading\">Muut v\u00e4lineet \/ palvelut<\/h2>\n\n\n\n<figure class=\"wp-block-table is-style-stripes\"><table class=\"has-fixed-layout\"><thead><tr><th class=\"has-text-align-left\" data-align=\"left\"><\/th><th class=\"has-text-align-left\" data-align=\"left\">Hinta TUL:n j\u00e4senille<\/th><th class=\"has-text-align-left\" data-align=\"left\">Hinta muille<\/th><th class=\"has-text-align-left\" data-align=\"left\"><\/th><\/tr><\/thead><tbody><tr><td class=\"has-text-align-left\" data-align=\"left\">Teltta <br>3 x 3 m ja 3 x 6 m<\/td><td class=\"has-text-align-left\" data-align=\"left\">20 \u20ac tapahtuma<\/td><td class=\"has-text-align-left\" data-align=\"left\">30 \u20ac tapahtuma<\/td><td class=\"has-text-align-left\" data-align=\"left\"><\/td><\/tr><tr><td class=\"has-text-align-left\" data-align=\"left\">Liikuntav\u00e4lineet<\/td><td class=\"has-text-align-left\" data-align=\"left\">alkaen 15 \u20ac\/tapahtuma<\/td><td class=\"has-text-align-left\" data-align=\"left\">alkaen 25 \u20ac\/tapahtuma<\/td><td class=\"has-text-align-left\" data-align=\"left\"><\/td><\/tr><tr><td class=\"has-text-align-left\" data-align=\"left\">Kokoustila<\/td><td class=\"has-text-align-left\" data-align=\"left\">20 \u20ac\/kokous<\/td><td class=\"has-text-align-left\" data-align=\"left\">30 \u20ac\/kokous<\/td><td class=\"has-text-align-left\" data-align=\"left\">sis\u00e4lt\u00e4\u00e4 kahvin<\/td><\/tr><tr><td class=\"has-text-align-left\" data-align=\"left\">Videotykki<\/td><td class=\"has-text-align-left\" data-align=\"left\">20 \u20ac\/vuokraus<\/td><td class=\"has-text-align-left\" data-align=\"left\">25 \u20ac\/vuokraus<\/td><td class=\"has-text-align-left\" data-align=\"left\"><\/td><\/tr><tr><td class=\"has-text-align-left\" data-align=\"left\">\u00c4\u00e4nentoistolaitteet<\/td><td class=\"has-text-align-left\" data-align=\"left\">alkaen 20 \u20ac\/vuokraus<\/td><td class=\"has-text-align-left\" data-align=\"left\">alkaen 25 \u20ac\/vuokraus<\/td><td class=\"has-text-align-left\" data-align=\"left\"><\/td><\/tr><tr><td class=\"has-text-align-left\" data-align=\"left\">Toimistopalvelut<\/td><td class=\"has-text-align-left\" data-align=\"left\">mustavalkokopio<\/td><td class=\"has-text-align-left\" data-align=\"left\">0,30 \u20ac\/kpl<\/td><td class=\"has-text-align-left\" data-align=\"left\"><\/td><\/tr><tr><td class=\"has-text-align-left\" data-align=\"left\"><\/td><td class=\"has-text-align-left\" data-align=\"left\">v\u00e4rikopio<\/td><td class=\"has-text-align-left\" data-align=\"left\">0,40 \u20ac\/kpl<\/td><td class=\"has-text-align-left\" data-align=\"left\"><\/td><\/tr><\/tbody><\/table><\/figure>\n\n\n\n<p><strong>Lis\u00e4tiedot ja varaukset:<\/strong><br>TUL:n Porin toimisto, 044 024 4100, satakunta@tul.fi<\/p>\n","protected":false},"excerpt":{"rendered":"<p>TUL:n Satakunnan piirilt\u00e4 on mahdollisuus vuokrata erilaista v\u00e4lineist\u00f6\u00e4. Hinnat eiv\u00e4t sis\u00e4ll\u00e4 kuljetuskustannuksia tai tavaran luovutuksesta aiheutuvia lis\u00e4kustannuksia ty\u00f6ajassa.Yksityishenkil\u00f6ilt\u00e4 k\u00e4teis-\/korttimaksu tavaroita noudettaessa, pois lukien auton ja hiihtok\u00e4rryn vuokraus. Seuroilta ja yhdistyksilt\u00e4 laskutus mahdollinen, laskutuksiin lis\u00e4t\u00e4\u00e4n laskutuslis\u00e4 5 \u20ac. Auto Hinta TUL:n j\u00e4senille Hinta muille AutoToyota Proace Verso, 1 + 8 paikkaa 0,45 \u20ac\/km300 km j\u00e4lkeen 0,28 [&hellip;]<\/p>\n","protected":false},"author":17,"featured_media":0,"parent":69,"menu_order":0,"comment_status":"closed","ping_status":"closed","template":"","meta":{"_acf_changed":false,"footnotes":""},"class_list":["post-262","page","type-page","status-publish","hentry"],"acf":[],"aioseo_notices":[],"_links":{"self":[{"href":"https:\/\/tul.fi\/satakunta\/wp-json\/wp\/v2\/pages\/262","targetHints":{"allow":["GET"]}}],"collection":[{"href":"https:\/\/tul.fi\/satakunta\/wp-json\/wp\/v2\/pages"}],"about":[{"href":"https:\/\/tul.fi\/satakunta\/wp-json\/wp\/v2\/types\/page"}],"author":[{"embeddable":true,"href":"https:\/\/tul.fi\/satakunta\/wp-json\/wp\/v2\/users\/17"}],"replies":[{"embeddable":true,"href":"https:\/\/tul.fi\/satakunta\/wp-json\/wp\/v2\/comments?post=262"}],"version-history":[{"count":22,"href":"https:\/\/tul.fi\/satakunta\/wp-json\/wp\/v2\/pages\/262\/revisions"}],"predecessor-version":[{"id":2938,"href":"https:\/\/tul.fi\/satakunta\/wp-json\/wp\/v2\/pages\/262\/revisions\/2938"}],"up":[{"embeddable":true,"href":"https:\/\/tul.fi\/satakunta\/wp-json\/wp\/v2\/pages\/69"}],"wp:attachment":[{"href":"https:\/\/tul.fi\/satakunta\/wp-json\/wp\/v2\/media?parent=262"}],"curies":[{"name":"wp","href":"https:\/\/api.w.org\/{rel}","templated":true}]}}