{"id":365,"date":"2021-05-04T15:31:13","date_gmt":"2021-05-04T12:31:13","guid":{"rendered":"https:\/\/tul.fi\/satakunta\/?page_id=365"},"modified":"2021-08-17T16:18:31","modified_gmt":"2021-08-17T13:18:31","slug":"molkky-hyvinvointihanke","status":"publish","type":"page","link":"https:\/\/tul.fi\/satakunta\/molkky-hyvinvointihanke\/","title":{"rendered":"M\u00f6lkky-hyvinvointihanke"},"content":{"rendered":"\n<h2 class=\"wp-block-heading\">M\u00f6lkky harrastukseksi sinulle?<\/h2>\n\n\n\n<p>Onko M\u00f6lkky tuttu peli? <br>Oletko koskaan ajatellut, ett\u00e4 M\u00f6lkky voisi olla my\u00f6s harrastus tai kilpapeli?<br>Tule tutustumaan!<\/p>\n\n\n\n<figure class=\"wp-block-image size-large is-style-default\"><img loading=\"lazy\" decoding=\"async\" width=\"1024\" height=\"576\" src=\"https:\/\/tul.fi\/satakunta\/wp-content\/uploads\/sites\/9\/2021\/05\/molkky-hyvinvointihanke-1024x576.jpg\" alt=\"\" class=\"wp-image-366\" srcset=\"https:\/\/tul.fi\/satakunta\/wp-content\/uploads\/sites\/9\/2021\/05\/molkky-hyvinvointihanke-1024x576.jpg 1024w, https:\/\/tul.fi\/satakunta\/wp-content\/uploads\/sites\/9\/2021\/05\/molkky-hyvinvointihanke-300x169.jpg 300w, https:\/\/tul.fi\/satakunta\/wp-content\/uploads\/sites\/9\/2021\/05\/molkky-hyvinvointihanke-768x432.jpg 768w, https:\/\/tul.fi\/satakunta\/wp-content\/uploads\/sites\/9\/2021\/05\/molkky-hyvinvointihanke-1536x864.jpg 1536w, https:\/\/tul.fi\/satakunta\/wp-content\/uploads\/sites\/9\/2021\/05\/molkky-hyvinvointihanke.jpg 1920w, https:\/\/tul.fi\/satakunta\/wp-content\/uploads\/sites\/9\/2021\/05\/molkky-hyvinvointihanke-1200x675.jpg 1200w\" sizes=\"auto, (max-width: 1024px) 100vw, 1024px\" \/><\/figure>\n\n\n\n<h3 class=\"wp-block-heading\">M\u00f6lkky-syystutustumiset<\/h3>\n\n\n\n<p>Lajin tutustumistapahtumia Kirjurinluodossa viikon 35 alussa.<br>Tapahtumat ovat maksuttomia ja avoimia kaikille porilaisille.<br>Tapahtumissa arvotaan osallistujien kesken Tacticin perhepelej\u00e4!<br>Tapahtumissa s\u00e4\u00e4varaus eli sateen sattuessa ei tutustumista j\u00e4rjestet\u00e4.<\/p>\n\n\n\n<p><strong>Pelit py\u00f6riv\u00e4t non-stopina klo 17.00-19.00.<\/strong><br>Alla tapahtumien p\u00e4iv\u00e4t ja paikka.<\/p>\n\n\n\n<p>ma 30.8. Kirjurinluoto, Pelle Hermanninpolku<br>ti 31.8. Kirjurinluoto, Pelle Hermanninpolku<br>ke 1.9. Kirjurinluoto, Pelle Hermanninpolku<\/p>\n\n\n\n<p><\/p>\n\n\n\n<h3 class=\"wp-block-heading\">M\u00f6lkkyturnaus<\/h3>\n\n\n\n<p>M\u00f6lkky-hyvinvointihanke huipentuu <strong>la 11.9. klo 10.00 <\/strong>alkaen Isom\u00e4ess\u00e4 pelattavaan lopputurnaukseen.<\/p>\n\n\n\n<p>Turnauksessa on mahdollisuus osallistua kevyeen tutustumiskilpailuun tai kilpailulliseen parikilpailuun.<br>Kilpailuesitteess\u00e4 vaihtoehdot ovattu tarkemmin.<br>Turnaus on maksuton ja avoin kaikille porilaisille.<br><br>Ilmoittaudu 5.9. menness\u00e4:<br>Jarno Blomster 044 537 4765, jarno.blomster@tul.fi<\/p>\n\n\n\n<p>Ilmoittautumisesta tulee k\u00e4yd\u00e4 ilmi kumpaan kilpailuun osallistuu, joukkueen nimi, joukkueen pelaajat, yhteyshenkil\u00f6, yhteyshenkil\u00f6n puhelinnumero ja s\u00e4hk\u00f6posti.<\/p>\n\n\n\n<p>Avaa kilpailuesite <a href=\"https:\/\/tul.fi\/wp-content\/uploads\/2021\/08\/molkkyturnaus-2021.pdf\" target=\"_blank\" rel=\"noreferrer noopener\">t\u00e4st\u00e4<\/a><\/p>\n\n\n\n<hr class=\"wp-block-separator\"\/>\n\n\n\n<p>M\u00f6lkky-hyvinvointihanke on Rakkaudella porilaisille -hanke.<br>Lis\u00e4tiedot: Jarno Blomster, puh. 044 537 4765, jarno.blomster@tul.fi<\/p>\n\n\n\n<h4 class=\"wp-block-heading\">Hankkeessa mukana:<\/h4>\n\n\n\n<div class=\"wp-block-columns is-layout-flex wp-container-core-columns-is-layout-9d6595d7 wp-block-columns-is-layout-flex\">\n<div class=\"wp-block-column is-layout-flow wp-block-column-is-layout-flow\" style=\"flex-basis:33.34%\">\n<figure class=\"wp-block-image size-large is-resized\"><img loading=\"lazy\" decoding=\"async\" src=\"https:\/\/tul.fi\/satakunta\/wp-content\/uploads\/sites\/9\/2021\/05\/Tactic-logo.png\" alt=\"\" class=\"wp-image-368\" width=\"205\" height=\"80\" srcset=\"https:\/\/tul.fi\/satakunta\/wp-content\/uploads\/sites\/9\/2021\/05\/Tactic-logo.png 820w, https:\/\/tul.fi\/satakunta\/wp-content\/uploads\/sites\/9\/2021\/05\/Tactic-logo-300x117.png 300w, https:\/\/tul.fi\/satakunta\/wp-content\/uploads\/sites\/9\/2021\/05\/Tactic-logo-768x300.png 768w\" sizes=\"auto, (max-width: 205px) 100vw, 205px\" \/><\/figure>\n<\/div>\n\n\n\n<div class=\"wp-block-column is-layout-flow wp-block-column-is-layout-flow\" style=\"flex-basis:33.34%\">\n<div class=\"wp-block-image\"><figure class=\"aligncenter size-large is-resized\"><img decoding=\"async\" src=\"https:\/\/tul.fi\/satakunta\/wp-content\/uploads\/sites\/9\/2021\/05\/Official_Molkky_Logo-e1620129179794-1024x179.png\" alt=\"\" class=\"wp-image-367\" height=\"70\" srcset=\"https:\/\/tul.fi\/satakunta\/wp-content\/uploads\/sites\/9\/2021\/05\/Official_Molkky_Logo-e1620129179794-1024x179.png 1024w, https:\/\/tul.fi\/satakunta\/wp-content\/uploads\/sites\/9\/2021\/05\/Official_Molkky_Logo-e1620129179794-300x52.png 300w, https:\/\/tul.fi\/satakunta\/wp-content\/uploads\/sites\/9\/2021\/05\/Official_Molkky_Logo-e1620129179794-768x134.png 768w, https:\/\/tul.fi\/satakunta\/wp-content\/uploads\/sites\/9\/2021\/05\/Official_Molkky_Logo-e1620129179794-1536x268.png 1536w, https:\/\/tul.fi\/satakunta\/wp-content\/uploads\/sites\/9\/2021\/05\/Official_Molkky_Logo-e1620129179794.png 1754w\" sizes=\"(max-width: 1024px) 100vw, 1024px\" \/><\/figure><\/div>\n<\/div>\n\n\n\n<div class=\"wp-block-column is-vertically-aligned-center is-layout-flow wp-block-column-is-layout-flow\" style=\"flex-basis:33.33%\">\n<p class=\"has-text-align-center has-regular-font-size\"><strong>Porin Karhum\u00f6lkky ry<\/strong><\/p>\n<\/div>\n<\/div>\n\n\n\n<p><\/p>\n","protected":false},"excerpt":{"rendered":"<p>M\u00f6lkky harrastukseksi sinulle? Onko M\u00f6lkky tuttu peli? Oletko koskaan ajatellut, ett\u00e4 M\u00f6lkky voisi olla my\u00f6s harrastus tai kilpapeli?Tule tutustumaan! M\u00f6lkky-syystutustumiset Lajin tutustumistapahtumia Kirjurinluodossa viikon 35 alussa.Tapahtumat ovat maksuttomia ja avoimia kaikille porilaisille.Tapahtumissa arvotaan osallistujien kesken Tacticin perhepelej\u00e4!Tapahtumissa s\u00e4\u00e4varaus eli sateen sattuessa ei tutustumista j\u00e4rjestet\u00e4. Pelit py\u00f6riv\u00e4t non-stopina klo 17.00-19.00.Alla tapahtumien p\u00e4iv\u00e4t ja paikka. ma 30.8. [&hellip;]<\/p>\n","protected":false},"author":17,"featured_media":0,"parent":0,"menu_order":0,"comment_status":"closed","ping_status":"closed","template":"","meta":{"_acf_changed":false,"footnotes":""},"class_list":["post-365","page","type-page","status-publish","hentry"],"acf":[],"aioseo_notices":[],"_links":{"self":[{"href":"https:\/\/tul.fi\/satakunta\/wp-json\/wp\/v2\/pages\/365","targetHints":{"allow":["GET"]}}],"collection":[{"href":"https:\/\/tul.fi\/satakunta\/wp-json\/wp\/v2\/pages"}],"about":[{"href":"https:\/\/tul.fi\/satakunta\/wp-json\/wp\/v2\/types\/page"}],"author":[{"embeddable":true,"href":"https:\/\/tul.fi\/satakunta\/wp-json\/wp\/v2\/users\/17"}],"replies":[{"embeddable":true,"href":"https:\/\/tul.fi\/satakunta\/wp-json\/wp\/v2\/comments?post=365"}],"version-history":[{"count":13,"href":"https:\/\/tul.fi\/satakunta\/wp-json\/wp\/v2\/pages\/365\/revisions"}],"predecessor-version":[{"id":532,"href":"https:\/\/tul.fi\/satakunta\/wp-json\/wp\/v2\/pages\/365\/revisions\/532"}],"wp:attachment":[{"href":"https:\/\/tul.fi\/satakunta\/wp-json\/wp\/v2\/media?parent=365"}],"curies":[{"name":"wp","href":"https:\/\/api.w.org\/{rel}","templated":true}]}}