{"id":40,"date":"2020-12-08T15:57:09","date_gmt":"2020-12-08T13:57:09","guid":{"rendered":"http:\/\/tul-kopio.16.testivedos.com\/jarvi-suomi\/?page_id=40"},"modified":"2024-09-17T13:02:42","modified_gmt":"2024-09-17T10:02:42","slug":"yhteystiedot","status":"publish","type":"page","link":"https:\/\/tul.fi\/satakunta\/yhteystiedot\/","title":{"rendered":"Yhteystiedot"},"content":{"rendered":"\n<div class=\"wp-block-columns is-layout-flex wp-container-core-columns-is-layout-9d6595d7 wp-block-columns-is-layout-flex\">\n<div class=\"wp-block-column is-layout-flow wp-block-column-is-layout-flow\">\n<h2 class=\"wp-block-heading\">Piiritoimisto<\/h2>\n<\/div>\n\n\n\n<div class=\"wp-block-column is-layout-flow wp-block-column-is-layout-flow\">\n<h2 class=\"wp-block-heading\">Henkil\u00f6st\u00f6<\/h2>\n<\/div>\n<\/div>\n\n\n\n<div class=\"wp-block-columns is-layout-flex wp-container-core-columns-is-layout-9d6595d7 wp-block-columns-is-layout-flex\">\n<div class=\"wp-block-column is-layout-flow wp-block-column-is-layout-flow\">\n<p>Postiosoite: Antinkatu 9 B 24, 28100 Pori<br>K\u00e4yntiosoite: Antinkatu 9 A 4, 28100 Pori<\/p>\n\n\n\n<p>satakunta@tul.fi<br>044&nbsp;024 4100<\/p>\n\n\n\n<p>Piiritoimisto on avoinna sopimuksen mukaan. <\/p>\n\n\n\n<h4 class=\"wp-block-heading\"><strong>Laskutusosoitteet<\/strong><\/h4>\n\n\n\n<p>Suomen Ty\u00f6v\u00e4en Urheiluliitto TUL ry:n Satakunnan piiri ry<br>Y-tunnus: 0841433-9<\/p>\n\n\n\n<p><strong>Verkkolaskut<\/strong><br>osoite: 003708414339<br>v\u00e4litt\u00e4j\u00e4tunnus: OKOYFIHH<\/p>\n\n\n\n<p><strong>S\u00e4hk\u00f6postilaskut<\/strong><br>pirjo.rantaneva@tul.fi<\/p>\n\n\n\n<p><strong>Paperilaskut<\/strong><br>TUL:n Satakunnan piiri ry<br>Antinkatu 9 B 24<br>28100 PORI<\/p>\n<\/div>\n\n\n\n<div class=\"wp-block-column is-layout-flow wp-block-column-is-layout-flow\">\n<p><strong>Toiminnanjohtaja<\/strong><br>Jarno Blomster<br>jarno.blomster@tul.fi<br>044&nbsp;537 4765<\/p>\n\n\n\n<p><strong>Toimistosihteeri<\/strong><br>Heli Malja<br>heli.malja@tul.fi<br>044&nbsp;024 4100<\/p>\n\n\n\n<p><strong>Talous- ja hallintosihteeri<br><\/strong>Pirjo Rantaneva<br>pirjo.rantaneva@tul.fi<br>044&nbsp;024 4130<\/p>\n\n\n\n<p><strong>Liikunnasta hyvinvointia<\/strong> \/ <strong>Hiihto- ja rullaluistink\u00e4rry<br><\/strong>P\u00e4ivi Luontola<br>paivi.luontola@tul.fi<br>0400 817 114<\/p>\n<\/div>\n<\/div>\n\n\n\n<h2 class=\"wp-block-heading\">Piirij\u00e4rjest\u00f6<\/h2>\n\n\n\n<div class=\"wp-block-columns is-layout-flex wp-container-core-columns-is-layout-9d6595d7 wp-block-columns-is-layout-flex\">\n<div class=\"wp-block-column is-layout-flow wp-block-column-is-layout-flow\">\n<h3 class=\"wp-block-heading\">Hallitus<\/h3>\n\n\n\n<p><strong>Puheenjohtaja<\/strong><br>Timo Lehtonen<br>ttlehtonen61@gmail.com<br>044 984 1607<\/p>\n\n\n\n<p><strong>Varapuheenjohtaja<\/strong><br>Mikko-Tapio Mattila<br>mikko@autopeltikorjaamo.com<br>041 453 0110<\/p>\n<\/div>\n\n\n\n<div class=\"wp-block-column is-layout-flow wp-block-column-is-layout-flow\">\n<h3 class=\"wp-block-heading\">J\u00e4senet<\/h3>\n\n\n\n<p>Lari Haanp\u00e4\u00e4<br>Juha Gr\u00f6nmark<br>Jussi Vuorenniemi<br>Tomi Rantanen<br>Marko Kononen<br>Pirjo M\u00e4ki<br>Raija Kukkakorpi<br>Tuija V\u00e4h\u00e4nen-Koivuluoma<br>Mirka Rimpel\u00e4<\/p>\n<\/div>\n<\/div>\n\n\n\n<div class=\"wp-block-columns is-layout-flex wp-container-core-columns-is-layout-9d6595d7 wp-block-columns-is-layout-flex\">\n<div class=\"wp-block-column is-layout-flow wp-block-column-is-layout-flow\">\n<h3 class=\"wp-block-heading\">Valtuusto<\/h3>\n\n\n\n<p>Piiriss\u00e4 toimii piirivaltuusto, joka koostuu puheenjohtajasta, varapuheenjohtajasta ja 18 j\u00e4senest\u00e4. Valtuusto kokoontuu kaksi kertaa vuodessa.<\/p>\n\n\n\n<p><strong>Puheenjohtaja<\/strong><br>Jaana M\u00e4\u00e4tt\u00e4l\u00e4<br>Rauman Ty\u00f6v\u00e4en Urheilijat<\/p>\n\n\n\n<p><strong>Varapuheenjohtaja<\/strong><br>Eija Hakala<br>Porin Ty\u00f6v\u00e4en Naisvoimistelijat<\/p>\n<\/div>\n\n\n\n<div class=\"wp-block-column is-layout-flow wp-block-column-is-layout-flow\">\n<h3 class=\"wp-block-heading\">J\u00e4senet<\/h3>\n\n\n\n<p>Tarmo Vajavaara, Harjavallan Seudun Urheilukalastajat<br>Osmo Tunturivuori, Harjavallan Ty\u00f6v\u00e4en Urheilijat<br>Simo Suomi, Jokilaakson Liikkujat<br>Jouko Patola, Porin Karhum\u00f6lkky<br>Joonas Ryyn\u00e4nen, Musan Salama<br>Jan Kaski, Musan Salama<br>Martti Toiminen, Nokian Pyry<br>Mikko Vuorinen, Nokian Pyry<br>Timo Mansikka, Noormarkun Koitto<br>Kirsi Jokisuo, Pihlavan Ty\u00f6v\u00e4en Urheilijat<br>Esko Ahola, Porin Karhuretkeilij\u00e4t<br>Jarmo Koskinen, Porin Pyrint\u00f6<br>Essi Voutivuori, Porin Pyrint\u00f6<br>Tuija Lahtinen, Rauman Ty\u00f6v\u00e4en Urheilijat<br>Miika Rantanen, Rauman Ty\u00f6v\u00e4en Urheilijat<br>Kari Lehtinen, Rauman Ty\u00f6v\u00e4en Veneilij\u00e4t<br>Sanna M\u00e4nnist\u00f6, Reposaaren Kunto<br>Kaj-Markus Rantala, Toejoen Veikot<\/p>\n<\/div>\n<\/div>\n\n\n\n<h3 class=\"wp-block-heading\">Piirin jaostot 2023 \u2013 2025<\/h3>\n\n\n\n<div class=\"wp-block-columns is-layout-flex wp-container-core-columns-is-layout-9d6595d7 wp-block-columns-is-layout-flex\">\n<div class=\"wp-block-column is-layout-flow wp-block-column-is-layout-flow\">\n<p><strong>Golfjaosto<\/strong><br>Puheenjohtaja Raija Kukkakorpi (Kyl\u00e4saaren Pyry)<br>kukkarai@gmail.com<\/p>\n\n\n\n<p><strong>Jalkapallojaosto<\/strong><br>Puheenjohtaja Mikko-Tapio Mattila (Musan Salama)<br>mikko@autopeltikorjaamo.com<\/p>\n\n\n\n<p><strong>Harrasteliikuntajaosto<\/strong><br>Puheenjohtaja P\u00e4ivi Luontola (piiritoimisto)<br>paivi.luontola@tul.fi<\/p>\n\n\n\n<p><strong>Kulttuurijaosto<\/strong><br>Puheenjohtaja Pirjo M\u00e4ki (Porin Karhuretkeilij\u00e4t)<br>pirjoamaki@gmail.com<\/p>\n<\/div>\n\n\n\n<div class=\"wp-block-column is-layout-flow wp-block-column-is-layout-flow\">\n<p><strong>Seniorijaosto<\/strong><br>Puheenjohtaja Hannu M\u00e4kinen (Porin Pyrint\u00f6)<br>makinen.hannut@gmail.com<\/p>\n\n\n\n<p><strong>Urheilujaosto<\/strong><br>Puheenjohtaja Jarno Blomster (piiritoimisto)<br>jarno.blomster@tul.fi<\/p>\n\n\n\n<p><strong>Veneilyjaosto<\/strong><br>Puheenjohtaja Pasi Siltanen (Rauman Ty\u00f6v\u00e4en Veneilij\u00e4t)<br>psiltanen27@gmail.com<\/p>\n<\/div>\n<\/div>\n","protected":false},"excerpt":{"rendered":"<p>Piiritoimisto Henkil\u00f6st\u00f6 Postiosoite: Antinkatu 9 B 24, 28100 PoriK\u00e4yntiosoite: Antinkatu 9 A 4, 28100 Pori satakunta@tul.fi044&nbsp;024 4100 Piiritoimisto on avoinna sopimuksen mukaan. Laskutusosoitteet Suomen Ty\u00f6v\u00e4en Urheiluliitto TUL ry:n Satakunnan piiri ryY-tunnus: 0841433-9 Verkkolaskutosoite: 003708414339v\u00e4litt\u00e4j\u00e4tunnus: OKOYFIHH S\u00e4hk\u00f6postilaskutpirjo.rantaneva@tul.fi PaperilaskutTUL:n Satakunnan piiri ryAntinkatu 9 B 2428100 PORI ToiminnanjohtajaJarno Blomsterjarno.blomster@tul.fi044&nbsp;537 4765 ToimistosihteeriHeli Maljaheli.malja@tul.fi044&nbsp;024 4100 Talous- ja hallintosihteeriPirjo Rantanevapirjo.rantaneva@tul.fi044&nbsp;024 4130 [&hellip;]<\/p>\n","protected":false},"author":1,"featured_media":0,"parent":0,"menu_order":0,"comment_status":"closed","ping_status":"closed","template":"","meta":{"_acf_changed":false,"footnotes":""},"class_list":["post-40","page","type-page","status-publish","hentry"],"acf":[],"aioseo_notices":[],"_links":{"self":[{"href":"https:\/\/tul.fi\/satakunta\/wp-json\/wp\/v2\/pages\/40","targetHints":{"allow":["GET"]}}],"collection":[{"href":"https:\/\/tul.fi\/satakunta\/wp-json\/wp\/v2\/pages"}],"about":[{"href":"https:\/\/tul.fi\/satakunta\/wp-json\/wp\/v2\/types\/page"}],"author":[{"embeddable":true,"href":"https:\/\/tul.fi\/satakunta\/wp-json\/wp\/v2\/users\/1"}],"replies":[{"embeddable":true,"href":"https:\/\/tul.fi\/satakunta\/wp-json\/wp\/v2\/comments?post=40"}],"version-history":[{"count":18,"href":"https:\/\/tul.fi\/satakunta\/wp-json\/wp\/v2\/pages\/40\/revisions"}],"predecessor-version":[{"id":2346,"href":"https:\/\/tul.fi\/satakunta\/wp-json\/wp\/v2\/pages\/40\/revisions\/2346"}],"wp:attachment":[{"href":"https:\/\/tul.fi\/satakunta\/wp-json\/wp\/v2\/media?parent=40"}],"curies":[{"name":"wp","href":"https:\/\/api.w.org\/{rel}","templated":true}]}}