{"id":71,"date":"2020-12-09T19:43:07","date_gmt":"2020-12-09T17:43:07","guid":{"rendered":"http:\/\/tul-kopio.16.testivedos.com\/satakunta\/?page_id=71"},"modified":"2025-12-15T10:38:13","modified_gmt":"2025-12-15T08:38:13","slug":"iltapaivatoiminta-iltis","status":"publish","type":"page","link":"https:\/\/tul.fi\/satakunta\/toiminta\/iltapaivatoiminta-iltis\/","title":{"rendered":"Koululaisten iltap\u00e4iv\u00e4toiminta"},"content":{"rendered":"\n<p>TUL:n Satakunnan piiri ry j\u00e4rjest\u00e4\u00e4 Porin kaupungin kanssa tehdyn sopimuksen mukaisesti perusopetuslain mukaista koululaisten iltap\u00e4iv\u00e4toimintaa.<\/p>\n\n\n\n<p>TUL:n Iltap\u00e4iv\u00e4toiminnan p\u00e4\u00e4m\u00e4\u00e4r\u00e4n\u00e4 on tarjota lapselle turvallinen ja mielek\u00e4s iltap\u00e4iv\u00e4 sek\u00e4 ohjatun ett\u00e4 omaehtoisen toiminnan kautta. Tavoitteena on luoda toimivat suhteet lasten vanhempiin, kouluun ja muihin yhteisty\u00f6kumppaneihin.<\/p>\n\n\n\n<p>Iltap\u00e4iv\u00e4toiminnan tavoitteena on tukea lapsen kokonaisvaltaista hyvinvointia ja terveytt\u00e4, kodin ja koulun kasvatusty\u00f6t\u00e4 sek\u00e4 lapsen tunne-el\u00e4m\u00e4n kehityst\u00e4 ja eettist\u00e4 kasvua, vahvistaa lapsen sosiaalista kehityst\u00e4, ennaltaehk\u00e4ist\u00e4 syrj\u00e4ytymist\u00e4. Lis\u00e4ksi toiminnan tavoitteena on lis\u00e4t\u00e4 lasten osallisuutta ja luoda pohja hyv\u00e4lle kasvulle sek\u00e4 antaa lapsille monipuolisia el\u00e4myksi\u00e4 eri osa-alueilla.<\/p>\n\n\n\n<p>TUL:n Satakunnan piiri ry:n koululaisten iltap\u00e4iv\u00e4toiminta vastaa Porin kaupungissa 9 koulun iltap\u00e4iv\u00e4toiminnasta. P\u00e4ivitt\u00e4inen toiminta-aika on klo 12.00-17.00. Iltap\u00e4iv\u00e4kerho on avoinna kaikkina koulup\u00e4ivin\u00e4, paitsi lauantaiksi sattuvina koulup\u00e4ivin\u00e4.<\/p>\n\n\n\n<h4 class=\"wp-block-heading\"><strong>Iltap\u00e4iv\u00e4toiminnan esihenkil\u00f6<\/strong><\/h4>\n\n\n\n<p>Paula Paija-Aho<br>puh. 0440 244 130<br>paula.paija-aho@tul.fi<\/p>\n\n\n\n<h2 class=\"wp-block-heading\">Kerhojen yhteystiedot<\/h2>\n\n\n\n<div class=\"wp-block-columns is-layout-flex wp-container-core-columns-is-layout-9d6595d7 wp-block-columns-is-layout-flex\">\n<div class=\"wp-block-column is-layout-flow wp-block-column-is-layout-flow\">\n<h3 class=\"wp-block-heading\">It\u00e4tuuli<\/h3>\n\n\n\n<p>puh. 044 701 0095<br><a href=\"mailto:iltis.itatuuli@edupori.fi\">iltis.itatuuli@edupori.fi<\/a><\/p>\n\n\n\n<p><strong>Ohjaajat<\/strong><br>Vesa Kangas, Veera Melker ja Julia Kopra<\/p>\n<\/div>\n\n\n\n<div class=\"wp-block-column is-layout-flow wp-block-column-is-layout-flow\">\n<h3 class=\"wp-block-heading\">Kaarisilta<\/h3>\n\n\n\n<p>puh. 044 701 5231 ja 044 701 1656 <a href=\"mailto:iltis.kaarisilta@edupori.fi\">iltis.kaarisilta@edupori.fi<\/a><\/p>\n\n\n\n<p><strong>Ohjaajat<\/strong><br>Silja Salonen ja Miia Haavisto<\/p>\n<\/div>\n<\/div>\n\n\n\n<div class=\"wp-block-columns is-layout-flex wp-container-core-columns-is-layout-9d6595d7 wp-block-columns-is-layout-flex\">\n<div class=\"wp-block-column is-layout-flow wp-block-column-is-layout-flow\">\n<h3 class=\"wp-block-heading\">Kalaholma<\/h3>\n\n\n\n<p>puh. 0447015253<br><a href=\"mailto:iltis.kalaholma@edupori.fi\">iltis.kalaholma@edupori.fi<\/a><\/p>\n\n\n\n<p><strong>Ohjaajat<\/strong><br>Riikka Mattila, Niina Vilponiemi ja Fanni Vettenranta<\/p>\n<\/div>\n\n\n\n<div class=\"wp-block-column is-layout-flow wp-block-column-is-layout-flow\">\n<h3 class=\"wp-block-heading\">K\u00e4pp\u00e4r\u00e4<\/h3>\n\n\n\n<p>puh. 044 701 5236 ja&nbsp;044 701 5237<br><a href=\"mailto:iltis.kappara@edupori.fi\">iltis.kappara@edupori.fi<\/a><\/p>\n\n\n\n<p><strong>Ohjaajat<\/strong><br>Helmiina Lautam\u00e4ki, Tua Mattila, Jenna Rautavalta, Evianna Peltomaa ja Marianne Karvinen<\/p>\n<\/div>\n<\/div>\n\n\n\n<div class=\"wp-block-columns is-layout-flex wp-container-core-columns-is-layout-9d6595d7 wp-block-columns-is-layout-flex\">\n<div class=\"wp-block-column is-layout-flow wp-block-column-is-layout-flow\">\n<h3 class=\"wp-block-heading\">Pohjoisv\u00e4yl\u00e4<\/h3>\n\n\n\n<p>044 701 5259 ja 044 701 0497<br><a href=\"mailto:iltis.pohjoisvayla@edupori.fi\">iltis.pohjoisvayla@edupori.fi<\/a><\/p>\n\n\n\n<p><strong>Ohjaajat<\/strong><br>Heidi Korhonen, Essi Eerik\u00e4inen, Marika Virta, Jaana Trogen, Merja Saarimaa ja Oona Renfors<\/p>\n<\/div>\n\n\n\n<div class=\"wp-block-column is-layout-flow wp-block-column-is-layout-flow\">\n<h3 class=\"wp-block-heading\">Tuorsniemi<\/h3>\n\n\n\n<p>puh. 044&nbsp;701 5262<br><a href=\"mailto:iltis.tuorsniemi@edupori.fi\">iltis.tuorsniemi@edupori.fi<\/a><\/p>\n\n\n\n<p><strong>Ohjaajat<\/strong><br>Minna Rantala ja Sari Halenius<\/p>\n<\/div>\n<\/div>\n\n\n\n<div class=\"wp-block-columns is-layout-flex wp-container-core-columns-is-layout-9d6595d7 wp-block-columns-is-layout-flex\">\n<div class=\"wp-block-column is-layout-flow wp-block-column-is-layout-flow\">\n<h3 class=\"wp-block-heading\">Uusikoivisto<\/h3>\n\n\n\n<p>puh. 044&nbsp;701 5245<br><a href=\"mailto:iltis.uusikoivisto@edupori.fi\">iltis.uusikoivisto@edupori.fi<\/a><\/p>\n\n\n\n<p><strong>Ohjaajat<\/strong><br>Maiju Vehkaoja ja Jenna Limnell<\/p>\n<\/div>\n\n\n\n<div class=\"wp-block-column is-layout-flow wp-block-column-is-layout-flow\">\n<h3 class=\"wp-block-heading\">V\u00e4h\u00e4rauma<\/h3>\n\n\n\n<p>puh. 044 701 5247 ja 044 701 5246<br><a href=\"mailto:iltis.vaharauma@edupori.fi\">iltis.vaharauma@edupori.fi<\/a><\/p>\n\n\n\n<p><strong>Ohjaajat<\/strong><br>Lotta Mal\u00e9n, Leena Sundell, Henna Hirvonen, Hanna-Riikka Salmi, Vea Ramsten ja Veeti Kinnunen<\/p>\n<\/div>\n<\/div>\n\n\n\n<div class=\"wp-block-columns is-layout-flex wp-container-core-columns-is-layout-9d6595d7 wp-block-columns-is-layout-flex\">\n<div class=\"wp-block-column is-layout-flow wp-block-column-is-layout-flow\">\n<h3 class=\"wp-block-heading\">V\u00e4in\u00f6l\u00e4<\/h3>\n\n\n\n<p>puh. 044 701 5250<br><a href=\"mailto:iltis.vainola@edupori.fi\">iltis.vainola@edupori.fi<\/a><\/p>\n\n\n\n<p><strong>Ohjaajat<\/strong><br>Maria Juhola ja Anu Saari<\/p>\n<\/div>\n\n\n\n<div class=\"wp-block-column is-layout-flow wp-block-column-is-layout-flow\"><\/div>\n<\/div>\n\n\n\n<div class=\"wp-block-columns is-layout-flex wp-container-core-columns-is-layout-9d6595d7 wp-block-columns-is-layout-flex\">\n<div class=\"wp-block-column is-layout-flow wp-block-column-is-layout-flow\" style=\"flex-basis:100%\"><\/div>\n<\/div>\n","protected":false},"excerpt":{"rendered":"<p>TUL:n Satakunnan piiri ry j\u00e4rjest\u00e4\u00e4 Porin kaupungin kanssa tehdyn sopimuksen mukaisesti perusopetuslain mukaista koululaisten iltap\u00e4iv\u00e4toimintaa. TUL:n Iltap\u00e4iv\u00e4toiminnan p\u00e4\u00e4m\u00e4\u00e4r\u00e4n\u00e4 on tarjota lapselle turvallinen ja mielek\u00e4s iltap\u00e4iv\u00e4 sek\u00e4 ohjatun ett\u00e4 omaehtoisen toiminnan kautta. Tavoitteena on luoda toimivat suhteet lasten vanhempiin, kouluun ja muihin yhteisty\u00f6kumppaneihin. Iltap\u00e4iv\u00e4toiminnan tavoitteena on tukea lapsen kokonaisvaltaista hyvinvointia ja terveytt\u00e4, kodin ja koulun kasvatusty\u00f6t\u00e4 [&hellip;]<\/p>\n","protected":false},"author":1,"featured_media":0,"parent":69,"menu_order":0,"comment_status":"closed","ping_status":"closed","template":"","meta":{"_acf_changed":false,"footnotes":""},"class_list":["post-71","page","type-page","status-publish","hentry"],"acf":[],"aioseo_notices":[],"_links":{"self":[{"href":"https:\/\/tul.fi\/satakunta\/wp-json\/wp\/v2\/pages\/71","targetHints":{"allow":["GET"]}}],"collection":[{"href":"https:\/\/tul.fi\/satakunta\/wp-json\/wp\/v2\/pages"}],"about":[{"href":"https:\/\/tul.fi\/satakunta\/wp-json\/wp\/v2\/types\/page"}],"author":[{"embeddable":true,"href":"https:\/\/tul.fi\/satakunta\/wp-json\/wp\/v2\/users\/1"}],"replies":[{"embeddable":true,"href":"https:\/\/tul.fi\/satakunta\/wp-json\/wp\/v2\/comments?post=71"}],"version-history":[{"count":31,"href":"https:\/\/tul.fi\/satakunta\/wp-json\/wp\/v2\/pages\/71\/revisions"}],"predecessor-version":[{"id":3006,"href":"https:\/\/tul.fi\/satakunta\/wp-json\/wp\/v2\/pages\/71\/revisions\/3006"}],"up":[{"embeddable":true,"href":"https:\/\/tul.fi\/satakunta\/wp-json\/wp\/v2\/pages\/69"}],"wp:attachment":[{"href":"https:\/\/tul.fi\/satakunta\/wp-json\/wp\/v2\/media?parent=71"}],"curies":[{"name":"wp","href":"https:\/\/api.w.org\/{rel}","templated":true}]}}