{"id":75,"date":"2020-12-09T19:47:42","date_gmt":"2020-12-09T17:47:42","guid":{"rendered":"http:\/\/tul-kopio.16.testivedos.com\/satakunta\/?page_id=75"},"modified":"2020-12-11T12:32:47","modified_gmt":"2020-12-11T10:32:47","slug":"liikuntapalvelut","status":"publish","type":"page","link":"https:\/\/tul.fi\/satakunta\/toiminta\/liikuntapalvelut\/","title":{"rendered":"Liikuntapalvelut"},"content":{"rendered":"\n<h2 class=\"wp-block-heading\">Hiihto-&nbsp; ja Rullaluistink\u00e4rry<\/h2>\n\n\n\n<p>TUL:n Satakunnan piirill\u00e4 on oma Hiihto- ja Rullaluistink\u00e4rry. K\u00e4rryst\u00e4 l\u00f6ytyy talviaikana perinteiset ja vapaan hiihtotyylin hiihtov\u00e4lineet ja kes\u00e4kautena rullaluistimet varusteineen. K\u00e4rry\u00e4 voi tilata avoimiin tapahtumiin, seurojen tapahtumiin, yritysten TYKY-p\u00e4iviin jne.<\/p>\n\n\n\n<p><strong>Varaukset ja lis\u00e4tiedot<br><\/strong>P\u00e4ivi Luontola<br>Puh. 0400 817 114<br>paivi.luontola@tul.fi<\/p>\n\n\n\n<div class=\"wp-block-columns is-layout-flex wp-container-core-columns-is-layout-9d6595d7 wp-block-columns-is-layout-flex\"><\/div>\n\n\n\n<h2 class=\"wp-block-heading\"><strong>Viikoittain tapahtuvaa liikuntaa ryhmille:<\/strong><\/h2>\n\n\n\n<ul class=\"wp-block-list\"><li>Liikuntatuokiot senioreille kauppakeskus Puuvillassa maanantaisin<\/li><li>El\u00e4kel\u00e4isten sauvak\u00e4vely\u00e4 Kirjurinluodolla tiistaisin<br><\/li><\/ul>\n\n\n\n<h2 class=\"wp-block-heading\"><strong>Tilauksesta j\u00e4rjest\u00e4mme:<\/strong><\/h2>\n\n\n\n<ul class=\"wp-block-list\"><li>Eri liikuntalajien ohjausta\/koulutusta<\/li><li>UKK-k\u00e4vely- ja lihaskuntotestej\u00e4<\/li><li>Liikuntatapahtumia<\/li><li>Vaelluksia<\/li><li>Liikuntaa ja hyvinvointiin liittyvi\u00e4 luentoja<\/li><li>TYKY-liikuntaa<\/li><li>Koulutusta seuroille<\/li><\/ul>\n\n\n\n<p><strong>Lis\u00e4tiedot:<\/strong><br>P\u00e4ivi Luontola<br>TUL:n Satakunnan piiri ry<br>puh. 0400 817 114<br>paivi.luontola@tul.fi<\/p>\n","protected":false},"excerpt":{"rendered":"<p>Hiihto-&nbsp; ja Rullaluistink\u00e4rry TUL:n Satakunnan piirill\u00e4 on oma Hiihto- ja Rullaluistink\u00e4rry. K\u00e4rryst\u00e4 l\u00f6ytyy talviaikana perinteiset ja vapaan hiihtotyylin hiihtov\u00e4lineet ja kes\u00e4kautena rullaluistimet varusteineen. K\u00e4rry\u00e4 voi tilata avoimiin tapahtumiin, seurojen tapahtumiin, yritysten TYKY-p\u00e4iviin jne. Varaukset ja lis\u00e4tiedotP\u00e4ivi LuontolaPuh. 0400 817 114paivi.luontola@tul.fi Viikoittain tapahtuvaa liikuntaa ryhmille: Liikuntatuokiot senioreille kauppakeskus Puuvillassa maanantaisin El\u00e4kel\u00e4isten sauvak\u00e4vely\u00e4 Kirjurinluodolla tiistaisin Tilauksesta j\u00e4rjest\u00e4mme: [&hellip;]<\/p>\n","protected":false},"author":1,"featured_media":0,"parent":69,"menu_order":0,"comment_status":"closed","ping_status":"closed","template":"","meta":{"_acf_changed":false,"footnotes":""},"class_list":["post-75","page","type-page","status-publish","hentry"],"acf":[],"aioseo_notices":[],"_links":{"self":[{"href":"https:\/\/tul.fi\/satakunta\/wp-json\/wp\/v2\/pages\/75","targetHints":{"allow":["GET"]}}],"collection":[{"href":"https:\/\/tul.fi\/satakunta\/wp-json\/wp\/v2\/pages"}],"about":[{"href":"https:\/\/tul.fi\/satakunta\/wp-json\/wp\/v2\/types\/page"}],"author":[{"embeddable":true,"href":"https:\/\/tul.fi\/satakunta\/wp-json\/wp\/v2\/users\/1"}],"replies":[{"embeddable":true,"href":"https:\/\/tul.fi\/satakunta\/wp-json\/wp\/v2\/comments?post=75"}],"version-history":[{"count":2,"href":"https:\/\/tul.fi\/satakunta\/wp-json\/wp\/v2\/pages\/75\/revisions"}],"predecessor-version":[{"id":112,"href":"https:\/\/tul.fi\/satakunta\/wp-json\/wp\/v2\/pages\/75\/revisions\/112"}],"up":[{"embeddable":true,"href":"https:\/\/tul.fi\/satakunta\/wp-json\/wp\/v2\/pages\/69"}],"wp:attachment":[{"href":"https:\/\/tul.fi\/satakunta\/wp-json\/wp\/v2\/media?parent=75"}],"curies":[{"name":"wp","href":"https:\/\/api.w.org\/{rel}","templated":true}]}}