{"id":1669,"date":"2023-04-28T10:11:01","date_gmt":"2023-04-28T07:11:01","guid":{"rendered":"https:\/\/tul.fi\/tampere\/?page_id=1669"},"modified":"2026-01-23T14:18:05","modified_gmt":"2026-01-23T12:18:05","slug":"avustukset","status":"publish","type":"page","link":"https:\/\/tul.fi\/tampere\/seuroille\/avustukset\/","title":{"rendered":"Tuet ja avustukset"},"content":{"rendered":"\n<p>Annamme informaatiota, ja opastamme seuroja erilaisten rahoitusavustusten hakemisessa. T\u00e4lt\u00e4 sivulta l\u00f6yd\u00e4t tietoa apurahojen my\u00f6nt\u00e4jist\u00e4.<\/p>\n\n\n\n<p>Mik\u00e4li sinulla on kysytt\u00e4v\u00e4\u00e4 tai kaipaat apua, ole yhteydess\u00e4 <a href=\"https:\/\/tul.fi\/tampere\/yhteystiedot\/\" target=\"_blank\" rel=\"noopener\" title=\"\">Tampereen piirin toiminnanjohtajaan<\/a> tai <a href=\"https:\/\/tul.fi\/yhteystiedot\/henkilosto\/\" target=\"_blank\" rel=\"noopener\" title=\"\">TUL:n seurapalvelujohtajaan<\/a>.<\/p>\n\n\n\n<div style=\"height:30px\" aria-hidden=\"true\" class=\"wp-block-spacer\"><\/div>\n\n\n\n<h2 class=\"wp-block-heading\">APURAHAT,&nbsp;TUET&nbsp;JA&nbsp;MUUT&nbsp;AVUSTUKSET<\/h2>\n\n\n\n<div class=\"wp-block-media-text alignwide is-stacked-on-mobile\" style=\"grid-template-columns:40% auto\"><figure class=\"wp-block-media-text__media\"><img decoding=\"async\" src=\"https:\/\/tul.fi\/wp-content\/uploads\/2022\/11\/apurahahakukuulutus--1024x597.jpeg\" alt=\"\" class=\"wp-image-18842 size-full\" \/><\/figure><div class=\"wp-block-media-text__content\">\n<p id=\"block-ff6e0f51-01c3-41ee-b748-5035419c5d1b\" style=\"font-size:24px\">TUL:n yhteisty\u00f6kumppaneiden apurahat<\/p>\n\n\n\n<ul class=\"wp-block-list\">\n<li><strong>Hakeminen<\/strong><br>Haku kerran vuodessa syksyll\u00e4.<\/li>\n\n\n\n<li><strong>Kuka voi hakea?<\/strong><br>Eri apurahoihin on omia hakukriteerej\u00e4, jotka julkaistaan haun yhteydess\u00e4. Urheilijan tulee edustaa TUL:n j\u00e4senseuraa.<\/li>\n<\/ul>\n<\/div><\/div>\n\n\n\n<div style=\"height:30px\" aria-hidden=\"true\" class=\"wp-block-spacer\"><\/div>\n\n\n\n<div class=\"wp-block-media-text alignwide is-stacked-on-mobile\" style=\"grid-template-columns:40% auto\"><figure class=\"wp-block-media-text__media\"><img decoding=\"async\" src=\"https:\/\/tul.fi\/wp-content\/uploads\/2021\/08\/Viljo-ja-Vieno.png\" alt=\"\" class=\"wp-image-13272 size-full\" \/><\/figure><div class=\"wp-block-media-text__content\">\n<p style=\"font-size:24px\">Viljo ja Vieno Salon s\u00e4\u00e4ti\u00f6n apurahat<\/p>\n\n\n\n<ul class=\"wp-block-list\">\n<li><strong>Hakeminen<\/strong><br>Haku kerran vuodessa syksyll\u00e4.<\/li>\n\n\n\n<li><strong>Kuka voi hakea?&nbsp;<\/strong><br>Viljo ja Vieno Salon s\u00e4\u00e4ti\u00f6n apuraha on tarkoitettu menestyneiden TUL:n seurojen nuorten joukkueiden ja urheilijoiden tukemiseen. S\u00e4\u00e4ti\u00f6n tukea voivat hakea j\u00e4senseurojemme urheilijat ja joukkueet. Minimivaatimuksena on nuorten SM-mitali.<\/li>\n<\/ul>\n<\/div><\/div>\n\n\n\n<div style=\"height:30px\" aria-hidden=\"true\" class=\"wp-block-spacer\"><\/div>\n\n\n\n<div class=\"wp-block-media-text alignwide is-stacked-on-mobile\" style=\"grid-template-columns:40% auto\"><figure class=\"wp-block-media-text__media\"><img decoding=\"async\" src=\"https:\/\/tul.fi\/wp-content\/uploads\/2021\/08\/lenkkarin-sitominen-1.png\" alt=\"\" class=\"wp-image-13277 size-full\" \/><\/figure><div class=\"wp-block-media-text__content\">\n<p style=\"font-size:24px\">Kansansivistysrahaston s\u00e4\u00e4ti\u00f6<\/p>\n\n\n\n<ul class=\"wp-block-list\">\n<li><strong>Matti ja Hilkka Ahteen rahasto<\/strong><br>Rahasto tukee nuorison liikuntaharrastusta apurahoin ja tunnustuspalkinnoin. Apurahojen keskim\u00e4\u00e4r\u00e4inen suuruus on 1000\u20ac\u20133000\u20ac<\/li>\n\n\n\n<li><strong>Tapio Rautavaaran rahasto<\/strong><br>Urheilullisesti tai taiteellisesti lahjakkaiden TUL:n nuorten j\u00e4senten valmentautuminen, koulutus ja opiskelu.<\/li>\n\n\n\n<li><strong>Kuka voi hakea?<br><\/strong>Tarkemmat hakuohjeet l\u00f6ytyv\u00e4t&nbsp;<a href=\"https:\/\/www.sivistysrahasto.fi\/apuraha\/\" target=\"_blank\" rel=\"noreferrer noopener\">Kansan Sivistysrahaston verkkosivuilta<\/a>. Apurahojen hakuaika on vuosittain elokuussa.<\/li>\n<\/ul>\n<\/div><\/div>\n\n\n\n<div style=\"height:30px\" aria-hidden=\"true\" class=\"wp-block-spacer\"><\/div>\n\n\n\n<div class=\"wp-block-media-text alignwide is-stacked-on-mobile\" style=\"grid-template-columns:40% auto\"><figure class=\"wp-block-media-text__media\"><img decoding=\"async\" src=\"https:\/\/tul.fi\/wp-content\/uploads\/2021\/08\/Kopio-Jalkapallojoukkue-1.png\" alt=\"\" class=\"wp-image-13271 size-full\" \/><\/figure><div class=\"wp-block-media-text__content\">\n<p style=\"font-size:24px\">Urheiluopistos\u00e4\u00e4ti\u00f6<\/p>\n\n\n\n<p>Urheiluopistos\u00e4\u00e4ti\u00f6n urheiluapurahojen painotus on juniori- ja joukkueurheilussa. P\u00e4\u00e4t\u00f6ksen apurahojen my\u00f6nt\u00e4misest\u00e4 tekee Urheiluopistos\u00e4\u00e4ti\u00f6n hallitus.<\/p>\n\n\n\n<ul class=\"wp-block-list\">\n<li><strong>Hakeminen<\/strong><br>Apurahojen hakuaika on vuosittain syyskuussa, jolloin apurahaa haetaan seuraavalle vuodelle.<\/li>\n\n\n\n<li><strong>Kuka voi hakea?<\/strong><br>Urheiluopistos\u00e4\u00e4ti\u00f6n apurahaa voivat hakea rekister\u00f6idyt yhdistykset ja yksitt\u00e4iset urheilijat pois lukien ammattilaisurheilijat. Tarkemmat tiedot hakuprosessista ja hakukriteereist\u00e4 l\u00f6ytyv\u00e4t <a href=\"https:\/\/www.urheiluopistosaatio.fi\" target=\"_blank\" rel=\"noopener\" title=\"t\u00e4\u00e4lt\u00e4.\">t\u00e4\u00e4lt\u00e4.<\/a><\/li>\n<\/ul>\n<\/div><\/div>\n\n\n\n<div style=\"height:30px\" aria-hidden=\"true\" class=\"wp-block-spacer\"><\/div>\n\n\n\n<div class=\"wp-block-media-text alignwide is-stacked-on-mobile\" style=\"grid-template-columns:40% auto\"><figure class=\"wp-block-media-text__media\"><img loading=\"lazy\" decoding=\"async\" width=\"900\" height=\"700\" src=\"https:\/\/tul.fi\/tampere\/wp-content\/uploads\/sites\/11\/2023\/05\/Yhdessa-joukkue.png\" alt=\"\" class=\"wp-image-1693 size-full\" srcset=\"https:\/\/tul.fi\/tampere\/wp-content\/uploads\/sites\/11\/2023\/05\/Yhdessa-joukkue.png 900w, https:\/\/tul.fi\/tampere\/wp-content\/uploads\/sites\/11\/2023\/05\/Yhdessa-joukkue-300x233.png 300w, https:\/\/tul.fi\/tampere\/wp-content\/uploads\/sites\/11\/2023\/05\/Yhdessa-joukkue-768x597.png 768w\" sizes=\"auto, (max-width: 900px) 100vw, 900px\" \/><\/figure><div class=\"wp-block-media-text__content\">\n<p style=\"font-size:24px\">Kuluttajaosuustoiminnan s\u00e4\u00e4ti\u00f6<\/p>\n\n\n\n<ul class=\"wp-block-list\">\n<li><strong>Hakeminen<\/strong><br>Hakuaika on tyypillisesti tammi-helmikuussa.<\/li>\n\n\n\n<li><strong>Kuka voi hakea?<\/strong><br>Apurahatoiminnassaan s\u00e4\u00e4ti\u00f6 panostaa lasten ja nuorten elinolosuhteiden parantamiseen, ty\u00f6v\u00e4enliikett\u00e4 l\u00e4hell\u00e4 olevien j\u00e4rjest\u00f6jen kulttuuri- ja sivistystoimintaan sek\u00e4 E-liikkeen perinteest\u00e4 kumpuavan toiminnan tukemiseen. Apurahoja voidaan my\u00f6nt\u00e4\u00e4 yksitt\u00e4isille henkil\u00f6ille, yhteis\u00f6ille ja ty\u00f6ryhmille.<br>Lue lis\u00e4\u00e4: <a href=\"https:\/\/www.kotsaatio.fi\/apurahojen-hakeminen\" target=\"_blank\" rel=\"noopener\" title=\"https:\/\/www.kotsaatio.fi\/apurahojen-hakeminen\">www.kotsaatio.fi\/apurahojen-hakeminen<\/a><\/li>\n<\/ul>\n<\/div><\/div>\n\n\n\n<div class=\"wp-block-media-text alignwide is-stacked-on-mobile\" style=\"grid-template-columns:40% auto\"><figure class=\"wp-block-media-text__media\"><img loading=\"lazy\" decoding=\"async\" width=\"900\" height=\"700\" src=\"https:\/\/tul.fi\/tampere\/wp-content\/uploads\/sites\/11\/2024\/12\/Lapset-hyppaa-narua.png\" alt=\"Kuvituskuva. Kuvassa lapset hypp\u00e4\u00e4 narua.\" class=\"wp-image-2621 size-full\" srcset=\"https:\/\/tul.fi\/tampere\/wp-content\/uploads\/sites\/11\/2024\/12\/Lapset-hyppaa-narua.png 900w, https:\/\/tul.fi\/tampere\/wp-content\/uploads\/sites\/11\/2024\/12\/Lapset-hyppaa-narua-300x233.png 300w, https:\/\/tul.fi\/tampere\/wp-content\/uploads\/sites\/11\/2024\/12\/Lapset-hyppaa-narua-768x597.png 768w\" sizes=\"auto, (max-width: 900px) 100vw, 900px\" \/><\/figure><div class=\"wp-block-media-text__content\">\n<p style=\"font-size:24px\">Lupa- ja valvontavirasto (ent. aluehallintovirastot)<\/p>\n\n\n\n<ul class=\"wp-block-list\">\n<li><strong>Kuka voi hakea?<\/strong><br>Avustukset on tarkoitettu lapsille ja nuorille suunnatun, ohjatun ja s\u00e4\u00e4nn\u00f6llisen harrastustoiminnan sek\u00e4 koulujen loma-aikoihin ajoittuvan p\u00e4iv\u00e4leiritoiminnan j\u00e4rjest\u00e4miseen. Avustusta voivat hakea kunnat, seurakunnat ja paikallistasolla nuorisopalveluja tarjoavat rekister\u00f6idyt yhteis\u00f6t.<br><br>Lis\u00e4tietoa: <a href=\"https:\/\/lvv.fi\/kasvatus-ja-vapaa-aika\/liikuntatoimi\" target=\"_blank\" rel=\"noopener\" title=\"https:\/\/lvv.fi\/kasvatus-ja-vapaa-aika\/liikuntatoimi\">https:\/\/aviavustukset.fi\/hakeminen\/avustusmuodot\/lasten-ja-nuorten-paikallinen-harrastustoiminta\/<\/a><\/li>\n<\/ul>\n<\/div><\/div>\n\n\n\n<div class=\"wp-block-media-text alignwide is-stacked-on-mobile\" style=\"grid-template-columns:40% auto\"><figure class=\"wp-block-media-text__media\"><img loading=\"lazy\" decoding=\"async\" width=\"900\" height=\"700\" src=\"https:\/\/tul.fi\/tampere\/wp-content\/uploads\/sites\/11\/2024\/12\/Lapset-hyppaa-narua.png\" alt=\"Kuvituskuva. Kuvassa lapset hypp\u00e4\u00e4 narua.\" class=\"wp-image-2621 size-full\" srcset=\"https:\/\/tul.fi\/tampere\/wp-content\/uploads\/sites\/11\/2024\/12\/Lapset-hyppaa-narua.png 900w, https:\/\/tul.fi\/tampere\/wp-content\/uploads\/sites\/11\/2024\/12\/Lapset-hyppaa-narua-300x233.png 300w, https:\/\/tul.fi\/tampere\/wp-content\/uploads\/sites\/11\/2024\/12\/Lapset-hyppaa-narua-768x597.png 768w\" sizes=\"auto, (max-width: 900px) 100vw, 900px\" \/><\/figure><div class=\"wp-block-media-text__content\">\n<p style=\"font-size:24px\">Leader-rahoitus<\/p>\n\n\n\n<ul class=\"wp-block-list\">\n<li><strong>Kuka voi hakea?<\/strong><br>Leader-rahoitusta voi hakea yleishy\u00f6dylliseen kehitt\u00e4mis- tai investointihankkeeseen sek\u00e4 yrityshankkeeseen. Rahoituksen yksityiskohdista tukiprosentteineen saat tietoa oman alueesi Leader-ryhm\u00e4st\u00e4.<br><br>Leader-rahoitusta voivat hakea esimerkiksi yhdistykset, alle 5 henkil\u00f6ty\u00f6vuotta ty\u00f6llist\u00e4v\u00e4t yritykset, kunnat, oppilaitokset ja s\u00e4\u00e4ti\u00f6t. Rahoitettavien hankkeiden tulee vastata Leader-ryhm\u00e4n kehitt\u00e4misstrategian tavoitteita.<br><br>Lis\u00e4tietoa: <a href=\"https:\/\/leadersuomi.fi\" target=\"_blank\" rel=\"noopener\" title=\"\">https:\/\/leadersuomi.fi<\/a><\/li>\n<\/ul>\n<\/div><\/div>\n\n\n\n<div class=\"wp-block-media-text alignwide is-stacked-on-mobile\" style=\"grid-template-columns:40% auto\"><figure class=\"wp-block-media-text__media\"><img decoding=\"async\" src=\"https:\/\/tul.fi\/wp-content\/uploads\/2021\/09\/Apurahat.jpg\" alt=\"\" class=\"wp-image-13587 size-full\" \/><\/figure><div class=\"wp-block-media-text__content\">\n<p style=\"font-size:24px\">Yritysten stipendit &#8211; Valio Akatemia\u00ae<\/p>\n\n\n\n<ul class=\"wp-block-list\">\n<li><strong>Hakeminen<\/strong><br>Stipendihaku vuodelle 2025 on p\u00e4\u00e4ttynyt.<\/li>\n<\/ul>\n\n\n\n<ul class=\"wp-block-list\">\n<li><strong>Mihin tarkoitukseen?<\/strong><br>Valio Akatemia\u00ae tukee lasten ja nuorten liikuntaa ja hyvinvointia. Ohjelma edist\u00e4\u00e4 suomalaisten perheiden hyvinvointia ja auttaa tekem\u00e4\u00e4n lasten ja nuorten unelmista totta jakamalla raha-, ravitsemus-, tuote- ja tapahtumastipendej\u00e4.<br>Lue lis\u00e4\u00e4: <a href=\"https:\/\/www.valio.fi\/valioakatemia\/\" target=\"_blank\" rel=\"noopener\" title=\"\">www.valio.fi\/valioakatemia<\/a><\/li>\n<\/ul>\n<\/div><\/div>\n\n\n\n<div class=\"wp-block-media-text alignwide is-stacked-on-mobile\" style=\"grid-template-columns:40% auto\"><figure class=\"wp-block-media-text__media\"><img loading=\"lazy\" decoding=\"async\" width=\"900\" height=\"700\" src=\"https:\/\/tul.fi\/tampere\/wp-content\/uploads\/sites\/11\/2023\/04\/Koripallovalmentaja.png\" alt=\"\" class=\"wp-image-1676 size-full\" srcset=\"https:\/\/tul.fi\/tampere\/wp-content\/uploads\/sites\/11\/2023\/04\/Koripallovalmentaja.png 900w, https:\/\/tul.fi\/tampere\/wp-content\/uploads\/sites\/11\/2023\/04\/Koripallovalmentaja-300x233.png 300w, https:\/\/tul.fi\/tampere\/wp-content\/uploads\/sites\/11\/2023\/04\/Koripallovalmentaja-768x597.png 768w\" sizes=\"auto, (max-width: 900px) 100vw, 900px\" \/><\/figure><div class=\"wp-block-media-text__content\">\n<p style=\"font-size:24px\">Tamperelaiset urheiluseurat &#8211;<br>Tampereen Urheilun Edist\u00e4miss\u00e4\u00e4ti\u00f6<\/p>\n\n\n\n<p>Tampereen Urheilun Edist\u00e4miss\u00e4\u00e4ti\u00f6 my\u00f6nt\u00e4\u00e4 vuosittain apurahoja s\u00e4\u00e4ti\u00f6n j\u00e4senseuroille&nbsp;seuraavasti:&nbsp;&nbsp;<br>1. Valmentaja-apurahoja nuorten ohjaajille tai valmentajille.<br>2. J\u00e4senseuran toimintaa tukevaan koulutukseen.&nbsp;&nbsp;&nbsp;&nbsp;&nbsp;&nbsp;&nbsp;&nbsp;&nbsp;&nbsp;&nbsp;&nbsp;&nbsp;&nbsp;&nbsp;&nbsp;&nbsp;&nbsp;&nbsp;&nbsp;&nbsp;&nbsp;&nbsp;&nbsp;&nbsp;&nbsp;&nbsp;&nbsp;&nbsp;&nbsp;&nbsp;&nbsp;&nbsp;&nbsp;&nbsp;<br>3. Pitk\u00e4n linjan seuraty\u00f6l\u00e4isille (puheenjohtajat, sihteerit, rahastonhoitajat, huoltajat, joukkueenjohtajat jne.).<br>Lis\u00e4tietoa s\u00e4\u00e4ti\u00f6n verkkosivuilta: <a href=\"https:\/\/www.tampereenurheilunedistamissaatio.fi\" target=\"_blank\" rel=\"noreferrer noopener\">www.tampereenurheilunedistamissaatio.fi<\/a><\/p>\n<\/div><\/div>\n\n\n\n<div class=\"wp-block-media-text alignwide is-stacked-on-mobile\" style=\"grid-template-columns:40% auto\"><figure class=\"wp-block-media-text__media\"><img loading=\"lazy\" decoding=\"async\" width=\"900\" height=\"700\" src=\"https:\/\/tul.fi\/tampere\/wp-content\/uploads\/sites\/11\/2024\/12\/Lapset-kiipeilee.png\" alt=\"Kuvituskuva. Kuvassa lapset roikkuvat renkaissa.\" class=\"wp-image-2623 size-full\" srcset=\"https:\/\/tul.fi\/tampere\/wp-content\/uploads\/sites\/11\/2024\/12\/Lapset-kiipeilee.png 900w, https:\/\/tul.fi\/tampere\/wp-content\/uploads\/sites\/11\/2024\/12\/Lapset-kiipeilee-300x233.png 300w, https:\/\/tul.fi\/tampere\/wp-content\/uploads\/sites\/11\/2024\/12\/Lapset-kiipeilee-768x597.png 768w\" sizes=\"auto, (max-width: 900px) 100vw, 900px\" \/><\/figure><div class=\"wp-block-media-text__content\">\n<p style=\"font-size:24px\">Pirkanmaan hyvinvointialue<\/p>\n\n\n\n<p>Tutustu avustuksiin t\u00e4\u00e4ll\u00e4: <a href=\"https:\/\/www.pirha.fi\/tietoa-meista\/jarjestoyhteistyo\/avustukset\" target=\"_blank\" rel=\"noopener\" title=\"\">https:\/\/www.pirha.fi\/tietoa-meista\/jarjestoyhteistyo\/avustukset<\/a><\/p>\n\n\n\n<p><\/p>\n<\/div><\/div>\n\n\n\n<div class=\"wp-block-media-text alignwide is-stacked-on-mobile is-vertically-aligned-top\" style=\"grid-template-columns:40% auto\"><figure class=\"wp-block-media-text__media\"><img loading=\"lazy\" decoding=\"async\" width=\"900\" height=\"700\" src=\"https:\/\/tul.fi\/tampere\/wp-content\/uploads\/sites\/11\/2023\/04\/Voimistelu.png\" alt=\"\" class=\"wp-image-1677 size-full\" srcset=\"https:\/\/tul.fi\/tampere\/wp-content\/uploads\/sites\/11\/2023\/04\/Voimistelu.png 900w, https:\/\/tul.fi\/tampere\/wp-content\/uploads\/sites\/11\/2023\/04\/Voimistelu-300x233.png 300w, https:\/\/tul.fi\/tampere\/wp-content\/uploads\/sites\/11\/2023\/04\/Voimistelu-768x597.png 768w\" sizes=\"auto, (max-width: 900px) 100vw, 900px\" \/><\/figure><div class=\"wp-block-media-text__content\">\n<p style=\"font-size:24px\">Kuntien avustukset<\/p>\n\n\n\n<p><strong>Kangasala<\/strong><br>Hyvinvointilautakunta my\u00f6nt\u00e4\u00e4 toiminta-avustuksia yhdistysrekisteriss\u00e4 oleville kangasalalaisille liikunta- ja urheiluseuroille ja yhdistyksille. Hakuaika tyypillisesti maaliskuussa.<br>Lis\u00e4tietoa: <a href=\"https:\/\/www.kangasala.fi\/hyvinvointi-ja-vapaa-aika\/avustukset\/liikunta\/vuosiavustus\/\" target=\"_blank\" rel=\"noopener\" title=\"\">https:\/\/www.kangasala.fi\/hyvinvointi-ja-vapaa-aika\/avustukset\/liikunta\/vuosiavustus\/<\/a><\/p>\n\n\n\n<p><strong>Lemp\u00e4\u00e4l\u00e4<\/strong><br>Toiminta-avustuksia my\u00f6nnet\u00e4\u00e4n kerran vuodessa syksyisin. Kohdeavustushaku j\u00e4rjestet\u00e4\u00e4n kaksi kertaa vuodessa syksyisin ja kev\u00e4isin.<br>Lis\u00e4tietoa: <a href=\"https:\/\/www.lempaala.fi\/lempaala-tietoa\/avustukset\/\" target=\"_blank\" rel=\"noopener\" title=\"\">https:\/\/www.lempaala.fi\/lempaala-tietoa\/avustukset\/<\/a><\/p>\n\n\n\n<p><strong>Nokia<\/strong><br>Hyvinvointi- ja vapaa-aikajaoston alaiset toiminta-avustukset ovat haettavissa tyypillisesti maaliskuun aikana.<br>Lis\u00e4tietoa: <a href=\"https:\/\/www.nokiankaupunki.fi\/vapaa-aika\/avustukset\/liikunnan-toiminta-avustus\/#830bf874\" target=\"_blank\" rel=\"noopener\" title=\"\">https:\/\/www.nokiankaupunki.fi\/vapaa-aika\/avustukset\/liikunnan-toiminta-avustus\/#830bf874<\/a><\/p>\n\n\n\n<p><strong>Tampere<\/strong><br>Tampereen kaupunki my\u00f6nt\u00e4\u00e4 vuosittain avustusta tamperelaisten urheiluj\u00e4rjest\u00f6jen toimintaan. Avustusperusteita ovat mm. toiminnan laajuus, seuran lapsi- ja nuorisotoiminta, harjoitus- ja kilpailukustannukset. Haku tyypillisesti tammikuussa.<br>Lis\u00e4tietoa: <a href=\"https:\/\/www.tampere.fi\/kaupunki-tukee-ja-palkitsee\/avustukset-ja-tuet\/yleisavustukset\" target=\"_blank\" rel=\"noopener\" title=\"\">https:\/\/www.tampere.fi\/kaupunki-tukee-ja-palkitsee\/avustukset-ja-tuet\/yleisavustukset<\/a><\/p>\n\n\n\n<p><strong>Yl\u00f6j\u00e4rvi<\/strong><br>Yl\u00f6j\u00e4rven hyvinvointilautakunta jakaa vuosittain toiminta-avustuksia liikuntatoimintaan. Toiminta-avustus on yleisavustus, jota voivat anoa kaikki Yl\u00f6j\u00e4rvelle rekister\u00f6ityneet yhdistykset, jotka ovat j\u00e4rjest\u00e4neet liikunnallista toimintaa v\u00e4hint\u00e4\u00e4n vuoden ajan. Hakuaika tyypillisesti maaliskuussa.<br>Lis\u00e4tietoa: <a href=\"https:\/\/www.ylojarvi.fi\/avustukset-liikuntatoimintaan\/\" target=\"_blank\" rel=\"noopener\" title=\"\">https:\/\/www.ylojarvi.fi\/avustukset-liikuntatoimintaan\/<\/a><\/p>\n\n\n\n<p><\/p>\n<\/div><\/div>\n\n\n\n<p><\/p>\n\n\n\n<p><\/p>\n","protected":false},"excerpt":{"rendered":"<p>Annamme informaatiota, ja opastamme seuroja erilaisten rahoitusavustusten hakemisessa. T\u00e4lt\u00e4 sivulta l\u00f6yd\u00e4t tietoa apurahojen my\u00f6nt\u00e4jist\u00e4. Mik\u00e4li sinulla on kysytt\u00e4v\u00e4\u00e4 tai kaipaat apua, ole yhteydess\u00e4 Tampereen piirin toiminnanjohtajaan tai TUL:n seurapalvelujohtajaan. APURAHAT,&nbsp;TUET&nbsp;JA&nbsp;MUUT&nbsp;AVUSTUKSET Tamperelaiset urheiluseurat &#8211;Tampereen Urheilun Edist\u00e4miss\u00e4\u00e4ti\u00f6 Tampereen Urheilun Edist\u00e4miss\u00e4\u00e4ti\u00f6 my\u00f6nt\u00e4\u00e4 vuosittain apurahoja s\u00e4\u00e4ti\u00f6n j\u00e4senseuroille&nbsp;seuraavasti:&nbsp;&nbsp;1. Valmentaja-apurahoja nuorten ohjaajille tai valmentajille.2. J\u00e4senseuran toimintaa tukevaan koulutukseen.&nbsp;&nbsp;&nbsp;&nbsp;&nbsp;&nbsp;&nbsp;&nbsp;&nbsp;&nbsp;&nbsp;&nbsp;&nbsp;&nbsp;&nbsp;&nbsp;&nbsp;&nbsp;&nbsp;&nbsp;&nbsp;&nbsp;&nbsp;&nbsp;&nbsp;&nbsp;&nbsp;&nbsp;&nbsp;&nbsp;&nbsp;&nbsp;&nbsp;&nbsp;&nbsp;3. Pitk\u00e4n linjan seuraty\u00f6l\u00e4isille [&hellip;]<\/p>\n","protected":false},"author":29,"featured_media":0,"parent":38,"menu_order":0,"comment_status":"closed","ping_status":"closed","template":"wide-template.php","meta":{"_acf_changed":false,"footnotes":""},"class_list":["post-1669","page","type-page","status-publish","hentry"],"acf":[],"aioseo_notices":[],"_links":{"self":[{"href":"https:\/\/tul.fi\/tampere\/wp-json\/wp\/v2\/pages\/1669","targetHints":{"allow":["GET"]}}],"collection":[{"href":"https:\/\/tul.fi\/tampere\/wp-json\/wp\/v2\/pages"}],"about":[{"href":"https:\/\/tul.fi\/tampere\/wp-json\/wp\/v2\/types\/page"}],"author":[{"embeddable":true,"href":"https:\/\/tul.fi\/tampere\/wp-json\/wp\/v2\/users\/29"}],"replies":[{"embeddable":true,"href":"https:\/\/tul.fi\/tampere\/wp-json\/wp\/v2\/comments?post=1669"}],"version-history":[{"count":20,"href":"https:\/\/tul.fi\/tampere\/wp-json\/wp\/v2\/pages\/1669\/revisions"}],"predecessor-version":[{"id":3104,"href":"https:\/\/tul.fi\/tampere\/wp-json\/wp\/v2\/pages\/1669\/revisions\/3104"}],"up":[{"embeddable":true,"href":"https:\/\/tul.fi\/tampere\/wp-json\/wp\/v2\/pages\/38"}],"wp:attachment":[{"href":"https:\/\/tul.fi\/tampere\/wp-json\/wp\/v2\/media?parent=1669"}],"curies":[{"name":"wp","href":"https:\/\/api.w.org\/{rel}","templated":true}]}}