{"id":2,"date":"2020-12-08T15:33:49","date_gmt":"2020-12-08T13:33:49","guid":{"rendered":"http:\/\/jarvi-suomi.tul-kopio.16.testivedos.com\/?page_id=2"},"modified":"2026-02-28T12:00:30","modified_gmt":"2026-02-28T10:00:30","slug":"etusivu","status":"publish","type":"page","link":"https:\/\/tul.fi\/tampere\/","title":{"rendered":"Tampereen piiri"},"content":{"rendered":"\n<p>L\u00f6yd\u00e4 liikunnan ilo hyv\u00e4ss\u00e4 seurassa.<\/p>\n\n\n\n<p>Liikkuminen on kaikkien oikeus i\u00e4st\u00e4, sukupuolesta, seksuaalisesta suuntautumisesta, varallisuudesta tai etnisest\u00e4 taustasta riippumatta. Tavoitteemme on huolehtia, ett\u00e4 jokaisella on mahdollisuus l\u00f6yt\u00e4\u00e4 liikunnan ilo hyv\u00e4ss\u00e4 seurassa.&nbsp;<\/p>\n\n\n\n<p>TUL:n Tampereen piiri on yksi TUL:n 15:sta j\u00e4senpiirist\u00e4, joka on perustettu vuonna 1919. J\u00e4senseuroja piirin alueella on noin 80.<\/p>\n\n\n\n<p><strong>Postituslista<\/strong><br>Liity meid\u00e4n postituslistalle, niin saat ajankohtaiset asiat s\u00e4hk\u00f6postiisi. L\u00e4het\u00e4mme keskim\u00e4\u00e4rin 1-2 uutiskirjett\u00e4 kuukaudessa. Voit poistua listalta milloin haluat. <a href=\"https:\/\/tul.creamailer.fi\/subscribe\/R2u2miLgzkmRc\" target=\"_blank\" rel=\"noreferrer noopener\">Liity t\u00e4st\u00e4 postituslistalle<\/a>.<\/p>\n\n\n\n<p>Seuraa meit\u00e4 my\u00f6s Facebookissa ja Instagramissa.<br><a href=\"https:\/\/www.facebook.com\/tultampere\" target=\"_blank\" rel=\"noreferrer noopener\">T\u00e4st\u00e4 meid\u00e4n Facebookiin<\/a>. <a href=\"\/\/www.instagram.com\/tul.tampere\/\" title=\"\"> Ota Instagram-tilimme seurantaan.<\/a><\/p>\n\n\n\n<p><\/p>\n","protected":false},"excerpt":{"rendered":"<p>L\u00f6yd\u00e4 liikunnan ilo hyv\u00e4ss\u00e4 seurassa. Liikkuminen on kaikkien oikeus i\u00e4st\u00e4, sukupuolesta, seksuaalisesta suuntautumisesta, varallisuudesta tai etnisest\u00e4 taustasta riippumatta. Tavoitteemme on huolehtia, ett\u00e4 jokaisella on mahdollisuus l\u00f6yt\u00e4\u00e4 liikunnan ilo hyv\u00e4ss\u00e4 seurassa.&nbsp; TUL:n Tampereen piiri on yksi TUL:n 15:sta j\u00e4senpiirist\u00e4, joka on perustettu vuonna 1919. J\u00e4senseuroja piirin alueella on noin 80. PostituslistaLiity meid\u00e4n postituslistalle, niin saat ajankohtaiset [&hellip;]<\/p>\n","protected":false},"author":1,"featured_media":55,"parent":0,"menu_order":0,"comment_status":"closed","ping_status":"open","template":"","meta":{"_acf_changed":false,"footnotes":""},"class_list":["post-2","page","type-page","status-publish","has-post-thumbnail","hentry"],"acf":[],"aioseo_notices":[],"_links":{"self":[{"href":"https:\/\/tul.fi\/tampere\/wp-json\/wp\/v2\/pages\/2","targetHints":{"allow":["GET"]}}],"collection":[{"href":"https:\/\/tul.fi\/tampere\/wp-json\/wp\/v2\/pages"}],"about":[{"href":"https:\/\/tul.fi\/tampere\/wp-json\/wp\/v2\/types\/page"}],"author":[{"embeddable":true,"href":"https:\/\/tul.fi\/tampere\/wp-json\/wp\/v2\/users\/1"}],"replies":[{"embeddable":true,"href":"https:\/\/tul.fi\/tampere\/wp-json\/wp\/v2\/comments?post=2"}],"version-history":[{"count":11,"href":"https:\/\/tul.fi\/tampere\/wp-json\/wp\/v2\/pages\/2\/revisions"}],"predecessor-version":[{"id":3202,"href":"https:\/\/tul.fi\/tampere\/wp-json\/wp\/v2\/pages\/2\/revisions\/3202"}],"wp:featuredmedia":[{"embeddable":true,"href":"https:\/\/tul.fi\/tampere\/wp-json\/wp\/v2\/media\/55"}],"wp:attachment":[{"href":"https:\/\/tul.fi\/tampere\/wp-json\/wp\/v2\/media?parent=2"}],"curies":[{"name":"wp","href":"https:\/\/api.w.org\/{rel}","templated":true}]}}