{"id":40,"date":"2020-12-08T15:57:09","date_gmt":"2020-12-08T13:57:09","guid":{"rendered":"http:\/\/tul-kopio.16.testivedos.com\/jarvi-suomi\/?page_id=40"},"modified":"2025-12-08T15:26:02","modified_gmt":"2025-12-08T13:26:02","slug":"yhteystiedot","status":"publish","type":"page","link":"https:\/\/tul.fi\/tampere\/yhteystiedot\/","title":{"rendered":"Yhteystiedot &#8211; TUL Tampere"},"content":{"rendered":"\n<h2 class=\"wp-block-heading\">Yleiset yhteystiedot<\/h2>\n\n\n\n<div class=\"wp-block-columns is-layout-flex wp-container-core-columns-is-layout-9d6595d7 wp-block-columns-is-layout-flex\">\n<div class=\"wp-block-column is-layout-flow wp-block-column-is-layout-flow\">\n<p>H\u00e4meenpuisto 28, 5. krs.<br>33200 Tampere<br>tampere (at) tul. fi<br><\/p>\n\n\n\n<p><\/p>\n\n\n\n<p><\/p>\n\n\n\n<p><\/p>\n\n\n\n<p><\/p>\n\n\n\n<p>Facebook: <a href=\"https:\/\/www.facebook.com\/tultampere\" target=\"_blank\" rel=\"noreferrer noopener\">www.facebook.com\/tultampere<\/a><br>Instagram: <a href=\"https:\/\/www.instagram.com\/tul.tampere\/\" title=\"\">https:\/\/www.instagram.com\/tul.tampere\/<\/a><\/p>\n<\/div>\n\n\n\n<div class=\"wp-block-column is-layout-flow wp-block-column-is-layout-flow\">\n<p><strong>Marika Uusi-Illikainen<br><\/strong>Toiminnanjohtaja, TUL Tampereen piiri<br>marika.uusi-illikainen(at)tul.fi<br>puh. 050 569 1019<br> <br><\/p>\n<\/div>\n<\/div>\n\n\n\n<h2 class=\"wp-block-heading\">Hallitus<\/h2>\n\n\n\n<div class=\"wp-block-columns is-layout-flex wp-container-core-columns-is-layout-9d6595d7 wp-block-columns-is-layout-flex\">\n<div class=\"wp-block-column is-layout-flow wp-block-column-is-layout-flow\">\n<p><strong>Puheenjohtaja<\/strong><br>Santaharju Mariikka, Rantaperki\u00f6n Isku<\/p>\n\n\n\n<p><strong>Varapuheenjohtaja<\/strong><br>Lindroos Olli, Messukyl\u00e4n Toverit<\/p>\n<\/div>\n\n\n\n<div class=\"wp-block-column is-layout-flow wp-block-column-is-layout-flow\">\n<p><strong>J\u00e4senet<br><\/strong>Heikkil\u00e4 Jouko, Tampereen Kisatoverit<br>Ikonen Aira, Rantaperki\u00f6n Isku<br>J\u00e4rvinen Kati, Raholan Pyrkiv\u00e4<br>Tiina N\u00e4\u00e4tsaari, Tampereen Yritys<br>Alina Salmi, Tampereen Painiseura<br>Tuire Tuominen, Viialan Pyry<\/p>\n<\/div>\n<\/div>\n\n\n\n<h2 class=\"wp-block-heading\">Valtuusto<\/h2>\n\n\n\n<div class=\"wp-block-columns is-layout-flex wp-container-core-columns-is-layout-9d6595d7 wp-block-columns-is-layout-flex\">\n<div class=\"wp-block-column is-layout-flow wp-block-column-is-layout-flow\">\n<p><strong>Puheenjohtaja<\/strong><br><span style=\"font-size: 17.6px;white-space: normal\">Heinonen Paula, M\u00e4nt\u00e4n Valo<\/span><\/p>\n\n\n\n<p><strong>J\u00e4senet<\/strong><br>Ahoniemi Riitta-Liisa, Tampereen Kuntoliikunta<br>Colliander Harri, Kolhon Vihuri<br>Joutsiniemi Marika, Tampereen Yritys<br>Kalliom\u00e4ki Tapio, Tampereen Pallo-Veikot<br>Kanerva Hanna, Valkeakosken Koskenpojat<br>Kanerva Raija, Tampereen Sisu<br>Kangasniemi-Salmi Tuula, Tampereen Painiseura<br>Kuisma Seppo, S\u00e4\u00e4ksm\u00e4en Sopu<br>Kyt\u00f6m\u00e4ki Laura, M\u00e4nt\u00e4n Valo<br>Roininen Saija, Toijalan Valpas<br>Salminen Mika, Lielahden Kipin\u00e4<br>Sepp\u00e4l\u00e4 Jarmo, Lamminp\u00e4\u00e4n Korpi<br>Siiki Ella<br>Tattari Jorma, Pispalan Tarmo<br>Turunen Esko, TaTU Tampere<br>Uuramo Christa, Tampereen Sisu<br>Valtatie Taru, Tampereen Ty\u00f6v\u00e4en Naisvoimistelijat<br>Virtanen Antti, Vehmaisten Urheilijat<\/p>\n<\/div>\n\n\n\n<div class=\"wp-block-column is-layout-flow wp-block-column-is-layout-flow\">\n<p><strong>Varapuheenjohtaja<\/strong><br>J\u00e4rvinen Satu, Viialan Pyry<\/p>\n\n\n\n<p><strong>Varaj\u00e4senet<\/strong><br>1. Virta Sari, Lamminp\u00e4\u00e4n Korpi<br>2. Kekki Petri, P\u00f6yt\u00e4tennis-75<br>3. M\u00e4kinen Pia, Tampereen Ty\u00f6v\u00e4en Naisvoimistelijat<br>4. Salmela Leo, Tampereen Yritys<br>5. Laine Osmo, Tampereen Ty\u00f6v\u00e4en Nyrkkeilij\u00e4t<\/p>\n<\/div>\n<\/div>\n\n\n\n<div class=\"wp-block-columns is-layout-flex wp-container-core-columns-is-layout-9d6595d7 wp-block-columns-is-layout-flex\">\n<div class=\"wp-block-column is-layout-flow wp-block-column-is-layout-flow\">\n<p><\/p>\n<\/div>\n<\/div>\n\n\n\n<div class=\"wp-block-columns is-layout-flex wp-container-core-columns-is-layout-9d6595d7 wp-block-columns-is-layout-flex\">\n<div class=\"wp-block-column is-layout-flow wp-block-column-is-layout-flow\">\n<h2 class=\"wp-block-heading\"><\/h2>\n<\/div>\n\n\n\n<div class=\"wp-block-column is-layout-flow wp-block-column-is-layout-flow\">\n<h3 class=\"wp-block-heading\"><\/h3>\n<\/div>\n<\/div>\n","protected":false},"excerpt":{"rendered":"<p>Yleiset yhteystiedot H\u00e4meenpuisto 28, 5. krs.33200 Tamperetampere (at) tul. fi Facebook: www.facebook.com\/tultampereInstagram: https:\/\/www.instagram.com\/tul.tampere\/ Marika Uusi-IllikainenToiminnanjohtaja, TUL Tampereen piirimarika.uusi-illikainen(at)tul.fipuh. 050 569 1019 Hallitus PuheenjohtajaSantaharju Mariikka, Rantaperki\u00f6n Isku VarapuheenjohtajaLindroos Olli, Messukyl\u00e4n Toverit J\u00e4senetHeikkil\u00e4 Jouko, Tampereen KisatoveritIkonen Aira, Rantaperki\u00f6n IskuJ\u00e4rvinen Kati, Raholan Pyrkiv\u00e4Tiina N\u00e4\u00e4tsaari, Tampereen YritysAlina Salmi, Tampereen PainiseuraTuire Tuominen, Viialan Pyry Valtuusto PuheenjohtajaHeinonen Paula, M\u00e4nt\u00e4n Valo J\u00e4senetAhoniemi [&hellip;]<\/p>\n","protected":false},"author":1,"featured_media":0,"parent":0,"menu_order":0,"comment_status":"closed","ping_status":"closed","template":"","meta":{"_acf_changed":false,"footnotes":""},"class_list":["post-40","page","type-page","status-publish","hentry"],"acf":[],"aioseo_notices":[],"_links":{"self":[{"href":"https:\/\/tul.fi\/tampere\/wp-json\/wp\/v2\/pages\/40","targetHints":{"allow":["GET"]}}],"collection":[{"href":"https:\/\/tul.fi\/tampere\/wp-json\/wp\/v2\/pages"}],"about":[{"href":"https:\/\/tul.fi\/tampere\/wp-json\/wp\/v2\/types\/page"}],"author":[{"embeddable":true,"href":"https:\/\/tul.fi\/tampere\/wp-json\/wp\/v2\/users\/1"}],"replies":[{"embeddable":true,"href":"https:\/\/tul.fi\/tampere\/wp-json\/wp\/v2\/comments?post=40"}],"version-history":[{"count":34,"href":"https:\/\/tul.fi\/tampere\/wp-json\/wp\/v2\/pages\/40\/revisions"}],"predecessor-version":[{"id":3045,"href":"https:\/\/tul.fi\/tampere\/wp-json\/wp\/v2\/pages\/40\/revisions\/3045"}],"wp:attachment":[{"href":"https:\/\/tul.fi\/tampere\/wp-json\/wp\/v2\/media?parent=40"}],"curies":[{"name":"wp","href":"https:\/\/api.w.org\/{rel}","templated":true}]}}