{"id":797,"date":"2022-03-01T14:58:27","date_gmt":"2022-03-01T12:58:27","guid":{"rendered":"https:\/\/tul.fi\/tampere\/?page_id=797"},"modified":"2024-05-06T11:27:15","modified_gmt":"2024-05-06T08:27:15","slug":"medialle","status":"publish","type":"page","link":"https:\/\/tul.fi\/tampere\/medialle\/","title":{"rendered":"Medialle"},"content":{"rendered":"\n<p>T\u00e4\u00e4lt\u00e4 l\u00f6yd\u00e4t TUL:n sek\u00e4 TUL Tampereen logot.<\/p>\n\n\n\n<p><\/p>\n\n\n\n<p><strong>TUL Tampere-logo (print)<\/strong><br><a href=\"https:\/\/tul.fi\/tampere\/wp-content\/uploads\/sites\/11\/2022\/03\/tul_tampere_logo_black_cmyk.pdf\" target=\"_blank\" rel=\"noreferrer noopener\" title=\"TUL-tampere musta cmyk\">TUL-Tampere musta vaakakuva cmyk<\/a><br><a href=\"https:\/\/tul.fi\/tampere\/wp-content\/uploads\/sites\/11\/2022\/03\/tul_tampere_logo_cmyk.pdf\" title=\"TUL-Tampere v\u00e4rik\u00e4s cmyk\n\" target=\"_blank\" rel=\"noreferrer noopener\">TUL-Tampere v\u00e4rik\u00e4s vaakakuva cmyk<\/a><\/p>\n\n\n\n<p><a href=\"https:\/\/tul.fi\/tampere\/wp-content\/uploads\/sites\/11\/2022\/03\/tul_tampere_logo_vertical_black_cmyk.pdf\" title=\"TUL-Tampere v\u00e4rik\u00e4s pystykuva cmyk\n\" target=\"_blank\" rel=\"noreferrer noopener\">TUL-Tampere musta pystykuva cmyk<\/a><br><a href=\"https:\/\/tul.fi\/tampere\/wp-content\/uploads\/sites\/11\/2022\/03\/tul_tampere_logo_vertical_cmyk.pdf\" target=\"_blank\" rel=\"noreferrer noopener\" title=\"TUL-Tampere v\u00e4rik\u00e4s pystykuva cmyk\n\">TUL-Tampere v\u00e4rik\u00e4s pystykuva cmyk<br><\/a><\/p>\n\n\n\n<p><strong>TUL Tampere-logo (web)<\/strong><br><a href=\"https:\/\/tul.fi\/tampere\/wp-content\/uploads\/sites\/11\/2022\/03\/tul_tampere_logo_black_rgb.png\" title=\"TUL-Tampere musta png\" target=\"_blank\" rel=\"noreferrer noopener\">TUL-Tampere musta vaakakuva png<\/a><br><a href=\"https:\/\/tul.fi\/tampere\/wp-content\/uploads\/sites\/11\/2022\/03\/tul_tampere_logo_negative_rgb.png\" title=\"TUL-Tampere v\u00e4rik\u00e4s vaakakuva rgp\" target=\"_blank\" rel=\"noreferrer noopener\">TUL-Tampere valko-punainen vaakakuva rgp<\/a><br><a href=\"https:\/\/tul.fi\/tampere\/wp-content\/uploads\/sites\/11\/2022\/03\/tul_tampere_logo_rgb.png\" title=\"TUL-Tampere v\u00e4rik\u00e4s vaakakuva rgp\" target=\"_blank\" rel=\"noreferrer noopener\">TUL-Tampere v\u00e4rik\u00e4s vaakakuva rgp<\/a><br><a href=\"https:\/\/tul.fi\/tampere\/wp-content\/uploads\/sites\/11\/2022\/03\/tul_tampere_logo_white_rgb.png\" target=\"_blank\" rel=\"noreferrer noopener\" title=\"TUL-Tampere valkoinen vaakakuva rgp\">TUL-Tampere valkoinen vaakakuva rgp<\/a><\/p>\n\n\n\n<p><a href=\"https:\/\/tul.fi\/tampere\/wp-content\/uploads\/sites\/11\/2022\/03\/tul_tampere_logo_vertical_black_rgb.png\" title=\"TUL-Tampere musta pysykuva rgp (nega)\" target=\"_blank\" rel=\"noreferrer noopener\">TUL-Tampere musta pystykuva rgp (nega)<\/a><br><a href=\"https:\/\/tul.fi\/tampere\/wp-content\/uploads\/sites\/11\/2022\/03\/tul_tampere_logo_vertical_negative_rgb.png\" title=\"TUL-Tampere valko-punainen pystykuva (nega)\" target=\"_blank\" rel=\"noreferrer noopener\">TUL-Tampere valko-punainen pystykuva (nega)<\/a><br><a href=\"https:\/\/tul.fi\/tampere\/wp-content\/uploads\/sites\/11\/2022\/03\/tul_tampere_logo_vertical_rgb.png\" target=\"_blank\" rel=\"noreferrer noopener\" title=\"TUL-Tampere v\u00e4rik\u00e4s pystykuva\n\">TUL-Tampere v\u00e4rik\u00e4s pystykuva png<\/a><br><a href=\"https:\/\/tul.fi\/tampere\/wp-content\/uploads\/sites\/11\/2022\/03\/tul_tampere_logo_vertical_white_rgb.png\" target=\"_blank\" rel=\"noreferrer noopener\" title=\"TUL-Tampere valkoinen pystykuva rgb (nega)\n\">TUL-Tampere valkoinen pystykuva rgb (nega)<br><\/a><\/p>\n\n\n\n<p><strong>TUL-logo (print)<\/strong><br><a href=\"https:\/\/tul.fi\/wp-content\/uploads\/2018\/04\/tul_logo_cmyk.pdf\" target=\"_blank\" rel=\"noreferrer noopener\">tul_logo_cmyk<\/a><br><a href=\"https:\/\/tul.fi\/wp-content\/uploads\/2018\/04\/tul_logo_black_cmyk.pdf\" target=\"_blank\" rel=\"noreferrer noopener\">tul_logo_black_cmyk<\/a><\/p>\n\n\n\n<p><strong>TUL-logo (web)<\/strong><br><a href=\"https:\/\/tul.fi\/wp-content\/uploads\/2018\/04\/tul_logo_rgb.png\" target=\"_blank\" rel=\"noreferrer noopener\">punainen<\/a><br><a href=\"https:\/\/tul.fi\/wp-content\/uploads\/2018\/04\/tul_logo_rgb.png\" target=\"_blank\" rel=\"noreferrer noopener\">musta<\/a><br><a href=\"https:\/\/tul.fi\/wp-content\/uploads\/2018\/04\/tul_logo_white_rgb.png\" target=\"_blank\" rel=\"noreferrer noopener\">valkoinen<\/a><\/p>\n\n\n\n<p><strong>Suomen Ty\u00f6v\u00e4en Urheiluliitto TUL ry -logo<br><\/strong><a href=\"https:\/\/tul.fi\/wp-content\/uploads\/2018\/04\/suomen-tyovaen-urheiluliitto_logo_cmyk.pdf\" target=\"_blank\" rel=\"noreferrer noopener\">Suomen Ty\u00f6v\u00e4en Urheiluliitto TUL ry (print)<\/a><br><a href=\"https:\/\/tul.fi\/wp-content\/uploads\/2018\/04\/suomen-tyovaen-urheiluliitto_logo_rgb.png\" target=\"_blank\" rel=\"noreferrer noopener\">Suomen Ty\u00f6v\u00e4en Urheiluliitto TUL ry (web)<\/a><\/p>\n\n\n\n<h2 class=\"wp-block-heading\">Lis\u00e4tietoa<\/h2>\n\n\n\n<p><a href=\"https:\/\/tul.fi\/yhteystiedot\/henkilosto\/\" target=\"_blank\" rel=\"noopener\" title=\"\">TUL viestint\u00e4koordinaattori<br><\/a><a href=\"https:\/\/tul.fi\/tampere\/yhteystiedot\/\" target=\"_blank\" rel=\"noopener\" title=\"\">TUL Tampereen piirin toiminnanjohtaja<\/a><\/p>\n","protected":false},"excerpt":{"rendered":"<p>T\u00e4\u00e4lt\u00e4 l\u00f6yd\u00e4t TUL:n sek\u00e4 TUL Tampereen logot. TUL Tampere-logo (print)TUL-Tampere musta vaakakuva cmykTUL-Tampere v\u00e4rik\u00e4s vaakakuva cmyk TUL-Tampere musta pystykuva cmykTUL-Tampere v\u00e4rik\u00e4s pystykuva cmyk TUL Tampere-logo (web)TUL-Tampere musta vaakakuva pngTUL-Tampere valko-punainen vaakakuva rgpTUL-Tampere v\u00e4rik\u00e4s vaakakuva rgpTUL-Tampere valkoinen vaakakuva rgp TUL-Tampere musta pystykuva rgp (nega)TUL-Tampere valko-punainen pystykuva (nega)TUL-Tampere v\u00e4rik\u00e4s pystykuva pngTUL-Tampere valkoinen pystykuva rgb (nega) TUL-logo (print)tul_logo_cmyktul_logo_black_cmyk [&hellip;]<\/p>\n","protected":false},"author":29,"featured_media":0,"parent":0,"menu_order":0,"comment_status":"closed","ping_status":"closed","template":"","meta":{"_acf_changed":false,"footnotes":""},"class_list":["post-797","page","type-page","status-publish","hentry"],"acf":[],"aioseo_notices":[],"_links":{"self":[{"href":"https:\/\/tul.fi\/tampere\/wp-json\/wp\/v2\/pages\/797","targetHints":{"allow":["GET"]}}],"collection":[{"href":"https:\/\/tul.fi\/tampere\/wp-json\/wp\/v2\/pages"}],"about":[{"href":"https:\/\/tul.fi\/tampere\/wp-json\/wp\/v2\/types\/page"}],"author":[{"embeddable":true,"href":"https:\/\/tul.fi\/tampere\/wp-json\/wp\/v2\/users\/29"}],"replies":[{"embeddable":true,"href":"https:\/\/tul.fi\/tampere\/wp-json\/wp\/v2\/comments?post=797"}],"version-history":[{"count":7,"href":"https:\/\/tul.fi\/tampere\/wp-json\/wp\/v2\/pages\/797\/revisions"}],"predecessor-version":[{"id":2413,"href":"https:\/\/tul.fi\/tampere\/wp-json\/wp\/v2\/pages\/797\/revisions\/2413"}],"wp:attachment":[{"href":"https:\/\/tul.fi\/tampere\/wp-json\/wp\/v2\/media?parent=797"}],"curies":[{"name":"wp","href":"https:\/\/api.w.org\/{rel}","templated":true}]}}