{"id":1156,"date":"2023-09-21T11:24:41","date_gmt":"2023-09-21T08:24:41","guid":{"rendered":"https:\/\/tul.fi\/uusimaa\/?page_id=1156"},"modified":"2026-04-21T13:23:56","modified_gmt":"2026-04-21T10:23:56","slug":"seniorit","status":"publish","type":"page","link":"https:\/\/tul.fi\/uusimaa\/seniorit\/","title":{"rendered":"Seniorit"},"content":{"rendered":"\n<p>TUL Uudenmaan piirin seniorit j\u00e4rjest\u00e4v\u00e4t aktiivisesti kuukausittain liikunta- sek\u00e4 kulttuuritoimintaa p\u00e4\u00e4kaupunkiseudun alueella. Senioritoimintamme on avointa aivan kaikilla ja toimintaan ovat tervetulleita kaikki halukkaat, olit sitten TUL:n j\u00e4senseuran j\u00e4sen tai et. <\/p>\n\n\n\n<p><strong>Tapahtumakalenteri<\/strong> <strong>2025<\/strong><\/p>\n\n\n\n<p>Tapahtumakalenterin l\u00f6yd\u00e4t s\u00e4hk\u00f6isesti ladattavan PDF-tiedoston alhaalta. <\/p>\n\n\n\n<div data-wp-interactive=\"core\/file\" class=\"wp-block-file\"><object data-wp-bind--hidden=\"!state.hasPdfPreview\" hidden class=\"wp-block-file__embed\" data=\"https:\/\/tul.fi\/uusimaa\/wp-content\/uploads\/sites\/10\/2026\/04\/Tapahtumakalenteri-Huhti-Joulukuu-2026.pdf\" type=\"application\/pdf\" style=\"width:100%;height:600px\" aria-label=\"Tiedoston Tapahtumakalenteri Huhti-Joulukuu 2026 upotus.\"><\/object><a id=\"wp-block-file--media-0bc73fc4-7328-4e29-a184-63dc00650b9c\" href=\"https:\/\/tul.fi\/uusimaa\/wp-content\/uploads\/sites\/10\/2026\/04\/Tapahtumakalenteri-Huhti-Joulukuu-2026.pdf\">Tapahtumakalenteri Huhti-Joulukuu 2026<\/a><a href=\"https:\/\/tul.fi\/uusimaa\/wp-content\/uploads\/sites\/10\/2026\/04\/Tapahtumakalenteri-Huhti-Joulukuu-2026.pdf\" class=\"wp-block-file__button wp-element-button\" download aria-describedby=\"wp-block-file--media-0bc73fc4-7328-4e29-a184-63dc00650b9c\">Lataa<\/a><\/div>\n\n\n\n<p><br><\/p>\n\n\n\n<p>Uudenmaan piirin seniorijaosto:<br><strong>Puheenjohtaja<\/strong> Ritva Kima<br><strong>Varapuheenjohtaja<\/strong> Harri Rinne<br><strong>Sihteeri<\/strong> Henna M\u00e4ntyoja<br><strong>Tiedotusvastaava<\/strong> Paula Kaunism\u00e4ki<br><strong>J\u00e4sen<\/strong> Esko Lerssi<br><strong>J\u00e4sen<\/strong> Elma Vilkkula<br><strong>J\u00e4sen<\/strong> Merja J\u00e4rvenp\u00e4\u00e4<br><strong>J\u00e4sen <\/strong>Kari H\u00e4m\u00e4l\u00e4inen<br><br><strong>Yhteystiedot:<\/strong><br>Ritva Kima (ritva.kima@gmail.com \/ 041 435 7165)<br>Paula Kaunism\u00e4ki (kaunipau@gmail.com \/ 050 453 6364)<\/p>\n\n\n\n<p><\/p>\n\n\n\n<p><\/p>\n","protected":false},"excerpt":{"rendered":"<p>TUL Uudenmaan piirin seniorit j\u00e4rjest\u00e4v\u00e4t aktiivisesti kuukausittain liikunta- sek\u00e4 kulttuuritoimintaa p\u00e4\u00e4kaupunkiseudun alueella. Senioritoimintamme on avointa aivan kaikilla ja toimintaan ovat tervetulleita kaikki halukkaat, olit sitten TUL:n j\u00e4senseuran j\u00e4sen tai et. Tapahtumakalenteri 2025 Tapahtumakalenterin l\u00f6yd\u00e4t s\u00e4hk\u00f6isesti ladattavan PDF-tiedoston alhaalta. Uudenmaan piirin seniorijaosto:Puheenjohtaja Ritva KimaVarapuheenjohtaja Harri RinneSihteeri Henna M\u00e4ntyojaTiedotusvastaava Paula Kaunism\u00e4kiJ\u00e4sen Esko LerssiJ\u00e4sen Elma VilkkulaJ\u00e4sen Merja J\u00e4rvenp\u00e4\u00e4J\u00e4sen [&hellip;]<\/p>\n","protected":false},"author":34,"featured_media":0,"parent":0,"menu_order":0,"comment_status":"closed","ping_status":"closed","template":"wide-template.php","meta":{"_acf_changed":false,"footnotes":""},"class_list":["post-1156","page","type-page","status-publish","hentry"],"acf":[],"aioseo_notices":[],"_links":{"self":[{"href":"https:\/\/tul.fi\/uusimaa\/wp-json\/wp\/v2\/pages\/1156","targetHints":{"allow":["GET"]}}],"collection":[{"href":"https:\/\/tul.fi\/uusimaa\/wp-json\/wp\/v2\/pages"}],"about":[{"href":"https:\/\/tul.fi\/uusimaa\/wp-json\/wp\/v2\/types\/page"}],"author":[{"embeddable":true,"href":"https:\/\/tul.fi\/uusimaa\/wp-json\/wp\/v2\/users\/34"}],"replies":[{"embeddable":true,"href":"https:\/\/tul.fi\/uusimaa\/wp-json\/wp\/v2\/comments?post=1156"}],"version-history":[{"count":20,"href":"https:\/\/tul.fi\/uusimaa\/wp-json\/wp\/v2\/pages\/1156\/revisions"}],"predecessor-version":[{"id":1999,"href":"https:\/\/tul.fi\/uusimaa\/wp-json\/wp\/v2\/pages\/1156\/revisions\/1999"}],"wp:attachment":[{"href":"https:\/\/tul.fi\/uusimaa\/wp-json\/wp\/v2\/media?parent=1156"}],"curies":[{"name":"wp","href":"https:\/\/api.w.org\/{rel}","templated":true}]}}