{"id":2,"date":"2020-12-08T15:33:49","date_gmt":"2020-12-08T13:33:49","guid":{"rendered":"http:\/\/jarvi-suomi.tul-kopio.16.testivedos.com\/?page_id=2"},"modified":"2024-03-07T15:35:15","modified_gmt":"2024-03-07T13:35:15","slug":"etusivu","status":"publish","type":"page","link":"https:\/\/tul.fi\/uusimaa\/","title":{"rendered":"Uudenmaan piiri"},"content":{"rendered":"\n<p>Suur-Helsingin ja Uudenmaan piirit yhdistyiv\u00e4t 1.1.2022 alkaen uudeksi Uudenmaan piiriksi. Yli satavuotisen historian aikana toiminnan ytimeksi on hioutunut seurojen ja piirin urheilijoiden tukeminen, koulutustoiminta, tapahtumien j\u00e4rjest\u00e4minen ja monipuolisen ja hinnaltaan kohtuullisen liikunnan sek\u00e4 leiritystoiminnan tarjoaminen piirin toiminta-alueella. Uudenmaan piirin j\u00e4senseuroja on vajaa 140. <\/p>\n\n\n\n<p>Olemme ylpe\u00e4sti seurapalveluorganisaatio, jonka toimintaa kuvaavia avainsanoja ovat&nbsp;tasa-arvo, kest\u00e4v\u00e4 kehitys, monikulttuurisuus, kasvatuksellisuus, yhteis\u00f6llisyys ja hauskuus.<\/p>\n\n\n\n<p>Toiminta-ajatustaan piiri toteuttaa organisoimalla ja koordinoimalla seurojen v\u00e4list\u00e4 yhteistoimintaa, tiedottamalla, j\u00e4rjest\u00e4m\u00e4ll\u00e4 kilpailuja, koulutusta, palveluja ja tukitoimintoja.<\/p>\n\n\n\n<p>Toimimme koko Uudellamaalla ja p\u00e4\u00e4kaupunkiseudulla aina Hangosta Loviisaan ja Hyvink\u00e4\u00e4lt\u00e4 Helsinkiin. Piirin\u00a0toimisto sijaitsee TUL:n keskustoimiston yhteydess\u00e4 Helsingin Pit\u00e4j\u00e4nm\u00e4ess\u00e4, os. Valimotie 10, 5 kerros, 00380 Helsinki.\u00a0L\u00f6yd\u00e4t meid\u00e4t my\u00f6s <a href=\"https:\/\/www.facebook.com\/TULn-Suur-Helsingin-ja-Uudenmaan-piirit-1431799210468661\" target=\"_blank\" rel=\"noreferrer noopener\">Facebookista<\/a> ja <a href=\"https:\/\/www.instagram.com\/tul_uusimaa\/\" target=\"_blank\" rel=\"noreferrer noopener\">Instagramista<\/a>.<\/p>\n\n\n\n<p>Liity Uudenmaan piirin postituslistalle, niin saat ajankohtaiset asiat s\u00e4hk\u00f6postiisi. L\u00e4het\u00e4mme keskim\u00e4\u00e4rin 1-2 uutiskirjett\u00e4 kuukaudessa. Voit poistua listalta milloin haluat. <a href=\"https:\/\/tul.creamailer.fi\/subscribe\/D8a2QCBaZG0Z2\" target=\"_blank\" rel=\"noopener\" title=\"\">Liity postituslistalle<\/a>. <\/p>\n\n\n\n<figure class=\"wp-block-embed is-type-video is-provider-vimeo wp-block-embed-vimeo wp-embed-aspect-16-9 wp-has-aspect-ratio\"><div class=\"wp-block-embed__wrapper\">\n<iframe loading=\"lazy\" title=\"Uusi TUL Uusimaa - Liikunnan iloa vauvasta vaariin\" src=\"https:\/\/player.vimeo.com\/video\/660618904?dnt=1&amp;app_id=122963\" width=\"500\" height=\"281\" frameborder=\"0\" allow=\"autoplay; fullscreen; picture-in-picture; clipboard-write\"><\/iframe>\n<\/div><\/figure>\n","protected":false},"excerpt":{"rendered":"<p>Suur-Helsingin ja Uudenmaan piirit yhdistyiv\u00e4t 1.1.2022 alkaen uudeksi Uudenmaan piiriksi. Yli satavuotisen historian aikana toiminnan ytimeksi on hioutunut seurojen ja piirin urheilijoiden tukeminen, koulutustoiminta, tapahtumien j\u00e4rjest\u00e4minen ja monipuolisen ja hinnaltaan kohtuullisen liikunnan sek\u00e4 leiritystoiminnan tarjoaminen piirin toiminta-alueella. Uudenmaan piirin j\u00e4senseuroja on vajaa 140. Olemme ylpe\u00e4sti seurapalveluorganisaatio, jonka toimintaa kuvaavia avainsanoja ovat&nbsp;tasa-arvo, kest\u00e4v\u00e4 kehitys, monikulttuurisuus, kasvatuksellisuus, [&hellip;]<\/p>\n","protected":false},"author":1,"featured_media":55,"parent":0,"menu_order":0,"comment_status":"closed","ping_status":"open","template":"","meta":{"_acf_changed":false,"footnotes":""},"class_list":["post-2","page","type-page","status-publish","has-post-thumbnail","hentry"],"acf":[],"aioseo_notices":[],"_links":{"self":[{"href":"https:\/\/tul.fi\/uusimaa\/wp-json\/wp\/v2\/pages\/2","targetHints":{"allow":["GET"]}}],"collection":[{"href":"https:\/\/tul.fi\/uusimaa\/wp-json\/wp\/v2\/pages"}],"about":[{"href":"https:\/\/tul.fi\/uusimaa\/wp-json\/wp\/v2\/types\/page"}],"author":[{"embeddable":true,"href":"https:\/\/tul.fi\/uusimaa\/wp-json\/wp\/v2\/users\/1"}],"replies":[{"embeddable":true,"href":"https:\/\/tul.fi\/uusimaa\/wp-json\/wp\/v2\/comments?post=2"}],"version-history":[{"count":6,"href":"https:\/\/tul.fi\/uusimaa\/wp-json\/wp\/v2\/pages\/2\/revisions"}],"predecessor-version":[{"id":1358,"href":"https:\/\/tul.fi\/uusimaa\/wp-json\/wp\/v2\/pages\/2\/revisions\/1358"}],"wp:featuredmedia":[{"embeddable":true,"href":"https:\/\/tul.fi\/uusimaa\/wp-json\/wp\/v2\/media\/55"}],"wp:attachment":[{"href":"https:\/\/tul.fi\/uusimaa\/wp-json\/wp\/v2\/media?parent=2"}],"curies":[{"name":"wp","href":"https:\/\/api.w.org\/{rel}","templated":true}]}}