{"id":38,"date":"2020-12-08T15:56:57","date_gmt":"2020-12-08T13:56:57","guid":{"rendered":"http:\/\/tul-kopio.16.testivedos.com\/jarvi-suomi\/?page_id=38"},"modified":"2025-09-02T13:23:09","modified_gmt":"2025-09-02T10:23:09","slug":"seuroille","status":"publish","type":"page","link":"https:\/\/tul.fi\/uusimaa\/seuroille\/","title":{"rendered":"Seuroille"},"content":{"rendered":"\n<h2 class=\"wp-block-heading\">Miten voimme auttaa?<\/h2>\n\n\n\n<h3 class=\"wp-block-heading\">Seuratapaaminen<\/h3>\n\n\n\n<p>Kaipaako seurasi apua toiminnan kehitt\u00e4misess\u00e4? Oli kyseess\u00e4 sitten tapahtuman j\u00e4rjest\u00e4minen, koulutukset, viestint\u00e4 ja markkinointi, seuran hallinointi, koronan aiheuttamat murheet tai uuden toiminnan ideointi, niin olemme t\u00e4\u00e4ll\u00e4 juuri teit\u00e4 varten. J\u00e4rjest\u00e4mme my\u00f6s  tapahtumia yhdess\u00e4 seurojen kanssa, jolloin saamme yhdistetty\u00e4 resursseja. Vuoden 2022 alusta aloitamme seurakontaktoinnit ja seuratapaamiset. Tapaamiset j\u00e4rjestet\u00e4\u00e4n matalalla kynnyksell\u00e4 joko fyysisesti Sporttitalolla, seuran tiloissa tai et\u00e4yhteyksin. Tapaamisissa keskustellaan seuranne tilanteesta ja autetaan teit\u00e4 askarruttavissa asioissa. Tapaamisen perusteella laadimme suunnitelman ja aikataulutuksen, mink\u00e4 avulla voimme seurata seuran toiminnan kehityst\u00e4. <\/p>\n\n\n\n<p>Mik\u00e4li seurasi seurasi kaipaa apua tai haluatte muuten vain tavata, niin olkaa rohkeasti matalalla kynnyksell\u00e4 yhteydess\u00e4.<br><strong>Ville Hautakangas<\/strong><br><strong>0505718637<\/strong><br><strong>ville.hautakangas@tul.fi<\/strong><\/p>\n\n\n\n<h3 class=\"wp-block-heading\">Tuet ja avustukset<\/h3>\n\n\n\n<p>Annamme informaatiota erilaisista tuista, avustuksista sek\u00e4 autamme hankerahoituksen hakuprosesseissa. TUL:n yhteisty\u00f6kumppanit jakavat vuosittain apurahaa seuroille. Lis\u00e4ksi tukea voi hakea mm. Viljo ja Vieno Salon s\u00e4\u00e4ti\u00f6lt\u00e4 sek\u00e4 kansansivistysrahaston s\u00e4\u00e4ti\u00f6lt\u00e4. Autamme my\u00f6s mielell\u00e4mme vuosittain Opetus- ja Kulttuuriministeri\u00f6n my\u00f6nt\u00e4m\u00e4n seuratoiminnan kehitt\u00e4mistuen (seuratuki) hakemisessa. Voimme yhdess\u00e4 mietti\u00e4 seuratuen hankkeen ideaa sek\u00e4 avustaa hakemuksen t\u00e4ytt\u00e4misess\u00e4. <\/p>\n\n\n\n<p>Lis\u00e4tietoa tuista ja avustuksista l\u00f6yd\u00e4t <a href=\"https:\/\/tul.fi\/jasenille\/seurapalvelut\/tuet-ja-avustukset\/\">t\u00e4\u00e4lt\u00e4<\/a>.<\/p>\n\n\n\n<p><\/p>\n\n\n\n<p><strong>NUORISOTOIMINNAN KEHITT\u00c4MISTUEN HAKU TUL:N UUDENMAAN PIIRISS\u00c4 VUOSILLE 2026 JA 2027<\/strong><\/p>\n\n\n\n<ul class=\"wp-block-list\">\n<li>TUL:n Uudenmaan piiri julkaisee haun maksimissaan 2000 euron vuosittaiselle taloudelliselle tuelle seuran\/seurojen nuorisotoiminnan kehitt\u00e4miseksi. T\u00e4ll\u00e4 haulla tuensaajaksi valitaan yksi tai useampi seura tai seurojen yhteinen kehitt\u00e4mishanke.<\/li>\n<\/ul>\n\n\n\n<ul class=\"wp-block-list\">\n<li>Hakijana voi olla yksi j\u00e4senseuramme tai useamman j\u00e4senseuran yhteishanke.<\/li>\n<\/ul>\n\n\n\n<ul class=\"wp-block-list\">\n<li><strong>Hakuaika 2.9.\u201315.10.2025<\/strong>. Hakijana on aina p\u00e4\u00e4seura (ei seuran jaosto). Mik\u00e4li tuki kohdistetaan useamman seuran yhteisty\u00f6hankkeelle, sit\u00e4 hakee ja hallinnoi silti yksi hankkeen vetovastuullinen seura.<\/li>\n<\/ul>\n\n\n\n<ul class=\"wp-block-list\">\n<li>Tukiaika on piirin jaostokausi eli vuodet 2026 ja 2027 ja tukisumma siten yhteens\u00e4 kahdelta kalenterivuodelta yhteens\u00e4 maksimissaan 4000 euroa.<\/li>\n<\/ul>\n\n\n\n<ul class=\"wp-block-list\">\n<li>Vetovastuullinen seura tekee hankkeesta v\u00e4liraportin 15.11.2026 menness\u00e4. T\u00e4m\u00e4n j\u00e4lkeen vuoden 2026 lopulla arvioidaan erikseen sek\u00e4 piirin ett\u00e4 seuran\/seurojen toimesta, onko tarkoituksen mukaista jatkaa tukea ja sen mahdollistamaa nuorisotoiminnan kehitt\u00e4mist\u00e4 my\u00f6s vuonna 2027. Mik\u00e4li hanke jatkuu, tekee vastuullinen seura loppuraportin piirille tuen k\u00e4ytt\u00e4misest\u00e4 ja saavutetuista tuloksista 15.11.2027 menness\u00e4.<\/li>\n<\/ul>\n\n\n\n<ul class=\"wp-block-list\">\n<li>Piiri maksaa hanketta hallinnoivan seuran tilille maksimissaan 1000 euroa hanketukea ensimm\u00e4isen\u00e4 hankevuonna 1.2.2026 sek\u00e4 maksimissaan 1000 euroa 1.12.2026. J\u00e4lkimm\u00e4inen tuki maksetaan ehdollisena eli se edellytt\u00e4\u00e4 edell\u00e4 mainittua hyv\u00e4ksytt\u00e4v\u00e4\u00e4 v\u00e4liraporttia hankkeesta 15.11.2026 menness\u00e4 (ilmoitus toimista, tapahtumista ja tuloksista, mit\u00e4 on toteutettu ja mihin kuluihin tuki on k\u00e4ytetty). T\u00e4m\u00e4 voi olla my\u00f6s loppuraportti, mik\u00e4li hanketta ei aiota jatkaa en\u00e4\u00e4 vuonna 2027.<\/li>\n<\/ul>\n\n\n\n<ul class=\"wp-block-list\">\n<li>Mik\u00e4li hanketta jatketaan hyv\u00e4ksytysti my\u00f6s vuonna 2027 piiri maksaa toisena hankevuotena hanketta hallinnoivan seuran tilille 1000 euroa 1.2.2027 ja maksimissaan 1000 euroa 1.12.2027. J\u00e4lkimm\u00e4inen tuki maksetaan ehdollisena eli se edellytt\u00e4\u00e4 hyv\u00e4ksytt\u00e4v\u00e4\u00e4 loppuraporttia hankkeen toisesta vuodesta 15.11.2027 menness\u00e4.<br><br>Haku on vapaamuotoinen, mutta siin\u00e4 pit\u00e4\u00e4 ilmet\u00e4 hankkeen toimintasuunnitelma ja tavoitteet:<\/li>\n<\/ul>\n\n\n\n<ul class=\"wp-block-list\">\n<li>Hankkeen nimi ja vastuuseura<\/li>\n\n\n\n<li>Tavoitteet<\/li>\n\n\n\n<li>Suunnitellut toimenpiteet (mit\u00e4 tehd\u00e4\u00e4n, kenelle)<\/li>\n\n\n\n<li>Arvio osallistujam\u00e4\u00e4rist\u00e4<\/li>\n\n\n\n<li>Arvio talouden k\u00e4yt\u00f6st\u00e4<\/li>\n<\/ul>\n\n\n\n<p>Hakemus toimitetaan s\u00e4hk\u00f6postitse piiriin. Piiri valitsee hakemusten perusteella tuen saajaksi yhden j\u00e4senseurojensa esitt\u00e4mist\u00e4 nuorisotoiminnan kehitt\u00e4mishankkeista. T\u00e4m\u00e4 hanke t\u00e4ytt\u00e4\u00e4 piirin mielest\u00e4 riitt\u00e4v\u00e4sti ja parhaiten t\u00e4ss\u00e4 kuvatut hankkeen kriteerit.<\/p>\n\n\n\n<ul class=\"wp-block-list\">\n<li>Tuetussa toiminnassa tulee k\u00e4ytt\u00e4\u00e4 sek\u00e4 seuran ett\u00e4 TUL:n Uudenmaan piirin logoja.<\/li>\n\n\n\n<li>Hankkeen tuen k\u00e4ytt\u00f6kohteissa yhdistet\u00e4\u00e4n sek\u00e4 kiinteiden k\u00e4ytt\u00f6kohteiden ett\u00e4 kuittien mukaan todennettavaa k\u00e4ytt\u00f6\u00e4. Kiinteiss\u00e4 k\u00e4ytt\u00f6kohteissa (katso sivu kaksi) m\u00e4\u00e4riteltyihin tarkoituksiin voi hankerahaa k\u00e4ytt\u00e4\u00e4 ilman, ett\u00e4 tarvitsee esitt\u00e4\u00e4 talousselvityst\u00e4 kuittitasolla. T\u00e4ll\u00f6in riitt\u00e4\u00e4, ett\u00e4 toiminta on toteutunut ja toiminnan tulokset raportoidaan. Seura voi k\u00e4ytt\u00e4\u00e4 tukea my\u00f6s vapaasi ideoimalla (muuhun kuin kiinteisiin k\u00e4ytt\u00f6kohteisiin sis\u00e4ltyv\u00e4\u00e4n toimintaan), mutta tuolloin k\u00e4yt\u00f6st\u00e4 vaaditaan my\u00f6s talousselvitys kuittitasolla. 2\/2<\/li>\n<\/ul>\n\n\n\n<p>____________________________________________________________________<\/p>\n\n\n\n<p>Alla m\u00e4\u00e4ritell\u00e4\u00e4n esimerkinomaisesti tuen k\u00e4ytt\u00f6kohteita. Ns. kiinteist\u00e4 k\u00e4ytt\u00f6kohteista ei tarvitse tehd\u00e4 erillist\u00e4 talousselvityst\u00e4. Riitt\u00e4\u00e4, ett\u00e4 ko. tapahtuma, leiri, osallistuminen TUL:n nuorisotoiminnan hankkeisiin tai TUL:n leireille tapahtuu todennetusti. Muusta vapaasti m\u00e4\u00e4ritelt\u00e4v\u00e4st\u00e4 toiminnasta tehd\u00e4\u00e4n kuiteilla todennettavissa oleva talousselvitys v\u00e4liraportin tai loppuraportin yhteydess\u00e4.<\/p>\n\n\n\n<p><strong>KIINTE\u00c4T K\u00c4YTT\u00d6KOHTEET<\/strong> (eiv\u00e4t vaadita erillist\u00e4 talousselvityst\u00e4 kuittitasolla)<\/p>\n\n\n\n<p>1) Seurojen leirit, 2) seurojen perhetapahtumat, 3) TUL:n hankkeet ja 4) TUL:n leirit<\/p>\n\n\n\n<p>1. Tukea voi k\u00e4ytt\u00e4\u00e4 1) seuran itsens\u00e4 tai yhteisty\u00f6ss\u00e4 toisen seuran kanssa j\u00e4rjest\u00e4m\u00e4lle kaikille avoimelle leirille (pois lukien lajileirit), johon osallistuu v\u00e4hint\u00e4\u00e4n 20 nuorta leiril\u00e4ist\u00e4. Tuki omille leireille on 25 % tuen vuosittaisesta kokonaism\u00e4\u00e4r\u00e4st\u00e4 eli 500 euroa.<\/p>\n\n\n\n<p>2. Tukea voi k\u00e4ytt\u00e4\u00e4 2) seuran itsens\u00e4 tai yhteisty\u00f6ss\u00e4 toisen seuran kanssa j\u00e4rjest\u00e4miin perhetapahtumiin, joihin osallistuu v\u00e4hint\u00e4\u00e4n 50 henke\u00e4 tapahtumaa kohden. Tuki tapahtumiin on 25 % tuen vuosittaisesta kokonaism\u00e4\u00e4r\u00e4st\u00e4 eli 500 euroa.<\/p>\n\n\n\n<p>3. Tukea voi k\u00e4ytt\u00e4\u00e4 3) TUL:n nuorisotoiminnan hankkeisiin osallistumiseen siten, ett\u00e4 tukea voi kohdistaa 100 euroa osallistujaa kohden. Tuki TUL:n nuorisotoiminnan hankkeisiin on maksimissaan 25 % vuosittaisesta kokonaism\u00e4\u00e4r\u00e4st\u00e4 eli 500 euroa.<\/p>\n\n\n\n<p>4. Tukea voi k\u00e4ytt\u00e4\u00e4 4) TUL:n j\u00e4rjest\u00e4mien leireille osallistumiseen (ei lajileirit) siten, ett\u00e4 tukea voi kohdistaa 100 euroa jokaista osallistujaa kohden. Tukim\u00e4\u00e4r\u00e4 on maksimissaan 25 % vuosittaisesta kokonaism\u00e4\u00e4r\u00e4st\u00e4 eli 500 euroa.<\/p>\n\n\n\n<ul class=\"wp-block-list\">\n<li>Tukea ei voi k\u00e4ytt\u00e4\u00e4 palkkoihin, hallinnollisiin kuluihin tai muihin seuran perustoiminnan menoihin.<\/li>\n<\/ul>\n\n\n\n<p><strong>MUU VAPAAVALINTAINEN TOIMINTA<\/strong> (todennettava kuiteilla)<\/p>\n\n\n\n<p>(Maksimissaan 50 % vuosittaisesta tuesta eli 1000 euroa)<\/p>\n\n\n\n<p>1. Seuran\/seurojen vapaasi ideoimaa oman n\u00e4k\u00f6ist\u00e4 toimintaa (pois lukien lajileirit) kuten esimerkiksi erilaiset kerhotoiminnot tai retket.<\/p>\n\n\n\n<p>2. Nuorisotoimijoiden kouluttaminen.<\/p>\n\n\n\n<p>3. Jokin muu seuran ideoima nuorisotoiminnan kehitt\u00e4mistoiminto.<\/p>\n\n\n\n<p>4. Perustellut v\u00e4linehankinnat nuorisotoimintaan saavat olla vuositasolla maksimissaan 500 euroa.<\/p>\n\n\n\n<p>5. Vapaavalintaisiin (maks. 1000 euroa vuodessa) nuorisotoiminnan k\u00e4ytt\u00f6kohteisiin<\/p>\n\n\n\n<p>hyv\u00e4ksyt\u00e4\u00e4n sis\u00e4ltyv\u00e4ksi vuositasolla maksimissaan 250 euroa tilojen vuokrakuluja.<\/p>\n\n\n\n<p><strong>Aikataulu ja raportointi<\/strong><\/p>\n\n\n\n<p><strong>15.11.2025 Alkuraportti (suunnitelma hankkeesta)<\/strong><\/p>\n\n\n\n<p><strong>1.2.2026\u00a0\u00a0\u00a0 Ensimm\u00e4inen maksuer\u00e4 1000 \u20ac<\/strong><\/p>\n\n\n\n<p><strong>15.11.2026 V\u00e4liraportti (tai loppuraportti, jos hanke p\u00e4\u00e4ttyy)<\/strong><\/p>\n\n\n\n<p><strong>1.12.2026\u00a0 Toinen maksuer\u00e4 enint\u00e4\u00e4n 1000 \u20ac (v\u00e4liraportin perusteella)<\/strong><\/p>\n\n\n\n<p><strong>1.2.2027\u00a0\u00a0\u00a0 Ensimm\u00e4inen maksuer\u00e4 1000 \u20ac (jos hanke jatkuu)<\/strong><\/p>\n\n\n\n<p><strong>15.11.2027 Loppuraportti<\/strong><\/p>\n\n\n\n<p><strong>1.12.2027\u00a0 Toinen maksuer\u00e4 enint\u00e4\u00e4n 1000 \u20ac (loppuraportin perusteella)<\/strong><\/p>\n\n\n\n<p><strong>HAKUAIKA UMPEUTUU 15.10.2025<\/strong><br><br>Lis\u00e4tiedot: Ville Hautakangas (ville.hautakangas@tul.fi\/050 571 8637)<\/p>\n\n\n\n<h3 class=\"wp-block-heading\">Ansiomerkit<\/h3>\n\n\n\n<p>Piirin omia ansiomerkkej\u00e4 voi hakea piirin hallitukselta. Esityksen voi tehd\u00e4 toiminnanjohtajalle, joka v\u00e4litt\u00e4\u00e4 tiedon eteenp\u00e4in piirin hallitukselle.&nbsp;<\/p>\n\n\n\n<div class=\"wp-block-columns is-layout-flex wp-container-core-columns-is-layout-9d6595d7 wp-block-columns-is-layout-flex\">\n<div class=\"wp-block-column is-layout-flow wp-block-column-is-layout-flow\">\n<h5 class=\"wp-block-heading\">Kultainen ansiomerkki<\/h5>\n\n\n\n<p>Merkki voidaan antaa henkil\u00f6lle, joka<\/p>\n\n\n\n<ul class=\"wp-block-list\">\n<li>on toiminut piirin j\u00e4senseuran johtoteht\u00e4viss\u00e4 v\u00e4hint\u00e4\u00e4n 15 vuotta tai<\/li>\n\n\n\n<li>on toiminut piirihallituksessa tai muissa piirin elimiss\u00e4 v\u00e4hint\u00e4\u00e4n 10 vuotta tai<\/li>\n\n\n\n<li>on toiminut muuten erityisen ansiokkaasti piirin hyv\u00e4ksi<\/li>\n<\/ul>\n<\/div>\n\n\n\n<div class=\"wp-block-column is-layout-flow wp-block-column-is-layout-flow\">\n<h5 class=\"wp-block-heading\">Hopeinen ansiomerkki<\/h5>\n\n\n\n<p>Merkki voidaan antaa henkil\u00f6lle, joka<\/p>\n\n\n\n<ul class=\"wp-block-list\">\n<li>on toiminut piirin j\u00e4senseuran johtoteht\u00e4viss\u00e4 v\u00e4hint\u00e4\u00e4n 10 vuotta tai<\/li>\n\n\n\n<li>on toiminut piirihallituksessa tai muissa piirin elimiss\u00e4 v\u00e4hint\u00e4\u00e4n 10 vuotta tai<\/li>\n\n\n\n<li>on toiminut muuten erityisen ansiokkaasti piirin hyv\u00e4ksi<\/li>\n<\/ul>\n<\/div>\n<\/div>\n","protected":false},"excerpt":{"rendered":"<p>Miten voimme auttaa? Seuratapaaminen Kaipaako seurasi apua toiminnan kehitt\u00e4misess\u00e4? Oli kyseess\u00e4 sitten tapahtuman j\u00e4rjest\u00e4minen, koulutukset, viestint\u00e4 ja markkinointi, seuran hallinointi, koronan aiheuttamat murheet tai uuden toiminnan ideointi, niin olemme t\u00e4\u00e4ll\u00e4 juuri teit\u00e4 varten. J\u00e4rjest\u00e4mme my\u00f6s tapahtumia yhdess\u00e4 seurojen kanssa, jolloin saamme yhdistetty\u00e4 resursseja. Vuoden 2022 alusta aloitamme seurakontaktoinnit ja seuratapaamiset. Tapaamiset j\u00e4rjestet\u00e4\u00e4n matalalla kynnyksell\u00e4 joko [&hellip;]<\/p>\n","protected":false},"author":1,"featured_media":0,"parent":0,"menu_order":0,"comment_status":"closed","ping_status":"closed","template":"","meta":{"_acf_changed":false,"footnotes":""},"class_list":["post-38","page","type-page","status-publish","hentry"],"acf":[],"aioseo_notices":[],"_links":{"self":[{"href":"https:\/\/tul.fi\/uusimaa\/wp-json\/wp\/v2\/pages\/38","targetHints":{"allow":["GET"]}}],"collection":[{"href":"https:\/\/tul.fi\/uusimaa\/wp-json\/wp\/v2\/pages"}],"about":[{"href":"https:\/\/tul.fi\/uusimaa\/wp-json\/wp\/v2\/types\/page"}],"author":[{"embeddable":true,"href":"https:\/\/tul.fi\/uusimaa\/wp-json\/wp\/v2\/users\/1"}],"replies":[{"embeddable":true,"href":"https:\/\/tul.fi\/uusimaa\/wp-json\/wp\/v2\/comments?post=38"}],"version-history":[{"count":4,"href":"https:\/\/tul.fi\/uusimaa\/wp-json\/wp\/v2\/pages\/38\/revisions"}],"predecessor-version":[{"id":1810,"href":"https:\/\/tul.fi\/uusimaa\/wp-json\/wp\/v2\/pages\/38\/revisions\/1810"}],"wp:attachment":[{"href":"https:\/\/tul.fi\/uusimaa\/wp-json\/wp\/v2\/media?parent=38"}],"curies":[{"name":"wp","href":"https:\/\/api.w.org\/{rel}","templated":true}]}}