{"id":40,"date":"2020-12-08T15:57:09","date_gmt":"2020-12-08T13:57:09","guid":{"rendered":"http:\/\/tul-kopio.16.testivedos.com\/jarvi-suomi\/?page_id=40"},"modified":"2024-09-02T09:34:58","modified_gmt":"2024-09-02T06:34:58","slug":"yhteystiedot","status":"publish","type":"page","link":"https:\/\/tul.fi\/uusimaa\/yhteystiedot\/","title":{"rendered":"Yhteystiedot"},"content":{"rendered":"\n<h2 class=\"wp-block-heading\">Yleiset yhteystiedot<\/h2>\n\n\n\n<div class=\"wp-block-columns is-layout-flex wp-container-core-columns-is-layout-9d6595d7 wp-block-columns-is-layout-flex\">\n<div class=\"wp-block-column is-layout-flow wp-block-column-is-layout-flow\">\n<p><strong>Sporttitalo<\/strong><br>Valimotie 10, 5 kerros<br>00380 Helsinki<\/p>\n\n\n\n<p>Tervetuloa!<\/p>\n<\/div>\n\n\n\n<div class=\"wp-block-column is-layout-flow wp-block-column-is-layout-flow\">\n<p><strong>Toiminnanjohtaja<br><\/strong>Ville Hautakangas<br>ville.hautakangas@tul.fi<br>050 571 8637<\/p>\n\n\n\n<p>Valimotie 10<br>00380 Helsinki<\/p>\n<\/div>\n<\/div>\n\n\n\n<p><\/p>\n\n\n\n<h2 class=\"wp-block-heading\">Uudenmaan piiri<\/h2>\n\n\n\n<div class=\"wp-block-columns is-layout-flex wp-container-core-columns-is-layout-9d6595d7 wp-block-columns-is-layout-flex\">\n<div class=\"wp-block-column is-layout-flow wp-block-column-is-layout-flow\">\n<h3 class=\"wp-block-heading\">Hallitus<\/h3>\n\n\n\n<p><strong>Puheenjohtaja<\/strong><br>Riitta-Liisa Soner, Kirkkonummen Urheilijat<\/p>\n\n\n\n<p><strong>Varapuheenjohtaja<\/strong><br>Anu Rajaj\u00e4rvi, Nummelan Kisaajat<\/p>\n<\/div>\n\n\n\n<div class=\"wp-block-column is-layout-flow wp-block-column-is-layout-flow\">\n<h3 class=\"wp-block-heading\">J\u00e4senet<\/h3>\n\n\n\n<p><br>Jorma Pelkonen, Karjaan Ura<br>Paula Kaunism\u00e4ki, Rekolan Raikas<br>Petri Ij\u00e4s, Puotinkyl\u00e4n Valtti<br>Mirka Vainikka, Malmin Urheilijat<br>Juha Kulju, Helsingin Ty\u00f6v\u00e4en Nyrkkeilij\u00e4t<br>Kristiina Kettula, Rajam\u00e4en Kehitys<br>Riku Ahola, Helsingin Jyry<br>Kimmo Aaltonen, K\u00e4pyl\u00e4n Urheilijat<br>Miika Tuominen, Laukkosken Taimi<br><\/p>\n<\/div>\n<\/div>\n","protected":false},"excerpt":{"rendered":"<p>Yleiset yhteystiedot SporttitaloValimotie 10, 5 kerros00380 Helsinki Tervetuloa! ToiminnanjohtajaVille Hautakangasville.hautakangas@tul.fi050 571 8637 Valimotie 1000380 Helsinki Uudenmaan piiri Hallitus PuheenjohtajaRiitta-Liisa Soner, Kirkkonummen Urheilijat VarapuheenjohtajaAnu Rajaj\u00e4rvi, Nummelan Kisaajat J\u00e4senet Jorma Pelkonen, Karjaan UraPaula Kaunism\u00e4ki, Rekolan RaikasPetri Ij\u00e4s, Puotinkyl\u00e4n ValttiMirka Vainikka, Malmin UrheilijatJuha Kulju, Helsingin Ty\u00f6v\u00e4en Nyrkkeilij\u00e4tKristiina Kettula, Rajam\u00e4en KehitysRiku Ahola, Helsingin JyryKimmo Aaltonen, K\u00e4pyl\u00e4n UrheilijatMiika Tuominen, Laukkosken [&hellip;]<\/p>\n","protected":false},"author":1,"featured_media":0,"parent":0,"menu_order":0,"comment_status":"closed","ping_status":"closed","template":"","meta":{"_acf_changed":false,"footnotes":""},"class_list":["post-40","page","type-page","status-publish","hentry"],"acf":[],"aioseo_notices":[],"_links":{"self":[{"href":"https:\/\/tul.fi\/uusimaa\/wp-json\/wp\/v2\/pages\/40","targetHints":{"allow":["GET"]}}],"collection":[{"href":"https:\/\/tul.fi\/uusimaa\/wp-json\/wp\/v2\/pages"}],"about":[{"href":"https:\/\/tul.fi\/uusimaa\/wp-json\/wp\/v2\/types\/page"}],"author":[{"embeddable":true,"href":"https:\/\/tul.fi\/uusimaa\/wp-json\/wp\/v2\/users\/1"}],"replies":[{"embeddable":true,"href":"https:\/\/tul.fi\/uusimaa\/wp-json\/wp\/v2\/comments?post=40"}],"version-history":[{"count":10,"href":"https:\/\/tul.fi\/uusimaa\/wp-json\/wp\/v2\/pages\/40\/revisions"}],"predecessor-version":[{"id":1534,"href":"https:\/\/tul.fi\/uusimaa\/wp-json\/wp\/v2\/pages\/40\/revisions\/1534"}],"wp:attachment":[{"href":"https:\/\/tul.fi\/uusimaa\/wp-json\/wp\/v2\/media?parent=40"}],"curies":[{"name":"wp","href":"https:\/\/api.w.org\/{rel}","templated":true}]}}