{"id":597,"date":"2021-12-30T10:34:42","date_gmt":"2021-12-30T08:34:42","guid":{"rendered":"https:\/\/tul.fi\/suurhelsinki-uusimaa\/?page_id=597"},"modified":"2021-12-30T11:30:49","modified_gmt":"2021-12-30T09:30:49","slug":"lahikoulutukset","status":"publish","type":"page","link":"https:\/\/tul.fi\/uusimaa\/lahikoulutukset\/","title":{"rendered":"L\u00e4hikoulutukset"},"content":{"rendered":"\n<h2 class=\"wp-block-heading\">Koulutuskokonaisuudet<\/h2>\n\n\n\n<p>Haluatko kehitt\u00e4\u00e4 seuran valmentajien ja ohjaajien osaamista entisest\u00e4\u00e4n? Onko tarvetta seuratoiminnan perusteiden kehitt\u00e4miselle? Verkkokoulutusten lis\u00e4ksi tarjoamme my\u00f6s alueellisia tai seurakohtaisia l\u00e4hikoulutuksia. Koulutustarjontamme kattaa kaiken aina seuratoiminnan perusteista (mm. taloudenhallinto, viestint\u00e4- ja markkinointi sek\u00e4 johtaminen) teemakoulutuksiin asti (mm. hankekoulutus, perheliikuntakoulutus sek\u00e4 kuntotestauskoulutus). Laadukas valmennus ja ohjaus ovat hyv\u00e4n seuratoiminnan t\u00e4rkeimpi\u00e4 asioita ja siksi meilt\u00e4 l\u00f6ytyy kattavia valmennuskoulutuksia, jotka voidaan r\u00e4\u00e4t\u00e4l\u00f6id\u00e4 valmennettavien kohderyhm\u00e4n mukaisesti aina lapsista el\u00e4kel\u00e4isiin. <\/p>\n\n\n\n<p>Liitostamme l\u00f6ytyy monipuolista koulutusosaamista, mutta koulutuksesta riippuen k\u00e4yt\u00e4mme my\u00f6s ulkopuolista osaamista parhaan mahdollisen palvelun tuottamiseen. List\u00e4tietoa l\u00e4hikoulutuksista l\u00f6yd\u00e4t <a href=\"https:\/\/tul.fi\/koulutus\/\" target=\"_blank\" rel=\"noreferrer noopener\">t\u00e4\u00e4lt\u00e4<\/a>. <br><\/p>\n\n\n\n<p>Mik\u00e4li her\u00e4\u00e4 mit\u00e4 tahansa kysytt\u00e4v\u00e4\u00e4 koulutuksista, niin voit olla yhteydess\u00e4 matalalla kynnyksell\u00e4 joko piirin toiminnanjohtajaan, seurapalvelujohtajaan tai liikuntap\u00e4\u00e4llikk\u00f6\u00f6mme.<\/p>\n\n\n\n<p><strong>Ville Hautakangas<\/strong>, Uudenmaan piirin toiminnanjohtaja<br>0505718637<br>ville.hautakangas@tul.fi<\/p>\n\n\n\n<p><strong>Ilpo Laurila<\/strong>, Seurapalvelujohtaja<br>050 2623<br>ilpo.laurila@tul.fi<\/p>\n\n\n\n<p><strong>Antti Kempas<\/strong>, Liikuntap\u00e4\u00e4llikk\u00f6<br>050 337 5942<br>antti.kempas@tul.fi<\/p>\n\n\n\n<p><br><\/p>\n","protected":false},"excerpt":{"rendered":"<p>Koulutuskokonaisuudet Haluatko kehitt\u00e4\u00e4 seuran valmentajien ja ohjaajien osaamista entisest\u00e4\u00e4n? Onko tarvetta seuratoiminnan perusteiden kehitt\u00e4miselle? Verkkokoulutusten lis\u00e4ksi tarjoamme my\u00f6s alueellisia tai seurakohtaisia l\u00e4hikoulutuksia. Koulutustarjontamme kattaa kaiken aina seuratoiminnan perusteista (mm. taloudenhallinto, viestint\u00e4- ja markkinointi sek\u00e4 johtaminen) teemakoulutuksiin asti (mm. hankekoulutus, perheliikuntakoulutus sek\u00e4 kuntotestauskoulutus). Laadukas valmennus ja ohjaus ovat hyv\u00e4n seuratoiminnan t\u00e4rkeimpi\u00e4 asioita ja siksi meilt\u00e4 l\u00f6ytyy [&hellip;]<\/p>\n","protected":false},"author":35,"featured_media":0,"parent":0,"menu_order":0,"comment_status":"closed","ping_status":"closed","template":"","meta":{"_acf_changed":false,"footnotes":""},"class_list":["post-597","page","type-page","status-publish","hentry"],"acf":[],"aioseo_notices":[],"_links":{"self":[{"href":"https:\/\/tul.fi\/uusimaa\/wp-json\/wp\/v2\/pages\/597","targetHints":{"allow":["GET"]}}],"collection":[{"href":"https:\/\/tul.fi\/uusimaa\/wp-json\/wp\/v2\/pages"}],"about":[{"href":"https:\/\/tul.fi\/uusimaa\/wp-json\/wp\/v2\/types\/page"}],"author":[{"embeddable":true,"href":"https:\/\/tul.fi\/uusimaa\/wp-json\/wp\/v2\/users\/35"}],"replies":[{"embeddable":true,"href":"https:\/\/tul.fi\/uusimaa\/wp-json\/wp\/v2\/comments?post=597"}],"version-history":[{"count":2,"href":"https:\/\/tul.fi\/uusimaa\/wp-json\/wp\/v2\/pages\/597\/revisions"}],"predecessor-version":[{"id":602,"href":"https:\/\/tul.fi\/uusimaa\/wp-json\/wp\/v2\/pages\/597\/revisions\/602"}],"wp:attachment":[{"href":"https:\/\/tul.fi\/uusimaa\/wp-json\/wp\/v2\/media?parent=597"}],"curies":[{"name":"wp","href":"https:\/\/api.w.org\/{rel}","templated":true}]}}