{"id":2,"date":"2020-12-08T15:33:49","date_gmt":"2020-12-08T13:33:49","guid":{"rendered":"http:\/\/jarvi-suomi.tul-kopio.16.testivedos.com\/?page_id=2"},"modified":"2024-02-21T15:34:15","modified_gmt":"2024-02-21T13:34:15","slug":"etusivu","status":"publish","type":"page","link":"https:\/\/tul.fi\/varsinaissuomi\/","title":{"rendered":"TUL:n Varsinais-Suomen piiri"},"content":{"rendered":"\n<p>Tervetuloa liikkumaan yhdess\u00e4 kanssamme ja Varsinais-Suomen j\u00e4senseuroissamme. Toimintamme on avointa kaikille!<\/p>\n\n\n\n<p>Valtakunnan ensimm\u00e4inen&nbsp;TUL:n piirij\u00e4rjest\u00f6 perustettiin Turkuun&nbsp;nimell\u00e4 Turun piiri 9.2.1919. TUL:n Varsinais-Suomen piiriksi laajentunut ja nimens\u00e4 muuttanut&nbsp;yhdistys kokoaa yh\u00e4 nykyp\u00e4iv\u00e4n\u00e4 j\u00e4senseurojaan yhteistoiminnalliseen seurayhteis\u00f6\u00f6n.&nbsp;Seuramme liikuttavat&nbsp;vuosittain kymmeni\u00e4 tuhansia varsinais-suomalaisia&nbsp;harrasteliikkujia ja tuhansia kilpaurheilijoita kymmeniss\u00e4 eri lajeissa.<\/p>\n\n\n\n<p>Piiri on j\u00e4senseurojensa yhteinen palvelufoorumi, joka j\u00e4rjest\u00e4\u00e4&nbsp;koulutusta, nuoriso-, kunto- ja senioritoimintaa sek\u00e4 lajitoimintaa&nbsp;jaostojensa kautta ja yhteisty\u00f6ss\u00e4 j\u00e4senseurojensa kanssa. Toimimme TUL:n arvoperustan mukaisen harrasteliikuntatoiminnan ja urheilun kehitt\u00e4miseksi Varsinais-Suomessa.<\/p>\n\n\n\n<p>Piiri toteuttaa omaa toimintaansa ja TUL:n valtakunnallista toimintaa tehden yhteisty\u00f6t\u00e4 mm. Lounais-Suomen Liikunta ja Urheilu ry LiikUn,&nbsp;maakunnan kuntien,&nbsp;TSL Turku ry:n, EKL:n ja El\u00e4kel\u00e4iset ry:n paikallisyhdistysten, Urheiluopisto Kisakeskuksen&nbsp;sek\u00e4 muiden alueellisten ja valtakunnallisten liikuntaj\u00e4rjest\u00f6jen ja yhdistysten&nbsp;kanssa.<\/p>\n","protected":false},"excerpt":{"rendered":"<p>Tervetuloa liikkumaan yhdess\u00e4 kanssamme ja Varsinais-Suomen j\u00e4senseuroissamme. Toimintamme on avointa kaikille! Valtakunnan ensimm\u00e4inen&nbsp;TUL:n piirij\u00e4rjest\u00f6 perustettiin Turkuun&nbsp;nimell\u00e4 Turun piiri 9.2.1919. TUL:n Varsinais-Suomen piiriksi laajentunut ja nimens\u00e4 muuttanut&nbsp;yhdistys kokoaa yh\u00e4 nykyp\u00e4iv\u00e4n\u00e4 j\u00e4senseurojaan yhteistoiminnalliseen seurayhteis\u00f6\u00f6n.&nbsp;Seuramme liikuttavat&nbsp;vuosittain kymmeni\u00e4 tuhansia varsinais-suomalaisia&nbsp;harrasteliikkujia ja tuhansia kilpaurheilijoita kymmeniss\u00e4 eri lajeissa. Piiri on j\u00e4senseurojensa yhteinen palvelufoorumi, joka j\u00e4rjest\u00e4\u00e4&nbsp;koulutusta, nuoriso-, kunto- ja senioritoimintaa sek\u00e4 lajitoimintaa&nbsp;jaostojensa [&hellip;]<\/p>\n","protected":false},"author":1,"featured_media":55,"parent":0,"menu_order":0,"comment_status":"closed","ping_status":"open","template":"","meta":{"_acf_changed":false,"footnotes":""},"class_list":["post-2","page","type-page","status-publish","has-post-thumbnail","hentry"],"acf":[],"aioseo_notices":[],"_links":{"self":[{"href":"https:\/\/tul.fi\/varsinaissuomi\/wp-json\/wp\/v2\/pages\/2","targetHints":{"allow":["GET"]}}],"collection":[{"href":"https:\/\/tul.fi\/varsinaissuomi\/wp-json\/wp\/v2\/pages"}],"about":[{"href":"https:\/\/tul.fi\/varsinaissuomi\/wp-json\/wp\/v2\/types\/page"}],"author":[{"embeddable":true,"href":"https:\/\/tul.fi\/varsinaissuomi\/wp-json\/wp\/v2\/users\/1"}],"replies":[{"embeddable":true,"href":"https:\/\/tul.fi\/varsinaissuomi\/wp-json\/wp\/v2\/comments?post=2"}],"version-history":[{"count":5,"href":"https:\/\/tul.fi\/varsinaissuomi\/wp-json\/wp\/v2\/pages\/2\/revisions"}],"predecessor-version":[{"id":913,"href":"https:\/\/tul.fi\/varsinaissuomi\/wp-json\/wp\/v2\/pages\/2\/revisions\/913"}],"wp:featuredmedia":[{"embeddable":true,"href":"https:\/\/tul.fi\/varsinaissuomi\/wp-json\/wp\/v2\/media\/55"}],"wp:attachment":[{"href":"https:\/\/tul.fi\/varsinaissuomi\/wp-json\/wp\/v2\/media?parent=2"}],"curies":[{"name":"wp","href":"https:\/\/api.w.org\/{rel}","templated":true}]}}