{"id":38,"date":"2020-12-08T15:56:57","date_gmt":"2020-12-08T13:56:57","guid":{"rendered":"http:\/\/tul-kopio.16.testivedos.com\/jarvi-suomi\/?page_id=38"},"modified":"2026-02-12T15:49:16","modified_gmt":"2026-02-12T13:49:16","slug":"seuroille","status":"publish","type":"page","link":"https:\/\/tul.fi\/varsinaissuomi\/seuroille\/","title":{"rendered":"Seuroille"},"content":{"rendered":"\n<h2 class=\"wp-block-heading\">Ansiomerkit<\/h2>\n\n\n\n<p><a href=\"https:\/\/link.webropolsurveys.com\/Participation\/Public\/24ecaab0-3f85-4ae2-be01-ee9eed1b54ba?displayId=Fin3441449\" target=\"_blank\" rel=\"noopener\" title=\"\">TUL:n Varsinais-Suomen piirin ansiomerkkihakemus<\/a><a href=\"https:\/\/tul.fi\/varsinaissuomi\/wp-content\/uploads\/sites\/12\/2020\/12\/TUL-Varsinais-Suomi-ansiomerkkilomake.doc\" target=\"_blank\" rel=\"noreferrer noopener\"><br><\/a><a href=\"https:\/\/tul.fi\/varsinaissuomi\/wp-content\/uploads\/sites\/12\/2025\/08\/TUL-V-S-piirin-kultaisen-ansiomerkin-saannot.pdf\" target=\"_blank\" rel=\"noopener\" title=\"\">TUL:n Varsinais-Suomen piirin ansiomerkkis\u00e4\u00e4nn\u00f6t<\/a><\/p>\n\n\n\n<p><a href=\"https:\/\/tul.fi\/jasenille\/seurapalvelut\/ansiomerkit\/\" title=\"\">Liiton ja OKM:n ansiomerkit<\/a><\/p>\n\n\n\n<h2 class=\"wp-block-heading\">J\u00e4senyys<\/h2>\n\n\n\n<p><a href=\"https:\/\/tul.fi\/jasenille\/jasenedut\/\" target=\"_blank\" rel=\"noopener\" title=\"\">J\u00e4senedut<\/a><br><a href=\"https:\/\/tul.fi\/jasenille\/jaseneksi\/\" target=\"_blank\" rel=\"noreferrer noopener\">Liity j\u00e4seneksi<\/a><\/p>\n\n\n\n<p><\/p>\n\n\n\n<h2 class=\"wp-block-heading\">S\u00e4\u00e4nn\u00f6t<\/h2>\n\n\n\n<p><a href=\"https:\/\/tul.fi\/jasenille\/lomakkeet\/asiakirjamalleja\/\" target=\"_blank\" rel=\"noopener\" title=\"\">Tutustu s\u00e4\u00e4nt\u00f6ihin<\/a><\/p>\n\n\n\n<h2 class=\"wp-block-heading\">Piirin vuoden urheilijat<\/h2>\n\n\n\n<p><strong>VUODEN 2025 URHEILIJA<\/strong><br><strong>Pihla Matikainen, Maskun Tempo, judo<\/strong><br>Saavutuksia kaudella 2025:<\/p>\n\n\n\n<ul class=\"wp-block-list\">\n<li>Maaliskuussa Suomen mestaruuskilpailut, Lemp\u00e4\u00e4l\u00e4, kultaa<\/li>\n\n\n\n<li>Maaliskuussa European Cup -kilpailut, Riika, pronssia<\/li>\n\n\n\n<li>Lokakuussa Pan American Open -kilpailut, Lima, kultaa<\/li>\n\n\n\n<li>Marraskuussa Oceania Open -kilpailut, Gold Coast, hopeaa<\/li>\n\n\n\n<li>Joulukuussa Baltic Sea Championships -kilpailut, Orimattila, kultaa<\/li>\n<\/ul>\n\n\n\n<p><strong>VUODEN 2025 NUORI URHEILIJA<\/strong><br><strong>Lumi M\u00e4kinen, Turun Pyrkiv\u00e4, rytminen voimistelu<\/strong><br>Saavutuksia kaudella 2025:<\/p>\n\n\n\n<ul class=\"wp-block-list\">\n<li>Toukokuussa Suomen mestaruuskilpailujen joukkuekilpailun SM-kulta<\/li>\n\n\n\n<li>Kes\u00e4kuussa Tallinnan EM-kilpailuissa Suomen joukkue saavutti finaalipaikan sek\u00e4 saavutti Suomelle nauhaohjelmalla 6. sijan.<\/li>\n\n\n\n<li>Elokuussa MM-kilpailuissa Rio de Janeirossa Suomen joukkue saavutti kokonaiskilpailuissa sijan 16, 36:n maan joukossa.<\/li>\n\n\n\n<li>Nauhaohjelmalla Suomen joukkue sijoittui MM-kisoissa yhdenneksitoista (11).<\/li>\n\n\n\n<li>Vuonna 25 maajoukkue osallistui my\u00f6s World Cup- ja World Challenge Cup-kilpailuihin. Saavutuksina Bulgariassa, Azerbaidzanissa ja Romaniassa finaalipaikat, jonne p\u00e4\u00e4sev\u00e4t mukaan 8 parasta maata.<\/li>\n<\/ul>\n\n\n\n<p><strong>VUODEN 2025 PIIRIN KUNNIAMAININNAT<\/strong><br>Markku Kiili; seuravaikuttaja, Turun Jyry<br>Hannu Hakam\u00e4ki; seuravaikuttaja, Maskun Tempo<\/p>\n\n\n\n<h2 class=\"wp-block-heading\">Piirin s\u00e4\u00e4nt\u00f6m\u00e4\u00e4r\u00e4inen vuosikokous 16.4.2026<\/h2>\n\n\n\n<p>Salon Vilppaan Tupurin maja (Hiihtomajantie 11, 24100 Salo).<\/p>\n\n\n\n<p>Klo 18.00, valtakirjojen tarkastus klo 17.30 alkaen.<\/p>\n\n\n\n<p>Kokouksessa k\u00e4sitell\u00e4\u00e4n s\u00e4\u00e4nt\u00f6jen 6\u00a7:n m\u00e4\u00e4r\u00e4\u00e4m\u00e4t asiat sek\u00e4 s\u00e4\u00e4nt\u00f6jen mukaisesti tehdyt esitykset, jotka on toimitettava kirjallisesti piirihallitukselle 16.3.2026 menness\u00e4.<\/p>\n\n\n\n<p>Seurat saavat l\u00e4hett\u00e4\u00e4 kokoukseen edustajia s\u00e4\u00e4nt\u00f6jen 8\u00a7:n m\u00e4\u00e4r\u00e4\u00e4m\u00e4ll\u00e4 tavalla edellytt\u00e4en, ett\u00e4 j\u00e4senmaksu vuodelta 2025 on maksettu<strong>.&nbsp;<\/strong>Edustusvaltakirja toimitetaan piiritoimistoon (Humalistonkatu 6, Turku)&nbsp;<strong>16.3.2026 menness\u00e4.<\/strong><\/p>\n\n\n\n<p>Kokouksessa valitaan piirihallituksen j\u00e4senet erovuoroisten tilalle kaksivuotiselle kaudelle 2026\u20132028. Kaikki henkil\u00f6esitykset tulee toimittaa piiritoimistoon&nbsp;<strong>16.3.2026 menness\u00e4.<\/strong><\/p>\n\n\n\n<p>Kokoukseen on mahdollista osallistua paikalle p\u00e4\u00e4lle tulon lis\u00e4ksi my\u00f6s Teams-et\u00e4yhteyden kautta. Muistakaa siten t\u00e4ytt\u00e4\u00e4 oheiseen valtakirjaan edustajien s\u00e4hk\u00f6postiosoitteet kokousmateriaalin ja et\u00e4yhteyslinkin toimittamista varten.<\/p>\n\n\n\n<p>Tervetuloa piirikokoukseen!<\/p>\n\n\n\n<p>Alta l\u00f6yd\u00e4t piirikokouksen edustajien valtakirjan ja henkil\u00f6esityslomakkeen.<\/p>\n\n\n\n<p><a href=\"https:\/\/tul.fi\/varsinaissuomi\/wp-content\/uploads\/sites\/12\/2026\/02\/Piirikokousvaltakirja-lomake-2026.pdf\" target=\"_blank\" rel=\"noreferrer noopener\">Valtakirja kokousedustajien ilmoittamiseen piirikokoukseen (palautus 16.3.2026 menness\u00e4)<\/a><\/p>\n\n\n\n<p><a href=\"https:\/\/tul.fi\/varsinaissuomi\/wp-content\/uploads\/sites\/12\/2026\/02\/Henkiloesitykset-hallitukseen-piirikokoukselle-lomake2026.pdf\" target=\"_blank\" rel=\"noreferrer noopener\">Henkil\u00f6esitykset piirihallitukseen kaudelle 2026-2027 (palautus 16.3.2026 menness\u00e4)<\/a><\/p>\n","protected":false},"excerpt":{"rendered":"<p>Ansiomerkit TUL:n Varsinais-Suomen piirin ansiomerkkihakemusTUL:n Varsinais-Suomen piirin ansiomerkkis\u00e4\u00e4nn\u00f6t Liiton ja OKM:n ansiomerkit J\u00e4senyys J\u00e4senedutLiity j\u00e4seneksi S\u00e4\u00e4nn\u00f6t Tutustu s\u00e4\u00e4nt\u00f6ihin Piirin vuoden urheilijat VUODEN 2025 URHEILIJAPihla Matikainen, Maskun Tempo, judoSaavutuksia kaudella 2025: VUODEN 2025 NUORI URHEILIJALumi M\u00e4kinen, Turun Pyrkiv\u00e4, rytminen voimisteluSaavutuksia kaudella 2025: VUODEN 2025 PIIRIN KUNNIAMAININNATMarkku Kiili; seuravaikuttaja, Turun JyryHannu Hakam\u00e4ki; seuravaikuttaja, Maskun Tempo Piirin s\u00e4\u00e4nt\u00f6m\u00e4\u00e4r\u00e4inen [&hellip;]<\/p>\n","protected":false},"author":1,"featured_media":0,"parent":0,"menu_order":0,"comment_status":"closed","ping_status":"closed","template":"","meta":{"_acf_changed":false,"footnotes":""},"class_list":["post-38","page","type-page","status-publish","hentry"],"acf":[],"aioseo_notices":[],"_links":{"self":[{"href":"https:\/\/tul.fi\/varsinaissuomi\/wp-json\/wp\/v2\/pages\/38","targetHints":{"allow":["GET"]}}],"collection":[{"href":"https:\/\/tul.fi\/varsinaissuomi\/wp-json\/wp\/v2\/pages"}],"about":[{"href":"https:\/\/tul.fi\/varsinaissuomi\/wp-json\/wp\/v2\/types\/page"}],"author":[{"embeddable":true,"href":"https:\/\/tul.fi\/varsinaissuomi\/wp-json\/wp\/v2\/users\/1"}],"replies":[{"embeddable":true,"href":"https:\/\/tul.fi\/varsinaissuomi\/wp-json\/wp\/v2\/comments?post=38"}],"version-history":[{"count":21,"href":"https:\/\/tul.fi\/varsinaissuomi\/wp-json\/wp\/v2\/pages\/38\/revisions"}],"predecessor-version":[{"id":1592,"href":"https:\/\/tul.fi\/varsinaissuomi\/wp-json\/wp\/v2\/pages\/38\/revisions\/1592"}],"wp:attachment":[{"href":"https:\/\/tul.fi\/varsinaissuomi\/wp-json\/wp\/v2\/media?parent=38"}],"curies":[{"name":"wp","href":"https:\/\/api.w.org\/{rel}","templated":true}]}}